{"id":97,"date":"2024-10-30T21:58:46","date_gmt":"2024-10-31T02:58:46","guid":{"rendered":"https:\/\/capta.com.co\/sigilocrochet\/?post_type=product&#038;p=97"},"modified":"2026-01-30T17:55:36","modified_gmt":"2026-01-30T22:55:36","slug":"bolso-cafe-oscuro-crochet","status":"publish","type":"product","link":"https:\/\/capta.com.co\/sigilocrochet\/producto\/bolso-cafe-oscuro-crochet\/","title":{"rendered":"Bolso Caf\u00e9 Oscuro Crochet"},"content":{"rendered":"<p>Bolso peque\u00f1o color Caf\u00e9 Oscuro, para cargar tu celular.<\/p>\n<p>Dos compartimentos para facilitas la organizaci\u00f3n dentro del bolso.<\/p>\n<p>Tama\u00f1o:<\/p>\n<p>Altura: 20 CMS.<\/p>\n<p>Ancho: 18 CMS<\/p>\n<p>Dos compartimentos para facilitas la organizaci\u00f3n dentro del bolso<\/p>\n","protected":false},"excerpt":{"rendered":"<p>Bolso peque\u00f1o color Caf\u00e9 Oscuro, para cargar tu celular. Dos compartimentos para facilitas la organizaci\u00f3n dentro del bolso. Tama\u00f1o: Altura: 20 CMS. Ancho: 18 CMS Dos compartimentos para facilitas la organizaci\u00f3n dentro del bolso<\/p>\n","protected":false},"featured_media":127,"comment_status":"open","ping_status":"closed","template":"","meta":{"_acf_changed":false,"inline_featured_image":false},"product_brand":[],"product_cat":[53,58],"product_tag":[70,72,71,54,35,68],"class_list":{"0":"post-97","1":"product","2":"type-product","3":"status-publish","4":"has-post-thumbnail","6":"product_cat-catalogo-completo","7":"product_cat-coleccion-bolsos-para-celular","8":"product_tag-artesania","9":"product_tag-bolso-a-crochet","10":"product_tag-bolso-para-celular","11":"product_tag-bolso-tejido","12":"product_tag-crochet","13":"product_tag-handmade","15":"first","16":"instock","17":"shipping-taxable","18":"purchasable","19":"product-type-simple"},"acf":[],"yoast_head":"<!-- This site is optimized with the Yoast SEO plugin v27.5 - https:\/\/yoast.com\/product\/yoast-seo-wordpress\/ -->\n<title>Bolso Caf\u00e9 Oscuro Crochet - Creaciones Sigilo<\/title>\n<meta name=\"robots\" content=\"index, follow, max-snippet:-1, max-image-preview:large, max-video-preview:-1\" \/>\n<link rel=\"canonical\" href=\"https:\/\/capta.com.co\/sigilocrochet\/producto\/bolso-cafe-oscuro-crochet\/\" \/>\n<meta property=\"og:locale\" content=\"es_ES\" \/>\n<meta property=\"og:type\" content=\"article\" \/>\n<meta property=\"og:title\" content=\"Bolso Caf\u00e9 Oscuro Crochet - Creaciones Sigilo\" \/>\n<meta property=\"og:description\" content=\"Bolso peque\u00f1o color Caf\u00e9 Oscuro, para cargar tu celular. Dos compartimentos para facilitas la organizaci\u00f3n dentro del bolso. Tama\u00f1o: Altura: 20 CMS. Ancho: 18 CMS Dos compartimentos para facilitas la organizaci\u00f3n dentro del bolso\" \/>\n<meta property=\"og:url\" content=\"https:\/\/capta.com.co\/sigilocrochet\/producto\/bolso-cafe-oscuro-crochet\/\" \/>\n<meta property=\"og:site_name\" content=\"Creaciones Sigilo\" \/>\n<meta property=\"article:modified_time\" content=\"2026-01-30T22:55:36+00:00\" \/>\n<meta property=\"og:image\" content=\"https:\/\/capta.com.co\/sigilocrochet\/wp-content\/uploads\/sites\/28\/2024\/10\/Bolsos-para-celular-CAFE-OSCURO.png\" \/>\n\t<meta property=\"og:image:width\" content=\"1500\" \/>\n\t<meta property=\"og:image:height\" content=\"1500\" \/>\n\t<meta property=\"og:image:type\" content=\"image\/png\" \/>\n<meta name=\"twitter:card\" content=\"summary_large_image\" \/>\n<script type=\"application\/ld+json\" class=\"yoast-schema-graph\">{\"@context\":\"https:\\\/\\\/schema.org\",\"@graph\":[{\"@type\":\"WebPage\",\"@id\":\"https:\\\/\\\/capta.com.co\\\/sigilocrochet\\\/producto\\\/bolso-cafe-oscuro-crochet\\\/\",\"url\":\"https:\\\/\\\/capta.com.co\\\/sigilocrochet\\\/producto\\\/bolso-cafe-oscuro-crochet\\\/\",\"name\":\"Bolso Caf\u00e9 Oscuro Crochet - Creaciones Sigilo\",\"isPartOf\":{\"@id\":\"https:\\\/\\\/capta.com.co\\\/sigilocrochet\\\/#website\"},\"primaryImageOfPage\":{\"@id\":\"https:\\\/\\\/capta.com.co\\\/sigilocrochet\\\/producto\\\/bolso-cafe-oscuro-crochet\\\/#primaryimage\"},\"image\":{\"@id\":\"https:\\\/\\\/capta.com.co\\\/sigilocrochet\\\/producto\\\/bolso-cafe-oscuro-crochet\\\/#primaryimage\"},\"thumbnailUrl\":\"https:\\\/\\\/capta.com.co\\\/sigilocrochet\\\/wp-content\\\/uploads\\\/sites\\\/28\\\/2024\\\/10\\\/Bolsos-para-celular-CAFE-OSCURO.png\",\"datePublished\":\"2024-10-31T02:58:46+00:00\",\"dateModified\":\"2026-01-30T22:55:36+00:00\",\"breadcrumb\":{\"@id\":\"https:\\\/\\\/capta.com.co\\\/sigilocrochet\\\/producto\\\/bolso-cafe-oscuro-crochet\\\/#breadcrumb\"},\"inLanguage\":\"es\",\"potentialAction\":[{\"@type\":\"ReadAction\",\"target\":[\"https:\\\/\\\/capta.com.co\\\/sigilocrochet\\\/producto\\\/bolso-cafe-oscuro-crochet\\\/\"]}]},{\"@type\":\"ImageObject\",\"inLanguage\":\"es\",\"@id\":\"https:\\\/\\\/capta.com.co\\\/sigilocrochet\\\/producto\\\/bolso-cafe-oscuro-crochet\\\/#primaryimage\",\"url\":\"https:\\\/\\\/capta.com.co\\\/sigilocrochet\\\/wp-content\\\/uploads\\\/sites\\\/28\\\/2024\\\/10\\\/Bolsos-para-celular-CAFE-OSCURO.png\",\"contentUrl\":\"https:\\\/\\\/capta.com.co\\\/sigilocrochet\\\/wp-content\\\/uploads\\\/sites\\\/28\\\/2024\\\/10\\\/Bolsos-para-celular-CAFE-OSCURO.png\",\"width\":1500,\"height\":1500},{\"@type\":\"BreadcrumbList\",\"@id\":\"https:\\\/\\\/capta.com.co\\\/sigilocrochet\\\/producto\\\/bolso-cafe-oscuro-crochet\\\/#breadcrumb\",\"itemListElement\":[{\"@type\":\"ListItem\",\"position\":1,\"name\":\"Portada\",\"item\":\"https:\\\/\\\/capta.com.co\\\/sigilocrochet\\\/\"},{\"@type\":\"ListItem\",\"position\":2,\"name\":\"Tienda\",\"item\":\"https:\\\/\\\/capta.com.co\\\/sigilocrochet\\\/\"},{\"@type\":\"ListItem\",\"position\":3,\"name\":\"Bolso Caf\u00e9 Oscuro Crochet\"}]},{\"@type\":\"WebSite\",\"@id\":\"https:\\\/\\\/capta.com.co\\\/sigilocrochet\\\/#website\",\"url\":\"https:\\\/\\\/capta.com.co\\\/sigilocrochet\\\/\",\"name\":\"Creaciones Sigilo\",\"description\":\"Capta - Compras que inspiran\",\"potentialAction\":[{\"@type\":\"SearchAction\",\"target\":{\"@type\":\"EntryPoint\",\"urlTemplate\":\"https:\\\/\\\/capta.com.co\\\/sigilocrochet\\\/?s={search_term_string}\"},\"query-input\":{\"@type\":\"PropertyValueSpecification\",\"valueRequired\":true,\"valueName\":\"search_term_string\"}}],\"inLanguage\":\"es\"}]}<\/script>\n<!-- \/ Yoast SEO plugin. -->","yoast_head_json":{"title":"Bolso Caf\u00e9 Oscuro Crochet - Creaciones Sigilo","robots":{"index":"index","follow":"follow","max-snippet":"max-snippet:-1","max-image-preview":"max-image-preview:large","max-video-preview":"max-video-preview:-1"},"canonical":"https:\/\/capta.com.co\/sigilocrochet\/producto\/bolso-cafe-oscuro-crochet\/","og_locale":"es_ES","og_type":"article","og_title":"Bolso Caf\u00e9 Oscuro Crochet - Creaciones Sigilo","og_description":"Bolso peque\u00f1o color Caf\u00e9 Oscuro, para cargar tu celular. Dos compartimentos para facilitas la organizaci\u00f3n dentro del bolso. Tama\u00f1o: Altura: 20 CMS. Ancho: 18 CMS Dos compartimentos para facilitas la organizaci\u00f3n dentro del bolso","og_url":"https:\/\/capta.com.co\/sigilocrochet\/producto\/bolso-cafe-oscuro-crochet\/","og_site_name":"Creaciones Sigilo","article_modified_time":"2026-01-30T22:55:36+00:00","og_image":[{"width":1500,"height":1500,"url":"https:\/\/capta.com.co\/sigilocrochet\/wp-content\/uploads\/sites\/28\/2024\/10\/Bolsos-para-celular-CAFE-OSCURO.png","type":"image\/png"}],"twitter_card":"summary_large_image","schema":{"@context":"https:\/\/schema.org","@graph":[{"@type":"WebPage","@id":"https:\/\/capta.com.co\/sigilocrochet\/producto\/bolso-cafe-oscuro-crochet\/","url":"https:\/\/capta.com.co\/sigilocrochet\/producto\/bolso-cafe-oscuro-crochet\/","name":"Bolso Caf\u00e9 Oscuro Crochet - Creaciones Sigilo","isPartOf":{"@id":"https:\/\/capta.com.co\/sigilocrochet\/#website"},"primaryImageOfPage":{"@id":"https:\/\/capta.com.co\/sigilocrochet\/producto\/bolso-cafe-oscuro-crochet\/#primaryimage"},"image":{"@id":"https:\/\/capta.com.co\/sigilocrochet\/producto\/bolso-cafe-oscuro-crochet\/#primaryimage"},"thumbnailUrl":"https:\/\/capta.com.co\/sigilocrochet\/wp-content\/uploads\/sites\/28\/2024\/10\/Bolsos-para-celular-CAFE-OSCURO.png","datePublished":"2024-10-31T02:58:46+00:00","dateModified":"2026-01-30T22:55:36+00:00","breadcrumb":{"@id":"https:\/\/capta.com.co\/sigilocrochet\/producto\/bolso-cafe-oscuro-crochet\/#breadcrumb"},"inLanguage":"es","potentialAction":[{"@type":"ReadAction","target":["https:\/\/capta.com.co\/sigilocrochet\/producto\/bolso-cafe-oscuro-crochet\/"]}]},{"@type":"ImageObject","inLanguage":"es","@id":"https:\/\/capta.com.co\/sigilocrochet\/producto\/bolso-cafe-oscuro-crochet\/#primaryimage","url":"https:\/\/capta.com.co\/sigilocrochet\/wp-content\/uploads\/sites\/28\/2024\/10\/Bolsos-para-celular-CAFE-OSCURO.png","contentUrl":"https:\/\/capta.com.co\/sigilocrochet\/wp-content\/uploads\/sites\/28\/2024\/10\/Bolsos-para-celular-CAFE-OSCURO.png","width":1500,"height":1500},{"@type":"BreadcrumbList","@id":"https:\/\/capta.com.co\/sigilocrochet\/producto\/bolso-cafe-oscuro-crochet\/#breadcrumb","itemListElement":[{"@type":"ListItem","position":1,"name":"Portada","item":"https:\/\/capta.com.co\/sigilocrochet\/"},{"@type":"ListItem","position":2,"name":"Tienda","item":"https:\/\/capta.com.co\/sigilocrochet\/"},{"@type":"ListItem","position":3,"name":"Bolso Caf\u00e9 Oscuro Crochet"}]},{"@type":"WebSite","@id":"https:\/\/capta.com.co\/sigilocrochet\/#website","url":"https:\/\/capta.com.co\/sigilocrochet\/","name":"Creaciones Sigilo","description":"Capta - Compras que inspiran","potentialAction":[{"@type":"SearchAction","target":{"@type":"EntryPoint","urlTemplate":"https:\/\/capta.com.co\/sigilocrochet\/?s={search_term_string}"},"query-input":{"@type":"PropertyValueSpecification","valueRequired":true,"valueName":"search_term_string"}}],"inLanguage":"es"}]}},"_links":{"self":[{"href":"https:\/\/capta.com.co\/sigilocrochet\/wp-json\/wp\/v2\/product\/97","targetHints":{"allow":["GET"]}}],"collection":[{"href":"https:\/\/capta.com.co\/sigilocrochet\/wp-json\/wp\/v2\/product"}],"about":[{"href":"https:\/\/capta.com.co\/sigilocrochet\/wp-json\/wp\/v2\/types\/product"}],"replies":[{"embeddable":true,"href":"https:\/\/capta.com.co\/sigilocrochet\/wp-json\/wp\/v2\/comments?post=97"}],"wp:featuredmedia":[{"embeddable":true,"href":"https:\/\/capta.com.co\/sigilocrochet\/wp-json\/wp\/v2\/media\/127"}],"wp:attachment":[{"href":"https:\/\/capta.com.co\/sigilocrochet\/wp-json\/wp\/v2\/media?parent=97"}],"wp:term":[{"taxonomy":"product_brand","embeddable":true,"href":"https:\/\/capta.com.co\/sigilocrochet\/wp-json\/wp\/v2\/product_brand?post=97"},{"taxonomy":"product_cat","embeddable":true,"href":"https:\/\/capta.com.co\/sigilocrochet\/wp-json\/wp\/v2\/product_cat?post=97"},{"taxonomy":"product_tag","embeddable":true,"href":"https:\/\/capta.com.co\/sigilocrochet\/wp-json\/wp\/v2\/product_tag?post=97"}],"curies":[{"name":"wp","href":"https:\/\/api.w.org\/{rel}","templated":true}]}}