{"id":75,"date":"2024-10-30T09:52:07","date_gmt":"2024-10-30T14:52:07","guid":{"rendered":"https:\/\/capta.com.co\/sigilocrochet\/?post_type=product&#038;p=75"},"modified":"2026-02-03T12:10:41","modified_gmt":"2026-02-03T17:10:41","slug":"pesebre-a-crochet","status":"publish","type":"product","link":"https:\/\/capta.com.co\/sigilocrochet\/producto\/pesebre-a-crochet\/","title":{"rendered":"Pesebre a crochet Tama\u00f1o 15cms. de altura"},"content":{"rendered":"<p style=\"text-align: left\">Ocho (8) tiernas y delicadas piezas creadas con t\u00e9cnica crochet para acompa\u00f1arte en esa hermosa \u00e9poca navide\u00f1a.<\/p>\n<p>Consta de: San Jos\u00e9, la virgen Mar\u00eda, el ni\u00f1o Dios en su mois\u00e9s, los tres (3) reyes magos: Melchor, Gaspar y Baltazar cada uno con sus ofrendas, el burrito y el buey.<\/p>\n<p>Tama\u00f1o de los amigurumis: Altura 15 cms<\/p>\n<p>Sabias que&#8230;?<\/p>\n<p class=\"cvGsUA direction-ltr align-justify para-style-body\"><span class=\"OYPEnA font-feature-liga-off font-feature-clig-off font-feature-calt-off text-decoration-none text-strikethrough-none\">\u201cAmigurumi\u201d proviene del japon\u00e9s, \u201cami\u201d significa tejer y \u201cgurumi\u201d significa peluche.\u00a0<\/span><\/p>\n<p class=\"cvGsUA direction-ltr align-justify para-style-body\"><span class=\"OYPEnA font-feature-liga-off font-feature-clig-off font-feature-calt-off text-decoration-none text-strikethrough-none\">Se convirtieron en s\u00edmbolos de amor, amistad y protecci\u00f3n. Se cre\u00eda que estos adorables mu\u00f1ecos ten\u00edan poderes m\u00e1gicos para otorgar felicidad y buena fortuna a quienes los pose\u00edan.\u00a0<\/span><span class=\"OYPEnA font-feature-liga-off font-feature-clig-off font-feature-calt-off text-decoration-none text-strikethrough-none\">Uno de los aspectos m\u00e1s hermosos de los amigurumis es su capacidad para transmitir sentimientos y emociones.<\/span><\/p>\n<p class=\"cvGsUA direction-ltr align-justify para-style-body\"><span class=\"OYPEnA font-feature-liga-off font-feature-clig-off font-feature-calt-off text-decoration-none text-strikethrough-none\">Cu\u00e9ntale tus secretos que tu amigurumi sabr\u00e1 escucharte y guardarlos para ti.<\/span><\/p>\n","protected":false},"excerpt":{"rendered":"<p>Ocho (8) tiernas y delicadas piezas creadas con t\u00e9cnica crochet para acompa\u00f1arte en esa hermosa \u00e9poca navide\u00f1a. Consta de: San Jos\u00e9, la virgen Mar\u00eda, el ni\u00f1o Dios en su mois\u00e9s, los tres (3) reyes magos: Melchor, Gaspar y Baltazar cada uno con sus ofrendas, el burrito y el buey. Tama\u00f1o de los amigurumis: Altura 15 [&hellip;]<\/p>\n","protected":false},"featured_media":178,"comment_status":"open","ping_status":"closed","template":"","meta":{"_acf_changed":false,"inline_featured_image":false},"product_brand":[],"product_cat":[53,63,32],"product_tag":[121,122,107,124,120,119,118,117,123],"class_list":{"0":"post-75","1":"product","2":"type-product","3":"status-publish","4":"has-post-thumbnail","6":"product_cat-catalogo-completo","7":"product_cat-catalogo-navidad","8":"product_cat-amigurumis","9":"product_tag-arte-en-hilo","10":"product_tag-artesania-con-amor","11":"product_tag-crochet-colombiano","12":"product_tag-handmade-colombia","13":"product_tag-hecho-a-mano-en-colombia","14":"product_tag-navidad-artesanal","15":"product_tag-pesebre-crochet","16":"product_tag-pesebre-tejido","17":"product_tag-puntadas-de-fe","19":"first","20":"instock","21":"featured","22":"shipping-taxable","23":"purchasable","24":"product-type-simple"},"acf":[],"yoast_head":"<!-- This site is optimized with the Yoast SEO plugin v27.5 - https:\/\/yoast.com\/product\/yoast-seo-wordpress\/ -->\n<title>Pesebre a crochet Tama\u00f1o 15cms. de altura - Creaciones Sigilo<\/title>\n<meta name=\"robots\" content=\"index, follow, max-snippet:-1, max-image-preview:large, max-video-preview:-1\" \/>\n<link rel=\"canonical\" href=\"https:\/\/capta.com.co\/sigilocrochet\/producto\/pesebre-a-crochet\/\" \/>\n<meta property=\"og:locale\" content=\"es_ES\" \/>\n<meta property=\"og:type\" content=\"article\" \/>\n<meta property=\"og:title\" content=\"Pesebre a crochet Tama\u00f1o 15cms. de altura - Creaciones Sigilo\" \/>\n<meta property=\"og:description\" content=\"Ocho (8) tiernas y delicadas piezas creadas con t\u00e9cnica crochet para acompa\u00f1arte en esa hermosa \u00e9poca navide\u00f1a. Consta de: San Jos\u00e9, la virgen Mar\u00eda, el ni\u00f1o Dios en su mois\u00e9s, los tres (3) reyes magos: Melchor, Gaspar y Baltazar cada uno con sus ofrendas, el burrito y el buey. Tama\u00f1o de los amigurumis: Altura 15 [&hellip;]\" \/>\n<meta property=\"og:url\" content=\"https:\/\/capta.com.co\/sigilocrochet\/producto\/pesebre-a-crochet\/\" \/>\n<meta property=\"og:site_name\" content=\"Creaciones Sigilo\" \/>\n<meta property=\"article:modified_time\" content=\"2026-02-03T17:10:41+00:00\" \/>\n<meta property=\"og:image\" content=\"https:\/\/capta.com.co\/sigilocrochet\/wp-content\/uploads\/sites\/28\/2024\/10\/Pesebre-1.png\" \/>\n\t<meta property=\"og:image:width\" content=\"2000\" \/>\n\t<meta property=\"og:image:height\" content=\"1000\" \/>\n\t<meta property=\"og:image:type\" content=\"image\/png\" \/>\n<meta name=\"twitter:card\" content=\"summary_large_image\" \/>\n<meta name=\"twitter:label1\" content=\"Tiempo de lectura\" \/>\n\t<meta name=\"twitter:data1\" content=\"1 minuto\" \/>\n<script type=\"application\/ld+json\" class=\"yoast-schema-graph\">{\"@context\":\"https:\\\/\\\/schema.org\",\"@graph\":[{\"@type\":\"WebPage\",\"@id\":\"https:\\\/\\\/capta.com.co\\\/sigilocrochet\\\/producto\\\/pesebre-a-crochet\\\/\",\"url\":\"https:\\\/\\\/capta.com.co\\\/sigilocrochet\\\/producto\\\/pesebre-a-crochet\\\/\",\"name\":\"Pesebre a crochet Tama\u00f1o 15cms. de altura - Creaciones Sigilo\",\"isPartOf\":{\"@id\":\"https:\\\/\\\/capta.com.co\\\/sigilocrochet\\\/#website\"},\"primaryImageOfPage\":{\"@id\":\"https:\\\/\\\/capta.com.co\\\/sigilocrochet\\\/producto\\\/pesebre-a-crochet\\\/#primaryimage\"},\"image\":{\"@id\":\"https:\\\/\\\/capta.com.co\\\/sigilocrochet\\\/producto\\\/pesebre-a-crochet\\\/#primaryimage\"},\"thumbnailUrl\":\"https:\\\/\\\/capta.com.co\\\/sigilocrochet\\\/wp-content\\\/uploads\\\/sites\\\/28\\\/2024\\\/10\\\/Pesebre-1.png\",\"datePublished\":\"2024-10-30T14:52:07+00:00\",\"dateModified\":\"2026-02-03T17:10:41+00:00\",\"breadcrumb\":{\"@id\":\"https:\\\/\\\/capta.com.co\\\/sigilocrochet\\\/producto\\\/pesebre-a-crochet\\\/#breadcrumb\"},\"inLanguage\":\"es\",\"potentialAction\":[{\"@type\":\"ReadAction\",\"target\":[\"https:\\\/\\\/capta.com.co\\\/sigilocrochet\\\/producto\\\/pesebre-a-crochet\\\/\"]}]},{\"@type\":\"ImageObject\",\"inLanguage\":\"es\",\"@id\":\"https:\\\/\\\/capta.com.co\\\/sigilocrochet\\\/producto\\\/pesebre-a-crochet\\\/#primaryimage\",\"url\":\"https:\\\/\\\/capta.com.co\\\/sigilocrochet\\\/wp-content\\\/uploads\\\/sites\\\/28\\\/2024\\\/10\\\/Pesebre-1.png\",\"contentUrl\":\"https:\\\/\\\/capta.com.co\\\/sigilocrochet\\\/wp-content\\\/uploads\\\/sites\\\/28\\\/2024\\\/10\\\/Pesebre-1.png\",\"width\":2000,\"height\":1000},{\"@type\":\"BreadcrumbList\",\"@id\":\"https:\\\/\\\/capta.com.co\\\/sigilocrochet\\\/producto\\\/pesebre-a-crochet\\\/#breadcrumb\",\"itemListElement\":[{\"@type\":\"ListItem\",\"position\":1,\"name\":\"Portada\",\"item\":\"https:\\\/\\\/capta.com.co\\\/sigilocrochet\\\/\"},{\"@type\":\"ListItem\",\"position\":2,\"name\":\"Tienda\",\"item\":\"https:\\\/\\\/capta.com.co\\\/sigilocrochet\\\/\"},{\"@type\":\"ListItem\",\"position\":3,\"name\":\"Pesebre a crochet Tama\u00f1o 15cms. de altura\"}]},{\"@type\":\"WebSite\",\"@id\":\"https:\\\/\\\/capta.com.co\\\/sigilocrochet\\\/#website\",\"url\":\"https:\\\/\\\/capta.com.co\\\/sigilocrochet\\\/\",\"name\":\"Creaciones Sigilo\",\"description\":\"Capta - Compras que inspiran\",\"potentialAction\":[{\"@type\":\"SearchAction\",\"target\":{\"@type\":\"EntryPoint\",\"urlTemplate\":\"https:\\\/\\\/capta.com.co\\\/sigilocrochet\\\/?s={search_term_string}\"},\"query-input\":{\"@type\":\"PropertyValueSpecification\",\"valueRequired\":true,\"valueName\":\"search_term_string\"}}],\"inLanguage\":\"es\"}]}<\/script>\n<!-- \/ Yoast SEO plugin. -->","yoast_head_json":{"title":"Pesebre a crochet Tama\u00f1o 15cms. de altura - Creaciones Sigilo","robots":{"index":"index","follow":"follow","max-snippet":"max-snippet:-1","max-image-preview":"max-image-preview:large","max-video-preview":"max-video-preview:-1"},"canonical":"https:\/\/capta.com.co\/sigilocrochet\/producto\/pesebre-a-crochet\/","og_locale":"es_ES","og_type":"article","og_title":"Pesebre a crochet Tama\u00f1o 15cms. de altura - Creaciones Sigilo","og_description":"Ocho (8) tiernas y delicadas piezas creadas con t\u00e9cnica crochet para acompa\u00f1arte en esa hermosa \u00e9poca navide\u00f1a. Consta de: San Jos\u00e9, la virgen Mar\u00eda, el ni\u00f1o Dios en su mois\u00e9s, los tres (3) reyes magos: Melchor, Gaspar y Baltazar cada uno con sus ofrendas, el burrito y el buey. Tama\u00f1o de los amigurumis: Altura 15 [&hellip;]","og_url":"https:\/\/capta.com.co\/sigilocrochet\/producto\/pesebre-a-crochet\/","og_site_name":"Creaciones Sigilo","article_modified_time":"2026-02-03T17:10:41+00:00","og_image":[{"width":2000,"height":1000,"url":"https:\/\/capta.com.co\/sigilocrochet\/wp-content\/uploads\/sites\/28\/2024\/10\/Pesebre-1.png","type":"image\/png"}],"twitter_card":"summary_large_image","twitter_misc":{"Tiempo de lectura":"1 minuto"},"schema":{"@context":"https:\/\/schema.org","@graph":[{"@type":"WebPage","@id":"https:\/\/capta.com.co\/sigilocrochet\/producto\/pesebre-a-crochet\/","url":"https:\/\/capta.com.co\/sigilocrochet\/producto\/pesebre-a-crochet\/","name":"Pesebre a crochet Tama\u00f1o 15cms. de altura - Creaciones Sigilo","isPartOf":{"@id":"https:\/\/capta.com.co\/sigilocrochet\/#website"},"primaryImageOfPage":{"@id":"https:\/\/capta.com.co\/sigilocrochet\/producto\/pesebre-a-crochet\/#primaryimage"},"image":{"@id":"https:\/\/capta.com.co\/sigilocrochet\/producto\/pesebre-a-crochet\/#primaryimage"},"thumbnailUrl":"https:\/\/capta.com.co\/sigilocrochet\/wp-content\/uploads\/sites\/28\/2024\/10\/Pesebre-1.png","datePublished":"2024-10-30T14:52:07+00:00","dateModified":"2026-02-03T17:10:41+00:00","breadcrumb":{"@id":"https:\/\/capta.com.co\/sigilocrochet\/producto\/pesebre-a-crochet\/#breadcrumb"},"inLanguage":"es","potentialAction":[{"@type":"ReadAction","target":["https:\/\/capta.com.co\/sigilocrochet\/producto\/pesebre-a-crochet\/"]}]},{"@type":"ImageObject","inLanguage":"es","@id":"https:\/\/capta.com.co\/sigilocrochet\/producto\/pesebre-a-crochet\/#primaryimage","url":"https:\/\/capta.com.co\/sigilocrochet\/wp-content\/uploads\/sites\/28\/2024\/10\/Pesebre-1.png","contentUrl":"https:\/\/capta.com.co\/sigilocrochet\/wp-content\/uploads\/sites\/28\/2024\/10\/Pesebre-1.png","width":2000,"height":1000},{"@type":"BreadcrumbList","@id":"https:\/\/capta.com.co\/sigilocrochet\/producto\/pesebre-a-crochet\/#breadcrumb","itemListElement":[{"@type":"ListItem","position":1,"name":"Portada","item":"https:\/\/capta.com.co\/sigilocrochet\/"},{"@type":"ListItem","position":2,"name":"Tienda","item":"https:\/\/capta.com.co\/sigilocrochet\/"},{"@type":"ListItem","position":3,"name":"Pesebre a crochet Tama\u00f1o 15cms. de altura"}]},{"@type":"WebSite","@id":"https:\/\/capta.com.co\/sigilocrochet\/#website","url":"https:\/\/capta.com.co\/sigilocrochet\/","name":"Creaciones Sigilo","description":"Capta - Compras que inspiran","potentialAction":[{"@type":"SearchAction","target":{"@type":"EntryPoint","urlTemplate":"https:\/\/capta.com.co\/sigilocrochet\/?s={search_term_string}"},"query-input":{"@type":"PropertyValueSpecification","valueRequired":true,"valueName":"search_term_string"}}],"inLanguage":"es"}]}},"_links":{"self":[{"href":"https:\/\/capta.com.co\/sigilocrochet\/wp-json\/wp\/v2\/product\/75","targetHints":{"allow":["GET"]}}],"collection":[{"href":"https:\/\/capta.com.co\/sigilocrochet\/wp-json\/wp\/v2\/product"}],"about":[{"href":"https:\/\/capta.com.co\/sigilocrochet\/wp-json\/wp\/v2\/types\/product"}],"replies":[{"embeddable":true,"href":"https:\/\/capta.com.co\/sigilocrochet\/wp-json\/wp\/v2\/comments?post=75"}],"wp:featuredmedia":[{"embeddable":true,"href":"https:\/\/capta.com.co\/sigilocrochet\/wp-json\/wp\/v2\/media\/178"}],"wp:attachment":[{"href":"https:\/\/capta.com.co\/sigilocrochet\/wp-json\/wp\/v2\/media?parent=75"}],"wp:term":[{"taxonomy":"product_brand","embeddable":true,"href":"https:\/\/capta.com.co\/sigilocrochet\/wp-json\/wp\/v2\/product_brand?post=75"},{"taxonomy":"product_cat","embeddable":true,"href":"https:\/\/capta.com.co\/sigilocrochet\/wp-json\/wp\/v2\/product_cat?post=75"},{"taxonomy":"product_tag","embeddable":true,"href":"https:\/\/capta.com.co\/sigilocrochet\/wp-json\/wp\/v2\/product_tag?post=75"}],"curies":[{"name":"wp","href":"https:\/\/api.w.org\/{rel}","templated":true}]}}