{"id":60,"date":"2024-09-20T21:54:21","date_gmt":"2024-09-21T02:54:21","guid":{"rendered":"https:\/\/capta.com.co\/sigilocrochet\/?post_type=product&#038;p=60"},"modified":"2026-02-01T10:55:09","modified_gmt":"2026-02-01T15:55:09","slug":"llavero-nico-el-ratoncito-en-el-bolsillo","status":"publish","type":"product","link":"https:\/\/capta.com.co\/sigilocrochet\/producto\/llavero-nico-el-ratoncito-en-el-bolsillo\/","title":{"rendered":"Llavero Nico el Ratoncito en el bolsillo"},"content":{"rendered":"<p>Nico, el ratoncito en el bolsillo, es un adorable llavero tejido a crochet que se convertir\u00e1 en tu fiel compa\u00f1ero.<\/p>\n<p>Con su tama\u00f1o perfecto para llevarlo contigo a todas partes, Nico est\u00e1 dise\u00f1ado con un toque de ternura y detalle que lo hacen \u00fanico.<\/p>\n<p>Siempre listo para asomarse desde tu llavero, este peque\u00f1o ratoncito es un s\u00edmbolo de alegr\u00eda, ingenio y protecci\u00f3n, record\u00e1ndote que la compa\u00f1\u00eda m\u00e1s dulce puede caber en el lugar m\u00e1s peque\u00f1o. Ideal para adornar tus llaves, mochilas o bolsos, Nico llevar\u00e1 una sonrisa a donde vayas.<\/p>\n<p>Sabias que&#8230;?<\/p>\n<p>Los <strong>amigurumis<\/strong>\u00a0son\u00a0<strong>peluches tejidos a mano<\/strong>\u00a0utilizando la t\u00e9cnica del crochet o ganchillo. Estos mu\u00f1ecos adquieren formas variadas, desde animales encantadores hasta personajes de cuentos de hadas o incluso figuras abstractas. Su nombre proviene del japon\u00e9s, donde \u00abami\u00bb significa tejer y \u00abgurumi\u00bb significa peluche. Juntos, forman los \u00ab<strong>amigurumis<\/strong>\u00ab, creando una experiencia m\u00e1gica de creaci\u00f3n de juguetes tejidos.<\/p>\n<p>La\u00a0<strong>historia de los\u00a0amigurumis<\/strong>\u00a0se remonta a siglos atr\u00e1s, donde el arte de tejer era una pr\u00e1ctica com\u00fan en muchas culturas. Sin embargo, los or\u00edgenes exactos de los\u00a0<strong>amigurumis<\/strong> tal como los conocemos hoy en d\u00eda se encuentran en Jap\u00f3n, a principios del siglo XX.<\/p>\n<p>Los <strong>amigurumis<\/strong> ganaron popularidad en Jap\u00f3n y se convirtieron en s\u00edmbolos de amor, amistad y protecci\u00f3n. Se cre\u00eda que estos adorables mu\u00f1ecos ten\u00edan poderes m\u00e1gicos para otorgar felicidad y buena fortuna a quienes los pose\u00edan.<\/p>\n<p>Uno de los aspectos m\u00e1s hermosos de los\u00a0<strong>amigurumis<\/strong>\u00a0es su capacidad para transmitir sentimientos y emociones. Cuando recibes un amigurumi personalizado, sabes que alguien ha invertido tiempo, esfuerzo y amor en cada detalle. Estos regalos \u00fanicos se convierten en tesoros duraderos y en s\u00edmbolos tangibles de cari\u00f1o y aprecio.<\/p>\n<p>&nbsp;<\/p>\n","protected":false},"excerpt":{"rendered":"<p>Nico, el ratoncito en el bolsillo, es un adorable llavero tejido a crochet que se convertir\u00e1 en tu fiel compa\u00f1ero. Con su tama\u00f1o perfecto para llevarlo contigo a todas partes, Nico est\u00e1 dise\u00f1ado con un toque de ternura y detalle que lo hacen \u00fanico. Siempre listo para asomarse desde tu llavero, este peque\u00f1o ratoncito es [&hellip;]<\/p>\n","protected":false},"featured_media":64,"comment_status":"open","ping_status":"closed","template":"","meta":{"_acf_changed":false,"inline_featured_image":false},"product_brand":[],"product_cat":[53,31],"product_tag":[51,18,49,50,52],"class_list":{"0":"post-60","1":"product","2":"type-product","3":"status-publish","4":"has-post-thumbnail","6":"product_cat-catalogo-completo","7":"product_cat-llaveros-amigurumis","8":"product_tag-aprender-crochet","9":"product_tag-ganchillo","10":"product_tag-llavero","11":"product_tag-llavero-a-crochet","12":"product_tag-raton-a-crochet","14":"first","15":"instock","16":"featured","17":"shipping-taxable","18":"purchasable","19":"product-type-simple"},"acf":[],"yoast_head":"<!-- This site is optimized with the Yoast SEO plugin v27.5 - https:\/\/yoast.com\/product\/yoast-seo-wordpress\/ -->\n<title>Llavero Nico el Ratoncito en el bolsillo - Creaciones Sigilo<\/title>\n<meta name=\"robots\" content=\"index, follow, max-snippet:-1, max-image-preview:large, max-video-preview:-1\" \/>\n<link rel=\"canonical\" href=\"https:\/\/capta.com.co\/sigilocrochet\/producto\/llavero-nico-el-ratoncito-en-el-bolsillo\/\" \/>\n<meta property=\"og:locale\" content=\"es_ES\" \/>\n<meta property=\"og:type\" content=\"article\" \/>\n<meta property=\"og:title\" content=\"Llavero Nico el Ratoncito en el bolsillo - Creaciones Sigilo\" \/>\n<meta property=\"og:description\" content=\"Nico, el ratoncito en el bolsillo, es un adorable llavero tejido a crochet que se convertir\u00e1 en tu fiel compa\u00f1ero. Con su tama\u00f1o perfecto para llevarlo contigo a todas partes, Nico est\u00e1 dise\u00f1ado con un toque de ternura y detalle que lo hacen \u00fanico. Siempre listo para asomarse desde tu llavero, este peque\u00f1o ratoncito es [&hellip;]\" \/>\n<meta property=\"og:url\" content=\"https:\/\/capta.com.co\/sigilocrochet\/producto\/llavero-nico-el-ratoncito-en-el-bolsillo\/\" \/>\n<meta property=\"og:site_name\" content=\"Creaciones Sigilo\" \/>\n<meta property=\"article:modified_time\" content=\"2026-02-01T15:55:09+00:00\" \/>\n<meta property=\"og:image\" content=\"https:\/\/capta.com.co\/sigilocrochet\/wp-content\/uploads\/sites\/28\/2024\/09\/NICO-2.jpg\" \/>\n\t<meta property=\"og:image:width\" content=\"591\" \/>\n\t<meta property=\"og:image:height\" content=\"738\" \/>\n\t<meta property=\"og:image:type\" content=\"image\/jpeg\" \/>\n<meta name=\"twitter:card\" content=\"summary_large_image\" \/>\n<meta name=\"twitter:label1\" content=\"Tiempo de lectura\" \/>\n\t<meta name=\"twitter:data1\" content=\"2 minutos\" \/>\n<script type=\"application\/ld+json\" class=\"yoast-schema-graph\">{\"@context\":\"https:\\\/\\\/schema.org\",\"@graph\":[{\"@type\":\"WebPage\",\"@id\":\"https:\\\/\\\/capta.com.co\\\/sigilocrochet\\\/producto\\\/llavero-nico-el-ratoncito-en-el-bolsillo\\\/\",\"url\":\"https:\\\/\\\/capta.com.co\\\/sigilocrochet\\\/producto\\\/llavero-nico-el-ratoncito-en-el-bolsillo\\\/\",\"name\":\"Llavero Nico el Ratoncito en el bolsillo - Creaciones Sigilo\",\"isPartOf\":{\"@id\":\"https:\\\/\\\/capta.com.co\\\/sigilocrochet\\\/#website\"},\"primaryImageOfPage\":{\"@id\":\"https:\\\/\\\/capta.com.co\\\/sigilocrochet\\\/producto\\\/llavero-nico-el-ratoncito-en-el-bolsillo\\\/#primaryimage\"},\"image\":{\"@id\":\"https:\\\/\\\/capta.com.co\\\/sigilocrochet\\\/producto\\\/llavero-nico-el-ratoncito-en-el-bolsillo\\\/#primaryimage\"},\"thumbnailUrl\":\"https:\\\/\\\/capta.com.co\\\/sigilocrochet\\\/wp-content\\\/uploads\\\/sites\\\/28\\\/2024\\\/09\\\/NICO-2.jpg\",\"datePublished\":\"2024-09-21T02:54:21+00:00\",\"dateModified\":\"2026-02-01T15:55:09+00:00\",\"breadcrumb\":{\"@id\":\"https:\\\/\\\/capta.com.co\\\/sigilocrochet\\\/producto\\\/llavero-nico-el-ratoncito-en-el-bolsillo\\\/#breadcrumb\"},\"inLanguage\":\"es\",\"potentialAction\":[{\"@type\":\"ReadAction\",\"target\":[\"https:\\\/\\\/capta.com.co\\\/sigilocrochet\\\/producto\\\/llavero-nico-el-ratoncito-en-el-bolsillo\\\/\"]}]},{\"@type\":\"ImageObject\",\"inLanguage\":\"es\",\"@id\":\"https:\\\/\\\/capta.com.co\\\/sigilocrochet\\\/producto\\\/llavero-nico-el-ratoncito-en-el-bolsillo\\\/#primaryimage\",\"url\":\"https:\\\/\\\/capta.com.co\\\/sigilocrochet\\\/wp-content\\\/uploads\\\/sites\\\/28\\\/2024\\\/09\\\/NICO-2.jpg\",\"contentUrl\":\"https:\\\/\\\/capta.com.co\\\/sigilocrochet\\\/wp-content\\\/uploads\\\/sites\\\/28\\\/2024\\\/09\\\/NICO-2.jpg\",\"width\":591,\"height\":738},{\"@type\":\"BreadcrumbList\",\"@id\":\"https:\\\/\\\/capta.com.co\\\/sigilocrochet\\\/producto\\\/llavero-nico-el-ratoncito-en-el-bolsillo\\\/#breadcrumb\",\"itemListElement\":[{\"@type\":\"ListItem\",\"position\":1,\"name\":\"Portada\",\"item\":\"https:\\\/\\\/capta.com.co\\\/sigilocrochet\\\/\"},{\"@type\":\"ListItem\",\"position\":2,\"name\":\"Tienda\",\"item\":\"https:\\\/\\\/capta.com.co\\\/sigilocrochet\\\/\"},{\"@type\":\"ListItem\",\"position\":3,\"name\":\"Llavero Nico el Ratoncito en el bolsillo\"}]},{\"@type\":\"WebSite\",\"@id\":\"https:\\\/\\\/capta.com.co\\\/sigilocrochet\\\/#website\",\"url\":\"https:\\\/\\\/capta.com.co\\\/sigilocrochet\\\/\",\"name\":\"Creaciones Sigilo\",\"description\":\"Capta - Compras que inspiran\",\"potentialAction\":[{\"@type\":\"SearchAction\",\"target\":{\"@type\":\"EntryPoint\",\"urlTemplate\":\"https:\\\/\\\/capta.com.co\\\/sigilocrochet\\\/?s={search_term_string}\"},\"query-input\":{\"@type\":\"PropertyValueSpecification\",\"valueRequired\":true,\"valueName\":\"search_term_string\"}}],\"inLanguage\":\"es\"}]}<\/script>\n<!-- \/ Yoast SEO plugin. -->","yoast_head_json":{"title":"Llavero Nico el Ratoncito en el bolsillo - Creaciones Sigilo","robots":{"index":"index","follow":"follow","max-snippet":"max-snippet:-1","max-image-preview":"max-image-preview:large","max-video-preview":"max-video-preview:-1"},"canonical":"https:\/\/capta.com.co\/sigilocrochet\/producto\/llavero-nico-el-ratoncito-en-el-bolsillo\/","og_locale":"es_ES","og_type":"article","og_title":"Llavero Nico el Ratoncito en el bolsillo - Creaciones Sigilo","og_description":"Nico, el ratoncito en el bolsillo, es un adorable llavero tejido a crochet que se convertir\u00e1 en tu fiel compa\u00f1ero. Con su tama\u00f1o perfecto para llevarlo contigo a todas partes, Nico est\u00e1 dise\u00f1ado con un toque de ternura y detalle que lo hacen \u00fanico. Siempre listo para asomarse desde tu llavero, este peque\u00f1o ratoncito es [&hellip;]","og_url":"https:\/\/capta.com.co\/sigilocrochet\/producto\/llavero-nico-el-ratoncito-en-el-bolsillo\/","og_site_name":"Creaciones Sigilo","article_modified_time":"2026-02-01T15:55:09+00:00","og_image":[{"width":591,"height":738,"url":"https:\/\/capta.com.co\/sigilocrochet\/wp-content\/uploads\/sites\/28\/2024\/09\/NICO-2.jpg","type":"image\/jpeg"}],"twitter_card":"summary_large_image","twitter_misc":{"Tiempo de lectura":"2 minutos"},"schema":{"@context":"https:\/\/schema.org","@graph":[{"@type":"WebPage","@id":"https:\/\/capta.com.co\/sigilocrochet\/producto\/llavero-nico-el-ratoncito-en-el-bolsillo\/","url":"https:\/\/capta.com.co\/sigilocrochet\/producto\/llavero-nico-el-ratoncito-en-el-bolsillo\/","name":"Llavero Nico el Ratoncito en el bolsillo - Creaciones Sigilo","isPartOf":{"@id":"https:\/\/capta.com.co\/sigilocrochet\/#website"},"primaryImageOfPage":{"@id":"https:\/\/capta.com.co\/sigilocrochet\/producto\/llavero-nico-el-ratoncito-en-el-bolsillo\/#primaryimage"},"image":{"@id":"https:\/\/capta.com.co\/sigilocrochet\/producto\/llavero-nico-el-ratoncito-en-el-bolsillo\/#primaryimage"},"thumbnailUrl":"https:\/\/capta.com.co\/sigilocrochet\/wp-content\/uploads\/sites\/28\/2024\/09\/NICO-2.jpg","datePublished":"2024-09-21T02:54:21+00:00","dateModified":"2026-02-01T15:55:09+00:00","breadcrumb":{"@id":"https:\/\/capta.com.co\/sigilocrochet\/producto\/llavero-nico-el-ratoncito-en-el-bolsillo\/#breadcrumb"},"inLanguage":"es","potentialAction":[{"@type":"ReadAction","target":["https:\/\/capta.com.co\/sigilocrochet\/producto\/llavero-nico-el-ratoncito-en-el-bolsillo\/"]}]},{"@type":"ImageObject","inLanguage":"es","@id":"https:\/\/capta.com.co\/sigilocrochet\/producto\/llavero-nico-el-ratoncito-en-el-bolsillo\/#primaryimage","url":"https:\/\/capta.com.co\/sigilocrochet\/wp-content\/uploads\/sites\/28\/2024\/09\/NICO-2.jpg","contentUrl":"https:\/\/capta.com.co\/sigilocrochet\/wp-content\/uploads\/sites\/28\/2024\/09\/NICO-2.jpg","width":591,"height":738},{"@type":"BreadcrumbList","@id":"https:\/\/capta.com.co\/sigilocrochet\/producto\/llavero-nico-el-ratoncito-en-el-bolsillo\/#breadcrumb","itemListElement":[{"@type":"ListItem","position":1,"name":"Portada","item":"https:\/\/capta.com.co\/sigilocrochet\/"},{"@type":"ListItem","position":2,"name":"Tienda","item":"https:\/\/capta.com.co\/sigilocrochet\/"},{"@type":"ListItem","position":3,"name":"Llavero Nico el Ratoncito en el bolsillo"}]},{"@type":"WebSite","@id":"https:\/\/capta.com.co\/sigilocrochet\/#website","url":"https:\/\/capta.com.co\/sigilocrochet\/","name":"Creaciones Sigilo","description":"Capta - Compras que inspiran","potentialAction":[{"@type":"SearchAction","target":{"@type":"EntryPoint","urlTemplate":"https:\/\/capta.com.co\/sigilocrochet\/?s={search_term_string}"},"query-input":{"@type":"PropertyValueSpecification","valueRequired":true,"valueName":"search_term_string"}}],"inLanguage":"es"}]}},"_links":{"self":[{"href":"https:\/\/capta.com.co\/sigilocrochet\/wp-json\/wp\/v2\/product\/60","targetHints":{"allow":["GET"]}}],"collection":[{"href":"https:\/\/capta.com.co\/sigilocrochet\/wp-json\/wp\/v2\/product"}],"about":[{"href":"https:\/\/capta.com.co\/sigilocrochet\/wp-json\/wp\/v2\/types\/product"}],"replies":[{"embeddable":true,"href":"https:\/\/capta.com.co\/sigilocrochet\/wp-json\/wp\/v2\/comments?post=60"}],"wp:featuredmedia":[{"embeddable":true,"href":"https:\/\/capta.com.co\/sigilocrochet\/wp-json\/wp\/v2\/media\/64"}],"wp:attachment":[{"href":"https:\/\/capta.com.co\/sigilocrochet\/wp-json\/wp\/v2\/media?parent=60"}],"wp:term":[{"taxonomy":"product_brand","embeddable":true,"href":"https:\/\/capta.com.co\/sigilocrochet\/wp-json\/wp\/v2\/product_brand?post=60"},{"taxonomy":"product_cat","embeddable":true,"href":"https:\/\/capta.com.co\/sigilocrochet\/wp-json\/wp\/v2\/product_cat?post=60"},{"taxonomy":"product_tag","embeddable":true,"href":"https:\/\/capta.com.co\/sigilocrochet\/wp-json\/wp\/v2\/product_tag?post=60"}],"curies":[{"name":"wp","href":"https:\/\/api.w.org\/{rel}","templated":true}]}}