{"id":46,"date":"2024-09-20T19:35:40","date_gmt":"2024-09-21T00:35:40","guid":{"rendered":"https:\/\/capta.com.co\/sigilocreaciones\/?post_type=product&#038;p=46"},"modified":"2026-02-01T10:54:03","modified_gmt":"2026-02-01T15:54:03","slug":"tobias-tu-companero-de-aventuras","status":"publish","type":"product","link":"https:\/\/capta.com.co\/sigilocrochet\/producto\/tobias-tu-companero-de-aventuras\/","title":{"rendered":"Tobias Tu compa\u00f1ero de aventuras"},"content":{"rendered":"<p>Tob\u00edas con su morral siempre listo, es tu compa\u00f1ero de aventuras grandiosas. Es adem\u00e1s el guardi\u00e1n de tu coraz\u00f3n. Este peque\u00f1o perrito tejido a mano lleva en sus hilos amor, ternura y una chispa de alegr\u00eda.<\/p>\n<p>Que siempre te recuerde la belleza de los momentos simples y la fidelidad de los amigos m\u00e1s fieles.<\/p>\n<p>Lleva contigo a Tob\u00edas y deja que su energ\u00eda positiva ilumine tus d\u00edas.<\/p>\n<p>Medidas de Tobias:<\/p>\n<p>Altura: 20 cms<\/p>\n<p>Ancho: 15 cms.<\/p>\n<p>&nbsp;<\/p>\n<p>Sabias que&#8230;?<\/p>\n<p>Los <strong>amigurumis<\/strong>\u00a0son\u00a0<strong>peluches tejidos a mano<\/strong>\u00a0utilizando la t\u00e9cnica del crochet o ganchillo. Estos mu\u00f1ecos adquieren formas variadas, desde animales encantadores hasta personajes de cuentos de hadas o incluso figuras abstractas. Su nombre proviene del japon\u00e9s, donde \u00abami\u00bb significa tejer y \u00abgurumi\u00bb significa peluche. Juntos, forman los \u00ab<strong>amigurumis<\/strong>\u00ab, creando una experiencia m\u00e1gica de creaci\u00f3n de juguetes tejidos.<\/p>\n<p>La\u00a0<strong>historia de los\u00a0amigurumis<\/strong>\u00a0se remonta a siglos atr\u00e1s, donde el arte de tejer era una pr\u00e1ctica com\u00fan en muchas culturas. Sin embargo, los or\u00edgenes exactos de los\u00a0<strong>amigurumis<\/strong> tal como los conocemos hoy en d\u00eda se encuentran en Jap\u00f3n, a principios del siglo XX.<\/p>\n<p>Los <strong>amigurumis<\/strong> ganaron popularidad en Jap\u00f3n y se convirtieron en s\u00edmbolos de amor, amistad y protecci\u00f3n. Se cre\u00eda que estos adorables mu\u00f1ecos ten\u00edan poderes m\u00e1gicos para otorgar felicidad y buena fortuna a quienes los pose\u00edan.<\/p>\n<p>Uno de los aspectos m\u00e1s hermosos de los\u00a0<strong>amigurumis<\/strong>\u00a0es su capacidad para transmitir sentimientos y emociones. Cuando recibes un amigurumi personalizado, sabes que alguien ha invertido tiempo, esfuerzo y amor en cada detalle. Estos regalos \u00fanicos se convierten en tesoros duraderos y en s\u00edmbolos tangibles de cari\u00f1o y aprecio.<\/p>\n","protected":false},"excerpt":{"rendered":"<p>Tob\u00edas con su morral siempre listo, es tu compa\u00f1ero de aventuras grandiosas. Es adem\u00e1s el guardi\u00e1n de tu coraz\u00f3n. Este peque\u00f1o perrito tejido a mano lleva en sus hilos amor, ternura y una chispa de alegr\u00eda. Que siempre te recuerde la belleza de los momentos simples y la fidelidad de los amigos m\u00e1s fieles. Lleva [&hellip;]<\/p>\n","protected":false},"featured_media":65,"comment_status":"open","ping_status":"closed","template":"","meta":{"_acf_changed":false,"inline_featured_image":false},"product_brand":[],"product_cat":[53,40],"product_tag":[41,43,35,18,45,42,44],"class_list":{"0":"post-46","1":"product","2":"type-product","3":"status-publish","4":"has-post-thumbnail","6":"product_cat-catalogo-completo","7":"product_cat-munecos-de-apego","8":"product_tag-amigurumis","9":"product_tag-aprende-crochet","10":"product_tag-crochet","11":"product_tag-ganchillo","12":"product_tag-munecos-de-animales","13":"product_tag-munecos-de-apego","14":"product_tag-perritos","16":"first","17":"instock","18":"featured","19":"shipping-taxable","20":"purchasable","21":"product-type-simple"},"acf":[],"yoast_head":"<!-- This site is optimized with the Yoast SEO plugin v27.5 - https:\/\/yoast.com\/product\/yoast-seo-wordpress\/ -->\n<title>Tobias Tu compa\u00f1ero de aventuras - Creaciones Sigilo<\/title>\n<meta name=\"robots\" content=\"index, follow, max-snippet:-1, max-image-preview:large, max-video-preview:-1\" \/>\n<link rel=\"canonical\" href=\"https:\/\/capta.com.co\/sigilocrochet\/producto\/tobias-tu-companero-de-aventuras\/\" \/>\n<meta property=\"og:locale\" content=\"es_ES\" \/>\n<meta property=\"og:type\" content=\"article\" \/>\n<meta property=\"og:title\" content=\"Tobias Tu compa\u00f1ero de aventuras - Creaciones Sigilo\" \/>\n<meta property=\"og:description\" content=\"Tob\u00edas con su morral siempre listo, es tu compa\u00f1ero de aventuras grandiosas. Es adem\u00e1s el guardi\u00e1n de tu coraz\u00f3n. Este peque\u00f1o perrito tejido a mano lleva en sus hilos amor, ternura y una chispa de alegr\u00eda. Que siempre te recuerde la belleza de los momentos simples y la fidelidad de los amigos m\u00e1s fieles. Lleva [&hellip;]\" \/>\n<meta property=\"og:url\" content=\"https:\/\/capta.com.co\/sigilocrochet\/producto\/tobias-tu-companero-de-aventuras\/\" \/>\n<meta property=\"og:site_name\" content=\"Creaciones Sigilo\" \/>\n<meta property=\"article:modified_time\" content=\"2026-02-01T15:54:03+00:00\" \/>\n<meta property=\"og:image\" content=\"https:\/\/capta.com.co\/sigilocrochet\/wp-content\/uploads\/sites\/28\/2024\/09\/1-1.jpg\" \/>\n\t<meta property=\"og:image:width\" content=\"591\" \/>\n\t<meta property=\"og:image:height\" content=\"738\" \/>\n\t<meta property=\"og:image:type\" content=\"image\/jpeg\" \/>\n<meta name=\"twitter:card\" content=\"summary_large_image\" \/>\n<meta name=\"twitter:label1\" content=\"Tiempo de lectura\" \/>\n\t<meta name=\"twitter:data1\" content=\"1 minuto\" \/>\n<script type=\"application\/ld+json\" class=\"yoast-schema-graph\">{\"@context\":\"https:\\\/\\\/schema.org\",\"@graph\":[{\"@type\":\"WebPage\",\"@id\":\"https:\\\/\\\/capta.com.co\\\/sigilocrochet\\\/producto\\\/tobias-tu-companero-de-aventuras\\\/\",\"url\":\"https:\\\/\\\/capta.com.co\\\/sigilocrochet\\\/producto\\\/tobias-tu-companero-de-aventuras\\\/\",\"name\":\"Tobias Tu compa\u00f1ero de aventuras - Creaciones Sigilo\",\"isPartOf\":{\"@id\":\"https:\\\/\\\/capta.com.co\\\/sigilocrochet\\\/#website\"},\"primaryImageOfPage\":{\"@id\":\"https:\\\/\\\/capta.com.co\\\/sigilocrochet\\\/producto\\\/tobias-tu-companero-de-aventuras\\\/#primaryimage\"},\"image\":{\"@id\":\"https:\\\/\\\/capta.com.co\\\/sigilocrochet\\\/producto\\\/tobias-tu-companero-de-aventuras\\\/#primaryimage\"},\"thumbnailUrl\":\"https:\\\/\\\/capta.com.co\\\/sigilocrochet\\\/wp-content\\\/uploads\\\/sites\\\/28\\\/2024\\\/09\\\/1-1.jpg\",\"datePublished\":\"2024-09-21T00:35:40+00:00\",\"dateModified\":\"2026-02-01T15:54:03+00:00\",\"breadcrumb\":{\"@id\":\"https:\\\/\\\/capta.com.co\\\/sigilocrochet\\\/producto\\\/tobias-tu-companero-de-aventuras\\\/#breadcrumb\"},\"inLanguage\":\"es\",\"potentialAction\":[{\"@type\":\"ReadAction\",\"target\":[\"https:\\\/\\\/capta.com.co\\\/sigilocrochet\\\/producto\\\/tobias-tu-companero-de-aventuras\\\/\"]}]},{\"@type\":\"ImageObject\",\"inLanguage\":\"es\",\"@id\":\"https:\\\/\\\/capta.com.co\\\/sigilocrochet\\\/producto\\\/tobias-tu-companero-de-aventuras\\\/#primaryimage\",\"url\":\"https:\\\/\\\/capta.com.co\\\/sigilocrochet\\\/wp-content\\\/uploads\\\/sites\\\/28\\\/2024\\\/09\\\/1-1.jpg\",\"contentUrl\":\"https:\\\/\\\/capta.com.co\\\/sigilocrochet\\\/wp-content\\\/uploads\\\/sites\\\/28\\\/2024\\\/09\\\/1-1.jpg\",\"width\":591,\"height\":738},{\"@type\":\"BreadcrumbList\",\"@id\":\"https:\\\/\\\/capta.com.co\\\/sigilocrochet\\\/producto\\\/tobias-tu-companero-de-aventuras\\\/#breadcrumb\",\"itemListElement\":[{\"@type\":\"ListItem\",\"position\":1,\"name\":\"Portada\",\"item\":\"https:\\\/\\\/capta.com.co\\\/sigilocrochet\\\/\"},{\"@type\":\"ListItem\",\"position\":2,\"name\":\"Tienda\",\"item\":\"https:\\\/\\\/capta.com.co\\\/sigilocrochet\\\/\"},{\"@type\":\"ListItem\",\"position\":3,\"name\":\"Tobias Tu compa\u00f1ero de aventuras\"}]},{\"@type\":\"WebSite\",\"@id\":\"https:\\\/\\\/capta.com.co\\\/sigilocrochet\\\/#website\",\"url\":\"https:\\\/\\\/capta.com.co\\\/sigilocrochet\\\/\",\"name\":\"Creaciones Sigilo\",\"description\":\"Capta - Compras que inspiran\",\"potentialAction\":[{\"@type\":\"SearchAction\",\"target\":{\"@type\":\"EntryPoint\",\"urlTemplate\":\"https:\\\/\\\/capta.com.co\\\/sigilocrochet\\\/?s={search_term_string}\"},\"query-input\":{\"@type\":\"PropertyValueSpecification\",\"valueRequired\":true,\"valueName\":\"search_term_string\"}}],\"inLanguage\":\"es\"}]}<\/script>\n<!-- \/ Yoast SEO plugin. -->","yoast_head_json":{"title":"Tobias Tu compa\u00f1ero de aventuras - Creaciones Sigilo","robots":{"index":"index","follow":"follow","max-snippet":"max-snippet:-1","max-image-preview":"max-image-preview:large","max-video-preview":"max-video-preview:-1"},"canonical":"https:\/\/capta.com.co\/sigilocrochet\/producto\/tobias-tu-companero-de-aventuras\/","og_locale":"es_ES","og_type":"article","og_title":"Tobias Tu compa\u00f1ero de aventuras - Creaciones Sigilo","og_description":"Tob\u00edas con su morral siempre listo, es tu compa\u00f1ero de aventuras grandiosas. Es adem\u00e1s el guardi\u00e1n de tu coraz\u00f3n. Este peque\u00f1o perrito tejido a mano lleva en sus hilos amor, ternura y una chispa de alegr\u00eda. Que siempre te recuerde la belleza de los momentos simples y la fidelidad de los amigos m\u00e1s fieles. Lleva [&hellip;]","og_url":"https:\/\/capta.com.co\/sigilocrochet\/producto\/tobias-tu-companero-de-aventuras\/","og_site_name":"Creaciones Sigilo","article_modified_time":"2026-02-01T15:54:03+00:00","og_image":[{"width":591,"height":738,"url":"https:\/\/capta.com.co\/sigilocrochet\/wp-content\/uploads\/sites\/28\/2024\/09\/1-1.jpg","type":"image\/jpeg"}],"twitter_card":"summary_large_image","twitter_misc":{"Tiempo de lectura":"1 minuto"},"schema":{"@context":"https:\/\/schema.org","@graph":[{"@type":"WebPage","@id":"https:\/\/capta.com.co\/sigilocrochet\/producto\/tobias-tu-companero-de-aventuras\/","url":"https:\/\/capta.com.co\/sigilocrochet\/producto\/tobias-tu-companero-de-aventuras\/","name":"Tobias Tu compa\u00f1ero de aventuras - Creaciones Sigilo","isPartOf":{"@id":"https:\/\/capta.com.co\/sigilocrochet\/#website"},"primaryImageOfPage":{"@id":"https:\/\/capta.com.co\/sigilocrochet\/producto\/tobias-tu-companero-de-aventuras\/#primaryimage"},"image":{"@id":"https:\/\/capta.com.co\/sigilocrochet\/producto\/tobias-tu-companero-de-aventuras\/#primaryimage"},"thumbnailUrl":"https:\/\/capta.com.co\/sigilocrochet\/wp-content\/uploads\/sites\/28\/2024\/09\/1-1.jpg","datePublished":"2024-09-21T00:35:40+00:00","dateModified":"2026-02-01T15:54:03+00:00","breadcrumb":{"@id":"https:\/\/capta.com.co\/sigilocrochet\/producto\/tobias-tu-companero-de-aventuras\/#breadcrumb"},"inLanguage":"es","potentialAction":[{"@type":"ReadAction","target":["https:\/\/capta.com.co\/sigilocrochet\/producto\/tobias-tu-companero-de-aventuras\/"]}]},{"@type":"ImageObject","inLanguage":"es","@id":"https:\/\/capta.com.co\/sigilocrochet\/producto\/tobias-tu-companero-de-aventuras\/#primaryimage","url":"https:\/\/capta.com.co\/sigilocrochet\/wp-content\/uploads\/sites\/28\/2024\/09\/1-1.jpg","contentUrl":"https:\/\/capta.com.co\/sigilocrochet\/wp-content\/uploads\/sites\/28\/2024\/09\/1-1.jpg","width":591,"height":738},{"@type":"BreadcrumbList","@id":"https:\/\/capta.com.co\/sigilocrochet\/producto\/tobias-tu-companero-de-aventuras\/#breadcrumb","itemListElement":[{"@type":"ListItem","position":1,"name":"Portada","item":"https:\/\/capta.com.co\/sigilocrochet\/"},{"@type":"ListItem","position":2,"name":"Tienda","item":"https:\/\/capta.com.co\/sigilocrochet\/"},{"@type":"ListItem","position":3,"name":"Tobias Tu compa\u00f1ero de aventuras"}]},{"@type":"WebSite","@id":"https:\/\/capta.com.co\/sigilocrochet\/#website","url":"https:\/\/capta.com.co\/sigilocrochet\/","name":"Creaciones Sigilo","description":"Capta - Compras que inspiran","potentialAction":[{"@type":"SearchAction","target":{"@type":"EntryPoint","urlTemplate":"https:\/\/capta.com.co\/sigilocrochet\/?s={search_term_string}"},"query-input":{"@type":"PropertyValueSpecification","valueRequired":true,"valueName":"search_term_string"}}],"inLanguage":"es"}]}},"_links":{"self":[{"href":"https:\/\/capta.com.co\/sigilocrochet\/wp-json\/wp\/v2\/product\/46","targetHints":{"allow":["GET"]}}],"collection":[{"href":"https:\/\/capta.com.co\/sigilocrochet\/wp-json\/wp\/v2\/product"}],"about":[{"href":"https:\/\/capta.com.co\/sigilocrochet\/wp-json\/wp\/v2\/types\/product"}],"replies":[{"embeddable":true,"href":"https:\/\/capta.com.co\/sigilocrochet\/wp-json\/wp\/v2\/comments?post=46"}],"wp:featuredmedia":[{"embeddable":true,"href":"https:\/\/capta.com.co\/sigilocrochet\/wp-json\/wp\/v2\/media\/65"}],"wp:attachment":[{"href":"https:\/\/capta.com.co\/sigilocrochet\/wp-json\/wp\/v2\/media?parent=46"}],"wp:term":[{"taxonomy":"product_brand","embeddable":true,"href":"https:\/\/capta.com.co\/sigilocrochet\/wp-json\/wp\/v2\/product_brand?post=46"},{"taxonomy":"product_cat","embeddable":true,"href":"https:\/\/capta.com.co\/sigilocrochet\/wp-json\/wp\/v2\/product_cat?post=46"},{"taxonomy":"product_tag","embeddable":true,"href":"https:\/\/capta.com.co\/sigilocrochet\/wp-json\/wp\/v2\/product_tag?post=46"}],"curies":[{"name":"wp","href":"https:\/\/api.w.org\/{rel}","templated":true}]}}