{"id":112,"date":"2025-01-02T21:52:33","date_gmt":"2025-01-03T02:52:33","guid":{"rendered":"https:\/\/capta.com.co\/sigilocrochet\/?post_type=product&#038;p=112"},"modified":"2026-02-02T18:21:07","modified_gmt":"2026-02-02T23:21:07","slug":"mochila-florecer-caribe-tamano-mediano","status":"publish","type":"product","link":"https:\/\/capta.com.co\/sigilocrochet\/producto\/mochila-florecer-caribe-tamano-mediano\/","title":{"rendered":"Mochila Dulce Presencia &#8211; Tama\u00f1o Mediano"},"content":{"rendered":"<div class=\"flex-1 overflow-hidden @container\/thread\">\n<div class=\"h-full\">\n<div class=\"react-scroll-to-bottom--css-ppcna-79elbk h-full\">\n<div class=\"react-scroll-to-bottom--css-ppcna-1n7m0yu\">\n<div class=\"flex flex-col text-sm md:pb-9\">\n<article class=\"w-full scroll-mb-[var(--thread-trailing-height,150px)] text-token-text-primary focus-visible:outline-2 focus-visible:outline-offset-[-4px]\" dir=\"auto\" data-testid=\"conversation-turn-9\" data-scroll-anchor=\"true\">\n<div class=\"m-auto text-base py-[18px] px-3 md:px-4 w-full md:px-5 lg:px-4 xl:px-5\">\n<div class=\"mx-auto flex flex-1 gap-4 text-base md:gap-5 lg:gap-6 md:max-w-3xl lg:max-w-[40rem] xl:max-w-[48rem]\">\n<div class=\"group\/conversation-turn relative flex w-full min-w-0 flex-col agent-turn\">\n<div class=\"flex-col gap-1 md:gap-3\">\n<div class=\"flex max-w-full flex-col flex-grow\">\n<div class=\"min-h-8 text-message flex w-full flex-col items-end gap-2 whitespace-normal break-words text-start [.text-message+&amp;]:mt-5\" dir=\"auto\" data-message-author-role=\"assistant\" data-message-id=\"72ba5d29-7aba-40eb-8297-2e792ec98c00\" data-message-model-slug=\"gpt-4o\">\n<div class=\"flex w-full flex-col gap-1 empty:hidden first:pt-[3px]\">\n<div class=\"markdown prose w-full break-words dark:prose-invert light\">\n<p><strong>Dulce presencia<\/strong> es una mochila tejida a crochet, honra en legado Wayuu. Nace desde el disfrute de crear y la calma que habita en lo simple. Sus colores \u2014naranja y rosa combinados con tonos tierra\u2014 evocan alegr\u00eda suave, calidez y una sensaci\u00f3n de compa\u00f1\u00eda amorosa que se siente cercana al coraz\u00f3n.<\/p>\n<p data-start=\"685\" data-end=\"942\">Es una pieza que invita a bajar el ritmo, a habitar el momento presente y a caminar con ligereza. Cada puntada fue tejida con atenci\u00f3n y sensibilidad, dando forma a una creaci\u00f3n que no solo guarda lo esencial, sino que tambi\u00e9n transmite bienestar y armon\u00eda.<\/p>\n<p data-start=\"944\" data-end=\"1176\"><strong data-start=\"944\" data-end=\"963\">Dulce Presencia<\/strong> es ideal para quienes valoran los detalles, lo hecho a mano y la energ\u00eda sutil de los objetos creados con amor. Una mochila que acompa\u00f1a sin pesar, que abraza sin palabras y que recuerda la belleza de estar aqu\u00ed.<\/p>\n<p data-start=\"1178\" data-end=\"1323\">\u2728 <strong data-start=\"1180\" data-end=\"1194\">Intenci\u00f3n:<\/strong> calma, alegr\u00eda serena y presencia amorosa<br data-start=\"1236\" data-end=\"1239\" \/>\ud83e\uddf6 <strong data-start=\"1242\" data-end=\"1254\">T\u00e9cnica:<\/strong> crochet tejido a mano<br data-start=\"1276\" data-end=\"1279\" \/>\ud83e\udd0d <strong data-start=\"1282\" data-end=\"1294\">Energ\u00eda:<\/strong> creaci\u00f3n consciente y gozosa<\/p>\n<\/div>\n<p><strong>\u2728Tama\u00f1o:\u00a0<\/strong><\/p>\n<p>BASE: 24 CMS<\/p>\n<p>CUERPO: 21 CMS DE ALTURA<\/p>\n<p>FAJ\u00d3N O TIRANTA: 1,10 MTS. DE LONGITUD<\/p>\n<div class=\"markdown prose w-full break-words dark:prose-invert light\">\n<p><strong>\u2728Cuidados especiales:<\/strong><\/p>\n<ul>\n<li>Lavar a mano con agua fr\u00eda.<\/li>\n<li>Secar a la sombra.<\/li>\n<li>Evitar objetos pesados que puedan deformarla.<\/li>\n<\/ul>\n<p>Gracias por apoyar el arte artesanal. \ud83c\udf3f<\/p>\n<p><strong>Lleva contigo un pedacito de historia y creatividad.<\/strong><\/p>\n<\/div>\n<\/div>\n<\/div>\n<\/div>\n<\/div>\n<\/div>\n<\/div>\n<\/div>\n<\/article>\n<\/div>\n<\/div>\n<\/div>\n<\/div>\n<\/div>\n<div class=\"md:pt-0 dark:border-white\/20 md:border-transparent md:dark:border-transparent w-full\">\n<div class=\"m-auto text-base px-3 md:px-4 w-full md:px-5 lg:px-4 xl:px-5\">\n<div class=\"mx-auto flex flex-1 gap-4 text-base md:gap-5 lg:gap-6 md:max-w-3xl lg:max-w-[40rem] xl:max-w-[48rem]\">\n<div class=\"flex justify-center\"><\/div>\n<div class=\"relative flex h-full max-w-full flex-1 flex-col\">\n<div class=\"group relative flex w-full items-center\">\n<div class=\"w-full\">\n<div id=\"composer-background\" class=\"flex w-full cursor-text flex-col rounded-3xl px-2.5 py-1 transition-colors contain-inline-size bg-[#f4f4f4] dark:bg-token-main-surface-secondary\">\n<div class=\"flex min-h-[44px] items-start pl-2\">\n<div class=\"min-w-0 max-w-full flex-1\">\n<div class=\"_prosemirror-parent_cy42l_1 text-token-text-primary max-h-[25dvh] max-h-52 overflow-auto default-browser\">\n<div id=\"prompt-textarea\" class=\"ProseMirror\" data-virtualkeyboard=\"true\" data-lt-tmp-id=\"lt-203527\" data-gramm=\"false\"><\/div>\n<\/div>\n<\/div>\n<\/div>\n<div class=\"flex h-[44px] items-center justify-between\">\n<div class=\"min-w-8\">\n<div class=\"relative h-8 w-8\">\n<div class=\"flex h-full w-full items-center justify-center rounded-full\">\n<div class=\"relative h-full w-full\">\n<div class=\"absolute inset-0 flex items-center justify-center\"><\/div>\n<\/div>\n<\/div>\n<\/div>\n<\/div>\n<\/div>\n<\/div>\n<\/div>\n<\/div>\n<\/div>\n<\/div>\n<\/div>\n<div class=\"relative w-full px-2 py-2 text-center text-xs text-token-text-secondary empty:hidden md:px-[60px]\">\n<div class=\"min-h-4\">\n<div><\/div>\n<\/div>\n<\/div>\n<\/div>\n","protected":false},"excerpt":{"rendered":"<p>Dulce presencia es una mochila tejida a crochet, honra en legado Wayuu. Nace desde el disfrute de crear y la calma que habita en lo simple. Sus colores \u2014naranja y rosa combinados con tonos tierra\u2014 evocan alegr\u00eda suave, calidez y una sensaci\u00f3n de compa\u00f1\u00eda amorosa que se siente cercana al coraz\u00f3n. Es una pieza que [&hellip;]<\/p>\n","protected":false},"featured_media":131,"comment_status":"open","ping_status":"closed","template":"","meta":{"_acf_changed":false,"inline_featured_image":false},"product_brand":[],"product_cat":[53,36,29],"product_tag":[79,20,81,77,76,78,75,80,82],"class_list":{"0":"post-112","1":"product","2":"type-product","3":"status-publish","4":"has-post-thumbnail","6":"product_cat-catalogo-completo","7":"product_cat-coleccion-mochilas-colombia-tierra-querida","8":"product_cat-mochila-tipo-wayuu-tamano-medio","9":"product_tag-artesania-consciente","10":"product_tag-artesania-en-crochet","11":"product_tag-bolso-artesanal-femenino","12":"product_tag-bolso-tejido-a-mano","13":"product_tag-mochila-artesanal","14":"product_tag-mochila-estilo-wayuu","15":"product_tag-mochila-tejida-a-crochet","16":"product_tag-mochila-tonos-tierra","17":"product_tag-sigilo-creaciones","19":"first","20":"instock","21":"featured","22":"shipping-taxable","23":"purchasable","24":"product-type-simple"},"acf":[],"yoast_head":"<!-- This site is optimized with the Yoast SEO plugin v27.5 - https:\/\/yoast.com\/product\/yoast-seo-wordpress\/ -->\n<title>Mochila Dulce Presencia - Tama\u00f1o Mediano - Creaciones Sigilo<\/title>\n<meta name=\"robots\" content=\"index, follow, max-snippet:-1, max-image-preview:large, max-video-preview:-1\" \/>\n<link rel=\"canonical\" href=\"https:\/\/capta.com.co\/sigilocrochet\/producto\/mochila-florecer-caribe-tamano-mediano\/\" \/>\n<meta property=\"og:locale\" content=\"es_ES\" \/>\n<meta property=\"og:type\" content=\"article\" \/>\n<meta property=\"og:title\" content=\"Mochila Dulce Presencia - Tama\u00f1o Mediano - Creaciones Sigilo\" \/>\n<meta property=\"og:description\" content=\"Dulce presencia es una mochila tejida a crochet, honra en legado Wayuu. Nace desde el disfrute de crear y la calma que habita en lo simple. Sus colores \u2014naranja y rosa combinados con tonos tierra\u2014 evocan alegr\u00eda suave, calidez y una sensaci\u00f3n de compa\u00f1\u00eda amorosa que se siente cercana al coraz\u00f3n. Es una pieza que [&hellip;]\" \/>\n<meta property=\"og:url\" content=\"https:\/\/capta.com.co\/sigilocrochet\/producto\/mochila-florecer-caribe-tamano-mediano\/\" \/>\n<meta property=\"og:site_name\" content=\"Creaciones Sigilo\" \/>\n<meta property=\"article:modified_time\" content=\"2026-02-02T23:21:07+00:00\" \/>\n<meta property=\"og:image\" content=\"https:\/\/capta.com.co\/sigilocrochet\/wp-content\/uploads\/sites\/28\/2025\/01\/colores.png\" \/>\n\t<meta property=\"og:image:width\" content=\"1500\" \/>\n\t<meta property=\"og:image:height\" content=\"1500\" \/>\n\t<meta property=\"og:image:type\" content=\"image\/png\" \/>\n<meta name=\"twitter:card\" content=\"summary_large_image\" \/>\n<meta name=\"twitter:label1\" content=\"Tiempo de lectura\" \/>\n\t<meta name=\"twitter:data1\" content=\"1 minuto\" \/>\n<script type=\"application\/ld+json\" class=\"yoast-schema-graph\">{\"@context\":\"https:\\\/\\\/schema.org\",\"@graph\":[{\"@type\":\"WebPage\",\"@id\":\"https:\\\/\\\/capta.com.co\\\/sigilocrochet\\\/producto\\\/mochila-florecer-caribe-tamano-mediano\\\/\",\"url\":\"https:\\\/\\\/capta.com.co\\\/sigilocrochet\\\/producto\\\/mochila-florecer-caribe-tamano-mediano\\\/\",\"name\":\"Mochila Dulce Presencia - Tama\u00f1o Mediano - Creaciones Sigilo\",\"isPartOf\":{\"@id\":\"https:\\\/\\\/capta.com.co\\\/sigilocrochet\\\/#website\"},\"primaryImageOfPage\":{\"@id\":\"https:\\\/\\\/capta.com.co\\\/sigilocrochet\\\/producto\\\/mochila-florecer-caribe-tamano-mediano\\\/#primaryimage\"},\"image\":{\"@id\":\"https:\\\/\\\/capta.com.co\\\/sigilocrochet\\\/producto\\\/mochila-florecer-caribe-tamano-mediano\\\/#primaryimage\"},\"thumbnailUrl\":\"https:\\\/\\\/capta.com.co\\\/sigilocrochet\\\/wp-content\\\/uploads\\\/sites\\\/28\\\/2025\\\/01\\\/colores.png\",\"datePublished\":\"2025-01-03T02:52:33+00:00\",\"dateModified\":\"2026-02-02T23:21:07+00:00\",\"breadcrumb\":{\"@id\":\"https:\\\/\\\/capta.com.co\\\/sigilocrochet\\\/producto\\\/mochila-florecer-caribe-tamano-mediano\\\/#breadcrumb\"},\"inLanguage\":\"es\",\"potentialAction\":[{\"@type\":\"ReadAction\",\"target\":[\"https:\\\/\\\/capta.com.co\\\/sigilocrochet\\\/producto\\\/mochila-florecer-caribe-tamano-mediano\\\/\"]}]},{\"@type\":\"ImageObject\",\"inLanguage\":\"es\",\"@id\":\"https:\\\/\\\/capta.com.co\\\/sigilocrochet\\\/producto\\\/mochila-florecer-caribe-tamano-mediano\\\/#primaryimage\",\"url\":\"https:\\\/\\\/capta.com.co\\\/sigilocrochet\\\/wp-content\\\/uploads\\\/sites\\\/28\\\/2025\\\/01\\\/colores.png\",\"contentUrl\":\"https:\\\/\\\/capta.com.co\\\/sigilocrochet\\\/wp-content\\\/uploads\\\/sites\\\/28\\\/2025\\\/01\\\/colores.png\",\"width\":1500,\"height\":1500,\"caption\":\"Dulce presencia\"},{\"@type\":\"BreadcrumbList\",\"@id\":\"https:\\\/\\\/capta.com.co\\\/sigilocrochet\\\/producto\\\/mochila-florecer-caribe-tamano-mediano\\\/#breadcrumb\",\"itemListElement\":[{\"@type\":\"ListItem\",\"position\":1,\"name\":\"Portada\",\"item\":\"https:\\\/\\\/capta.com.co\\\/sigilocrochet\\\/\"},{\"@type\":\"ListItem\",\"position\":2,\"name\":\"Tienda\",\"item\":\"https:\\\/\\\/capta.com.co\\\/sigilocrochet\\\/\"},{\"@type\":\"ListItem\",\"position\":3,\"name\":\"Mochila Dulce Presencia &#8211; Tama\u00f1o Mediano\"}]},{\"@type\":\"WebSite\",\"@id\":\"https:\\\/\\\/capta.com.co\\\/sigilocrochet\\\/#website\",\"url\":\"https:\\\/\\\/capta.com.co\\\/sigilocrochet\\\/\",\"name\":\"Creaciones Sigilo\",\"description\":\"Capta - Compras que inspiran\",\"potentialAction\":[{\"@type\":\"SearchAction\",\"target\":{\"@type\":\"EntryPoint\",\"urlTemplate\":\"https:\\\/\\\/capta.com.co\\\/sigilocrochet\\\/?s={search_term_string}\"},\"query-input\":{\"@type\":\"PropertyValueSpecification\",\"valueRequired\":true,\"valueName\":\"search_term_string\"}}],\"inLanguage\":\"es\"}]}<\/script>\n<!-- \/ Yoast SEO plugin. -->","yoast_head_json":{"title":"Mochila Dulce Presencia - Tama\u00f1o Mediano - Creaciones Sigilo","robots":{"index":"index","follow":"follow","max-snippet":"max-snippet:-1","max-image-preview":"max-image-preview:large","max-video-preview":"max-video-preview:-1"},"canonical":"https:\/\/capta.com.co\/sigilocrochet\/producto\/mochila-florecer-caribe-tamano-mediano\/","og_locale":"es_ES","og_type":"article","og_title":"Mochila Dulce Presencia - Tama\u00f1o Mediano - Creaciones Sigilo","og_description":"Dulce presencia es una mochila tejida a crochet, honra en legado Wayuu. Nace desde el disfrute de crear y la calma que habita en lo simple. Sus colores \u2014naranja y rosa combinados con tonos tierra\u2014 evocan alegr\u00eda suave, calidez y una sensaci\u00f3n de compa\u00f1\u00eda amorosa que se siente cercana al coraz\u00f3n. Es una pieza que [&hellip;]","og_url":"https:\/\/capta.com.co\/sigilocrochet\/producto\/mochila-florecer-caribe-tamano-mediano\/","og_site_name":"Creaciones Sigilo","article_modified_time":"2026-02-02T23:21:07+00:00","og_image":[{"width":1500,"height":1500,"url":"https:\/\/capta.com.co\/sigilocrochet\/wp-content\/uploads\/sites\/28\/2025\/01\/colores.png","type":"image\/png"}],"twitter_card":"summary_large_image","twitter_misc":{"Tiempo de lectura":"1 minuto"},"schema":{"@context":"https:\/\/schema.org","@graph":[{"@type":"WebPage","@id":"https:\/\/capta.com.co\/sigilocrochet\/producto\/mochila-florecer-caribe-tamano-mediano\/","url":"https:\/\/capta.com.co\/sigilocrochet\/producto\/mochila-florecer-caribe-tamano-mediano\/","name":"Mochila Dulce Presencia - Tama\u00f1o Mediano - Creaciones Sigilo","isPartOf":{"@id":"https:\/\/capta.com.co\/sigilocrochet\/#website"},"primaryImageOfPage":{"@id":"https:\/\/capta.com.co\/sigilocrochet\/producto\/mochila-florecer-caribe-tamano-mediano\/#primaryimage"},"image":{"@id":"https:\/\/capta.com.co\/sigilocrochet\/producto\/mochila-florecer-caribe-tamano-mediano\/#primaryimage"},"thumbnailUrl":"https:\/\/capta.com.co\/sigilocrochet\/wp-content\/uploads\/sites\/28\/2025\/01\/colores.png","datePublished":"2025-01-03T02:52:33+00:00","dateModified":"2026-02-02T23:21:07+00:00","breadcrumb":{"@id":"https:\/\/capta.com.co\/sigilocrochet\/producto\/mochila-florecer-caribe-tamano-mediano\/#breadcrumb"},"inLanguage":"es","potentialAction":[{"@type":"ReadAction","target":["https:\/\/capta.com.co\/sigilocrochet\/producto\/mochila-florecer-caribe-tamano-mediano\/"]}]},{"@type":"ImageObject","inLanguage":"es","@id":"https:\/\/capta.com.co\/sigilocrochet\/producto\/mochila-florecer-caribe-tamano-mediano\/#primaryimage","url":"https:\/\/capta.com.co\/sigilocrochet\/wp-content\/uploads\/sites\/28\/2025\/01\/colores.png","contentUrl":"https:\/\/capta.com.co\/sigilocrochet\/wp-content\/uploads\/sites\/28\/2025\/01\/colores.png","width":1500,"height":1500,"caption":"Dulce presencia"},{"@type":"BreadcrumbList","@id":"https:\/\/capta.com.co\/sigilocrochet\/producto\/mochila-florecer-caribe-tamano-mediano\/#breadcrumb","itemListElement":[{"@type":"ListItem","position":1,"name":"Portada","item":"https:\/\/capta.com.co\/sigilocrochet\/"},{"@type":"ListItem","position":2,"name":"Tienda","item":"https:\/\/capta.com.co\/sigilocrochet\/"},{"@type":"ListItem","position":3,"name":"Mochila Dulce Presencia &#8211; Tama\u00f1o Mediano"}]},{"@type":"WebSite","@id":"https:\/\/capta.com.co\/sigilocrochet\/#website","url":"https:\/\/capta.com.co\/sigilocrochet\/","name":"Creaciones Sigilo","description":"Capta - Compras que inspiran","potentialAction":[{"@type":"SearchAction","target":{"@type":"EntryPoint","urlTemplate":"https:\/\/capta.com.co\/sigilocrochet\/?s={search_term_string}"},"query-input":{"@type":"PropertyValueSpecification","valueRequired":true,"valueName":"search_term_string"}}],"inLanguage":"es"}]}},"_links":{"self":[{"href":"https:\/\/capta.com.co\/sigilocrochet\/wp-json\/wp\/v2\/product\/112","targetHints":{"allow":["GET"]}}],"collection":[{"href":"https:\/\/capta.com.co\/sigilocrochet\/wp-json\/wp\/v2\/product"}],"about":[{"href":"https:\/\/capta.com.co\/sigilocrochet\/wp-json\/wp\/v2\/types\/product"}],"replies":[{"embeddable":true,"href":"https:\/\/capta.com.co\/sigilocrochet\/wp-json\/wp\/v2\/comments?post=112"}],"wp:featuredmedia":[{"embeddable":true,"href":"https:\/\/capta.com.co\/sigilocrochet\/wp-json\/wp\/v2\/media\/131"}],"wp:attachment":[{"href":"https:\/\/capta.com.co\/sigilocrochet\/wp-json\/wp\/v2\/media?parent=112"}],"wp:term":[{"taxonomy":"product_brand","embeddable":true,"href":"https:\/\/capta.com.co\/sigilocrochet\/wp-json\/wp\/v2\/product_brand?post=112"},{"taxonomy":"product_cat","embeddable":true,"href":"https:\/\/capta.com.co\/sigilocrochet\/wp-json\/wp\/v2\/product_cat?post=112"},{"taxonomy":"product_tag","embeddable":true,"href":"https:\/\/capta.com.co\/sigilocrochet\/wp-json\/wp\/v2\/product_tag?post=112"}],"curies":[{"name":"wp","href":"https:\/\/api.w.org\/{rel}","templated":true}]}}