{"id":108,"date":"2025-01-02T20:44:10","date_gmt":"2025-01-03T01:44:10","guid":{"rendered":"https:\/\/capta.com.co\/sigilocrochet\/?post_type=product&#038;p=108"},"modified":"2026-02-02T20:32:49","modified_gmt":"2026-02-03T01:32:49","slug":"colgante-grinch-para-arbol-de-navidad","status":"publish","type":"product","link":"https:\/\/capta.com.co\/sigilocrochet\/producto\/colgante-grinch-para-arbol-de-navidad\/","title":{"rendered":"GRINCH Colgante para \u00e1rbol de navidad"},"content":{"rendered":"<p><em>\u00abAunque su coraz\u00f3n era peque\u00f1o, aprendi\u00f3 que el amor lo puede todo.\u00bb<\/em><\/p>\n<p>Este Grinch tejido a mano nos recuerda que la verdadera alegr\u00eda no est\u00e1 en lo material, sino en abrir nuestro coraz\u00f3n al amor y la bondad.<\/p>\n<p>\ud83c\udf84 <strong>Hecho con creatividad y dedicaci\u00f3n<\/strong><br \/>\n\u2728 <strong>Lleva contigo un s\u00edmbolo de transformaci\u00f3n y esp\u00edritu navide\u00f1o<\/strong><\/p>\n<p><strong>Cu\u00eddalo con cari\u00f1o:<\/strong><\/p>\n<ul>\n<li>Evita mojarlo o exponerlo a suciedad.<\/li>\n<li>Limpia suavemente si es necesario.<\/li>\n<\/ul>\n<p>\ud83d\udc9a <strong>Gracias por elegir algo hecho con amor.<\/strong> \ud83d\udc9a<\/p>\n","protected":false},"excerpt":{"rendered":"<p>\u00abAunque su coraz\u00f3n era peque\u00f1o, aprendi\u00f3 que el amor lo puede todo.\u00bb Este Grinch tejido a mano nos recuerda que la verdadera alegr\u00eda no est\u00e1 en lo material, sino en abrir nuestro coraz\u00f3n al amor y la bondad. \ud83c\udf84 Hecho con creatividad y dedicaci\u00f3n \u2728 Lleva contigo un s\u00edmbolo de transformaci\u00f3n y esp\u00edritu navide\u00f1o Cu\u00eddalo [&hellip;]<\/p>\n","protected":false},"featured_media":109,"comment_status":"open","ping_status":"closed","template":"","meta":{"_acf_changed":false,"inline_featured_image":false},"product_brand":[],"product_cat":[53,63,32],"product_tag":[41,65,64],"class_list":{"0":"post-108","1":"product","2":"type-product","3":"status-publish","4":"has-post-thumbnail","6":"product_cat-catalogo-completo","7":"product_cat-catalogo-navidad","8":"product_cat-amigurumis","9":"product_tag-amigurumis","10":"product_tag-grinch","11":"product_tag-hecho-a-mano","13":"first","14":"instock","15":"featured","16":"shipping-taxable","17":"purchasable","18":"product-type-simple"},"acf":[],"yoast_head":"<!-- This site is optimized with the Yoast SEO plugin v27.5 - https:\/\/yoast.com\/product\/yoast-seo-wordpress\/ -->\n<title>GRINCH Colgante para \u00e1rbol de navidad - Creaciones Sigilo<\/title>\n<meta name=\"robots\" content=\"index, follow, max-snippet:-1, max-image-preview:large, max-video-preview:-1\" \/>\n<link rel=\"canonical\" href=\"https:\/\/capta.com.co\/sigilocrochet\/producto\/colgante-grinch-para-arbol-de-navidad\/\" \/>\n<meta property=\"og:locale\" content=\"es_ES\" \/>\n<meta property=\"og:type\" content=\"article\" \/>\n<meta property=\"og:title\" content=\"GRINCH Colgante para \u00e1rbol de navidad - Creaciones Sigilo\" \/>\n<meta property=\"og:description\" content=\"\u00abAunque su coraz\u00f3n era peque\u00f1o, aprendi\u00f3 que el amor lo puede todo.\u00bb Este Grinch tejido a mano nos recuerda que la verdadera alegr\u00eda no est\u00e1 en lo material, sino en abrir nuestro coraz\u00f3n al amor y la bondad. \ud83c\udf84 Hecho con creatividad y dedicaci\u00f3n \u2728 Lleva contigo un s\u00edmbolo de transformaci\u00f3n y esp\u00edritu navide\u00f1o Cu\u00eddalo [&hellip;]\" \/>\n<meta property=\"og:url\" content=\"https:\/\/capta.com.co\/sigilocrochet\/producto\/colgante-grinch-para-arbol-de-navidad\/\" \/>\n<meta property=\"og:site_name\" content=\"Creaciones Sigilo\" \/>\n<meta property=\"article:modified_time\" content=\"2026-02-03T01:32:49+00:00\" \/>\n<meta property=\"og:image\" content=\"https:\/\/capta.com.co\/sigilocrochet\/wp-content\/uploads\/sites\/28\/2025\/01\/GRINCH.png\" \/>\n\t<meta property=\"og:image:width\" content=\"1472\" \/>\n\t<meta property=\"og:image:height\" content=\"832\" \/>\n\t<meta property=\"og:image:type\" content=\"image\/png\" \/>\n<meta name=\"twitter:card\" content=\"summary_large_image\" \/>\n<script type=\"application\/ld+json\" class=\"yoast-schema-graph\">{\"@context\":\"https:\\\/\\\/schema.org\",\"@graph\":[{\"@type\":\"WebPage\",\"@id\":\"https:\\\/\\\/capta.com.co\\\/sigilocrochet\\\/producto\\\/colgante-grinch-para-arbol-de-navidad\\\/\",\"url\":\"https:\\\/\\\/capta.com.co\\\/sigilocrochet\\\/producto\\\/colgante-grinch-para-arbol-de-navidad\\\/\",\"name\":\"GRINCH Colgante para \u00e1rbol de navidad - Creaciones Sigilo\",\"isPartOf\":{\"@id\":\"https:\\\/\\\/capta.com.co\\\/sigilocrochet\\\/#website\"},\"primaryImageOfPage\":{\"@id\":\"https:\\\/\\\/capta.com.co\\\/sigilocrochet\\\/producto\\\/colgante-grinch-para-arbol-de-navidad\\\/#primaryimage\"},\"image\":{\"@id\":\"https:\\\/\\\/capta.com.co\\\/sigilocrochet\\\/producto\\\/colgante-grinch-para-arbol-de-navidad\\\/#primaryimage\"},\"thumbnailUrl\":\"https:\\\/\\\/capta.com.co\\\/sigilocrochet\\\/wp-content\\\/uploads\\\/sites\\\/28\\\/2025\\\/01\\\/GRINCH.png\",\"datePublished\":\"2025-01-03T01:44:10+00:00\",\"dateModified\":\"2026-02-03T01:32:49+00:00\",\"breadcrumb\":{\"@id\":\"https:\\\/\\\/capta.com.co\\\/sigilocrochet\\\/producto\\\/colgante-grinch-para-arbol-de-navidad\\\/#breadcrumb\"},\"inLanguage\":\"es\",\"potentialAction\":[{\"@type\":\"ReadAction\",\"target\":[\"https:\\\/\\\/capta.com.co\\\/sigilocrochet\\\/producto\\\/colgante-grinch-para-arbol-de-navidad\\\/\"]}]},{\"@type\":\"ImageObject\",\"inLanguage\":\"es\",\"@id\":\"https:\\\/\\\/capta.com.co\\\/sigilocrochet\\\/producto\\\/colgante-grinch-para-arbol-de-navidad\\\/#primaryimage\",\"url\":\"https:\\\/\\\/capta.com.co\\\/sigilocrochet\\\/wp-content\\\/uploads\\\/sites\\\/28\\\/2025\\\/01\\\/GRINCH.png\",\"contentUrl\":\"https:\\\/\\\/capta.com.co\\\/sigilocrochet\\\/wp-content\\\/uploads\\\/sites\\\/28\\\/2025\\\/01\\\/GRINCH.png\",\"width\":1472,\"height\":832,\"caption\":\"grinch\"},{\"@type\":\"BreadcrumbList\",\"@id\":\"https:\\\/\\\/capta.com.co\\\/sigilocrochet\\\/producto\\\/colgante-grinch-para-arbol-de-navidad\\\/#breadcrumb\",\"itemListElement\":[{\"@type\":\"ListItem\",\"position\":1,\"name\":\"Portada\",\"item\":\"https:\\\/\\\/capta.com.co\\\/sigilocrochet\\\/\"},{\"@type\":\"ListItem\",\"position\":2,\"name\":\"Tienda\",\"item\":\"https:\\\/\\\/capta.com.co\\\/sigilocrochet\\\/\"},{\"@type\":\"ListItem\",\"position\":3,\"name\":\"GRINCH Colgante para \u00e1rbol de navidad\"}]},{\"@type\":\"WebSite\",\"@id\":\"https:\\\/\\\/capta.com.co\\\/sigilocrochet\\\/#website\",\"url\":\"https:\\\/\\\/capta.com.co\\\/sigilocrochet\\\/\",\"name\":\"Creaciones Sigilo\",\"description\":\"Capta - Compras que inspiran\",\"potentialAction\":[{\"@type\":\"SearchAction\",\"target\":{\"@type\":\"EntryPoint\",\"urlTemplate\":\"https:\\\/\\\/capta.com.co\\\/sigilocrochet\\\/?s={search_term_string}\"},\"query-input\":{\"@type\":\"PropertyValueSpecification\",\"valueRequired\":true,\"valueName\":\"search_term_string\"}}],\"inLanguage\":\"es\"}]}<\/script>\n<!-- \/ Yoast SEO plugin. -->","yoast_head_json":{"title":"GRINCH Colgante para \u00e1rbol de navidad - Creaciones Sigilo","robots":{"index":"index","follow":"follow","max-snippet":"max-snippet:-1","max-image-preview":"max-image-preview:large","max-video-preview":"max-video-preview:-1"},"canonical":"https:\/\/capta.com.co\/sigilocrochet\/producto\/colgante-grinch-para-arbol-de-navidad\/","og_locale":"es_ES","og_type":"article","og_title":"GRINCH Colgante para \u00e1rbol de navidad - Creaciones Sigilo","og_description":"\u00abAunque su coraz\u00f3n era peque\u00f1o, aprendi\u00f3 que el amor lo puede todo.\u00bb Este Grinch tejido a mano nos recuerda que la verdadera alegr\u00eda no est\u00e1 en lo material, sino en abrir nuestro coraz\u00f3n al amor y la bondad. \ud83c\udf84 Hecho con creatividad y dedicaci\u00f3n \u2728 Lleva contigo un s\u00edmbolo de transformaci\u00f3n y esp\u00edritu navide\u00f1o Cu\u00eddalo [&hellip;]","og_url":"https:\/\/capta.com.co\/sigilocrochet\/producto\/colgante-grinch-para-arbol-de-navidad\/","og_site_name":"Creaciones Sigilo","article_modified_time":"2026-02-03T01:32:49+00:00","og_image":[{"width":1472,"height":832,"url":"https:\/\/capta.com.co\/sigilocrochet\/wp-content\/uploads\/sites\/28\/2025\/01\/GRINCH.png","type":"image\/png"}],"twitter_card":"summary_large_image","schema":{"@context":"https:\/\/schema.org","@graph":[{"@type":"WebPage","@id":"https:\/\/capta.com.co\/sigilocrochet\/producto\/colgante-grinch-para-arbol-de-navidad\/","url":"https:\/\/capta.com.co\/sigilocrochet\/producto\/colgante-grinch-para-arbol-de-navidad\/","name":"GRINCH Colgante para \u00e1rbol de navidad - Creaciones Sigilo","isPartOf":{"@id":"https:\/\/capta.com.co\/sigilocrochet\/#website"},"primaryImageOfPage":{"@id":"https:\/\/capta.com.co\/sigilocrochet\/producto\/colgante-grinch-para-arbol-de-navidad\/#primaryimage"},"image":{"@id":"https:\/\/capta.com.co\/sigilocrochet\/producto\/colgante-grinch-para-arbol-de-navidad\/#primaryimage"},"thumbnailUrl":"https:\/\/capta.com.co\/sigilocrochet\/wp-content\/uploads\/sites\/28\/2025\/01\/GRINCH.png","datePublished":"2025-01-03T01:44:10+00:00","dateModified":"2026-02-03T01:32:49+00:00","breadcrumb":{"@id":"https:\/\/capta.com.co\/sigilocrochet\/producto\/colgante-grinch-para-arbol-de-navidad\/#breadcrumb"},"inLanguage":"es","potentialAction":[{"@type":"ReadAction","target":["https:\/\/capta.com.co\/sigilocrochet\/producto\/colgante-grinch-para-arbol-de-navidad\/"]}]},{"@type":"ImageObject","inLanguage":"es","@id":"https:\/\/capta.com.co\/sigilocrochet\/producto\/colgante-grinch-para-arbol-de-navidad\/#primaryimage","url":"https:\/\/capta.com.co\/sigilocrochet\/wp-content\/uploads\/sites\/28\/2025\/01\/GRINCH.png","contentUrl":"https:\/\/capta.com.co\/sigilocrochet\/wp-content\/uploads\/sites\/28\/2025\/01\/GRINCH.png","width":1472,"height":832,"caption":"grinch"},{"@type":"BreadcrumbList","@id":"https:\/\/capta.com.co\/sigilocrochet\/producto\/colgante-grinch-para-arbol-de-navidad\/#breadcrumb","itemListElement":[{"@type":"ListItem","position":1,"name":"Portada","item":"https:\/\/capta.com.co\/sigilocrochet\/"},{"@type":"ListItem","position":2,"name":"Tienda","item":"https:\/\/capta.com.co\/sigilocrochet\/"},{"@type":"ListItem","position":3,"name":"GRINCH Colgante para \u00e1rbol de navidad"}]},{"@type":"WebSite","@id":"https:\/\/capta.com.co\/sigilocrochet\/#website","url":"https:\/\/capta.com.co\/sigilocrochet\/","name":"Creaciones Sigilo","description":"Capta - Compras que inspiran","potentialAction":[{"@type":"SearchAction","target":{"@type":"EntryPoint","urlTemplate":"https:\/\/capta.com.co\/sigilocrochet\/?s={search_term_string}"},"query-input":{"@type":"PropertyValueSpecification","valueRequired":true,"valueName":"search_term_string"}}],"inLanguage":"es"}]}},"_links":{"self":[{"href":"https:\/\/capta.com.co\/sigilocrochet\/wp-json\/wp\/v2\/product\/108","targetHints":{"allow":["GET"]}}],"collection":[{"href":"https:\/\/capta.com.co\/sigilocrochet\/wp-json\/wp\/v2\/product"}],"about":[{"href":"https:\/\/capta.com.co\/sigilocrochet\/wp-json\/wp\/v2\/types\/product"}],"replies":[{"embeddable":true,"href":"https:\/\/capta.com.co\/sigilocrochet\/wp-json\/wp\/v2\/comments?post=108"}],"wp:featuredmedia":[{"embeddable":true,"href":"https:\/\/capta.com.co\/sigilocrochet\/wp-json\/wp\/v2\/media\/109"}],"wp:attachment":[{"href":"https:\/\/capta.com.co\/sigilocrochet\/wp-json\/wp\/v2\/media?parent=108"}],"wp:term":[{"taxonomy":"product_brand","embeddable":true,"href":"https:\/\/capta.com.co\/sigilocrochet\/wp-json\/wp\/v2\/product_brand?post=108"},{"taxonomy":"product_cat","embeddable":true,"href":"https:\/\/capta.com.co\/sigilocrochet\/wp-json\/wp\/v2\/product_cat?post=108"},{"taxonomy":"product_tag","embeddable":true,"href":"https:\/\/capta.com.co\/sigilocrochet\/wp-json\/wp\/v2\/product_tag?post=108"}],"curies":[{"name":"wp","href":"https:\/\/api.w.org\/{rel}","templated":true}]}}