{"id":102,"date":"2024-10-30T23:07:23","date_gmt":"2024-10-31T04:07:23","guid":{"rendered":"https:\/\/capta.com.co\/sigilocrochet\/?post_type=product&#038;p=102"},"modified":"2026-02-03T10:08:37","modified_gmt":"2026-02-03T15:08:37","slug":"amigurumi-lolita-la-llamita","status":"publish","type":"product","link":"https:\/\/capta.com.co\/sigilocrochet\/producto\/amigurumi-lolita-la-llamita\/","title":{"rendered":"Amigurumi Lolita la Llamita"},"content":{"rendered":"<p style=\"text-align: left\"><span class=\"OYPEnA font-feature-liga-off font-feature-clig-off font-feature-calt-off text-decoration-none text-strikethrough-none\">Lolita la llamita<\/span><span class=\"OYPEnA font-feature-liga-off font-feature-clig-off font-feature-calt-off text-decoration-none text-strikethrough-none\"> es un hermoso amigurumi que posee un significado espiritual de paciencia y fortaleza. <\/span><\/p>\n<p><span class=\"OYPEnA font-feature-liga-off font-feature-clig-off font-feature-calt-off text-decoration-none text-strikethrough-none\">Con su paso tranquilo, nos recuerda que cada jornada tiene su ritmo, y que la verdadera fuerza est\u00e1 en avanzar con serenidad. Como la llama, sigue tu camino con confianza y mant\u00e9n la calma en el coraz\u00f3n.<\/span><\/p>\n<p>Altura del amigurumi: 18 CMS. De alto<\/p>\n<p>Sabias que&#8230;?<\/p>\n<p class=\"cvGsUA direction-ltr align-justify para-style-body\"><span class=\"OYPEnA font-feature-liga-off font-feature-clig-off font-feature-calt-off text-decoration-none text-strikethrough-none\">\u201cAmigurumi\u201d proviene del japon\u00e9s, \u201cami\u201d significa tejer y \u201cgurumi\u201d significa peluche.\u00a0<\/span><span class=\"OYPEnA font-feature-liga-off font-feature-clig-off font-feature-calt-off text-decoration-none text-strikethrough-none\">Se convirtieron en s\u00edmbolos de amor, amistad y protecci\u00f3n. Se cre\u00eda que estos adorables mu\u00f1ecos ten\u00edan poderes m\u00e1gicos para otorgar felicidad y buena fortuna a quienes los pose\u00edan.<\/span><\/p>\n<p class=\"cvGsUA direction-ltr align-justify para-style-body\"><span class=\"OYPEnA font-feature-liga-off font-feature-clig-off font-feature-calt-off text-decoration-none text-strikethrough-none\">Uno de los aspectos m\u00e1s hermosos de los amigurumis es su capacidad para transmitir sentimientos y emociones.<\/span><\/p>\n<p class=\"cvGsUA direction-ltr align-justify para-style-body\"><span class=\"OYPEnA font-feature-liga-off font-feature-clig-off font-feature-calt-off text-decoration-none text-strikethrough-none\">Cu\u00e9ntale tus secretos que tu amigurumi sabr\u00e1 escucharte y guardarlos para ti.<\/span><\/p>\n","protected":false},"excerpt":{"rendered":"<p>Lolita la llamita es un hermoso amigurumi que posee un significado espiritual de paciencia y fortaleza. Con su paso tranquilo, nos recuerda que cada jornada tiene su ritmo, y que la verdadera fuerza est\u00e1 en avanzar con serenidad. Como la llama, sigue tu camino con confianza y mant\u00e9n la calma en el coraz\u00f3n. Altura del [&hellip;]<\/p>\n","protected":false},"featured_media":170,"comment_status":"open","ping_status":"closed","template":"","meta":{"_acf_changed":false,"inline_featured_image":false},"product_brand":[],"product_cat":[53,32,40],"product_tag":[59,62,35,18,60,42,61,22],"class_list":{"0":"post-102","1":"product","2":"type-product","3":"status-publish","4":"has-post-thumbnail","6":"product_cat-catalogo-completo","7":"product_cat-amigurumis","8":"product_cat-munecos-de-apego","9":"product_tag-amigurumi","10":"product_tag-animales-a-crochet","11":"product_tag-crochet","12":"product_tag-ganchillo","13":"product_tag-llamita-de-corchet","14":"product_tag-munecos-de-apego","15":"product_tag-regalo-amor-y-amistad","16":"product_tag-tejidos-a-crochet","18":"first","19":"instock","20":"featured","21":"shipping-taxable","22":"purchasable","23":"product-type-simple"},"acf":[],"yoast_head":"<!-- This site is optimized with the Yoast SEO plugin v27.5 - https:\/\/yoast.com\/product\/yoast-seo-wordpress\/ -->\n<title>Amigurumi Lolita la Llamita - Creaciones Sigilo<\/title>\n<meta name=\"robots\" content=\"index, follow, max-snippet:-1, max-image-preview:large, max-video-preview:-1\" \/>\n<link rel=\"canonical\" href=\"https:\/\/capta.com.co\/sigilocrochet\/producto\/amigurumi-lolita-la-llamita\/\" \/>\n<meta property=\"og:locale\" content=\"es_ES\" \/>\n<meta property=\"og:type\" content=\"article\" \/>\n<meta property=\"og:title\" content=\"Amigurumi Lolita la Llamita - Creaciones Sigilo\" \/>\n<meta property=\"og:description\" content=\"Lolita la llamita es un hermoso amigurumi que posee un significado espiritual de paciencia y fortaleza. Con su paso tranquilo, nos recuerda que cada jornada tiene su ritmo, y que la verdadera fuerza est\u00e1 en avanzar con serenidad. Como la llama, sigue tu camino con confianza y mant\u00e9n la calma en el coraz\u00f3n. Altura del [&hellip;]\" \/>\n<meta property=\"og:url\" content=\"https:\/\/capta.com.co\/sigilocrochet\/producto\/amigurumi-lolita-la-llamita\/\" \/>\n<meta property=\"og:site_name\" content=\"Creaciones Sigilo\" \/>\n<meta property=\"article:modified_time\" content=\"2026-02-03T15:08:37+00:00\" \/>\n<meta property=\"og:image\" content=\"https:\/\/capta.com.co\/sigilocrochet\/wp-content\/uploads\/sites\/28\/2024\/10\/Lolita-la-llamita.png\" \/>\n\t<meta property=\"og:image:width\" content=\"1500\" \/>\n\t<meta property=\"og:image:height\" content=\"1500\" \/>\n\t<meta property=\"og:image:type\" content=\"image\/png\" \/>\n<meta name=\"twitter:card\" content=\"summary_large_image\" \/>\n<meta name=\"twitter:label1\" content=\"Tiempo de lectura\" \/>\n\t<meta name=\"twitter:data1\" content=\"1 minuto\" \/>\n<script type=\"application\/ld+json\" class=\"yoast-schema-graph\">{\"@context\":\"https:\\\/\\\/schema.org\",\"@graph\":[{\"@type\":\"WebPage\",\"@id\":\"https:\\\/\\\/capta.com.co\\\/sigilocrochet\\\/producto\\\/amigurumi-lolita-la-llamita\\\/\",\"url\":\"https:\\\/\\\/capta.com.co\\\/sigilocrochet\\\/producto\\\/amigurumi-lolita-la-llamita\\\/\",\"name\":\"Amigurumi Lolita la Llamita - Creaciones Sigilo\",\"isPartOf\":{\"@id\":\"https:\\\/\\\/capta.com.co\\\/sigilocrochet\\\/#website\"},\"primaryImageOfPage\":{\"@id\":\"https:\\\/\\\/capta.com.co\\\/sigilocrochet\\\/producto\\\/amigurumi-lolita-la-llamita\\\/#primaryimage\"},\"image\":{\"@id\":\"https:\\\/\\\/capta.com.co\\\/sigilocrochet\\\/producto\\\/amigurumi-lolita-la-llamita\\\/#primaryimage\"},\"thumbnailUrl\":\"https:\\\/\\\/capta.com.co\\\/sigilocrochet\\\/wp-content\\\/uploads\\\/sites\\\/28\\\/2024\\\/10\\\/Lolita-la-llamita.png\",\"datePublished\":\"2024-10-31T04:07:23+00:00\",\"dateModified\":\"2026-02-03T15:08:37+00:00\",\"breadcrumb\":{\"@id\":\"https:\\\/\\\/capta.com.co\\\/sigilocrochet\\\/producto\\\/amigurumi-lolita-la-llamita\\\/#breadcrumb\"},\"inLanguage\":\"es\",\"potentialAction\":[{\"@type\":\"ReadAction\",\"target\":[\"https:\\\/\\\/capta.com.co\\\/sigilocrochet\\\/producto\\\/amigurumi-lolita-la-llamita\\\/\"]}]},{\"@type\":\"ImageObject\",\"inLanguage\":\"es\",\"@id\":\"https:\\\/\\\/capta.com.co\\\/sigilocrochet\\\/producto\\\/amigurumi-lolita-la-llamita\\\/#primaryimage\",\"url\":\"https:\\\/\\\/capta.com.co\\\/sigilocrochet\\\/wp-content\\\/uploads\\\/sites\\\/28\\\/2024\\\/10\\\/Lolita-la-llamita.png\",\"contentUrl\":\"https:\\\/\\\/capta.com.co\\\/sigilocrochet\\\/wp-content\\\/uploads\\\/sites\\\/28\\\/2024\\\/10\\\/Lolita-la-llamita.png\",\"width\":1500,\"height\":1500},{\"@type\":\"BreadcrumbList\",\"@id\":\"https:\\\/\\\/capta.com.co\\\/sigilocrochet\\\/producto\\\/amigurumi-lolita-la-llamita\\\/#breadcrumb\",\"itemListElement\":[{\"@type\":\"ListItem\",\"position\":1,\"name\":\"Portada\",\"item\":\"https:\\\/\\\/capta.com.co\\\/sigilocrochet\\\/\"},{\"@type\":\"ListItem\",\"position\":2,\"name\":\"Tienda\",\"item\":\"https:\\\/\\\/capta.com.co\\\/sigilocrochet\\\/\"},{\"@type\":\"ListItem\",\"position\":3,\"name\":\"Amigurumi Lolita la Llamita\"}]},{\"@type\":\"WebSite\",\"@id\":\"https:\\\/\\\/capta.com.co\\\/sigilocrochet\\\/#website\",\"url\":\"https:\\\/\\\/capta.com.co\\\/sigilocrochet\\\/\",\"name\":\"Creaciones Sigilo\",\"description\":\"Capta - Compras que inspiran\",\"potentialAction\":[{\"@type\":\"SearchAction\",\"target\":{\"@type\":\"EntryPoint\",\"urlTemplate\":\"https:\\\/\\\/capta.com.co\\\/sigilocrochet\\\/?s={search_term_string}\"},\"query-input\":{\"@type\":\"PropertyValueSpecification\",\"valueRequired\":true,\"valueName\":\"search_term_string\"}}],\"inLanguage\":\"es\"}]}<\/script>\n<!-- \/ Yoast SEO plugin. -->","yoast_head_json":{"title":"Amigurumi Lolita la Llamita - Creaciones Sigilo","robots":{"index":"index","follow":"follow","max-snippet":"max-snippet:-1","max-image-preview":"max-image-preview:large","max-video-preview":"max-video-preview:-1"},"canonical":"https:\/\/capta.com.co\/sigilocrochet\/producto\/amigurumi-lolita-la-llamita\/","og_locale":"es_ES","og_type":"article","og_title":"Amigurumi Lolita la Llamita - Creaciones Sigilo","og_description":"Lolita la llamita es un hermoso amigurumi que posee un significado espiritual de paciencia y fortaleza. Con su paso tranquilo, nos recuerda que cada jornada tiene su ritmo, y que la verdadera fuerza est\u00e1 en avanzar con serenidad. Como la llama, sigue tu camino con confianza y mant\u00e9n la calma en el coraz\u00f3n. Altura del [&hellip;]","og_url":"https:\/\/capta.com.co\/sigilocrochet\/producto\/amigurumi-lolita-la-llamita\/","og_site_name":"Creaciones Sigilo","article_modified_time":"2026-02-03T15:08:37+00:00","og_image":[{"width":1500,"height":1500,"url":"https:\/\/capta.com.co\/sigilocrochet\/wp-content\/uploads\/sites\/28\/2024\/10\/Lolita-la-llamita.png","type":"image\/png"}],"twitter_card":"summary_large_image","twitter_misc":{"Tiempo de lectura":"1 minuto"},"schema":{"@context":"https:\/\/schema.org","@graph":[{"@type":"WebPage","@id":"https:\/\/capta.com.co\/sigilocrochet\/producto\/amigurumi-lolita-la-llamita\/","url":"https:\/\/capta.com.co\/sigilocrochet\/producto\/amigurumi-lolita-la-llamita\/","name":"Amigurumi Lolita la Llamita - Creaciones Sigilo","isPartOf":{"@id":"https:\/\/capta.com.co\/sigilocrochet\/#website"},"primaryImageOfPage":{"@id":"https:\/\/capta.com.co\/sigilocrochet\/producto\/amigurumi-lolita-la-llamita\/#primaryimage"},"image":{"@id":"https:\/\/capta.com.co\/sigilocrochet\/producto\/amigurumi-lolita-la-llamita\/#primaryimage"},"thumbnailUrl":"https:\/\/capta.com.co\/sigilocrochet\/wp-content\/uploads\/sites\/28\/2024\/10\/Lolita-la-llamita.png","datePublished":"2024-10-31T04:07:23+00:00","dateModified":"2026-02-03T15:08:37+00:00","breadcrumb":{"@id":"https:\/\/capta.com.co\/sigilocrochet\/producto\/amigurumi-lolita-la-llamita\/#breadcrumb"},"inLanguage":"es","potentialAction":[{"@type":"ReadAction","target":["https:\/\/capta.com.co\/sigilocrochet\/producto\/amigurumi-lolita-la-llamita\/"]}]},{"@type":"ImageObject","inLanguage":"es","@id":"https:\/\/capta.com.co\/sigilocrochet\/producto\/amigurumi-lolita-la-llamita\/#primaryimage","url":"https:\/\/capta.com.co\/sigilocrochet\/wp-content\/uploads\/sites\/28\/2024\/10\/Lolita-la-llamita.png","contentUrl":"https:\/\/capta.com.co\/sigilocrochet\/wp-content\/uploads\/sites\/28\/2024\/10\/Lolita-la-llamita.png","width":1500,"height":1500},{"@type":"BreadcrumbList","@id":"https:\/\/capta.com.co\/sigilocrochet\/producto\/amigurumi-lolita-la-llamita\/#breadcrumb","itemListElement":[{"@type":"ListItem","position":1,"name":"Portada","item":"https:\/\/capta.com.co\/sigilocrochet\/"},{"@type":"ListItem","position":2,"name":"Tienda","item":"https:\/\/capta.com.co\/sigilocrochet\/"},{"@type":"ListItem","position":3,"name":"Amigurumi Lolita la Llamita"}]},{"@type":"WebSite","@id":"https:\/\/capta.com.co\/sigilocrochet\/#website","url":"https:\/\/capta.com.co\/sigilocrochet\/","name":"Creaciones Sigilo","description":"Capta - Compras que inspiran","potentialAction":[{"@type":"SearchAction","target":{"@type":"EntryPoint","urlTemplate":"https:\/\/capta.com.co\/sigilocrochet\/?s={search_term_string}"},"query-input":{"@type":"PropertyValueSpecification","valueRequired":true,"valueName":"search_term_string"}}],"inLanguage":"es"}]}},"_links":{"self":[{"href":"https:\/\/capta.com.co\/sigilocrochet\/wp-json\/wp\/v2\/product\/102","targetHints":{"allow":["GET"]}}],"collection":[{"href":"https:\/\/capta.com.co\/sigilocrochet\/wp-json\/wp\/v2\/product"}],"about":[{"href":"https:\/\/capta.com.co\/sigilocrochet\/wp-json\/wp\/v2\/types\/product"}],"replies":[{"embeddable":true,"href":"https:\/\/capta.com.co\/sigilocrochet\/wp-json\/wp\/v2\/comments?post=102"}],"wp:featuredmedia":[{"embeddable":true,"href":"https:\/\/capta.com.co\/sigilocrochet\/wp-json\/wp\/v2\/media\/170"}],"wp:attachment":[{"href":"https:\/\/capta.com.co\/sigilocrochet\/wp-json\/wp\/v2\/media?parent=102"}],"wp:term":[{"taxonomy":"product_brand","embeddable":true,"href":"https:\/\/capta.com.co\/sigilocrochet\/wp-json\/wp\/v2\/product_brand?post=102"},{"taxonomy":"product_cat","embeddable":true,"href":"https:\/\/capta.com.co\/sigilocrochet\/wp-json\/wp\/v2\/product_cat?post=102"},{"taxonomy":"product_tag","embeddable":true,"href":"https:\/\/capta.com.co\/sigilocrochet\/wp-json\/wp\/v2\/product_tag?post=102"}],"curies":[{"name":"wp","href":"https:\/\/api.w.org\/{rel}","templated":true}]}}