{"id":100,"date":"2024-10-30T22:35:50","date_gmt":"2024-10-31T03:35:50","guid":{"rendered":"https:\/\/capta.com.co\/sigilocrochet\/?post_type=product&#038;p=100"},"modified":"2026-02-03T10:12:25","modified_gmt":"2026-02-03T15:12:25","slug":"amigurumi-conejito-plin-plin","status":"publish","type":"product","link":"https:\/\/capta.com.co\/sigilocrochet\/producto\/amigurumi-conejito-plin-plin\/","title":{"rendered":"Amigurumi Conejito Plin Plin"},"content":{"rendered":"<p>Este hermoso conejito Plin Plin tejido a crochet est\u00e1 listo con su bufanda y su bolsito de zanahoria para acompa\u00f1arte en miles de aventuras.<\/p>\n<p>Tama\u00f1o del amigurumi: 22 CMS. De alto<\/p>\n<p>Tejido con lana 60% algod\u00f3n org\u00e1nico y 40% acr\u00edlico.<\/p>\n<p>Sabias que&#8230;?<\/p>\n<p class=\"cvGsUA direction-ltr align-justify para-style-body\"><span class=\"OYPEnA font-feature-liga-off font-feature-clig-off font-feature-calt-off text-decoration-none text-strikethrough-none\">\u201cAmigurumi\u201d proviene del japon\u00e9s, \u201cami\u201d significa tejer y \u201cgurumi\u201d significa peluche.\u00a0<\/span><span class=\"OYPEnA font-feature-liga-off font-feature-clig-off font-feature-calt-off text-decoration-none text-strikethrough-none\">Se convirtieron en s\u00edmbolos de amor, amistad y protecci\u00f3n. Se cre\u00eda que estos adorables mu\u00f1ecos ten\u00edan poderes m\u00e1gicos para otorgar felicidad y buena fortuna a quienes los pose\u00edan.<\/span><\/p>\n<p class=\"cvGsUA direction-ltr align-justify para-style-body\"><span class=\"OYPEnA font-feature-liga-off font-feature-clig-off font-feature-calt-off text-decoration-none text-strikethrough-none\">Uno de los aspectos m\u00e1s hermosos de los amigurumis es su capacidad para transmitir sentimientos y emociones.<\/span><\/p>\n<p class=\"cvGsUA direction-ltr align-justify para-style-body\"><span class=\"OYPEnA font-feature-liga-off font-feature-clig-off font-feature-calt-off text-decoration-none text-strikethrough-none\">Cu\u00e9ntale tus secretos que tu amigurumi sabr\u00e1 escucharte y guardarlos para ti.<\/span><\/p>\n","protected":false},"excerpt":{"rendered":"<p>Este hermoso conejito Plin Plin tejido a crochet est\u00e1 listo con su bufanda y su bolsito de zanahoria para acompa\u00f1arte en miles de aventuras. Tama\u00f1o del amigurumi: 22 CMS. De alto Tejido con lana 60% algod\u00f3n org\u00e1nico y 40% acr\u00edlico. Sabias que&#8230;? \u201cAmigurumi\u201d proviene del japon\u00e9s, \u201cami\u201d significa tejer y \u201cgurumi\u201d significa peluche.\u00a0Se convirtieron en [&hellip;]<\/p>\n","protected":false},"featured_media":171,"comment_status":"open","ping_status":"closed","template":"","meta":{"_acf_changed":false,"inline_featured_image":false},"product_brand":[],"product_cat":[53,32,40],"product_tag":[59,70,69,35,68,64],"class_list":{"0":"post-100","1":"product","2":"type-product","3":"status-publish","4":"has-post-thumbnail","6":"product_cat-catalogo-completo","7":"product_cat-amigurumis","8":"product_cat-munecos-de-apego","9":"product_tag-amigurumi","10":"product_tag-artesania","11":"product_tag-conejo-en-crochet","12":"product_tag-crochet","13":"product_tag-handmade","14":"product_tag-hecho-a-mano","16":"first","17":"instock","18":"featured","19":"shipping-taxable","20":"purchasable","21":"product-type-simple"},"acf":[],"yoast_head":"<!-- This site is optimized with the Yoast SEO plugin v27.5 - https:\/\/yoast.com\/product\/yoast-seo-wordpress\/ -->\n<title>Amigurumi Conejito Plin Plin - Creaciones Sigilo<\/title>\n<meta name=\"robots\" content=\"index, follow, max-snippet:-1, max-image-preview:large, max-video-preview:-1\" \/>\n<link rel=\"canonical\" href=\"https:\/\/capta.com.co\/sigilocrochet\/producto\/amigurumi-conejito-plin-plin\/\" \/>\n<meta property=\"og:locale\" content=\"es_ES\" \/>\n<meta property=\"og:type\" content=\"article\" \/>\n<meta property=\"og:title\" content=\"Amigurumi Conejito Plin Plin - Creaciones Sigilo\" \/>\n<meta property=\"og:description\" content=\"Este hermoso conejito Plin Plin tejido a crochet est\u00e1 listo con su bufanda y su bolsito de zanahoria para acompa\u00f1arte en miles de aventuras. Tama\u00f1o del amigurumi: 22 CMS. De alto Tejido con lana 60% algod\u00f3n org\u00e1nico y 40% acr\u00edlico. Sabias que&#8230;? \u201cAmigurumi\u201d proviene del japon\u00e9s, \u201cami\u201d significa tejer y \u201cgurumi\u201d significa peluche.\u00a0Se convirtieron en [&hellip;]\" \/>\n<meta property=\"og:url\" content=\"https:\/\/capta.com.co\/sigilocrochet\/producto\/amigurumi-conejito-plin-plin\/\" \/>\n<meta property=\"og:site_name\" content=\"Creaciones Sigilo\" \/>\n<meta property=\"article:modified_time\" content=\"2026-02-03T15:12:25+00:00\" \/>\n<meta property=\"og:image\" content=\"https:\/\/capta.com.co\/sigilocrochet\/wp-content\/uploads\/sites\/28\/2024\/10\/Conejito-Plin-Plin-2.png\" \/>\n\t<meta property=\"og:image:width\" content=\"1500\" \/>\n\t<meta property=\"og:image:height\" content=\"1500\" \/>\n\t<meta property=\"og:image:type\" content=\"image\/png\" \/>\n<meta name=\"twitter:card\" content=\"summary_large_image\" \/>\n<meta name=\"twitter:label1\" content=\"Tiempo de lectura\" \/>\n\t<meta name=\"twitter:data1\" content=\"1 minuto\" \/>\n<script type=\"application\/ld+json\" class=\"yoast-schema-graph\">{\"@context\":\"https:\\\/\\\/schema.org\",\"@graph\":[{\"@type\":\"WebPage\",\"@id\":\"https:\\\/\\\/capta.com.co\\\/sigilocrochet\\\/producto\\\/amigurumi-conejito-plin-plin\\\/\",\"url\":\"https:\\\/\\\/capta.com.co\\\/sigilocrochet\\\/producto\\\/amigurumi-conejito-plin-plin\\\/\",\"name\":\"Amigurumi Conejito Plin Plin - Creaciones Sigilo\",\"isPartOf\":{\"@id\":\"https:\\\/\\\/capta.com.co\\\/sigilocrochet\\\/#website\"},\"primaryImageOfPage\":{\"@id\":\"https:\\\/\\\/capta.com.co\\\/sigilocrochet\\\/producto\\\/amigurumi-conejito-plin-plin\\\/#primaryimage\"},\"image\":{\"@id\":\"https:\\\/\\\/capta.com.co\\\/sigilocrochet\\\/producto\\\/amigurumi-conejito-plin-plin\\\/#primaryimage\"},\"thumbnailUrl\":\"https:\\\/\\\/capta.com.co\\\/sigilocrochet\\\/wp-content\\\/uploads\\\/sites\\\/28\\\/2024\\\/10\\\/Conejito-Plin-Plin-2.png\",\"datePublished\":\"2024-10-31T03:35:50+00:00\",\"dateModified\":\"2026-02-03T15:12:25+00:00\",\"breadcrumb\":{\"@id\":\"https:\\\/\\\/capta.com.co\\\/sigilocrochet\\\/producto\\\/amigurumi-conejito-plin-plin\\\/#breadcrumb\"},\"inLanguage\":\"es\",\"potentialAction\":[{\"@type\":\"ReadAction\",\"target\":[\"https:\\\/\\\/capta.com.co\\\/sigilocrochet\\\/producto\\\/amigurumi-conejito-plin-plin\\\/\"]}]},{\"@type\":\"ImageObject\",\"inLanguage\":\"es\",\"@id\":\"https:\\\/\\\/capta.com.co\\\/sigilocrochet\\\/producto\\\/amigurumi-conejito-plin-plin\\\/#primaryimage\",\"url\":\"https:\\\/\\\/capta.com.co\\\/sigilocrochet\\\/wp-content\\\/uploads\\\/sites\\\/28\\\/2024\\\/10\\\/Conejito-Plin-Plin-2.png\",\"contentUrl\":\"https:\\\/\\\/capta.com.co\\\/sigilocrochet\\\/wp-content\\\/uploads\\\/sites\\\/28\\\/2024\\\/10\\\/Conejito-Plin-Plin-2.png\",\"width\":1500,\"height\":1500},{\"@type\":\"BreadcrumbList\",\"@id\":\"https:\\\/\\\/capta.com.co\\\/sigilocrochet\\\/producto\\\/amigurumi-conejito-plin-plin\\\/#breadcrumb\",\"itemListElement\":[{\"@type\":\"ListItem\",\"position\":1,\"name\":\"Portada\",\"item\":\"https:\\\/\\\/capta.com.co\\\/sigilocrochet\\\/\"},{\"@type\":\"ListItem\",\"position\":2,\"name\":\"Tienda\",\"item\":\"https:\\\/\\\/capta.com.co\\\/sigilocrochet\\\/\"},{\"@type\":\"ListItem\",\"position\":3,\"name\":\"Amigurumi Conejito Plin Plin\"}]},{\"@type\":\"WebSite\",\"@id\":\"https:\\\/\\\/capta.com.co\\\/sigilocrochet\\\/#website\",\"url\":\"https:\\\/\\\/capta.com.co\\\/sigilocrochet\\\/\",\"name\":\"Creaciones Sigilo\",\"description\":\"Capta - Compras que inspiran\",\"potentialAction\":[{\"@type\":\"SearchAction\",\"target\":{\"@type\":\"EntryPoint\",\"urlTemplate\":\"https:\\\/\\\/capta.com.co\\\/sigilocrochet\\\/?s={search_term_string}\"},\"query-input\":{\"@type\":\"PropertyValueSpecification\",\"valueRequired\":true,\"valueName\":\"search_term_string\"}}],\"inLanguage\":\"es\"}]}<\/script>\n<!-- \/ Yoast SEO plugin. -->","yoast_head_json":{"title":"Amigurumi Conejito Plin Plin - Creaciones Sigilo","robots":{"index":"index","follow":"follow","max-snippet":"max-snippet:-1","max-image-preview":"max-image-preview:large","max-video-preview":"max-video-preview:-1"},"canonical":"https:\/\/capta.com.co\/sigilocrochet\/producto\/amigurumi-conejito-plin-plin\/","og_locale":"es_ES","og_type":"article","og_title":"Amigurumi Conejito Plin Plin - Creaciones Sigilo","og_description":"Este hermoso conejito Plin Plin tejido a crochet est\u00e1 listo con su bufanda y su bolsito de zanahoria para acompa\u00f1arte en miles de aventuras. Tama\u00f1o del amigurumi: 22 CMS. De alto Tejido con lana 60% algod\u00f3n org\u00e1nico y 40% acr\u00edlico. Sabias que&#8230;? \u201cAmigurumi\u201d proviene del japon\u00e9s, \u201cami\u201d significa tejer y \u201cgurumi\u201d significa peluche.\u00a0Se convirtieron en [&hellip;]","og_url":"https:\/\/capta.com.co\/sigilocrochet\/producto\/amigurumi-conejito-plin-plin\/","og_site_name":"Creaciones Sigilo","article_modified_time":"2026-02-03T15:12:25+00:00","og_image":[{"width":1500,"height":1500,"url":"https:\/\/capta.com.co\/sigilocrochet\/wp-content\/uploads\/sites\/28\/2024\/10\/Conejito-Plin-Plin-2.png","type":"image\/png"}],"twitter_card":"summary_large_image","twitter_misc":{"Tiempo de lectura":"1 minuto"},"schema":{"@context":"https:\/\/schema.org","@graph":[{"@type":"WebPage","@id":"https:\/\/capta.com.co\/sigilocrochet\/producto\/amigurumi-conejito-plin-plin\/","url":"https:\/\/capta.com.co\/sigilocrochet\/producto\/amigurumi-conejito-plin-plin\/","name":"Amigurumi Conejito Plin Plin - Creaciones Sigilo","isPartOf":{"@id":"https:\/\/capta.com.co\/sigilocrochet\/#website"},"primaryImageOfPage":{"@id":"https:\/\/capta.com.co\/sigilocrochet\/producto\/amigurumi-conejito-plin-plin\/#primaryimage"},"image":{"@id":"https:\/\/capta.com.co\/sigilocrochet\/producto\/amigurumi-conejito-plin-plin\/#primaryimage"},"thumbnailUrl":"https:\/\/capta.com.co\/sigilocrochet\/wp-content\/uploads\/sites\/28\/2024\/10\/Conejito-Plin-Plin-2.png","datePublished":"2024-10-31T03:35:50+00:00","dateModified":"2026-02-03T15:12:25+00:00","breadcrumb":{"@id":"https:\/\/capta.com.co\/sigilocrochet\/producto\/amigurumi-conejito-plin-plin\/#breadcrumb"},"inLanguage":"es","potentialAction":[{"@type":"ReadAction","target":["https:\/\/capta.com.co\/sigilocrochet\/producto\/amigurumi-conejito-plin-plin\/"]}]},{"@type":"ImageObject","inLanguage":"es","@id":"https:\/\/capta.com.co\/sigilocrochet\/producto\/amigurumi-conejito-plin-plin\/#primaryimage","url":"https:\/\/capta.com.co\/sigilocrochet\/wp-content\/uploads\/sites\/28\/2024\/10\/Conejito-Plin-Plin-2.png","contentUrl":"https:\/\/capta.com.co\/sigilocrochet\/wp-content\/uploads\/sites\/28\/2024\/10\/Conejito-Plin-Plin-2.png","width":1500,"height":1500},{"@type":"BreadcrumbList","@id":"https:\/\/capta.com.co\/sigilocrochet\/producto\/amigurumi-conejito-plin-plin\/#breadcrumb","itemListElement":[{"@type":"ListItem","position":1,"name":"Portada","item":"https:\/\/capta.com.co\/sigilocrochet\/"},{"@type":"ListItem","position":2,"name":"Tienda","item":"https:\/\/capta.com.co\/sigilocrochet\/"},{"@type":"ListItem","position":3,"name":"Amigurumi Conejito Plin Plin"}]},{"@type":"WebSite","@id":"https:\/\/capta.com.co\/sigilocrochet\/#website","url":"https:\/\/capta.com.co\/sigilocrochet\/","name":"Creaciones Sigilo","description":"Capta - Compras que inspiran","potentialAction":[{"@type":"SearchAction","target":{"@type":"EntryPoint","urlTemplate":"https:\/\/capta.com.co\/sigilocrochet\/?s={search_term_string}"},"query-input":{"@type":"PropertyValueSpecification","valueRequired":true,"valueName":"search_term_string"}}],"inLanguage":"es"}]}},"_links":{"self":[{"href":"https:\/\/capta.com.co\/sigilocrochet\/wp-json\/wp\/v2\/product\/100","targetHints":{"allow":["GET"]}}],"collection":[{"href":"https:\/\/capta.com.co\/sigilocrochet\/wp-json\/wp\/v2\/product"}],"about":[{"href":"https:\/\/capta.com.co\/sigilocrochet\/wp-json\/wp\/v2\/types\/product"}],"replies":[{"embeddable":true,"href":"https:\/\/capta.com.co\/sigilocrochet\/wp-json\/wp\/v2\/comments?post=100"}],"wp:featuredmedia":[{"embeddable":true,"href":"https:\/\/capta.com.co\/sigilocrochet\/wp-json\/wp\/v2\/media\/171"}],"wp:attachment":[{"href":"https:\/\/capta.com.co\/sigilocrochet\/wp-json\/wp\/v2\/media?parent=100"}],"wp:term":[{"taxonomy":"product_brand","embeddable":true,"href":"https:\/\/capta.com.co\/sigilocrochet\/wp-json\/wp\/v2\/product_brand?post=100"},{"taxonomy":"product_cat","embeddable":true,"href":"https:\/\/capta.com.co\/sigilocrochet\/wp-json\/wp\/v2\/product_cat?post=100"},{"taxonomy":"product_tag","embeddable":true,"href":"https:\/\/capta.com.co\/sigilocrochet\/wp-json\/wp\/v2\/product_tag?post=100"}],"curies":[{"name":"wp","href":"https:\/\/api.w.org\/{rel}","templated":true}]}}