{"id":94,"date":"2025-07-13T17:25:53","date_gmt":"2025-07-13T22:25:53","guid":{"rendered":"https:\/\/capta.com.co\/rodaris\/?post_type=product&#038;p=94"},"modified":"2025-07-15T19:13:48","modified_gmt":"2025-07-16T00:13:48","slug":"mercedes-benz-gla200-2020","status":"publish","type":"product","link":"https:\/\/capta.com.co\/rodaris\/producto\/mercedes-benz-gla200-2020\/","title":{"rendered":"Mercedes Benz Gla200 2020"},"content":{"rendered":"<ul>\n<li>Kilometraje: 32.000<\/li>\n<li data-start=\"200\" data-end=\"460\">SUV compacta de lujo, elegante y deportiva<\/li>\n<li data-start=\"200\" data-end=\"460\">Motor 1.6 litros Turbo, gasolina \u2013 alto desempe\u00f1o y bajo consumo<\/li>\n<li data-start=\"200\" data-end=\"460\">Transmisi\u00f3n autom\u00e1tica de 7 velocidades con doble embrague (DCT)<\/li>\n<li data-start=\"200\" data-end=\"460\">SOAT hasta 19\/05\/2026<\/li>\n<\/ul>\n<h3 data-start=\"467\" data-end=\"502\"><strong data-start=\"471\" data-end=\"502\">Caracter\u00edsticas destacadas:<\/strong><\/h3>\n<ul>\n<li data-start=\"506\" data-end=\"550\">Pantalla multimedia con sistema COMAND<\/li>\n<li data-start=\"553\" data-end=\"569\">Navegaci\u00f3n GPS<\/li>\n<li data-start=\"572\" data-end=\"620\">Conectividad Bluetooth, USB y comandos por voz<\/li>\n<li data-start=\"623\" data-end=\"647\">Mandos en el tim\u00f3n<\/li>\n<li data-start=\"650\" data-end=\"691\">Tapicer\u00eda en cuero sint\u00e9tico ARTICO<\/li>\n<li data-start=\"694\" data-end=\"732\">Aire acondicionado bizona autom\u00e1tico<\/li>\n<li data-start=\"735\" data-end=\"776\">C\u00e1mara de reversa + sensores de parqueo<\/li>\n<li data-start=\"779\" data-end=\"798\">Rines de lujo 18&#8243;<\/li>\n<li data-start=\"801\" data-end=\"815\">Polarizaci\u00f3n<\/li>\n<li data-start=\"818\" data-end=\"846\">Luces LED High Performance<\/li>\n<li data-start=\"849\" data-end=\"873\">Sistema Start\/Stop<\/li>\n<li data-start=\"876\" data-end=\"914\">Modos de manejo: Eco, Sport, Comfort<\/li>\n<li data-start=\"917\" data-end=\"951\">Techo panor\u00e1mico (seg\u00fan versi\u00f3n)<\/li>\n<li data-start=\"954\" data-end=\"975\">Encendido por bot\u00f3n<\/li>\n<li data-start=\"978\" data-end=\"1012\">Espejos abatibles el\u00e9ctricamente<\/li>\n<li data-start=\"1015\" data-end=\"1062\">Control de tracci\u00f3n (ASR) y estabilidad (ESP)<\/li>\n<li data-start=\"1065\" data-end=\"1076\">7 airbags<\/li>\n<\/ul>\n","protected":false},"excerpt":{"rendered":"<p>Kilometraje: 32.000 SUV compacta de lujo, elegante y deportiva Motor 1.6 litros Turbo, gasolina \u2013 alto desempe\u00f1o y bajo consumo Transmisi\u00f3n autom\u00e1tica de 7 velocidades con doble embrague (DCT) SOAT hasta 19\/05\/2026 Caracter\u00edsticas destacadas: Pantalla multimedia con sistema COMAND Navegaci\u00f3n GPS Conectividad Bluetooth, USB y comandos por voz Mandos en el tim\u00f3n Tapicer\u00eda en cuero [&hellip;]<\/p>\n","protected":false},"featured_media":95,"comment_status":"open","ping_status":"closed","template":"","meta":{"_acf_changed":false,"inline_featured_image":false},"product_brand":[],"product_cat":[16],"product_tag":[24,21,22,30,28,20],"class_list":{"0":"post-94","1":"product","2":"type-product","3":"status-publish","4":"has-post-thumbnail","6":"product_cat-automoviles","7":"product_tag-carros-bogota","8":"product_tag-carros-usados","9":"product_tag-compra-y-venta-de-carros","10":"product_tag-mercedes-benz","11":"product_tag-usados-bogota","12":"product_tag-venta-de-carros","14":"first","15":"instock","16":"shipping-taxable","17":"product-type-external"},"acf":[],"yoast_head":"<!-- This site is optimized with the Yoast SEO plugin v27.5 - https:\/\/yoast.com\/product\/yoast-seo-wordpress\/ -->\n<title>Mercedes Benz Gla200 2020 - Rodaris Capital<\/title>\n<meta name=\"robots\" content=\"index, follow, max-snippet:-1, max-image-preview:large, max-video-preview:-1\" \/>\n<link rel=\"canonical\" href=\"https:\/\/capta.com.co\/rodaris\/producto\/mercedes-benz-gla200-2020\/\" \/>\n<meta property=\"og:locale\" content=\"es_ES\" \/>\n<meta property=\"og:type\" content=\"article\" \/>\n<meta property=\"og:title\" content=\"Mercedes Benz Gla200 2020 - Rodaris Capital\" \/>\n<meta property=\"og:description\" content=\"Kilometraje: 32.000 SUV compacta de lujo, elegante y deportiva Motor 1.6 litros Turbo, gasolina \u2013 alto desempe\u00f1o y bajo consumo Transmisi\u00f3n autom\u00e1tica de 7 velocidades con doble embrague (DCT) SOAT hasta 19\/05\/2026 Caracter\u00edsticas destacadas: Pantalla multimedia con sistema COMAND Navegaci\u00f3n GPS Conectividad Bluetooth, USB y comandos por voz Mandos en el tim\u00f3n Tapicer\u00eda en cuero [&hellip;]\" \/>\n<meta property=\"og:url\" content=\"https:\/\/capta.com.co\/rodaris\/producto\/mercedes-benz-gla200-2020\/\" \/>\n<meta property=\"og:site_name\" content=\"Rodaris Capital\" \/>\n<meta property=\"article:modified_time\" content=\"2025-07-16T00:13:48+00:00\" \/>\n<meta property=\"og:image\" content=\"https:\/\/capta.com.co\/rodaris\/wp-content\/uploads\/sites\/70\/2025\/07\/Diseno-sin-titulo-4.png\" \/>\n\t<meta property=\"og:image:width\" content=\"1600\" \/>\n\t<meta property=\"og:image:height\" content=\"1200\" \/>\n\t<meta property=\"og:image:type\" content=\"image\/png\" \/>\n<meta name=\"twitter:card\" content=\"summary_large_image\" \/>\n<meta name=\"twitter:label1\" content=\"Tiempo de lectura\" \/>\n\t<meta name=\"twitter:data1\" content=\"1 minuto\" \/>\n<script type=\"application\/ld+json\" class=\"yoast-schema-graph\">{\"@context\":\"https:\\\/\\\/schema.org\",\"@graph\":[{\"@type\":\"WebPage\",\"@id\":\"https:\\\/\\\/capta.com.co\\\/rodaris\\\/producto\\\/mercedes-benz-gla200-2020\\\/\",\"url\":\"https:\\\/\\\/capta.com.co\\\/rodaris\\\/producto\\\/mercedes-benz-gla200-2020\\\/\",\"name\":\"Mercedes Benz Gla200 2020 - Rodaris Capital\",\"isPartOf\":{\"@id\":\"https:\\\/\\\/capta.com.co\\\/rodaris\\\/#website\"},\"primaryImageOfPage\":{\"@id\":\"https:\\\/\\\/capta.com.co\\\/rodaris\\\/producto\\\/mercedes-benz-gla200-2020\\\/#primaryimage\"},\"image\":{\"@id\":\"https:\\\/\\\/capta.com.co\\\/rodaris\\\/producto\\\/mercedes-benz-gla200-2020\\\/#primaryimage\"},\"thumbnailUrl\":\"https:\\\/\\\/capta.com.co\\\/rodaris\\\/wp-content\\\/uploads\\\/sites\\\/70\\\/2025\\\/07\\\/Diseno-sin-titulo-4.png\",\"datePublished\":\"2025-07-13T22:25:53+00:00\",\"dateModified\":\"2025-07-16T00:13:48+00:00\",\"breadcrumb\":{\"@id\":\"https:\\\/\\\/capta.com.co\\\/rodaris\\\/producto\\\/mercedes-benz-gla200-2020\\\/#breadcrumb\"},\"inLanguage\":\"es\",\"potentialAction\":[{\"@type\":\"ReadAction\",\"target\":[\"https:\\\/\\\/capta.com.co\\\/rodaris\\\/producto\\\/mercedes-benz-gla200-2020\\\/\"]}]},{\"@type\":\"ImageObject\",\"inLanguage\":\"es\",\"@id\":\"https:\\\/\\\/capta.com.co\\\/rodaris\\\/producto\\\/mercedes-benz-gla200-2020\\\/#primaryimage\",\"url\":\"https:\\\/\\\/capta.com.co\\\/rodaris\\\/wp-content\\\/uploads\\\/sites\\\/70\\\/2025\\\/07\\\/Diseno-sin-titulo-4.png\",\"contentUrl\":\"https:\\\/\\\/capta.com.co\\\/rodaris\\\/wp-content\\\/uploads\\\/sites\\\/70\\\/2025\\\/07\\\/Diseno-sin-titulo-4.png\",\"width\":1600,\"height\":1200},{\"@type\":\"BreadcrumbList\",\"@id\":\"https:\\\/\\\/capta.com.co\\\/rodaris\\\/producto\\\/mercedes-benz-gla200-2020\\\/#breadcrumb\",\"itemListElement\":[{\"@type\":\"ListItem\",\"position\":1,\"name\":\"Portada\",\"item\":\"https:\\\/\\\/capta.com.co\\\/rodaris\\\/\"},{\"@type\":\"ListItem\",\"position\":2,\"name\":\"Tienda\",\"item\":\"https:\\\/\\\/capta.com.co\\\/rodaris\\\/\"},{\"@type\":\"ListItem\",\"position\":3,\"name\":\"Mercedes Benz Gla200 2020\"}]},{\"@type\":\"WebSite\",\"@id\":\"https:\\\/\\\/capta.com.co\\\/rodaris\\\/#website\",\"url\":\"https:\\\/\\\/capta.com.co\\\/rodaris\\\/\",\"name\":\"Rodaris Capital\",\"description\":\"Capta - Compras que inspiran\",\"potentialAction\":[{\"@type\":\"SearchAction\",\"target\":{\"@type\":\"EntryPoint\",\"urlTemplate\":\"https:\\\/\\\/capta.com.co\\\/rodaris\\\/?s={search_term_string}\"},\"query-input\":{\"@type\":\"PropertyValueSpecification\",\"valueRequired\":true,\"valueName\":\"search_term_string\"}}],\"inLanguage\":\"es\"}]}<\/script>\n<!-- \/ Yoast SEO plugin. -->","yoast_head_json":{"title":"Mercedes Benz Gla200 2020 - Rodaris Capital","robots":{"index":"index","follow":"follow","max-snippet":"max-snippet:-1","max-image-preview":"max-image-preview:large","max-video-preview":"max-video-preview:-1"},"canonical":"https:\/\/capta.com.co\/rodaris\/producto\/mercedes-benz-gla200-2020\/","og_locale":"es_ES","og_type":"article","og_title":"Mercedes Benz Gla200 2020 - Rodaris Capital","og_description":"Kilometraje: 32.000 SUV compacta de lujo, elegante y deportiva Motor 1.6 litros Turbo, gasolina \u2013 alto desempe\u00f1o y bajo consumo Transmisi\u00f3n autom\u00e1tica de 7 velocidades con doble embrague (DCT) SOAT hasta 19\/05\/2026 Caracter\u00edsticas destacadas: Pantalla multimedia con sistema COMAND Navegaci\u00f3n GPS Conectividad Bluetooth, USB y comandos por voz Mandos en el tim\u00f3n Tapicer\u00eda en cuero [&hellip;]","og_url":"https:\/\/capta.com.co\/rodaris\/producto\/mercedes-benz-gla200-2020\/","og_site_name":"Rodaris Capital","article_modified_time":"2025-07-16T00:13:48+00:00","og_image":[{"width":1600,"height":1200,"url":"https:\/\/capta.com.co\/rodaris\/wp-content\/uploads\/sites\/70\/2025\/07\/Diseno-sin-titulo-4.png","type":"image\/png"}],"twitter_card":"summary_large_image","twitter_misc":{"Tiempo de lectura":"1 minuto"},"schema":{"@context":"https:\/\/schema.org","@graph":[{"@type":"WebPage","@id":"https:\/\/capta.com.co\/rodaris\/producto\/mercedes-benz-gla200-2020\/","url":"https:\/\/capta.com.co\/rodaris\/producto\/mercedes-benz-gla200-2020\/","name":"Mercedes Benz Gla200 2020 - Rodaris Capital","isPartOf":{"@id":"https:\/\/capta.com.co\/rodaris\/#website"},"primaryImageOfPage":{"@id":"https:\/\/capta.com.co\/rodaris\/producto\/mercedes-benz-gla200-2020\/#primaryimage"},"image":{"@id":"https:\/\/capta.com.co\/rodaris\/producto\/mercedes-benz-gla200-2020\/#primaryimage"},"thumbnailUrl":"https:\/\/capta.com.co\/rodaris\/wp-content\/uploads\/sites\/70\/2025\/07\/Diseno-sin-titulo-4.png","datePublished":"2025-07-13T22:25:53+00:00","dateModified":"2025-07-16T00:13:48+00:00","breadcrumb":{"@id":"https:\/\/capta.com.co\/rodaris\/producto\/mercedes-benz-gla200-2020\/#breadcrumb"},"inLanguage":"es","potentialAction":[{"@type":"ReadAction","target":["https:\/\/capta.com.co\/rodaris\/producto\/mercedes-benz-gla200-2020\/"]}]},{"@type":"ImageObject","inLanguage":"es","@id":"https:\/\/capta.com.co\/rodaris\/producto\/mercedes-benz-gla200-2020\/#primaryimage","url":"https:\/\/capta.com.co\/rodaris\/wp-content\/uploads\/sites\/70\/2025\/07\/Diseno-sin-titulo-4.png","contentUrl":"https:\/\/capta.com.co\/rodaris\/wp-content\/uploads\/sites\/70\/2025\/07\/Diseno-sin-titulo-4.png","width":1600,"height":1200},{"@type":"BreadcrumbList","@id":"https:\/\/capta.com.co\/rodaris\/producto\/mercedes-benz-gla200-2020\/#breadcrumb","itemListElement":[{"@type":"ListItem","position":1,"name":"Portada","item":"https:\/\/capta.com.co\/rodaris\/"},{"@type":"ListItem","position":2,"name":"Tienda","item":"https:\/\/capta.com.co\/rodaris\/"},{"@type":"ListItem","position":3,"name":"Mercedes Benz Gla200 2020"}]},{"@type":"WebSite","@id":"https:\/\/capta.com.co\/rodaris\/#website","url":"https:\/\/capta.com.co\/rodaris\/","name":"Rodaris Capital","description":"Capta - Compras que inspiran","potentialAction":[{"@type":"SearchAction","target":{"@type":"EntryPoint","urlTemplate":"https:\/\/capta.com.co\/rodaris\/?s={search_term_string}"},"query-input":{"@type":"PropertyValueSpecification","valueRequired":true,"valueName":"search_term_string"}}],"inLanguage":"es"}]}},"_links":{"self":[{"href":"https:\/\/capta.com.co\/rodaris\/wp-json\/wp\/v2\/product\/94","targetHints":{"allow":["GET"]}}],"collection":[{"href":"https:\/\/capta.com.co\/rodaris\/wp-json\/wp\/v2\/product"}],"about":[{"href":"https:\/\/capta.com.co\/rodaris\/wp-json\/wp\/v2\/types\/product"}],"replies":[{"embeddable":true,"href":"https:\/\/capta.com.co\/rodaris\/wp-json\/wp\/v2\/comments?post=94"}],"wp:featuredmedia":[{"embeddable":true,"href":"https:\/\/capta.com.co\/rodaris\/wp-json\/wp\/v2\/media\/95"}],"wp:attachment":[{"href":"https:\/\/capta.com.co\/rodaris\/wp-json\/wp\/v2\/media?parent=94"}],"wp:term":[{"taxonomy":"product_brand","embeddable":true,"href":"https:\/\/capta.com.co\/rodaris\/wp-json\/wp\/v2\/product_brand?post=94"},{"taxonomy":"product_cat","embeddable":true,"href":"https:\/\/capta.com.co\/rodaris\/wp-json\/wp\/v2\/product_cat?post=94"},{"taxonomy":"product_tag","embeddable":true,"href":"https:\/\/capta.com.co\/rodaris\/wp-json\/wp\/v2\/product_tag?post=94"}],"curies":[{"name":"wp","href":"https:\/\/api.w.org\/{rel}","templated":true}]}}