{"id":93,"date":"2025-07-13T17:32:13","date_gmt":"2025-07-13T22:32:13","guid":{"rendered":"https:\/\/capta.com.co\/rodaris\/?post_type=product&#038;p=93"},"modified":"2026-01-21T10:35:18","modified_gmt":"2026-01-21T15:35:18","slug":"chevrolet-onix-premier-turbo-2023","status":"publish","type":"product","link":"https:\/\/capta.com.co\/rodaris\/producto\/chevrolet-onix-premier-turbo-2023\/","title":{"rendered":"Chevrolet Onix Premier Turbo 2023"},"content":{"rendered":"<p>9.900 km \u2014 \u00a1Pr\u00e1cticamente nuevo!<\/p>\n<ul>\n<li data-start=\"163\" data-end=\"373\">Motor 1.0 Turbo, potente y econ\u00f3mico<\/li>\n<li data-start=\"163\" data-end=\"373\">Transmisi\u00f3n autom\u00e1tica de 6 velocidades<\/li>\n<li data-start=\"163\" data-end=\"373\">Versi\u00f3n full equipo con acabados premium<\/li>\n<li data-start=\"163\" data-end=\"373\">SOAT hasta \u00a009\/10\/2025<\/li>\n<\/ul>\n<h3 data-start=\"380\" data-end=\"415\"><strong data-start=\"384\" data-end=\"415\">Caracter\u00edsticas destacadas:<\/strong><\/h3>\n<ul>\n<li data-start=\"419\" data-end=\"475\">Pantalla t\u00e1ctil de 8\u201d con Android Auto y Apple CarPlay<\/li>\n<li data-start=\"478\" data-end=\"519\">C\u00e1mara de reversa y sensores de parqueo<\/li>\n<li data-start=\"522\" data-end=\"533\">6 airbags<\/li>\n<li data-start=\"536\" data-end=\"567\">Aire acondicionado autom\u00e1tico<\/li>\n<li data-start=\"570\" data-end=\"592\">Tapicer\u00eda tipo cuero<\/li>\n<li data-start=\"595\" data-end=\"607\">Polarizado<\/li>\n<li data-start=\"610\" data-end=\"634\">Mandos en el tim\u00f3n<\/li>\n<li data-start=\"637\" data-end=\"658\">Control por voz<\/li>\n<li data-start=\"661\" data-end=\"676\">Rines de lujo<\/li>\n<li data-start=\"679\" data-end=\"710\">Encendido por bot\u00f3n (Keyless)<\/li>\n<li data-start=\"713\" data-end=\"760\">Control de estabilidad (ESP) y tracci\u00f3n (TCS)<\/li>\n<li data-start=\"763\" data-end=\"792\">Sistema de frenos ABS + EBD<\/li>\n<li data-start=\"795\" data-end=\"827\">Luces LED de conducci\u00f3n diurna<\/li>\n<li data-start=\"830\" data-end=\"850\">Vidrios el\u00e9ctricos<\/li>\n<li data-start=\"853\" data-end=\"869\">Cierre central<\/li>\n<\/ul>\n","protected":false},"excerpt":{"rendered":"<p>9.900 km \u2014 \u00a1Pr\u00e1cticamente nuevo! Motor 1.0 Turbo, potente y econ\u00f3mico Transmisi\u00f3n autom\u00e1tica de 6 velocidades Versi\u00f3n full equipo con acabados premium SOAT hasta \u00a009\/10\/2025 Caracter\u00edsticas destacadas: Pantalla t\u00e1ctil de 8\u201d con Android Auto y Apple CarPlay C\u00e1mara de reversa y sensores de parqueo 6 airbags Aire acondicionado autom\u00e1tico Tapicer\u00eda tipo cuero Polarizado Mandos en [&hellip;]<\/p>\n","protected":false},"featured_media":173,"comment_status":"open","ping_status":"closed","template":"","meta":{"_acf_changed":false,"inline_featured_image":false},"product_brand":[],"product_cat":[16],"product_tag":[24,21,18,23,32,22,31,28,20],"class_list":{"0":"post-93","1":"product","2":"type-product","3":"status-publish","4":"has-post-thumbnail","6":"product_cat-automoviles","7":"product_tag-carros-bogota","8":"product_tag-carros-usados","9":"product_tag-chevrolet","10":"product_tag-chevrolet-colombia","11":"product_tag-chevrolet-onix","12":"product_tag-compra-y-venta-de-carros","13":"product_tag-onix-turbo","14":"product_tag-usados-bogota","15":"product_tag-venta-de-carros","17":"first","18":"instock","19":"shipping-taxable","20":"product-type-external"},"acf":[],"yoast_head":"<!-- This site is optimized with the Yoast SEO plugin v27.5 - https:\/\/yoast.com\/product\/yoast-seo-wordpress\/ -->\n<title>Chevrolet Onix Premier Turbo 2023 - Rodaris Capital<\/title>\n<meta name=\"robots\" content=\"index, follow, max-snippet:-1, max-image-preview:large, max-video-preview:-1\" \/>\n<link rel=\"canonical\" href=\"https:\/\/capta.com.co\/rodaris\/producto\/chevrolet-onix-premier-turbo-2023\/\" \/>\n<meta property=\"og:locale\" content=\"es_ES\" \/>\n<meta property=\"og:type\" content=\"article\" \/>\n<meta property=\"og:title\" content=\"Chevrolet Onix Premier Turbo 2023 - Rodaris Capital\" \/>\n<meta property=\"og:description\" content=\"9.900 km \u2014 \u00a1Pr\u00e1cticamente nuevo! Motor 1.0 Turbo, potente y econ\u00f3mico Transmisi\u00f3n autom\u00e1tica de 6 velocidades Versi\u00f3n full equipo con acabados premium SOAT hasta \u00a009\/10\/2025 Caracter\u00edsticas destacadas: Pantalla t\u00e1ctil de 8\u201d con Android Auto y Apple CarPlay C\u00e1mara de reversa y sensores de parqueo 6 airbags Aire acondicionado autom\u00e1tico Tapicer\u00eda tipo cuero Polarizado Mandos en [&hellip;]\" \/>\n<meta property=\"og:url\" content=\"https:\/\/capta.com.co\/rodaris\/producto\/chevrolet-onix-premier-turbo-2023\/\" \/>\n<meta property=\"og:site_name\" content=\"Rodaris Capital\" \/>\n<meta property=\"article:modified_time\" content=\"2026-01-21T15:35:18+00:00\" \/>\n<meta property=\"og:image\" content=\"https:\/\/capta.com.co\/rodaris\/wp-content\/uploads\/sites\/70\/2025\/07\/Negro-y-Naranja-Foto-Superposicion-Recien-Vendido-Postal-Post-de-Instagram-45-1.png\" \/>\n\t<meta property=\"og:image:width\" content=\"1080\" \/>\n\t<meta property=\"og:image:height\" content=\"1350\" \/>\n\t<meta property=\"og:image:type\" content=\"image\/png\" \/>\n<meta name=\"twitter:card\" content=\"summary_large_image\" \/>\n<script type=\"application\/ld+json\" class=\"yoast-schema-graph\">{\"@context\":\"https:\\\/\\\/schema.org\",\"@graph\":[{\"@type\":\"WebPage\",\"@id\":\"https:\\\/\\\/capta.com.co\\\/rodaris\\\/producto\\\/chevrolet-onix-premier-turbo-2023\\\/\",\"url\":\"https:\\\/\\\/capta.com.co\\\/rodaris\\\/producto\\\/chevrolet-onix-premier-turbo-2023\\\/\",\"name\":\"Chevrolet Onix Premier Turbo 2023 - Rodaris Capital\",\"isPartOf\":{\"@id\":\"https:\\\/\\\/capta.com.co\\\/rodaris\\\/#website\"},\"primaryImageOfPage\":{\"@id\":\"https:\\\/\\\/capta.com.co\\\/rodaris\\\/producto\\\/chevrolet-onix-premier-turbo-2023\\\/#primaryimage\"},\"image\":{\"@id\":\"https:\\\/\\\/capta.com.co\\\/rodaris\\\/producto\\\/chevrolet-onix-premier-turbo-2023\\\/#primaryimage\"},\"thumbnailUrl\":\"https:\\\/\\\/capta.com.co\\\/rodaris\\\/wp-content\\\/uploads\\\/sites\\\/70\\\/2025\\\/07\\\/Negro-y-Naranja-Foto-Superposicion-Recien-Vendido-Postal-Post-de-Instagram-45-1.png\",\"datePublished\":\"2025-07-13T22:32:13+00:00\",\"dateModified\":\"2026-01-21T15:35:18+00:00\",\"breadcrumb\":{\"@id\":\"https:\\\/\\\/capta.com.co\\\/rodaris\\\/producto\\\/chevrolet-onix-premier-turbo-2023\\\/#breadcrumb\"},\"inLanguage\":\"es\",\"potentialAction\":[{\"@type\":\"ReadAction\",\"target\":[\"https:\\\/\\\/capta.com.co\\\/rodaris\\\/producto\\\/chevrolet-onix-premier-turbo-2023\\\/\"]}]},{\"@type\":\"ImageObject\",\"inLanguage\":\"es\",\"@id\":\"https:\\\/\\\/capta.com.co\\\/rodaris\\\/producto\\\/chevrolet-onix-premier-turbo-2023\\\/#primaryimage\",\"url\":\"https:\\\/\\\/capta.com.co\\\/rodaris\\\/wp-content\\\/uploads\\\/sites\\\/70\\\/2025\\\/07\\\/Negro-y-Naranja-Foto-Superposicion-Recien-Vendido-Postal-Post-de-Instagram-45-1.png\",\"contentUrl\":\"https:\\\/\\\/capta.com.co\\\/rodaris\\\/wp-content\\\/uploads\\\/sites\\\/70\\\/2025\\\/07\\\/Negro-y-Naranja-Foto-Superposicion-Recien-Vendido-Postal-Post-de-Instagram-45-1.png\",\"width\":1080,\"height\":1350},{\"@type\":\"BreadcrumbList\",\"@id\":\"https:\\\/\\\/capta.com.co\\\/rodaris\\\/producto\\\/chevrolet-onix-premier-turbo-2023\\\/#breadcrumb\",\"itemListElement\":[{\"@type\":\"ListItem\",\"position\":1,\"name\":\"Portada\",\"item\":\"https:\\\/\\\/capta.com.co\\\/rodaris\\\/\"},{\"@type\":\"ListItem\",\"position\":2,\"name\":\"Tienda\",\"item\":\"https:\\\/\\\/capta.com.co\\\/rodaris\\\/\"},{\"@type\":\"ListItem\",\"position\":3,\"name\":\"Chevrolet Onix Premier Turbo 2023\"}]},{\"@type\":\"WebSite\",\"@id\":\"https:\\\/\\\/capta.com.co\\\/rodaris\\\/#website\",\"url\":\"https:\\\/\\\/capta.com.co\\\/rodaris\\\/\",\"name\":\"Rodaris Capital\",\"description\":\"Capta - Compras que inspiran\",\"potentialAction\":[{\"@type\":\"SearchAction\",\"target\":{\"@type\":\"EntryPoint\",\"urlTemplate\":\"https:\\\/\\\/capta.com.co\\\/rodaris\\\/?s={search_term_string}\"},\"query-input\":{\"@type\":\"PropertyValueSpecification\",\"valueRequired\":true,\"valueName\":\"search_term_string\"}}],\"inLanguage\":\"es\"}]}<\/script>\n<!-- \/ Yoast SEO plugin. -->","yoast_head_json":{"title":"Chevrolet Onix Premier Turbo 2023 - Rodaris Capital","robots":{"index":"index","follow":"follow","max-snippet":"max-snippet:-1","max-image-preview":"max-image-preview:large","max-video-preview":"max-video-preview:-1"},"canonical":"https:\/\/capta.com.co\/rodaris\/producto\/chevrolet-onix-premier-turbo-2023\/","og_locale":"es_ES","og_type":"article","og_title":"Chevrolet Onix Premier Turbo 2023 - Rodaris Capital","og_description":"9.900 km \u2014 \u00a1Pr\u00e1cticamente nuevo! Motor 1.0 Turbo, potente y econ\u00f3mico Transmisi\u00f3n autom\u00e1tica de 6 velocidades Versi\u00f3n full equipo con acabados premium SOAT hasta \u00a009\/10\/2025 Caracter\u00edsticas destacadas: Pantalla t\u00e1ctil de 8\u201d con Android Auto y Apple CarPlay C\u00e1mara de reversa y sensores de parqueo 6 airbags Aire acondicionado autom\u00e1tico Tapicer\u00eda tipo cuero Polarizado Mandos en [&hellip;]","og_url":"https:\/\/capta.com.co\/rodaris\/producto\/chevrolet-onix-premier-turbo-2023\/","og_site_name":"Rodaris Capital","article_modified_time":"2026-01-21T15:35:18+00:00","og_image":[{"width":1080,"height":1350,"url":"https:\/\/capta.com.co\/rodaris\/wp-content\/uploads\/sites\/70\/2025\/07\/Negro-y-Naranja-Foto-Superposicion-Recien-Vendido-Postal-Post-de-Instagram-45-1.png","type":"image\/png"}],"twitter_card":"summary_large_image","schema":{"@context":"https:\/\/schema.org","@graph":[{"@type":"WebPage","@id":"https:\/\/capta.com.co\/rodaris\/producto\/chevrolet-onix-premier-turbo-2023\/","url":"https:\/\/capta.com.co\/rodaris\/producto\/chevrolet-onix-premier-turbo-2023\/","name":"Chevrolet Onix Premier Turbo 2023 - Rodaris Capital","isPartOf":{"@id":"https:\/\/capta.com.co\/rodaris\/#website"},"primaryImageOfPage":{"@id":"https:\/\/capta.com.co\/rodaris\/producto\/chevrolet-onix-premier-turbo-2023\/#primaryimage"},"image":{"@id":"https:\/\/capta.com.co\/rodaris\/producto\/chevrolet-onix-premier-turbo-2023\/#primaryimage"},"thumbnailUrl":"https:\/\/capta.com.co\/rodaris\/wp-content\/uploads\/sites\/70\/2025\/07\/Negro-y-Naranja-Foto-Superposicion-Recien-Vendido-Postal-Post-de-Instagram-45-1.png","datePublished":"2025-07-13T22:32:13+00:00","dateModified":"2026-01-21T15:35:18+00:00","breadcrumb":{"@id":"https:\/\/capta.com.co\/rodaris\/producto\/chevrolet-onix-premier-turbo-2023\/#breadcrumb"},"inLanguage":"es","potentialAction":[{"@type":"ReadAction","target":["https:\/\/capta.com.co\/rodaris\/producto\/chevrolet-onix-premier-turbo-2023\/"]}]},{"@type":"ImageObject","inLanguage":"es","@id":"https:\/\/capta.com.co\/rodaris\/producto\/chevrolet-onix-premier-turbo-2023\/#primaryimage","url":"https:\/\/capta.com.co\/rodaris\/wp-content\/uploads\/sites\/70\/2025\/07\/Negro-y-Naranja-Foto-Superposicion-Recien-Vendido-Postal-Post-de-Instagram-45-1.png","contentUrl":"https:\/\/capta.com.co\/rodaris\/wp-content\/uploads\/sites\/70\/2025\/07\/Negro-y-Naranja-Foto-Superposicion-Recien-Vendido-Postal-Post-de-Instagram-45-1.png","width":1080,"height":1350},{"@type":"BreadcrumbList","@id":"https:\/\/capta.com.co\/rodaris\/producto\/chevrolet-onix-premier-turbo-2023\/#breadcrumb","itemListElement":[{"@type":"ListItem","position":1,"name":"Portada","item":"https:\/\/capta.com.co\/rodaris\/"},{"@type":"ListItem","position":2,"name":"Tienda","item":"https:\/\/capta.com.co\/rodaris\/"},{"@type":"ListItem","position":3,"name":"Chevrolet Onix Premier Turbo 2023"}]},{"@type":"WebSite","@id":"https:\/\/capta.com.co\/rodaris\/#website","url":"https:\/\/capta.com.co\/rodaris\/","name":"Rodaris Capital","description":"Capta - Compras que inspiran","potentialAction":[{"@type":"SearchAction","target":{"@type":"EntryPoint","urlTemplate":"https:\/\/capta.com.co\/rodaris\/?s={search_term_string}"},"query-input":{"@type":"PropertyValueSpecification","valueRequired":true,"valueName":"search_term_string"}}],"inLanguage":"es"}]}},"_links":{"self":[{"href":"https:\/\/capta.com.co\/rodaris\/wp-json\/wp\/v2\/product\/93","targetHints":{"allow":["GET"]}}],"collection":[{"href":"https:\/\/capta.com.co\/rodaris\/wp-json\/wp\/v2\/product"}],"about":[{"href":"https:\/\/capta.com.co\/rodaris\/wp-json\/wp\/v2\/types\/product"}],"replies":[{"embeddable":true,"href":"https:\/\/capta.com.co\/rodaris\/wp-json\/wp\/v2\/comments?post=93"}],"wp:featuredmedia":[{"embeddable":true,"href":"https:\/\/capta.com.co\/rodaris\/wp-json\/wp\/v2\/media\/173"}],"wp:attachment":[{"href":"https:\/\/capta.com.co\/rodaris\/wp-json\/wp\/v2\/media?parent=93"}],"wp:term":[{"taxonomy":"product_brand","embeddable":true,"href":"https:\/\/capta.com.co\/rodaris\/wp-json\/wp\/v2\/product_brand?post=93"},{"taxonomy":"product_cat","embeddable":true,"href":"https:\/\/capta.com.co\/rodaris\/wp-json\/wp\/v2\/product_cat?post=93"},{"taxonomy":"product_tag","embeddable":true,"href":"https:\/\/capta.com.co\/rodaris\/wp-json\/wp\/v2\/product_tag?post=93"}],"curies":[{"name":"wp","href":"https:\/\/api.w.org\/{rel}","templated":true}]}}