{"id":28,"date":"2025-07-09T19:52:25","date_gmt":"2025-07-10T00:52:25","guid":{"rendered":"https:\/\/capta.com.co\/rodaris\/?post_type=product&#038;p=28"},"modified":"2025-08-06T19:52:11","modified_gmt":"2025-08-07T00:52:11","slug":"chevrolet-spark-gt-2015-copia","status":"publish","type":"product","link":"https:\/\/capta.com.co\/rodaris\/producto\/chevrolet-spark-gt-2015-copia\/","title":{"rendered":"Chevrolet Spark Gt 2015"},"content":{"rendered":"<ul>\n<li>Kilometraje: 57.400 km<\/li>\n<li>Motor: 1.2 litros, gasolina<\/li>\n<li>Transmisi\u00f3n: mec\u00e1nica<\/li>\n<li>SOAT vigente hasta el 17 de julio de 2025<\/li>\n<li>Revisi\u00f3n t\u00e9cnico-mec\u00e1nica v\u00e1lida hasta el 17 de mayo de 2026<\/li>\n<li>Placa: Terminada en 4 (Par)<\/li>\n<\/ul>\n<p><strong>Caracter\u00edsticas adicionales:<\/strong><\/p>\n<ul>\n<li>Airbag para conductor<\/li>\n<li>Radio con conexi\u00f3n USB y auxiliar<\/li>\n<li>Controles de radio en el volante<\/li>\n<li>Cojiner\u00eda en cuero<\/li>\n<li>Tapetes incluidos<\/li>\n<li>Kit de carretera completo<\/li>\n<li>Vidrios el\u00e9ctricos<\/li>\n<li>Direcci\u00f3n asistida<\/li>\n<li>Cierre central<\/li>\n<\/ul>\n","protected":false},"excerpt":{"rendered":"<p>Kilometraje: 57.400 km Motor: 1.2 litros, gasolina Transmisi\u00f3n: mec\u00e1nica SOAT vigente hasta el 17 de julio de 2025 Revisi\u00f3n t\u00e9cnico-mec\u00e1nica v\u00e1lida hasta el 17 de mayo de 2026 Placa: Terminada en 4 (Par) Caracter\u00edsticas adicionales: Airbag para conductor Radio con conexi\u00f3n USB y auxiliar Controles de radio en el volante Cojiner\u00eda en cuero Tapetes incluidos [&hellip;]<\/p>\n","protected":false},"featured_media":155,"comment_status":"open","ping_status":"closed","template":"","meta":{"_acf_changed":false,"inline_featured_image":false},"product_brand":[],"product_cat":[16],"product_tag":[24,21,18,23,22,19,20],"class_list":{"0":"post-28","1":"product","2":"type-product","3":"status-publish","4":"has-post-thumbnail","6":"product_cat-automoviles","7":"product_tag-carros-bogota","8":"product_tag-carros-usados","9":"product_tag-chevrolet","10":"product_tag-chevrolet-colombia","11":"product_tag-compra-y-venta-de-carros","12":"product_tag-sparkgt","13":"product_tag-venta-de-carros","15":"first","16":"instock","17":"shipping-taxable","18":"product-type-external"},"acf":[],"yoast_head":"<!-- This site is optimized with the Yoast SEO plugin v27.5 - https:\/\/yoast.com\/product\/yoast-seo-wordpress\/ -->\n<title>Chevrolet Spark Gt 2015 - Rodaris Capital<\/title>\n<meta name=\"robots\" content=\"index, follow, max-snippet:-1, max-image-preview:large, max-video-preview:-1\" \/>\n<link rel=\"canonical\" href=\"https:\/\/capta.com.co\/rodaris\/producto\/chevrolet-spark-gt-2015-copia\/\" \/>\n<meta property=\"og:locale\" content=\"es_ES\" \/>\n<meta property=\"og:type\" content=\"article\" \/>\n<meta property=\"og:title\" content=\"Chevrolet Spark Gt 2015 - Rodaris Capital\" \/>\n<meta property=\"og:description\" content=\"Kilometraje: 57.400 km Motor: 1.2 litros, gasolina Transmisi\u00f3n: mec\u00e1nica SOAT vigente hasta el 17 de julio de 2025 Revisi\u00f3n t\u00e9cnico-mec\u00e1nica v\u00e1lida hasta el 17 de mayo de 2026 Placa: Terminada en 4 (Par) Caracter\u00edsticas adicionales: Airbag para conductor Radio con conexi\u00f3n USB y auxiliar Controles de radio en el volante Cojiner\u00eda en cuero Tapetes incluidos [&hellip;]\" \/>\n<meta property=\"og:url\" content=\"https:\/\/capta.com.co\/rodaris\/producto\/chevrolet-spark-gt-2015-copia\/\" \/>\n<meta property=\"og:site_name\" content=\"Rodaris Capital\" \/>\n<meta property=\"article:modified_time\" content=\"2025-08-07T00:52:11+00:00\" \/>\n<meta property=\"og:image\" content=\"https:\/\/capta.com.co\/rodaris\/wp-content\/uploads\/sites\/70\/2025\/07\/Post-Instagram-Renta-de-Auto-Rojo-16.png\" \/>\n\t<meta property=\"og:image:width\" content=\"1080\" \/>\n\t<meta property=\"og:image:height\" content=\"1080\" \/>\n\t<meta property=\"og:image:type\" content=\"image\/png\" \/>\n<meta name=\"twitter:card\" content=\"summary_large_image\" \/>\n<script type=\"application\/ld+json\" class=\"yoast-schema-graph\">{\"@context\":\"https:\\\/\\\/schema.org\",\"@graph\":[{\"@type\":\"WebPage\",\"@id\":\"https:\\\/\\\/capta.com.co\\\/rodaris\\\/producto\\\/chevrolet-spark-gt-2015-copia\\\/\",\"url\":\"https:\\\/\\\/capta.com.co\\\/rodaris\\\/producto\\\/chevrolet-spark-gt-2015-copia\\\/\",\"name\":\"Chevrolet Spark Gt 2015 - Rodaris Capital\",\"isPartOf\":{\"@id\":\"https:\\\/\\\/capta.com.co\\\/rodaris\\\/#website\"},\"primaryImageOfPage\":{\"@id\":\"https:\\\/\\\/capta.com.co\\\/rodaris\\\/producto\\\/chevrolet-spark-gt-2015-copia\\\/#primaryimage\"},\"image\":{\"@id\":\"https:\\\/\\\/capta.com.co\\\/rodaris\\\/producto\\\/chevrolet-spark-gt-2015-copia\\\/#primaryimage\"},\"thumbnailUrl\":\"https:\\\/\\\/capta.com.co\\\/rodaris\\\/wp-content\\\/uploads\\\/sites\\\/70\\\/2025\\\/07\\\/Post-Instagram-Renta-de-Auto-Rojo-16.png\",\"datePublished\":\"2025-07-10T00:52:25+00:00\",\"dateModified\":\"2025-08-07T00:52:11+00:00\",\"breadcrumb\":{\"@id\":\"https:\\\/\\\/capta.com.co\\\/rodaris\\\/producto\\\/chevrolet-spark-gt-2015-copia\\\/#breadcrumb\"},\"inLanguage\":\"es\",\"potentialAction\":[{\"@type\":\"ReadAction\",\"target\":[\"https:\\\/\\\/capta.com.co\\\/rodaris\\\/producto\\\/chevrolet-spark-gt-2015-copia\\\/\"]}]},{\"@type\":\"ImageObject\",\"inLanguage\":\"es\",\"@id\":\"https:\\\/\\\/capta.com.co\\\/rodaris\\\/producto\\\/chevrolet-spark-gt-2015-copia\\\/#primaryimage\",\"url\":\"https:\\\/\\\/capta.com.co\\\/rodaris\\\/wp-content\\\/uploads\\\/sites\\\/70\\\/2025\\\/07\\\/Post-Instagram-Renta-de-Auto-Rojo-16.png\",\"contentUrl\":\"https:\\\/\\\/capta.com.co\\\/rodaris\\\/wp-content\\\/uploads\\\/sites\\\/70\\\/2025\\\/07\\\/Post-Instagram-Renta-de-Auto-Rojo-16.png\",\"width\":1080,\"height\":1080},{\"@type\":\"BreadcrumbList\",\"@id\":\"https:\\\/\\\/capta.com.co\\\/rodaris\\\/producto\\\/chevrolet-spark-gt-2015-copia\\\/#breadcrumb\",\"itemListElement\":[{\"@type\":\"ListItem\",\"position\":1,\"name\":\"Portada\",\"item\":\"https:\\\/\\\/capta.com.co\\\/rodaris\\\/\"},{\"@type\":\"ListItem\",\"position\":2,\"name\":\"Tienda\",\"item\":\"https:\\\/\\\/capta.com.co\\\/rodaris\\\/\"},{\"@type\":\"ListItem\",\"position\":3,\"name\":\"Chevrolet Spark Gt 2015\"}]},{\"@type\":\"WebSite\",\"@id\":\"https:\\\/\\\/capta.com.co\\\/rodaris\\\/#website\",\"url\":\"https:\\\/\\\/capta.com.co\\\/rodaris\\\/\",\"name\":\"Rodaris Capital\",\"description\":\"Capta - Compras que inspiran\",\"potentialAction\":[{\"@type\":\"SearchAction\",\"target\":{\"@type\":\"EntryPoint\",\"urlTemplate\":\"https:\\\/\\\/capta.com.co\\\/rodaris\\\/?s={search_term_string}\"},\"query-input\":{\"@type\":\"PropertyValueSpecification\",\"valueRequired\":true,\"valueName\":\"search_term_string\"}}],\"inLanguage\":\"es\"}]}<\/script>\n<!-- \/ Yoast SEO plugin. -->","yoast_head_json":{"title":"Chevrolet Spark Gt 2015 - Rodaris Capital","robots":{"index":"index","follow":"follow","max-snippet":"max-snippet:-1","max-image-preview":"max-image-preview:large","max-video-preview":"max-video-preview:-1"},"canonical":"https:\/\/capta.com.co\/rodaris\/producto\/chevrolet-spark-gt-2015-copia\/","og_locale":"es_ES","og_type":"article","og_title":"Chevrolet Spark Gt 2015 - Rodaris Capital","og_description":"Kilometraje: 57.400 km Motor: 1.2 litros, gasolina Transmisi\u00f3n: mec\u00e1nica SOAT vigente hasta el 17 de julio de 2025 Revisi\u00f3n t\u00e9cnico-mec\u00e1nica v\u00e1lida hasta el 17 de mayo de 2026 Placa: Terminada en 4 (Par) Caracter\u00edsticas adicionales: Airbag para conductor Radio con conexi\u00f3n USB y auxiliar Controles de radio en el volante Cojiner\u00eda en cuero Tapetes incluidos [&hellip;]","og_url":"https:\/\/capta.com.co\/rodaris\/producto\/chevrolet-spark-gt-2015-copia\/","og_site_name":"Rodaris Capital","article_modified_time":"2025-08-07T00:52:11+00:00","og_image":[{"width":1080,"height":1080,"url":"https:\/\/capta.com.co\/rodaris\/wp-content\/uploads\/sites\/70\/2025\/07\/Post-Instagram-Renta-de-Auto-Rojo-16.png","type":"image\/png"}],"twitter_card":"summary_large_image","schema":{"@context":"https:\/\/schema.org","@graph":[{"@type":"WebPage","@id":"https:\/\/capta.com.co\/rodaris\/producto\/chevrolet-spark-gt-2015-copia\/","url":"https:\/\/capta.com.co\/rodaris\/producto\/chevrolet-spark-gt-2015-copia\/","name":"Chevrolet Spark Gt 2015 - Rodaris Capital","isPartOf":{"@id":"https:\/\/capta.com.co\/rodaris\/#website"},"primaryImageOfPage":{"@id":"https:\/\/capta.com.co\/rodaris\/producto\/chevrolet-spark-gt-2015-copia\/#primaryimage"},"image":{"@id":"https:\/\/capta.com.co\/rodaris\/producto\/chevrolet-spark-gt-2015-copia\/#primaryimage"},"thumbnailUrl":"https:\/\/capta.com.co\/rodaris\/wp-content\/uploads\/sites\/70\/2025\/07\/Post-Instagram-Renta-de-Auto-Rojo-16.png","datePublished":"2025-07-10T00:52:25+00:00","dateModified":"2025-08-07T00:52:11+00:00","breadcrumb":{"@id":"https:\/\/capta.com.co\/rodaris\/producto\/chevrolet-spark-gt-2015-copia\/#breadcrumb"},"inLanguage":"es","potentialAction":[{"@type":"ReadAction","target":["https:\/\/capta.com.co\/rodaris\/producto\/chevrolet-spark-gt-2015-copia\/"]}]},{"@type":"ImageObject","inLanguage":"es","@id":"https:\/\/capta.com.co\/rodaris\/producto\/chevrolet-spark-gt-2015-copia\/#primaryimage","url":"https:\/\/capta.com.co\/rodaris\/wp-content\/uploads\/sites\/70\/2025\/07\/Post-Instagram-Renta-de-Auto-Rojo-16.png","contentUrl":"https:\/\/capta.com.co\/rodaris\/wp-content\/uploads\/sites\/70\/2025\/07\/Post-Instagram-Renta-de-Auto-Rojo-16.png","width":1080,"height":1080},{"@type":"BreadcrumbList","@id":"https:\/\/capta.com.co\/rodaris\/producto\/chevrolet-spark-gt-2015-copia\/#breadcrumb","itemListElement":[{"@type":"ListItem","position":1,"name":"Portada","item":"https:\/\/capta.com.co\/rodaris\/"},{"@type":"ListItem","position":2,"name":"Tienda","item":"https:\/\/capta.com.co\/rodaris\/"},{"@type":"ListItem","position":3,"name":"Chevrolet Spark Gt 2015"}]},{"@type":"WebSite","@id":"https:\/\/capta.com.co\/rodaris\/#website","url":"https:\/\/capta.com.co\/rodaris\/","name":"Rodaris Capital","description":"Capta - Compras que inspiran","potentialAction":[{"@type":"SearchAction","target":{"@type":"EntryPoint","urlTemplate":"https:\/\/capta.com.co\/rodaris\/?s={search_term_string}"},"query-input":{"@type":"PropertyValueSpecification","valueRequired":true,"valueName":"search_term_string"}}],"inLanguage":"es"}]}},"_links":{"self":[{"href":"https:\/\/capta.com.co\/rodaris\/wp-json\/wp\/v2\/product\/28","targetHints":{"allow":["GET"]}}],"collection":[{"href":"https:\/\/capta.com.co\/rodaris\/wp-json\/wp\/v2\/product"}],"about":[{"href":"https:\/\/capta.com.co\/rodaris\/wp-json\/wp\/v2\/types\/product"}],"replies":[{"embeddable":true,"href":"https:\/\/capta.com.co\/rodaris\/wp-json\/wp\/v2\/comments?post=28"}],"wp:featuredmedia":[{"embeddable":true,"href":"https:\/\/capta.com.co\/rodaris\/wp-json\/wp\/v2\/media\/155"}],"wp:attachment":[{"href":"https:\/\/capta.com.co\/rodaris\/wp-json\/wp\/v2\/media?parent=28"}],"wp:term":[{"taxonomy":"product_brand","embeddable":true,"href":"https:\/\/capta.com.co\/rodaris\/wp-json\/wp\/v2\/product_brand?post=28"},{"taxonomy":"product_cat","embeddable":true,"href":"https:\/\/capta.com.co\/rodaris\/wp-json\/wp\/v2\/product_cat?post=28"},{"taxonomy":"product_tag","embeddable":true,"href":"https:\/\/capta.com.co\/rodaris\/wp-json\/wp\/v2\/product_tag?post=28"}],"curies":[{"name":"wp","href":"https:\/\/api.w.org\/{rel}","templated":true}]}}