{"id":152,"date":"2025-07-18T10:55:51","date_gmt":"2025-07-18T15:55:51","guid":{"rendered":"https:\/\/capta.com.co\/rodaris\/?post_type=product&#038;p=152"},"modified":"2025-07-23T20:35:34","modified_gmt":"2025-07-24T01:35:34","slug":"renault-logan-1-4-expression-2007","status":"publish","type":"product","link":"https:\/\/capta.com.co\/rodaris\/producto\/renault-logan-1-4-expression-2007\/","title":{"rendered":"Renault Logan 1.4 Expression 2007"},"content":{"rendered":"<ul>\n<li>Kilometraje: 65.200 km<\/li>\n<li>Motor: 1.4 litros, gasolina<\/li>\n<li>Transmisi\u00f3n: Mec\u00e1nica, 5 velocidades<\/li>\n<li>SOAT vigente hasta: Mayo de 2026<\/li>\n<li>Revisi\u00f3n t\u00e9cnico-mec\u00e1nica v\u00e1lida hasta: Julio de 2026<\/li>\n<li>Placa: Terminada en 3<\/li>\n<\/ul>\n<p>Caracter\u00edsticas adicionales:<\/p>\n<ul>\n<li>4 llantas nuevas (cambiadas en agosto de 2024)<\/li>\n<li>Aire acondicionado<\/li>\n<li>Vidrios el\u00e9ctricos delanteros<\/li>\n<li>Airbags (conductor y pasajero)<\/li>\n<li>Radio con conexi\u00f3n Bluetooth<\/li>\n<li>Direcci\u00f3n asistida<\/li>\n<li>Buen espacio interior y de ba\u00fal<\/li>\n<li>Bajo consumo de combustible<\/li>\n<li>Tapetes incluidos<\/li>\n<li>Kit de carretera completo<\/li>\n<li>Listo para traspaso<\/li>\n<\/ul>\n","protected":false},"excerpt":{"rendered":"<p>Kilometraje: 65.200 km Motor: 1.4 litros, gasolina Transmisi\u00f3n: Mec\u00e1nica, 5 velocidades SOAT vigente hasta: Mayo de 2026 Revisi\u00f3n t\u00e9cnico-mec\u00e1nica v\u00e1lida hasta: Julio de 2026 Placa: Terminada en 3 Caracter\u00edsticas adicionales: 4 llantas nuevas (cambiadas en agosto de 2024) Aire acondicionado Vidrios el\u00e9ctricos delanteros Airbags (conductor y pasajero) Radio con conexi\u00f3n Bluetooth Direcci\u00f3n asistida Buen espacio [&hellip;]<\/p>\n","protected":false},"featured_media":153,"comment_status":"open","ping_status":"closed","template":"","meta":{"_acf_changed":false,"inline_featured_image":false},"product_brand":[],"product_cat":[16],"product_tag":[24,21,22,25,39,28,20],"class_list":{"0":"post-152","1":"product","2":"type-product","3":"status-publish","4":"has-post-thumbnail","6":"product_cat-automoviles","7":"product_tag-carros-bogota","8":"product_tag-carros-usados","9":"product_tag-compra-y-venta-de-carros","10":"product_tag-renault","11":"product_tag-renault-logan","12":"product_tag-usados-bogota","13":"product_tag-venta-de-carros","15":"first","16":"instock","17":"shipping-taxable","18":"product-type-external"},"acf":[],"yoast_head":"<!-- This site is optimized with the Yoast SEO plugin v27.5 - https:\/\/yoast.com\/product\/yoast-seo-wordpress\/ -->\n<title>Renault Logan 1.4 Expression 2007 - Rodaris Capital<\/title>\n<meta name=\"robots\" content=\"index, follow, max-snippet:-1, max-image-preview:large, max-video-preview:-1\" \/>\n<link rel=\"canonical\" href=\"https:\/\/capta.com.co\/rodaris\/producto\/renault-logan-1-4-expression-2007\/\" \/>\n<meta property=\"og:locale\" content=\"es_ES\" \/>\n<meta property=\"og:type\" content=\"article\" \/>\n<meta property=\"og:title\" content=\"Renault Logan 1.4 Expression 2007 - Rodaris Capital\" \/>\n<meta property=\"og:description\" content=\"Kilometraje: 65.200 km Motor: 1.4 litros, gasolina Transmisi\u00f3n: Mec\u00e1nica, 5 velocidades SOAT vigente hasta: Mayo de 2026 Revisi\u00f3n t\u00e9cnico-mec\u00e1nica v\u00e1lida hasta: Julio de 2026 Placa: Terminada en 3 Caracter\u00edsticas adicionales: 4 llantas nuevas (cambiadas en agosto de 2024) Aire acondicionado Vidrios el\u00e9ctricos delanteros Airbags (conductor y pasajero) Radio con conexi\u00f3n Bluetooth Direcci\u00f3n asistida Buen espacio [&hellip;]\" \/>\n<meta property=\"og:url\" content=\"https:\/\/capta.com.co\/rodaris\/producto\/renault-logan-1-4-expression-2007\/\" \/>\n<meta property=\"og:site_name\" content=\"Rodaris Capital\" \/>\n<meta property=\"article:modified_time\" content=\"2025-07-24T01:35:34+00:00\" \/>\n<meta property=\"og:image\" content=\"https:\/\/capta.com.co\/rodaris\/wp-content\/uploads\/sites\/70\/2025\/07\/Post-Instagram-Renta-de-Auto-Rojo-6-1.png\" \/>\n\t<meta property=\"og:image:width\" content=\"1080\" \/>\n\t<meta property=\"og:image:height\" content=\"1080\" \/>\n\t<meta property=\"og:image:type\" content=\"image\/png\" \/>\n<meta name=\"twitter:card\" content=\"summary_large_image\" \/>\n<script type=\"application\/ld+json\" class=\"yoast-schema-graph\">{\"@context\":\"https:\\\/\\\/schema.org\",\"@graph\":[{\"@type\":\"WebPage\",\"@id\":\"https:\\\/\\\/capta.com.co\\\/rodaris\\\/producto\\\/renault-logan-1-4-expression-2007\\\/\",\"url\":\"https:\\\/\\\/capta.com.co\\\/rodaris\\\/producto\\\/renault-logan-1-4-expression-2007\\\/\",\"name\":\"Renault Logan 1.4 Expression 2007 - Rodaris Capital\",\"isPartOf\":{\"@id\":\"https:\\\/\\\/capta.com.co\\\/rodaris\\\/#website\"},\"primaryImageOfPage\":{\"@id\":\"https:\\\/\\\/capta.com.co\\\/rodaris\\\/producto\\\/renault-logan-1-4-expression-2007\\\/#primaryimage\"},\"image\":{\"@id\":\"https:\\\/\\\/capta.com.co\\\/rodaris\\\/producto\\\/renault-logan-1-4-expression-2007\\\/#primaryimage\"},\"thumbnailUrl\":\"https:\\\/\\\/capta.com.co\\\/rodaris\\\/wp-content\\\/uploads\\\/sites\\\/70\\\/2025\\\/07\\\/Post-Instagram-Renta-de-Auto-Rojo-6-1.png\",\"datePublished\":\"2025-07-18T15:55:51+00:00\",\"dateModified\":\"2025-07-24T01:35:34+00:00\",\"breadcrumb\":{\"@id\":\"https:\\\/\\\/capta.com.co\\\/rodaris\\\/producto\\\/renault-logan-1-4-expression-2007\\\/#breadcrumb\"},\"inLanguage\":\"es\",\"potentialAction\":[{\"@type\":\"ReadAction\",\"target\":[\"https:\\\/\\\/capta.com.co\\\/rodaris\\\/producto\\\/renault-logan-1-4-expression-2007\\\/\"]}]},{\"@type\":\"ImageObject\",\"inLanguage\":\"es\",\"@id\":\"https:\\\/\\\/capta.com.co\\\/rodaris\\\/producto\\\/renault-logan-1-4-expression-2007\\\/#primaryimage\",\"url\":\"https:\\\/\\\/capta.com.co\\\/rodaris\\\/wp-content\\\/uploads\\\/sites\\\/70\\\/2025\\\/07\\\/Post-Instagram-Renta-de-Auto-Rojo-6-1.png\",\"contentUrl\":\"https:\\\/\\\/capta.com.co\\\/rodaris\\\/wp-content\\\/uploads\\\/sites\\\/70\\\/2025\\\/07\\\/Post-Instagram-Renta-de-Auto-Rojo-6-1.png\",\"width\":1080,\"height\":1080},{\"@type\":\"BreadcrumbList\",\"@id\":\"https:\\\/\\\/capta.com.co\\\/rodaris\\\/producto\\\/renault-logan-1-4-expression-2007\\\/#breadcrumb\",\"itemListElement\":[{\"@type\":\"ListItem\",\"position\":1,\"name\":\"Portada\",\"item\":\"https:\\\/\\\/capta.com.co\\\/rodaris\\\/\"},{\"@type\":\"ListItem\",\"position\":2,\"name\":\"Tienda\",\"item\":\"https:\\\/\\\/capta.com.co\\\/rodaris\\\/\"},{\"@type\":\"ListItem\",\"position\":3,\"name\":\"Renault Logan 1.4 Expression 2007\"}]},{\"@type\":\"WebSite\",\"@id\":\"https:\\\/\\\/capta.com.co\\\/rodaris\\\/#website\",\"url\":\"https:\\\/\\\/capta.com.co\\\/rodaris\\\/\",\"name\":\"Rodaris Capital\",\"description\":\"Capta - Compras que inspiran\",\"potentialAction\":[{\"@type\":\"SearchAction\",\"target\":{\"@type\":\"EntryPoint\",\"urlTemplate\":\"https:\\\/\\\/capta.com.co\\\/rodaris\\\/?s={search_term_string}\"},\"query-input\":{\"@type\":\"PropertyValueSpecification\",\"valueRequired\":true,\"valueName\":\"search_term_string\"}}],\"inLanguage\":\"es\"}]}<\/script>\n<!-- \/ Yoast SEO plugin. -->","yoast_head_json":{"title":"Renault Logan 1.4 Expression 2007 - Rodaris Capital","robots":{"index":"index","follow":"follow","max-snippet":"max-snippet:-1","max-image-preview":"max-image-preview:large","max-video-preview":"max-video-preview:-1"},"canonical":"https:\/\/capta.com.co\/rodaris\/producto\/renault-logan-1-4-expression-2007\/","og_locale":"es_ES","og_type":"article","og_title":"Renault Logan 1.4 Expression 2007 - Rodaris Capital","og_description":"Kilometraje: 65.200 km Motor: 1.4 litros, gasolina Transmisi\u00f3n: Mec\u00e1nica, 5 velocidades SOAT vigente hasta: Mayo de 2026 Revisi\u00f3n t\u00e9cnico-mec\u00e1nica v\u00e1lida hasta: Julio de 2026 Placa: Terminada en 3 Caracter\u00edsticas adicionales: 4 llantas nuevas (cambiadas en agosto de 2024) Aire acondicionado Vidrios el\u00e9ctricos delanteros Airbags (conductor y pasajero) Radio con conexi\u00f3n Bluetooth Direcci\u00f3n asistida Buen espacio [&hellip;]","og_url":"https:\/\/capta.com.co\/rodaris\/producto\/renault-logan-1-4-expression-2007\/","og_site_name":"Rodaris Capital","article_modified_time":"2025-07-24T01:35:34+00:00","og_image":[{"width":1080,"height":1080,"url":"https:\/\/capta.com.co\/rodaris\/wp-content\/uploads\/sites\/70\/2025\/07\/Post-Instagram-Renta-de-Auto-Rojo-6-1.png","type":"image\/png"}],"twitter_card":"summary_large_image","schema":{"@context":"https:\/\/schema.org","@graph":[{"@type":"WebPage","@id":"https:\/\/capta.com.co\/rodaris\/producto\/renault-logan-1-4-expression-2007\/","url":"https:\/\/capta.com.co\/rodaris\/producto\/renault-logan-1-4-expression-2007\/","name":"Renault Logan 1.4 Expression 2007 - Rodaris Capital","isPartOf":{"@id":"https:\/\/capta.com.co\/rodaris\/#website"},"primaryImageOfPage":{"@id":"https:\/\/capta.com.co\/rodaris\/producto\/renault-logan-1-4-expression-2007\/#primaryimage"},"image":{"@id":"https:\/\/capta.com.co\/rodaris\/producto\/renault-logan-1-4-expression-2007\/#primaryimage"},"thumbnailUrl":"https:\/\/capta.com.co\/rodaris\/wp-content\/uploads\/sites\/70\/2025\/07\/Post-Instagram-Renta-de-Auto-Rojo-6-1.png","datePublished":"2025-07-18T15:55:51+00:00","dateModified":"2025-07-24T01:35:34+00:00","breadcrumb":{"@id":"https:\/\/capta.com.co\/rodaris\/producto\/renault-logan-1-4-expression-2007\/#breadcrumb"},"inLanguage":"es","potentialAction":[{"@type":"ReadAction","target":["https:\/\/capta.com.co\/rodaris\/producto\/renault-logan-1-4-expression-2007\/"]}]},{"@type":"ImageObject","inLanguage":"es","@id":"https:\/\/capta.com.co\/rodaris\/producto\/renault-logan-1-4-expression-2007\/#primaryimage","url":"https:\/\/capta.com.co\/rodaris\/wp-content\/uploads\/sites\/70\/2025\/07\/Post-Instagram-Renta-de-Auto-Rojo-6-1.png","contentUrl":"https:\/\/capta.com.co\/rodaris\/wp-content\/uploads\/sites\/70\/2025\/07\/Post-Instagram-Renta-de-Auto-Rojo-6-1.png","width":1080,"height":1080},{"@type":"BreadcrumbList","@id":"https:\/\/capta.com.co\/rodaris\/producto\/renault-logan-1-4-expression-2007\/#breadcrumb","itemListElement":[{"@type":"ListItem","position":1,"name":"Portada","item":"https:\/\/capta.com.co\/rodaris\/"},{"@type":"ListItem","position":2,"name":"Tienda","item":"https:\/\/capta.com.co\/rodaris\/"},{"@type":"ListItem","position":3,"name":"Renault Logan 1.4 Expression 2007"}]},{"@type":"WebSite","@id":"https:\/\/capta.com.co\/rodaris\/#website","url":"https:\/\/capta.com.co\/rodaris\/","name":"Rodaris Capital","description":"Capta - Compras que inspiran","potentialAction":[{"@type":"SearchAction","target":{"@type":"EntryPoint","urlTemplate":"https:\/\/capta.com.co\/rodaris\/?s={search_term_string}"},"query-input":{"@type":"PropertyValueSpecification","valueRequired":true,"valueName":"search_term_string"}}],"inLanguage":"es"}]}},"_links":{"self":[{"href":"https:\/\/capta.com.co\/rodaris\/wp-json\/wp\/v2\/product\/152","targetHints":{"allow":["GET"]}}],"collection":[{"href":"https:\/\/capta.com.co\/rodaris\/wp-json\/wp\/v2\/product"}],"about":[{"href":"https:\/\/capta.com.co\/rodaris\/wp-json\/wp\/v2\/types\/product"}],"replies":[{"embeddable":true,"href":"https:\/\/capta.com.co\/rodaris\/wp-json\/wp\/v2\/comments?post=152"}],"wp:featuredmedia":[{"embeddable":true,"href":"https:\/\/capta.com.co\/rodaris\/wp-json\/wp\/v2\/media\/153"}],"wp:attachment":[{"href":"https:\/\/capta.com.co\/rodaris\/wp-json\/wp\/v2\/media?parent=152"}],"wp:term":[{"taxonomy":"product_brand","embeddable":true,"href":"https:\/\/capta.com.co\/rodaris\/wp-json\/wp\/v2\/product_brand?post=152"},{"taxonomy":"product_cat","embeddable":true,"href":"https:\/\/capta.com.co\/rodaris\/wp-json\/wp\/v2\/product_cat?post=152"},{"taxonomy":"product_tag","embeddable":true,"href":"https:\/\/capta.com.co\/rodaris\/wp-json\/wp\/v2\/product_tag?post=152"}],"curies":[{"name":"wp","href":"https:\/\/api.w.org\/{rel}","templated":true}]}}