{"id":130,"date":"2025-07-14T19:43:49","date_gmt":"2025-07-15T00:43:49","guid":{"rendered":"https:\/\/capta.com.co\/rodaris\/?post_type=product&#038;p=130"},"modified":"2025-07-15T19:12:35","modified_gmt":"2025-07-16T00:12:35","slug":"royal-enfield-himalayan-2020","status":"publish","type":"product","link":"https:\/\/capta.com.co\/rodaris\/producto\/royal-enfield-himalayan-2020\/","title":{"rendered":"Royal Enfield Himalayan 2020"},"content":{"rendered":"<ul>\n<li>\u00a0Kilometraje: 30.800<\/li>\n<li>Motor: 411 cc, 4 tiempos, refrigerado por aire y aceite<\/li>\n<li>Transmisi\u00f3n: Mec\u00e1nica, 5 velocidades<\/li>\n<li>SOAT vigente hasta: Octube<\/li>\n<li>Revisi\u00f3n t\u00e9cnico-mec\u00e1nica v\u00e1lida hasta: Octubre<\/li>\n<\/ul>\n<p>Caracter\u00edsticas adicionales:<\/p>\n<ul>\n<li>Suspensi\u00f3n de alto recorrido (ideal para trocha y ciudad)<\/li>\n<li>Frenos de disco adelante y atr\u00e1s con sistema ABS<\/li>\n<li>Tablero an\u00e1logo-digital multifunci\u00f3n<\/li>\n<li>Tanque de 15 litros aprox.<\/li>\n<li>Llantas mixtas todo terreno<\/li>\n<li>Farola redonda cl\u00e1sica<\/li>\n<li>Escape elevado estilo adventure<\/li>\n<li>Parrilla trasera portaequipaje<\/li>\n<li>Excelente postura de manejo para trayectos largos<\/li>\n<li>Moto en excelente estado, lista para viajar<\/li>\n<li>Listo para traspaso<\/li>\n<\/ul>\n","protected":false},"excerpt":{"rendered":"<p>\u00a0Kilometraje: 30.800 Motor: 411 cc, 4 tiempos, refrigerado por aire y aceite Transmisi\u00f3n: Mec\u00e1nica, 5 velocidades SOAT vigente hasta: Octube Revisi\u00f3n t\u00e9cnico-mec\u00e1nica v\u00e1lida hasta: Octubre Caracter\u00edsticas adicionales: Suspensi\u00f3n de alto recorrido (ideal para trocha y ciudad) Frenos de disco adelante y atr\u00e1s con sistema ABS Tablero an\u00e1logo-digital multifunci\u00f3n Tanque de 15 litros aprox. Llantas mixtas [&hellip;]<\/p>\n","protected":false},"featured_media":129,"comment_status":"open","ping_status":"closed","template":"","meta":{"_acf_changed":false,"inline_featured_image":false},"product_brand":[],"product_cat":[17],"product_tag":[36,38,33,35,37,34],"class_list":{"0":"post-130","1":"product","2":"type-product","3":"status-publish","4":"has-post-thumbnail","6":"product_cat-motocicleta","7":"product_tag-compra-y-venta-de-motos","8":"product_tag-himalayan","9":"product_tag-moto-en-venta","10":"product_tag-motos-usadas","11":"product_tag-royal-enfield","12":"product_tag-venta-de-motos","14":"first","15":"instock","16":"shipping-taxable","17":"product-type-external"},"acf":[],"yoast_head":"<!-- This site is optimized with the Yoast SEO plugin v27.5 - https:\/\/yoast.com\/product\/yoast-seo-wordpress\/ -->\n<title>Royal Enfield Himalayan 2020 - Rodaris Capital<\/title>\n<meta name=\"robots\" content=\"index, follow, max-snippet:-1, max-image-preview:large, max-video-preview:-1\" \/>\n<link rel=\"canonical\" href=\"https:\/\/capta.com.co\/rodaris\/producto\/royal-enfield-himalayan-2020\/\" \/>\n<meta property=\"og:locale\" content=\"es_ES\" \/>\n<meta property=\"og:type\" content=\"article\" \/>\n<meta property=\"og:title\" content=\"Royal Enfield Himalayan 2020 - Rodaris Capital\" \/>\n<meta property=\"og:description\" content=\"\u00a0Kilometraje: 30.800 Motor: 411 cc, 4 tiempos, refrigerado por aire y aceite Transmisi\u00f3n: Mec\u00e1nica, 5 velocidades SOAT vigente hasta: Octube Revisi\u00f3n t\u00e9cnico-mec\u00e1nica v\u00e1lida hasta: Octubre Caracter\u00edsticas adicionales: Suspensi\u00f3n de alto recorrido (ideal para trocha y ciudad) Frenos de disco adelante y atr\u00e1s con sistema ABS Tablero an\u00e1logo-digital multifunci\u00f3n Tanque de 15 litros aprox. Llantas mixtas [&hellip;]\" \/>\n<meta property=\"og:url\" content=\"https:\/\/capta.com.co\/rodaris\/producto\/royal-enfield-himalayan-2020\/\" \/>\n<meta property=\"og:site_name\" content=\"Rodaris Capital\" \/>\n<meta property=\"article:modified_time\" content=\"2025-07-16T00:12:35+00:00\" \/>\n<meta property=\"og:image\" content=\"https:\/\/capta.com.co\/rodaris\/wp-content\/uploads\/sites\/70\/2025\/07\/Post-Instagram-Renta-de-Auto-Rojo-12.png\" \/>\n\t<meta property=\"og:image:width\" content=\"1080\" \/>\n\t<meta property=\"og:image:height\" content=\"1080\" \/>\n\t<meta property=\"og:image:type\" content=\"image\/png\" \/>\n<meta name=\"twitter:card\" content=\"summary_large_image\" \/>\n<script type=\"application\/ld+json\" class=\"yoast-schema-graph\">{\"@context\":\"https:\\\/\\\/schema.org\",\"@graph\":[{\"@type\":\"WebPage\",\"@id\":\"https:\\\/\\\/capta.com.co\\\/rodaris\\\/producto\\\/royal-enfield-himalayan-2020\\\/\",\"url\":\"https:\\\/\\\/capta.com.co\\\/rodaris\\\/producto\\\/royal-enfield-himalayan-2020\\\/\",\"name\":\"Royal Enfield Himalayan 2020 - Rodaris Capital\",\"isPartOf\":{\"@id\":\"https:\\\/\\\/capta.com.co\\\/rodaris\\\/#website\"},\"primaryImageOfPage\":{\"@id\":\"https:\\\/\\\/capta.com.co\\\/rodaris\\\/producto\\\/royal-enfield-himalayan-2020\\\/#primaryimage\"},\"image\":{\"@id\":\"https:\\\/\\\/capta.com.co\\\/rodaris\\\/producto\\\/royal-enfield-himalayan-2020\\\/#primaryimage\"},\"thumbnailUrl\":\"https:\\\/\\\/capta.com.co\\\/rodaris\\\/wp-content\\\/uploads\\\/sites\\\/70\\\/2025\\\/07\\\/Post-Instagram-Renta-de-Auto-Rojo-12.png\",\"datePublished\":\"2025-07-15T00:43:49+00:00\",\"dateModified\":\"2025-07-16T00:12:35+00:00\",\"breadcrumb\":{\"@id\":\"https:\\\/\\\/capta.com.co\\\/rodaris\\\/producto\\\/royal-enfield-himalayan-2020\\\/#breadcrumb\"},\"inLanguage\":\"es\",\"potentialAction\":[{\"@type\":\"ReadAction\",\"target\":[\"https:\\\/\\\/capta.com.co\\\/rodaris\\\/producto\\\/royal-enfield-himalayan-2020\\\/\"]}]},{\"@type\":\"ImageObject\",\"inLanguage\":\"es\",\"@id\":\"https:\\\/\\\/capta.com.co\\\/rodaris\\\/producto\\\/royal-enfield-himalayan-2020\\\/#primaryimage\",\"url\":\"https:\\\/\\\/capta.com.co\\\/rodaris\\\/wp-content\\\/uploads\\\/sites\\\/70\\\/2025\\\/07\\\/Post-Instagram-Renta-de-Auto-Rojo-12.png\",\"contentUrl\":\"https:\\\/\\\/capta.com.co\\\/rodaris\\\/wp-content\\\/uploads\\\/sites\\\/70\\\/2025\\\/07\\\/Post-Instagram-Renta-de-Auto-Rojo-12.png\",\"width\":1080,\"height\":1080},{\"@type\":\"BreadcrumbList\",\"@id\":\"https:\\\/\\\/capta.com.co\\\/rodaris\\\/producto\\\/royal-enfield-himalayan-2020\\\/#breadcrumb\",\"itemListElement\":[{\"@type\":\"ListItem\",\"position\":1,\"name\":\"Portada\",\"item\":\"https:\\\/\\\/capta.com.co\\\/rodaris\\\/\"},{\"@type\":\"ListItem\",\"position\":2,\"name\":\"Tienda\",\"item\":\"https:\\\/\\\/capta.com.co\\\/rodaris\\\/\"},{\"@type\":\"ListItem\",\"position\":3,\"name\":\"Royal Enfield Himalayan 2020\"}]},{\"@type\":\"WebSite\",\"@id\":\"https:\\\/\\\/capta.com.co\\\/rodaris\\\/#website\",\"url\":\"https:\\\/\\\/capta.com.co\\\/rodaris\\\/\",\"name\":\"Rodaris Capital\",\"description\":\"Capta - Compras que inspiran\",\"potentialAction\":[{\"@type\":\"SearchAction\",\"target\":{\"@type\":\"EntryPoint\",\"urlTemplate\":\"https:\\\/\\\/capta.com.co\\\/rodaris\\\/?s={search_term_string}\"},\"query-input\":{\"@type\":\"PropertyValueSpecification\",\"valueRequired\":true,\"valueName\":\"search_term_string\"}}],\"inLanguage\":\"es\"}]}<\/script>\n<!-- \/ Yoast SEO plugin. -->","yoast_head_json":{"title":"Royal Enfield Himalayan 2020 - Rodaris Capital","robots":{"index":"index","follow":"follow","max-snippet":"max-snippet:-1","max-image-preview":"max-image-preview:large","max-video-preview":"max-video-preview:-1"},"canonical":"https:\/\/capta.com.co\/rodaris\/producto\/royal-enfield-himalayan-2020\/","og_locale":"es_ES","og_type":"article","og_title":"Royal Enfield Himalayan 2020 - Rodaris Capital","og_description":"\u00a0Kilometraje: 30.800 Motor: 411 cc, 4 tiempos, refrigerado por aire y aceite Transmisi\u00f3n: Mec\u00e1nica, 5 velocidades SOAT vigente hasta: Octube Revisi\u00f3n t\u00e9cnico-mec\u00e1nica v\u00e1lida hasta: Octubre Caracter\u00edsticas adicionales: Suspensi\u00f3n de alto recorrido (ideal para trocha y ciudad) Frenos de disco adelante y atr\u00e1s con sistema ABS Tablero an\u00e1logo-digital multifunci\u00f3n Tanque de 15 litros aprox. Llantas mixtas [&hellip;]","og_url":"https:\/\/capta.com.co\/rodaris\/producto\/royal-enfield-himalayan-2020\/","og_site_name":"Rodaris Capital","article_modified_time":"2025-07-16T00:12:35+00:00","og_image":[{"width":1080,"height":1080,"url":"https:\/\/capta.com.co\/rodaris\/wp-content\/uploads\/sites\/70\/2025\/07\/Post-Instagram-Renta-de-Auto-Rojo-12.png","type":"image\/png"}],"twitter_card":"summary_large_image","schema":{"@context":"https:\/\/schema.org","@graph":[{"@type":"WebPage","@id":"https:\/\/capta.com.co\/rodaris\/producto\/royal-enfield-himalayan-2020\/","url":"https:\/\/capta.com.co\/rodaris\/producto\/royal-enfield-himalayan-2020\/","name":"Royal Enfield Himalayan 2020 - Rodaris Capital","isPartOf":{"@id":"https:\/\/capta.com.co\/rodaris\/#website"},"primaryImageOfPage":{"@id":"https:\/\/capta.com.co\/rodaris\/producto\/royal-enfield-himalayan-2020\/#primaryimage"},"image":{"@id":"https:\/\/capta.com.co\/rodaris\/producto\/royal-enfield-himalayan-2020\/#primaryimage"},"thumbnailUrl":"https:\/\/capta.com.co\/rodaris\/wp-content\/uploads\/sites\/70\/2025\/07\/Post-Instagram-Renta-de-Auto-Rojo-12.png","datePublished":"2025-07-15T00:43:49+00:00","dateModified":"2025-07-16T00:12:35+00:00","breadcrumb":{"@id":"https:\/\/capta.com.co\/rodaris\/producto\/royal-enfield-himalayan-2020\/#breadcrumb"},"inLanguage":"es","potentialAction":[{"@type":"ReadAction","target":["https:\/\/capta.com.co\/rodaris\/producto\/royal-enfield-himalayan-2020\/"]}]},{"@type":"ImageObject","inLanguage":"es","@id":"https:\/\/capta.com.co\/rodaris\/producto\/royal-enfield-himalayan-2020\/#primaryimage","url":"https:\/\/capta.com.co\/rodaris\/wp-content\/uploads\/sites\/70\/2025\/07\/Post-Instagram-Renta-de-Auto-Rojo-12.png","contentUrl":"https:\/\/capta.com.co\/rodaris\/wp-content\/uploads\/sites\/70\/2025\/07\/Post-Instagram-Renta-de-Auto-Rojo-12.png","width":1080,"height":1080},{"@type":"BreadcrumbList","@id":"https:\/\/capta.com.co\/rodaris\/producto\/royal-enfield-himalayan-2020\/#breadcrumb","itemListElement":[{"@type":"ListItem","position":1,"name":"Portada","item":"https:\/\/capta.com.co\/rodaris\/"},{"@type":"ListItem","position":2,"name":"Tienda","item":"https:\/\/capta.com.co\/rodaris\/"},{"@type":"ListItem","position":3,"name":"Royal Enfield Himalayan 2020"}]},{"@type":"WebSite","@id":"https:\/\/capta.com.co\/rodaris\/#website","url":"https:\/\/capta.com.co\/rodaris\/","name":"Rodaris Capital","description":"Capta - Compras que inspiran","potentialAction":[{"@type":"SearchAction","target":{"@type":"EntryPoint","urlTemplate":"https:\/\/capta.com.co\/rodaris\/?s={search_term_string}"},"query-input":{"@type":"PropertyValueSpecification","valueRequired":true,"valueName":"search_term_string"}}],"inLanguage":"es"}]}},"_links":{"self":[{"href":"https:\/\/capta.com.co\/rodaris\/wp-json\/wp\/v2\/product\/130","targetHints":{"allow":["GET"]}}],"collection":[{"href":"https:\/\/capta.com.co\/rodaris\/wp-json\/wp\/v2\/product"}],"about":[{"href":"https:\/\/capta.com.co\/rodaris\/wp-json\/wp\/v2\/types\/product"}],"replies":[{"embeddable":true,"href":"https:\/\/capta.com.co\/rodaris\/wp-json\/wp\/v2\/comments?post=130"}],"wp:featuredmedia":[{"embeddable":true,"href":"https:\/\/capta.com.co\/rodaris\/wp-json\/wp\/v2\/media\/129"}],"wp:attachment":[{"href":"https:\/\/capta.com.co\/rodaris\/wp-json\/wp\/v2\/media?parent=130"}],"wp:term":[{"taxonomy":"product_brand","embeddable":true,"href":"https:\/\/capta.com.co\/rodaris\/wp-json\/wp\/v2\/product_brand?post=130"},{"taxonomy":"product_cat","embeddable":true,"href":"https:\/\/capta.com.co\/rodaris\/wp-json\/wp\/v2\/product_cat?post=130"},{"taxonomy":"product_tag","embeddable":true,"href":"https:\/\/capta.com.co\/rodaris\/wp-json\/wp\/v2\/product_tag?post=130"}],"curies":[{"name":"wp","href":"https:\/\/api.w.org\/{rel}","templated":true}]}}