{"id":93,"date":"2022-06-17T15:18:59","date_gmt":"2022-06-17T20:18:59","guid":{"rendered":"https:\/\/capta.com.co\/agustinangarita\/?post_type=product&#038;p=93"},"modified":"2024-11-18T17:44:03","modified_gmt":"2024-11-18T22:44:03","slug":"guaran-60-ml","status":"publish","type":"product","link":"https:\/\/capta.com.co\/agustinangarita\/producto\/guaran-60-ml\/","title":{"rendered":"GUARAN Frasco de 60 ml. Gotas."},"content":{"rendered":"<p><strong>GUARAN. Gotas. Oral. Frasco 60 ml<\/strong><\/p>\n<p><strong>GUARAN <\/strong>Contiene <em>Paullinia cupana H.B.K. <\/em>Guaran\u00e1.<\/p>\n<p><strong>GUARAN <\/strong>Contiene alcaloides como cafe\u00edna, teobromina y teofilina.<\/p>\n<p><strong>GUARAN <\/strong>Es un efectivo <strong>antineur\u00e1lgico, analg\u00e9sico, vasodilatador, antigripal<\/strong>.<\/p>\n<p><strong>GUARAN <\/strong>Es un estimulante f\u00edsico y del sistema nervioso central.<\/p>\n<p><strong>GUARAN<\/strong> es un poderoso antimigra\u00f1oso. <strong>GUARAN es <\/strong><strong>Vasodilatador<\/strong>.<\/p>\n<p><strong>GUARAN <\/strong>Tiene efectos afrodisiacos.<\/p>\n<p><strong>\u00a0<\/strong><\/p>\n","protected":false},"excerpt":{"rendered":"<p>GUARAN. Gotas. Oral. Frasco 60 ml GUARAN Contiene Paullinia cupana H.B.K. Guaran\u00e1. GUARAN Contiene alcaloides como cafe\u00edna, teobromina y teofilina. GUARAN Es un efectivo antineur\u00e1lgico, analg\u00e9sico, vasodilatador, antigripal. GUARAN Es un estimulante f\u00edsico y del sistema nervioso central. GUARAN es un poderoso antimigra\u00f1oso. GUARAN es Vasodilatador. GUARAN Tiene efectos afrodisiacos. \u00a0<\/p>\n","protected":false},"featured_media":94,"comment_status":"open","ping_status":"closed","template":"","meta":{"_acf_changed":false,"inline_featured_image":false},"product_brand":[],"product_cat":[17],"product_tag":[204,92,90,89,91],"class_list":{"0":"post-93","1":"product","2":"type-product","3":"status-publish","4":"has-post-thumbnail","6":"product_cat-medicamentos-naturales","7":"product_tag-antigripal","8":"product_tag-estimulante-del-sistema-nervioso","9":"product_tag-migranas","10":"product_tag-neuralgias","11":"product_tag-vasodilatador","13":"first","14":"instock","15":"shipping-taxable","16":"purchasable","17":"product-type-simple"},"acf":[],"yoast_head":"<!-- This site is optimized with the Yoast SEO plugin v27.3 - https:\/\/yoast.com\/product\/yoast-seo-wordpress\/ -->\n<title>GUARAN Frasco de 60 ml. Gotas. - Agust\u00edn Angarita<\/title>\n<meta name=\"robots\" content=\"index, follow, max-snippet:-1, max-image-preview:large, max-video-preview:-1\" \/>\n<link rel=\"canonical\" href=\"https:\/\/capta.com.co\/agustinangarita\/producto\/guaran-60-ml\/\" \/>\n<meta property=\"og:locale\" content=\"es_ES\" \/>\n<meta property=\"og:type\" content=\"article\" \/>\n<meta property=\"og:title\" content=\"GUARAN Frasco de 60 ml. Gotas. - Agust\u00edn Angarita\" \/>\n<meta property=\"og:description\" content=\"GUARAN. Gotas. Oral. Frasco 60 ml GUARAN Contiene Paullinia cupana H.B.K. Guaran\u00e1. GUARAN Contiene alcaloides como cafe\u00edna, teobromina y teofilina. GUARAN Es un efectivo antineur\u00e1lgico, analg\u00e9sico, vasodilatador, antigripal. GUARAN Es un estimulante f\u00edsico y del sistema nervioso central. GUARAN es un poderoso antimigra\u00f1oso. GUARAN es Vasodilatador. GUARAN Tiene efectos afrodisiacos. \u00a0\" \/>\n<meta property=\"og:url\" content=\"https:\/\/capta.com.co\/agustinangarita\/producto\/guaran-60-ml\/\" \/>\n<meta property=\"og:site_name\" content=\"Agust\u00edn Angarita\" \/>\n<meta property=\"article:modified_time\" content=\"2024-11-18T22:44:03+00:00\" \/>\n<meta property=\"og:image\" content=\"https:\/\/capta.com.co\/agustinangarita\/wp-content\/uploads\/sites\/22\/2022\/06\/GUARAN-ACHICO.png\" \/>\n\t<meta property=\"og:image:width\" content=\"437\" \/>\n\t<meta property=\"og:image:height\" content=\"636\" \/>\n\t<meta property=\"og:image:type\" content=\"image\/png\" \/>\n<meta name=\"twitter:card\" content=\"summary_large_image\" \/>\n<script type=\"application\/ld+json\" class=\"yoast-schema-graph\">{\"@context\":\"https:\\\/\\\/schema.org\",\"@graph\":[{\"@type\":\"WebPage\",\"@id\":\"https:\\\/\\\/capta.com.co\\\/agustinangarita\\\/producto\\\/guaran-60-ml\\\/\",\"url\":\"https:\\\/\\\/capta.com.co\\\/agustinangarita\\\/producto\\\/guaran-60-ml\\\/\",\"name\":\"GUARAN Frasco de 60 ml. Gotas. - Agust\u00edn Angarita\",\"isPartOf\":{\"@id\":\"https:\\\/\\\/capta.com.co\\\/agustinangarita\\\/#website\"},\"primaryImageOfPage\":{\"@id\":\"https:\\\/\\\/capta.com.co\\\/agustinangarita\\\/producto\\\/guaran-60-ml\\\/#primaryimage\"},\"image\":{\"@id\":\"https:\\\/\\\/capta.com.co\\\/agustinangarita\\\/producto\\\/guaran-60-ml\\\/#primaryimage\"},\"thumbnailUrl\":\"https:\\\/\\\/capta.com.co\\\/agustinangarita\\\/wp-content\\\/uploads\\\/sites\\\/22\\\/2022\\\/06\\\/GUARAN-ACHICO.png\",\"datePublished\":\"2022-06-17T20:18:59+00:00\",\"dateModified\":\"2024-11-18T22:44:03+00:00\",\"breadcrumb\":{\"@id\":\"https:\\\/\\\/capta.com.co\\\/agustinangarita\\\/producto\\\/guaran-60-ml\\\/#breadcrumb\"},\"inLanguage\":\"es\",\"potentialAction\":[{\"@type\":\"ReadAction\",\"target\":[\"https:\\\/\\\/capta.com.co\\\/agustinangarita\\\/producto\\\/guaran-60-ml\\\/\"]}]},{\"@type\":\"ImageObject\",\"inLanguage\":\"es\",\"@id\":\"https:\\\/\\\/capta.com.co\\\/agustinangarita\\\/producto\\\/guaran-60-ml\\\/#primaryimage\",\"url\":\"https:\\\/\\\/capta.com.co\\\/agustinangarita\\\/wp-content\\\/uploads\\\/sites\\\/22\\\/2022\\\/06\\\/GUARAN-ACHICO.png\",\"contentUrl\":\"https:\\\/\\\/capta.com.co\\\/agustinangarita\\\/wp-content\\\/uploads\\\/sites\\\/22\\\/2022\\\/06\\\/GUARAN-ACHICO.png\",\"width\":437,\"height\":636,\"caption\":\"GUARAN\"},{\"@type\":\"BreadcrumbList\",\"@id\":\"https:\\\/\\\/capta.com.co\\\/agustinangarita\\\/producto\\\/guaran-60-ml\\\/#breadcrumb\",\"itemListElement\":[{\"@type\":\"ListItem\",\"position\":1,\"name\":\"Portada\",\"item\":\"https:\\\/\\\/capta.com.co\\\/agustinangarita\\\/\"},{\"@type\":\"ListItem\",\"position\":2,\"name\":\"Tienda\",\"item\":\"https:\\\/\\\/capta.com.co\\\/agustinangarita\\\/\"},{\"@type\":\"ListItem\",\"position\":3,\"name\":\"GUARAN Frasco de 60 ml. Gotas.\"}]},{\"@type\":\"WebSite\",\"@id\":\"https:\\\/\\\/capta.com.co\\\/agustinangarita\\\/#website\",\"url\":\"https:\\\/\\\/capta.com.co\\\/agustinangarita\\\/\",\"name\":\"Agust\u00edn Angarita\",\"description\":\"Capta - Compras que inspiran\",\"potentialAction\":[{\"@type\":\"SearchAction\",\"target\":{\"@type\":\"EntryPoint\",\"urlTemplate\":\"https:\\\/\\\/capta.com.co\\\/agustinangarita\\\/?s={search_term_string}\"},\"query-input\":{\"@type\":\"PropertyValueSpecification\",\"valueRequired\":true,\"valueName\":\"search_term_string\"}}],\"inLanguage\":\"es\"}]}<\/script>\n<!-- \/ Yoast SEO plugin. -->","yoast_head_json":{"title":"GUARAN Frasco de 60 ml. Gotas. - Agust\u00edn Angarita","robots":{"index":"index","follow":"follow","max-snippet":"max-snippet:-1","max-image-preview":"max-image-preview:large","max-video-preview":"max-video-preview:-1"},"canonical":"https:\/\/capta.com.co\/agustinangarita\/producto\/guaran-60-ml\/","og_locale":"es_ES","og_type":"article","og_title":"GUARAN Frasco de 60 ml. Gotas. - Agust\u00edn Angarita","og_description":"GUARAN. Gotas. Oral. Frasco 60 ml GUARAN Contiene Paullinia cupana H.B.K. Guaran\u00e1. GUARAN Contiene alcaloides como cafe\u00edna, teobromina y teofilina. GUARAN Es un efectivo antineur\u00e1lgico, analg\u00e9sico, vasodilatador, antigripal. GUARAN Es un estimulante f\u00edsico y del sistema nervioso central. GUARAN es un poderoso antimigra\u00f1oso. GUARAN es Vasodilatador. GUARAN Tiene efectos afrodisiacos. \u00a0","og_url":"https:\/\/capta.com.co\/agustinangarita\/producto\/guaran-60-ml\/","og_site_name":"Agust\u00edn Angarita","article_modified_time":"2024-11-18T22:44:03+00:00","og_image":[{"width":437,"height":636,"url":"https:\/\/capta.com.co\/agustinangarita\/wp-content\/uploads\/sites\/22\/2022\/06\/GUARAN-ACHICO.png","type":"image\/png"}],"twitter_card":"summary_large_image","schema":{"@context":"https:\/\/schema.org","@graph":[{"@type":"WebPage","@id":"https:\/\/capta.com.co\/agustinangarita\/producto\/guaran-60-ml\/","url":"https:\/\/capta.com.co\/agustinangarita\/producto\/guaran-60-ml\/","name":"GUARAN Frasco de 60 ml. Gotas. - Agust\u00edn Angarita","isPartOf":{"@id":"https:\/\/capta.com.co\/agustinangarita\/#website"},"primaryImageOfPage":{"@id":"https:\/\/capta.com.co\/agustinangarita\/producto\/guaran-60-ml\/#primaryimage"},"image":{"@id":"https:\/\/capta.com.co\/agustinangarita\/producto\/guaran-60-ml\/#primaryimage"},"thumbnailUrl":"https:\/\/capta.com.co\/agustinangarita\/wp-content\/uploads\/sites\/22\/2022\/06\/GUARAN-ACHICO.png","datePublished":"2022-06-17T20:18:59+00:00","dateModified":"2024-11-18T22:44:03+00:00","breadcrumb":{"@id":"https:\/\/capta.com.co\/agustinangarita\/producto\/guaran-60-ml\/#breadcrumb"},"inLanguage":"es","potentialAction":[{"@type":"ReadAction","target":["https:\/\/capta.com.co\/agustinangarita\/producto\/guaran-60-ml\/"]}]},{"@type":"ImageObject","inLanguage":"es","@id":"https:\/\/capta.com.co\/agustinangarita\/producto\/guaran-60-ml\/#primaryimage","url":"https:\/\/capta.com.co\/agustinangarita\/wp-content\/uploads\/sites\/22\/2022\/06\/GUARAN-ACHICO.png","contentUrl":"https:\/\/capta.com.co\/agustinangarita\/wp-content\/uploads\/sites\/22\/2022\/06\/GUARAN-ACHICO.png","width":437,"height":636,"caption":"GUARAN"},{"@type":"BreadcrumbList","@id":"https:\/\/capta.com.co\/agustinangarita\/producto\/guaran-60-ml\/#breadcrumb","itemListElement":[{"@type":"ListItem","position":1,"name":"Portada","item":"https:\/\/capta.com.co\/agustinangarita\/"},{"@type":"ListItem","position":2,"name":"Tienda","item":"https:\/\/capta.com.co\/agustinangarita\/"},{"@type":"ListItem","position":3,"name":"GUARAN Frasco de 60 ml. Gotas."}]},{"@type":"WebSite","@id":"https:\/\/capta.com.co\/agustinangarita\/#website","url":"https:\/\/capta.com.co\/agustinangarita\/","name":"Agust\u00edn Angarita","description":"Capta - Compras que inspiran","potentialAction":[{"@type":"SearchAction","target":{"@type":"EntryPoint","urlTemplate":"https:\/\/capta.com.co\/agustinangarita\/?s={search_term_string}"},"query-input":{"@type":"PropertyValueSpecification","valueRequired":true,"valueName":"search_term_string"}}],"inLanguage":"es"}]}},"_links":{"self":[{"href":"https:\/\/capta.com.co\/agustinangarita\/wp-json\/wp\/v2\/product\/93","targetHints":{"allow":["GET"]}}],"collection":[{"href":"https:\/\/capta.com.co\/agustinangarita\/wp-json\/wp\/v2\/product"}],"about":[{"href":"https:\/\/capta.com.co\/agustinangarita\/wp-json\/wp\/v2\/types\/product"}],"replies":[{"embeddable":true,"href":"https:\/\/capta.com.co\/agustinangarita\/wp-json\/wp\/v2\/comments?post=93"}],"wp:featuredmedia":[{"embeddable":true,"href":"https:\/\/capta.com.co\/agustinangarita\/wp-json\/wp\/v2\/media\/94"}],"wp:attachment":[{"href":"https:\/\/capta.com.co\/agustinangarita\/wp-json\/wp\/v2\/media?parent=93"}],"wp:term":[{"taxonomy":"product_brand","embeddable":true,"href":"https:\/\/capta.com.co\/agustinangarita\/wp-json\/wp\/v2\/product_brand?post=93"},{"taxonomy":"product_cat","embeddable":true,"href":"https:\/\/capta.com.co\/agustinangarita\/wp-json\/wp\/v2\/product_cat?post=93"},{"taxonomy":"product_tag","embeddable":true,"href":"https:\/\/capta.com.co\/agustinangarita\/wp-json\/wp\/v2\/product_tag?post=93"}],"curies":[{"name":"wp","href":"https:\/\/api.w.org\/{rel}","templated":true}]}}