{"id":90,"date":"2022-06-17T15:13:13","date_gmt":"2022-06-17T20:13:13","guid":{"rendered":"https:\/\/capta.com.co\/agustinangarita\/?post_type=product&#038;p=90"},"modified":"2025-08-04T12:55:00","modified_gmt":"2025-08-04T17:55:00","slug":"grifola-frondosa-maitake","status":"publish","type":"product","link":"https:\/\/capta.com.co\/agustinangarita\/producto\/grifola-frondosa-maitake\/","title":{"rendered":"GRIFOLA FRONDOSA (MAITAKE) Frasco de 90 C\u00e1psulas."},"content":{"rendered":"<p><strong>GRIFOLA. Oral. Frasco de 90 c\u00e1psulas. <\/strong><\/p>\n<p><strong>GRIFOLA <\/strong>ese el Hongo <em>Grifola frondosa. <\/em>Maitake.<\/p>\n<p><strong>GRIFOLA <\/strong>Contiene Polisac\u00e1ridos, betaglucanos 1-6<\/p>\n<p><strong>GRIFOLA <\/strong>Se utiliza por su capacidad para <strong>atacar las c\u00e9lulas tumorales<\/strong>. <strong>Impide el crecimiento de c\u00e9lulas cancer\u00edgenas.<\/strong><\/p>\n<p><strong>GRIFOLA <\/strong>es muy\u00a0 \u00fatil en el tratamiento de la <strong>menopausia, adenoma de pr\u00f3stata y la prostatitis.<\/strong><\/p>\n","protected":false},"excerpt":{"rendered":"<p>GRIFOLA. Oral. Frasco de 90 c\u00e1psulas. GRIFOLA ese el Hongo Grifola frondosa. Maitake. GRIFOLA Contiene Polisac\u00e1ridos, betaglucanos 1-6 GRIFOLA Se utiliza por su capacidad para atacar las c\u00e9lulas tumorales. Impide el crecimiento de c\u00e9lulas cancer\u00edgenas. GRIFOLA es muy\u00a0 \u00fatil en el tratamiento de la menopausia, adenoma de pr\u00f3stata y la prostatitis.<\/p>\n","protected":false},"featured_media":92,"comment_status":"open","ping_status":"closed","template":"","meta":{"_acf_changed":false,"inline_featured_image":false},"product_brand":[],"product_cat":[16,63,17],"product_tag":[94,78,93,72,60],"class_list":{"0":"post-90","1":"product","2":"type-product","3":"status-publish","4":"has-post-thumbnail","6":"product_cat-alimento-funcional","7":"product_cat-hongo-medicinal","8":"product_cat-medicamentos-naturales","9":"product_tag-adenoma-de-prostata","10":"product_tag-antitumoral","11":"product_tag-cancer","12":"product_tag-menopausia","13":"product_tag-prostatitis","15":"first","16":"instock","17":"shipping-taxable","18":"purchasable","19":"product-type-simple"},"acf":[],"yoast_head":"<!-- This site is optimized with the Yoast SEO plugin v27.3 - https:\/\/yoast.com\/product\/yoast-seo-wordpress\/ -->\n<title>GRIFOLA FRONDOSA (MAITAKE) Frasco de 90 C\u00e1psulas. - Agust\u00edn Angarita<\/title>\n<meta name=\"robots\" content=\"index, follow, max-snippet:-1, max-image-preview:large, max-video-preview:-1\" \/>\n<link rel=\"canonical\" href=\"https:\/\/capta.com.co\/agustinangarita\/producto\/grifola-frondosa-maitake\/\" \/>\n<meta property=\"og:locale\" content=\"es_ES\" \/>\n<meta property=\"og:type\" content=\"article\" \/>\n<meta property=\"og:title\" content=\"GRIFOLA FRONDOSA (MAITAKE) Frasco de 90 C\u00e1psulas. - Agust\u00edn Angarita\" \/>\n<meta property=\"og:description\" content=\"GRIFOLA. Oral. Frasco de 90 c\u00e1psulas. GRIFOLA ese el Hongo Grifola frondosa. Maitake. GRIFOLA Contiene Polisac\u00e1ridos, betaglucanos 1-6 GRIFOLA Se utiliza por su capacidad para atacar las c\u00e9lulas tumorales. Impide el crecimiento de c\u00e9lulas cancer\u00edgenas. GRIFOLA es muy\u00a0 \u00fatil en el tratamiento de la menopausia, adenoma de pr\u00f3stata y la prostatitis.\" \/>\n<meta property=\"og:url\" content=\"https:\/\/capta.com.co\/agustinangarita\/producto\/grifola-frondosa-maitake\/\" \/>\n<meta property=\"og:site_name\" content=\"Agust\u00edn Angarita\" \/>\n<meta property=\"article:modified_time\" content=\"2025-08-04T17:55:00+00:00\" \/>\n<meta property=\"og:image\" content=\"https:\/\/capta.com.co\/agustinangarita\/wp-content\/uploads\/sites\/22\/2022\/06\/GRIFOLA-FRONDOSA-ACHICO.png\" \/>\n\t<meta property=\"og:image:width\" content=\"574\" \/>\n\t<meta property=\"og:image:height\" content=\"700\" \/>\n\t<meta property=\"og:image:type\" content=\"image\/png\" \/>\n<meta name=\"twitter:card\" content=\"summary_large_image\" \/>\n<script type=\"application\/ld+json\" class=\"yoast-schema-graph\">{\"@context\":\"https:\\\/\\\/schema.org\",\"@graph\":[{\"@type\":\"WebPage\",\"@id\":\"https:\\\/\\\/capta.com.co\\\/agustinangarita\\\/producto\\\/grifola-frondosa-maitake\\\/\",\"url\":\"https:\\\/\\\/capta.com.co\\\/agustinangarita\\\/producto\\\/grifola-frondosa-maitake\\\/\",\"name\":\"GRIFOLA FRONDOSA (MAITAKE) Frasco de 90 C\u00e1psulas. - Agust\u00edn Angarita\",\"isPartOf\":{\"@id\":\"https:\\\/\\\/capta.com.co\\\/agustinangarita\\\/#website\"},\"primaryImageOfPage\":{\"@id\":\"https:\\\/\\\/capta.com.co\\\/agustinangarita\\\/producto\\\/grifola-frondosa-maitake\\\/#primaryimage\"},\"image\":{\"@id\":\"https:\\\/\\\/capta.com.co\\\/agustinangarita\\\/producto\\\/grifola-frondosa-maitake\\\/#primaryimage\"},\"thumbnailUrl\":\"https:\\\/\\\/capta.com.co\\\/agustinangarita\\\/wp-content\\\/uploads\\\/sites\\\/22\\\/2022\\\/06\\\/GRIFOLA-FRONDOSA-ACHICO.png\",\"datePublished\":\"2022-06-17T20:13:13+00:00\",\"dateModified\":\"2025-08-04T17:55:00+00:00\",\"breadcrumb\":{\"@id\":\"https:\\\/\\\/capta.com.co\\\/agustinangarita\\\/producto\\\/grifola-frondosa-maitake\\\/#breadcrumb\"},\"inLanguage\":\"es\",\"potentialAction\":[{\"@type\":\"ReadAction\",\"target\":[\"https:\\\/\\\/capta.com.co\\\/agustinangarita\\\/producto\\\/grifola-frondosa-maitake\\\/\"]}]},{\"@type\":\"ImageObject\",\"inLanguage\":\"es\",\"@id\":\"https:\\\/\\\/capta.com.co\\\/agustinangarita\\\/producto\\\/grifola-frondosa-maitake\\\/#primaryimage\",\"url\":\"https:\\\/\\\/capta.com.co\\\/agustinangarita\\\/wp-content\\\/uploads\\\/sites\\\/22\\\/2022\\\/06\\\/GRIFOLA-FRONDOSA-ACHICO.png\",\"contentUrl\":\"https:\\\/\\\/capta.com.co\\\/agustinangarita\\\/wp-content\\\/uploads\\\/sites\\\/22\\\/2022\\\/06\\\/GRIFOLA-FRONDOSA-ACHICO.png\",\"width\":574,\"height\":700,\"caption\":\"GRIFOLA FRONDOSA\"},{\"@type\":\"BreadcrumbList\",\"@id\":\"https:\\\/\\\/capta.com.co\\\/agustinangarita\\\/producto\\\/grifola-frondosa-maitake\\\/#breadcrumb\",\"itemListElement\":[{\"@type\":\"ListItem\",\"position\":1,\"name\":\"Portada\",\"item\":\"https:\\\/\\\/capta.com.co\\\/agustinangarita\\\/\"},{\"@type\":\"ListItem\",\"position\":2,\"name\":\"Tienda\",\"item\":\"https:\\\/\\\/capta.com.co\\\/agustinangarita\\\/\"},{\"@type\":\"ListItem\",\"position\":3,\"name\":\"GRIFOLA FRONDOSA (MAITAKE) Frasco de 90 C\u00e1psulas.\"}]},{\"@type\":\"WebSite\",\"@id\":\"https:\\\/\\\/capta.com.co\\\/agustinangarita\\\/#website\",\"url\":\"https:\\\/\\\/capta.com.co\\\/agustinangarita\\\/\",\"name\":\"Agust\u00edn Angarita\",\"description\":\"Capta - Compras que inspiran\",\"potentialAction\":[{\"@type\":\"SearchAction\",\"target\":{\"@type\":\"EntryPoint\",\"urlTemplate\":\"https:\\\/\\\/capta.com.co\\\/agustinangarita\\\/?s={search_term_string}\"},\"query-input\":{\"@type\":\"PropertyValueSpecification\",\"valueRequired\":true,\"valueName\":\"search_term_string\"}}],\"inLanguage\":\"es\"}]}<\/script>\n<!-- \/ Yoast SEO plugin. -->","yoast_head_json":{"title":"GRIFOLA FRONDOSA (MAITAKE) Frasco de 90 C\u00e1psulas. - Agust\u00edn Angarita","robots":{"index":"index","follow":"follow","max-snippet":"max-snippet:-1","max-image-preview":"max-image-preview:large","max-video-preview":"max-video-preview:-1"},"canonical":"https:\/\/capta.com.co\/agustinangarita\/producto\/grifola-frondosa-maitake\/","og_locale":"es_ES","og_type":"article","og_title":"GRIFOLA FRONDOSA (MAITAKE) Frasco de 90 C\u00e1psulas. - Agust\u00edn Angarita","og_description":"GRIFOLA. Oral. Frasco de 90 c\u00e1psulas. GRIFOLA ese el Hongo Grifola frondosa. Maitake. GRIFOLA Contiene Polisac\u00e1ridos, betaglucanos 1-6 GRIFOLA Se utiliza por su capacidad para atacar las c\u00e9lulas tumorales. Impide el crecimiento de c\u00e9lulas cancer\u00edgenas. GRIFOLA es muy\u00a0 \u00fatil en el tratamiento de la menopausia, adenoma de pr\u00f3stata y la prostatitis.","og_url":"https:\/\/capta.com.co\/agustinangarita\/producto\/grifola-frondosa-maitake\/","og_site_name":"Agust\u00edn Angarita","article_modified_time":"2025-08-04T17:55:00+00:00","og_image":[{"width":574,"height":700,"url":"https:\/\/capta.com.co\/agustinangarita\/wp-content\/uploads\/sites\/22\/2022\/06\/GRIFOLA-FRONDOSA-ACHICO.png","type":"image\/png"}],"twitter_card":"summary_large_image","schema":{"@context":"https:\/\/schema.org","@graph":[{"@type":"WebPage","@id":"https:\/\/capta.com.co\/agustinangarita\/producto\/grifola-frondosa-maitake\/","url":"https:\/\/capta.com.co\/agustinangarita\/producto\/grifola-frondosa-maitake\/","name":"GRIFOLA FRONDOSA (MAITAKE) Frasco de 90 C\u00e1psulas. - Agust\u00edn Angarita","isPartOf":{"@id":"https:\/\/capta.com.co\/agustinangarita\/#website"},"primaryImageOfPage":{"@id":"https:\/\/capta.com.co\/agustinangarita\/producto\/grifola-frondosa-maitake\/#primaryimage"},"image":{"@id":"https:\/\/capta.com.co\/agustinangarita\/producto\/grifola-frondosa-maitake\/#primaryimage"},"thumbnailUrl":"https:\/\/capta.com.co\/agustinangarita\/wp-content\/uploads\/sites\/22\/2022\/06\/GRIFOLA-FRONDOSA-ACHICO.png","datePublished":"2022-06-17T20:13:13+00:00","dateModified":"2025-08-04T17:55:00+00:00","breadcrumb":{"@id":"https:\/\/capta.com.co\/agustinangarita\/producto\/grifola-frondosa-maitake\/#breadcrumb"},"inLanguage":"es","potentialAction":[{"@type":"ReadAction","target":["https:\/\/capta.com.co\/agustinangarita\/producto\/grifola-frondosa-maitake\/"]}]},{"@type":"ImageObject","inLanguage":"es","@id":"https:\/\/capta.com.co\/agustinangarita\/producto\/grifola-frondosa-maitake\/#primaryimage","url":"https:\/\/capta.com.co\/agustinangarita\/wp-content\/uploads\/sites\/22\/2022\/06\/GRIFOLA-FRONDOSA-ACHICO.png","contentUrl":"https:\/\/capta.com.co\/agustinangarita\/wp-content\/uploads\/sites\/22\/2022\/06\/GRIFOLA-FRONDOSA-ACHICO.png","width":574,"height":700,"caption":"GRIFOLA FRONDOSA"},{"@type":"BreadcrumbList","@id":"https:\/\/capta.com.co\/agustinangarita\/producto\/grifola-frondosa-maitake\/#breadcrumb","itemListElement":[{"@type":"ListItem","position":1,"name":"Portada","item":"https:\/\/capta.com.co\/agustinangarita\/"},{"@type":"ListItem","position":2,"name":"Tienda","item":"https:\/\/capta.com.co\/agustinangarita\/"},{"@type":"ListItem","position":3,"name":"GRIFOLA FRONDOSA (MAITAKE) Frasco de 90 C\u00e1psulas."}]},{"@type":"WebSite","@id":"https:\/\/capta.com.co\/agustinangarita\/#website","url":"https:\/\/capta.com.co\/agustinangarita\/","name":"Agust\u00edn Angarita","description":"Capta - Compras que inspiran","potentialAction":[{"@type":"SearchAction","target":{"@type":"EntryPoint","urlTemplate":"https:\/\/capta.com.co\/agustinangarita\/?s={search_term_string}"},"query-input":{"@type":"PropertyValueSpecification","valueRequired":true,"valueName":"search_term_string"}}],"inLanguage":"es"}]}},"_links":{"self":[{"href":"https:\/\/capta.com.co\/agustinangarita\/wp-json\/wp\/v2\/product\/90","targetHints":{"allow":["GET"]}}],"collection":[{"href":"https:\/\/capta.com.co\/agustinangarita\/wp-json\/wp\/v2\/product"}],"about":[{"href":"https:\/\/capta.com.co\/agustinangarita\/wp-json\/wp\/v2\/types\/product"}],"replies":[{"embeddable":true,"href":"https:\/\/capta.com.co\/agustinangarita\/wp-json\/wp\/v2\/comments?post=90"}],"wp:featuredmedia":[{"embeddable":true,"href":"https:\/\/capta.com.co\/agustinangarita\/wp-json\/wp\/v2\/media\/92"}],"wp:attachment":[{"href":"https:\/\/capta.com.co\/agustinangarita\/wp-json\/wp\/v2\/media?parent=90"}],"wp:term":[{"taxonomy":"product_brand","embeddable":true,"href":"https:\/\/capta.com.co\/agustinangarita\/wp-json\/wp\/v2\/product_brand?post=90"},{"taxonomy":"product_cat","embeddable":true,"href":"https:\/\/capta.com.co\/agustinangarita\/wp-json\/wp\/v2\/product_cat?post=90"},{"taxonomy":"product_tag","embeddable":true,"href":"https:\/\/capta.com.co\/agustinangarita\/wp-json\/wp\/v2\/product_tag?post=90"}],"curies":[{"name":"wp","href":"https:\/\/api.w.org\/{rel}","templated":true}]}}