{"id":77,"date":"2022-06-15T18:52:11","date_gmt":"2022-06-15T23:52:11","guid":{"rendered":"https:\/\/capta.com.co\/agustinangarita\/?post_type=product&#038;p=77"},"modified":"2024-01-20T11:22:23","modified_gmt":"2024-01-20T16:22:23","slug":"ganoderma-lucidum","status":"publish","type":"product","link":"https:\/\/capta.com.co\/agustinangarita\/producto\/ganoderma-lucidum\/","title":{"rendered":"GANODERMA LUCIDUM. HONGO. C\u00e1psulas."},"content":{"rendered":"<p><strong>GANODERMA. Oral. Frasco de 90 c\u00e1psulas. <\/strong><\/p>\n<p>Hongo <em>Ganoderma lucidum.<\/em><\/p>\n<p>Contiene adenosina, germanio org\u00e1nico, betaglucano, interleucina.<\/p>\n<p>Se utiliza como <strong>potente antioxidante y desintoxicante<\/strong>. \u00datil en tratamientos de <strong>trombosis y accidentes cerebrovasculares<\/strong>.<\/p>\n<p><strong>Mejora el sistema inmune<\/strong>. Coadyuvante en el tratamiento de enfermedades de v\u00edas respiratorias.<\/p>\n","protected":false},"excerpt":{"rendered":"<p>GANODERMA. Oral. Frasco de 90 c\u00e1psulas. Hongo Ganoderma lucidum. Contiene adenosina, germanio org\u00e1nico, betaglucano, interleucina. Se utiliza como potente antioxidante y desintoxicante. \u00datil en tratamientos de trombosis y accidentes cerebrovasculares. Mejora el sistema inmune. Coadyuvante en el tratamiento de enfermedades de v\u00edas respiratorias.<\/p>\n","protected":false},"featured_media":78,"comment_status":"open","ping_status":"closed","template":"","meta":{"_acf_changed":false,"inline_featured_image":false},"product_brand":[],"product_cat":[16,63,17],"product_tag":[96,66,84,98,97,95],"class_list":{"0":"post-77","1":"product","2":"type-product","3":"status-publish","4":"has-post-thumbnail","6":"product_cat-alimento-funcional","7":"product_cat-hongo-medicinal","8":"product_cat-medicamentos-naturales","9":"product_tag-acv","10":"product_tag-antioxidante","11":"product_tag-desintoxicante","12":"product_tag-enfermedades-respiratorias","13":"product_tag-mejora-sistema-inmune","14":"product_tag-trombosis","16":"first","17":"instock","18":"shipping-taxable","19":"purchasable","20":"product-type-simple"},"acf":[],"yoast_head":"<!-- This site is optimized with the Yoast SEO plugin v27.3 - https:\/\/yoast.com\/product\/yoast-seo-wordpress\/ -->\n<title>GANODERMA LUCIDUM. HONGO. C\u00e1psulas. - Agust\u00edn Angarita<\/title>\n<meta name=\"robots\" content=\"index, follow, max-snippet:-1, max-image-preview:large, max-video-preview:-1\" \/>\n<link rel=\"canonical\" href=\"https:\/\/capta.com.co\/agustinangarita\/producto\/ganoderma-lucidum\/\" \/>\n<meta property=\"og:locale\" content=\"es_ES\" \/>\n<meta property=\"og:type\" content=\"article\" \/>\n<meta property=\"og:title\" content=\"GANODERMA LUCIDUM. HONGO. C\u00e1psulas. - Agust\u00edn Angarita\" \/>\n<meta property=\"og:description\" content=\"GANODERMA. Oral. Frasco de 90 c\u00e1psulas. Hongo Ganoderma lucidum. Contiene adenosina, germanio org\u00e1nico, betaglucano, interleucina. Se utiliza como potente antioxidante y desintoxicante. \u00datil en tratamientos de trombosis y accidentes cerebrovasculares. Mejora el sistema inmune. Coadyuvante en el tratamiento de enfermedades de v\u00edas respiratorias.\" \/>\n<meta property=\"og:url\" content=\"https:\/\/capta.com.co\/agustinangarita\/producto\/ganoderma-lucidum\/\" \/>\n<meta property=\"og:site_name\" content=\"Agust\u00edn Angarita\" \/>\n<meta property=\"article:modified_time\" content=\"2024-01-20T16:22:23+00:00\" \/>\n<meta property=\"og:image\" content=\"https:\/\/capta.com.co\/agustinangarita\/wp-content\/uploads\/sites\/22\/2022\/06\/GANODERMA-LUCIDUM-ACHICO.png\" \/>\n\t<meta property=\"og:image:width\" content=\"450\" \/>\n\t<meta property=\"og:image:height\" content=\"645\" \/>\n\t<meta property=\"og:image:type\" content=\"image\/png\" \/>\n<meta name=\"twitter:card\" content=\"summary_large_image\" \/>\n<script type=\"application\/ld+json\" class=\"yoast-schema-graph\">{\"@context\":\"https:\\\/\\\/schema.org\",\"@graph\":[{\"@type\":\"WebPage\",\"@id\":\"https:\\\/\\\/capta.com.co\\\/agustinangarita\\\/producto\\\/ganoderma-lucidum\\\/\",\"url\":\"https:\\\/\\\/capta.com.co\\\/agustinangarita\\\/producto\\\/ganoderma-lucidum\\\/\",\"name\":\"GANODERMA LUCIDUM. HONGO. C\u00e1psulas. - Agust\u00edn Angarita\",\"isPartOf\":{\"@id\":\"https:\\\/\\\/capta.com.co\\\/agustinangarita\\\/#website\"},\"primaryImageOfPage\":{\"@id\":\"https:\\\/\\\/capta.com.co\\\/agustinangarita\\\/producto\\\/ganoderma-lucidum\\\/#primaryimage\"},\"image\":{\"@id\":\"https:\\\/\\\/capta.com.co\\\/agustinangarita\\\/producto\\\/ganoderma-lucidum\\\/#primaryimage\"},\"thumbnailUrl\":\"https:\\\/\\\/capta.com.co\\\/agustinangarita\\\/wp-content\\\/uploads\\\/sites\\\/22\\\/2022\\\/06\\\/GANODERMA-LUCIDUM-ACHICO.png\",\"datePublished\":\"2022-06-15T23:52:11+00:00\",\"dateModified\":\"2024-01-20T16:22:23+00:00\",\"breadcrumb\":{\"@id\":\"https:\\\/\\\/capta.com.co\\\/agustinangarita\\\/producto\\\/ganoderma-lucidum\\\/#breadcrumb\"},\"inLanguage\":\"es\",\"potentialAction\":[{\"@type\":\"ReadAction\",\"target\":[\"https:\\\/\\\/capta.com.co\\\/agustinangarita\\\/producto\\\/ganoderma-lucidum\\\/\"]}]},{\"@type\":\"ImageObject\",\"inLanguage\":\"es\",\"@id\":\"https:\\\/\\\/capta.com.co\\\/agustinangarita\\\/producto\\\/ganoderma-lucidum\\\/#primaryimage\",\"url\":\"https:\\\/\\\/capta.com.co\\\/agustinangarita\\\/wp-content\\\/uploads\\\/sites\\\/22\\\/2022\\\/06\\\/GANODERMA-LUCIDUM-ACHICO.png\",\"contentUrl\":\"https:\\\/\\\/capta.com.co\\\/agustinangarita\\\/wp-content\\\/uploads\\\/sites\\\/22\\\/2022\\\/06\\\/GANODERMA-LUCIDUM-ACHICO.png\",\"width\":450,\"height\":645,\"caption\":\"GANODERMA\"},{\"@type\":\"BreadcrumbList\",\"@id\":\"https:\\\/\\\/capta.com.co\\\/agustinangarita\\\/producto\\\/ganoderma-lucidum\\\/#breadcrumb\",\"itemListElement\":[{\"@type\":\"ListItem\",\"position\":1,\"name\":\"Portada\",\"item\":\"https:\\\/\\\/capta.com.co\\\/agustinangarita\\\/\"},{\"@type\":\"ListItem\",\"position\":2,\"name\":\"Tienda\",\"item\":\"https:\\\/\\\/capta.com.co\\\/agustinangarita\\\/\"},{\"@type\":\"ListItem\",\"position\":3,\"name\":\"GANODERMA LUCIDUM. HONGO. C\u00e1psulas.\"}]},{\"@type\":\"WebSite\",\"@id\":\"https:\\\/\\\/capta.com.co\\\/agustinangarita\\\/#website\",\"url\":\"https:\\\/\\\/capta.com.co\\\/agustinangarita\\\/\",\"name\":\"Agust\u00edn Angarita\",\"description\":\"Capta - Compras que inspiran\",\"potentialAction\":[{\"@type\":\"SearchAction\",\"target\":{\"@type\":\"EntryPoint\",\"urlTemplate\":\"https:\\\/\\\/capta.com.co\\\/agustinangarita\\\/?s={search_term_string}\"},\"query-input\":{\"@type\":\"PropertyValueSpecification\",\"valueRequired\":true,\"valueName\":\"search_term_string\"}}],\"inLanguage\":\"es\"}]}<\/script>\n<!-- \/ Yoast SEO plugin. -->","yoast_head_json":{"title":"GANODERMA LUCIDUM. HONGO. C\u00e1psulas. - Agust\u00edn Angarita","robots":{"index":"index","follow":"follow","max-snippet":"max-snippet:-1","max-image-preview":"max-image-preview:large","max-video-preview":"max-video-preview:-1"},"canonical":"https:\/\/capta.com.co\/agustinangarita\/producto\/ganoderma-lucidum\/","og_locale":"es_ES","og_type":"article","og_title":"GANODERMA LUCIDUM. HONGO. C\u00e1psulas. - Agust\u00edn Angarita","og_description":"GANODERMA. Oral. Frasco de 90 c\u00e1psulas. Hongo Ganoderma lucidum. Contiene adenosina, germanio org\u00e1nico, betaglucano, interleucina. Se utiliza como potente antioxidante y desintoxicante. \u00datil en tratamientos de trombosis y accidentes cerebrovasculares. Mejora el sistema inmune. Coadyuvante en el tratamiento de enfermedades de v\u00edas respiratorias.","og_url":"https:\/\/capta.com.co\/agustinangarita\/producto\/ganoderma-lucidum\/","og_site_name":"Agust\u00edn Angarita","article_modified_time":"2024-01-20T16:22:23+00:00","og_image":[{"width":450,"height":645,"url":"https:\/\/capta.com.co\/agustinangarita\/wp-content\/uploads\/sites\/22\/2022\/06\/GANODERMA-LUCIDUM-ACHICO.png","type":"image\/png"}],"twitter_card":"summary_large_image","schema":{"@context":"https:\/\/schema.org","@graph":[{"@type":"WebPage","@id":"https:\/\/capta.com.co\/agustinangarita\/producto\/ganoderma-lucidum\/","url":"https:\/\/capta.com.co\/agustinangarita\/producto\/ganoderma-lucidum\/","name":"GANODERMA LUCIDUM. HONGO. C\u00e1psulas. - Agust\u00edn Angarita","isPartOf":{"@id":"https:\/\/capta.com.co\/agustinangarita\/#website"},"primaryImageOfPage":{"@id":"https:\/\/capta.com.co\/agustinangarita\/producto\/ganoderma-lucidum\/#primaryimage"},"image":{"@id":"https:\/\/capta.com.co\/agustinangarita\/producto\/ganoderma-lucidum\/#primaryimage"},"thumbnailUrl":"https:\/\/capta.com.co\/agustinangarita\/wp-content\/uploads\/sites\/22\/2022\/06\/GANODERMA-LUCIDUM-ACHICO.png","datePublished":"2022-06-15T23:52:11+00:00","dateModified":"2024-01-20T16:22:23+00:00","breadcrumb":{"@id":"https:\/\/capta.com.co\/agustinangarita\/producto\/ganoderma-lucidum\/#breadcrumb"},"inLanguage":"es","potentialAction":[{"@type":"ReadAction","target":["https:\/\/capta.com.co\/agustinangarita\/producto\/ganoderma-lucidum\/"]}]},{"@type":"ImageObject","inLanguage":"es","@id":"https:\/\/capta.com.co\/agustinangarita\/producto\/ganoderma-lucidum\/#primaryimage","url":"https:\/\/capta.com.co\/agustinangarita\/wp-content\/uploads\/sites\/22\/2022\/06\/GANODERMA-LUCIDUM-ACHICO.png","contentUrl":"https:\/\/capta.com.co\/agustinangarita\/wp-content\/uploads\/sites\/22\/2022\/06\/GANODERMA-LUCIDUM-ACHICO.png","width":450,"height":645,"caption":"GANODERMA"},{"@type":"BreadcrumbList","@id":"https:\/\/capta.com.co\/agustinangarita\/producto\/ganoderma-lucidum\/#breadcrumb","itemListElement":[{"@type":"ListItem","position":1,"name":"Portada","item":"https:\/\/capta.com.co\/agustinangarita\/"},{"@type":"ListItem","position":2,"name":"Tienda","item":"https:\/\/capta.com.co\/agustinangarita\/"},{"@type":"ListItem","position":3,"name":"GANODERMA LUCIDUM. HONGO. C\u00e1psulas."}]},{"@type":"WebSite","@id":"https:\/\/capta.com.co\/agustinangarita\/#website","url":"https:\/\/capta.com.co\/agustinangarita\/","name":"Agust\u00edn Angarita","description":"Capta - Compras que inspiran","potentialAction":[{"@type":"SearchAction","target":{"@type":"EntryPoint","urlTemplate":"https:\/\/capta.com.co\/agustinangarita\/?s={search_term_string}"},"query-input":{"@type":"PropertyValueSpecification","valueRequired":true,"valueName":"search_term_string"}}],"inLanguage":"es"}]}},"_links":{"self":[{"href":"https:\/\/capta.com.co\/agustinangarita\/wp-json\/wp\/v2\/product\/77","targetHints":{"allow":["GET"]}}],"collection":[{"href":"https:\/\/capta.com.co\/agustinangarita\/wp-json\/wp\/v2\/product"}],"about":[{"href":"https:\/\/capta.com.co\/agustinangarita\/wp-json\/wp\/v2\/types\/product"}],"replies":[{"embeddable":true,"href":"https:\/\/capta.com.co\/agustinangarita\/wp-json\/wp\/v2\/comments?post=77"}],"wp:featuredmedia":[{"embeddable":true,"href":"https:\/\/capta.com.co\/agustinangarita\/wp-json\/wp\/v2\/media\/78"}],"wp:attachment":[{"href":"https:\/\/capta.com.co\/agustinangarita\/wp-json\/wp\/v2\/media?parent=77"}],"wp:term":[{"taxonomy":"product_brand","embeddable":true,"href":"https:\/\/capta.com.co\/agustinangarita\/wp-json\/wp\/v2\/product_brand?post=77"},{"taxonomy":"product_cat","embeddable":true,"href":"https:\/\/capta.com.co\/agustinangarita\/wp-json\/wp\/v2\/product_cat?post=77"},{"taxonomy":"product_tag","embeddable":true,"href":"https:\/\/capta.com.co\/agustinangarita\/wp-json\/wp\/v2\/product_tag?post=77"}],"curies":[{"name":"wp","href":"https:\/\/api.w.org\/{rel}","templated":true}]}}