{"id":71,"date":"2022-06-15T18:40:14","date_gmt":"2022-06-15T23:40:14","guid":{"rendered":"https:\/\/capta.com.co\/agustinangarita\/?post_type=product&#038;p=71"},"modified":"2024-08-15T16:09:09","modified_gmt":"2024-08-15T21:09:09","slug":"diuren-jarabe-240-ml","status":"publish","type":"product","link":"https:\/\/capta.com.co\/agustinangarita\/producto\/diuren-jarabe-240-ml\/","title":{"rendered":"DIUREN JARABE 240 ml."},"content":{"rendered":"<p><strong>DIUREN. Oral en l\u00edquido. Frasco de 240ml<\/strong><\/p>\n<p>Extracto de <em>Equisetum giganteum. <\/em>Cola de caballo.<\/p>\n<p>Uso: <strong>Diur\u00e9tico menor<\/strong>. <strong>Antiinflamatorio. Hemost\u00e1tico. <\/strong>Se utiliza en Insuficiencia renal cr\u00f3nica<\/p>\n","protected":false},"excerpt":{"rendered":"<p>DIUREN. Oral en l\u00edquido. Frasco de 240ml Extracto de Equisetum giganteum. Cola de caballo. Uso: Diur\u00e9tico menor. Antiinflamatorio. Hemost\u00e1tico. Se utiliza en Insuficiencia renal cr\u00f3nica<\/p>\n","protected":false},"featured_media":72,"comment_status":"open","ping_status":"closed","template":"","meta":{"_acf_changed":false,"inline_featured_image":false},"product_brand":[],"product_cat":[17],"product_tag":[40,104],"class_list":{"0":"post-71","1":"product","2":"type-product","3":"status-publish","4":"has-post-thumbnail","6":"product_cat-medicamentos-naturales","7":"product_tag-antiinflamatorio","8":"product_tag-diuretico","10":"first","11":"instock","12":"shipping-taxable","13":"purchasable","14":"product-type-simple"},"acf":[],"yoast_head":"<!-- This site is optimized with the Yoast SEO plugin v27.3 - https:\/\/yoast.com\/product\/yoast-seo-wordpress\/ -->\n<title>DIUREN JARABE 240 ml. - Agust\u00edn Angarita<\/title>\n<meta name=\"robots\" content=\"index, follow, max-snippet:-1, max-image-preview:large, max-video-preview:-1\" \/>\n<link rel=\"canonical\" href=\"https:\/\/capta.com.co\/agustinangarita\/producto\/diuren-jarabe-240-ml\/\" \/>\n<meta property=\"og:locale\" content=\"es_ES\" \/>\n<meta property=\"og:type\" content=\"article\" \/>\n<meta property=\"og:title\" content=\"DIUREN JARABE 240 ml. - Agust\u00edn Angarita\" \/>\n<meta property=\"og:description\" content=\"DIUREN. Oral en l\u00edquido. Frasco de 240ml Extracto de Equisetum giganteum. Cola de caballo. Uso: Diur\u00e9tico menor. Antiinflamatorio. Hemost\u00e1tico. Se utiliza en Insuficiencia renal cr\u00f3nica\" \/>\n<meta property=\"og:url\" content=\"https:\/\/capta.com.co\/agustinangarita\/producto\/diuren-jarabe-240-ml\/\" \/>\n<meta property=\"og:site_name\" content=\"Agust\u00edn Angarita\" \/>\n<meta property=\"article:modified_time\" content=\"2024-08-15T21:09:09+00:00\" \/>\n<meta property=\"og:image\" content=\"https:\/\/capta.com.co\/agustinangarita\/wp-content\/uploads\/sites\/22\/2022\/06\/DIUREN-ACHICO.png\" \/>\n\t<meta property=\"og:image:width\" content=\"544\" \/>\n\t<meta property=\"og:image:height\" content=\"690\" \/>\n\t<meta property=\"og:image:type\" content=\"image\/png\" \/>\n<meta name=\"twitter:card\" content=\"summary_large_image\" \/>\n<script type=\"application\/ld+json\" class=\"yoast-schema-graph\">{\"@context\":\"https:\\\/\\\/schema.org\",\"@graph\":[{\"@type\":\"WebPage\",\"@id\":\"https:\\\/\\\/capta.com.co\\\/agustinangarita\\\/producto\\\/diuren-jarabe-240-ml\\\/\",\"url\":\"https:\\\/\\\/capta.com.co\\\/agustinangarita\\\/producto\\\/diuren-jarabe-240-ml\\\/\",\"name\":\"DIUREN JARABE 240 ml. - Agust\u00edn Angarita\",\"isPartOf\":{\"@id\":\"https:\\\/\\\/capta.com.co\\\/agustinangarita\\\/#website\"},\"primaryImageOfPage\":{\"@id\":\"https:\\\/\\\/capta.com.co\\\/agustinangarita\\\/producto\\\/diuren-jarabe-240-ml\\\/#primaryimage\"},\"image\":{\"@id\":\"https:\\\/\\\/capta.com.co\\\/agustinangarita\\\/producto\\\/diuren-jarabe-240-ml\\\/#primaryimage\"},\"thumbnailUrl\":\"https:\\\/\\\/capta.com.co\\\/agustinangarita\\\/wp-content\\\/uploads\\\/sites\\\/22\\\/2022\\\/06\\\/DIUREN-ACHICO.png\",\"datePublished\":\"2022-06-15T23:40:14+00:00\",\"dateModified\":\"2024-08-15T21:09:09+00:00\",\"breadcrumb\":{\"@id\":\"https:\\\/\\\/capta.com.co\\\/agustinangarita\\\/producto\\\/diuren-jarabe-240-ml\\\/#breadcrumb\"},\"inLanguage\":\"es\",\"potentialAction\":[{\"@type\":\"ReadAction\",\"target\":[\"https:\\\/\\\/capta.com.co\\\/agustinangarita\\\/producto\\\/diuren-jarabe-240-ml\\\/\"]}]},{\"@type\":\"ImageObject\",\"inLanguage\":\"es\",\"@id\":\"https:\\\/\\\/capta.com.co\\\/agustinangarita\\\/producto\\\/diuren-jarabe-240-ml\\\/#primaryimage\",\"url\":\"https:\\\/\\\/capta.com.co\\\/agustinangarita\\\/wp-content\\\/uploads\\\/sites\\\/22\\\/2022\\\/06\\\/DIUREN-ACHICO.png\",\"contentUrl\":\"https:\\\/\\\/capta.com.co\\\/agustinangarita\\\/wp-content\\\/uploads\\\/sites\\\/22\\\/2022\\\/06\\\/DIUREN-ACHICO.png\",\"width\":544,\"height\":690,\"caption\":\"DIUREN\"},{\"@type\":\"BreadcrumbList\",\"@id\":\"https:\\\/\\\/capta.com.co\\\/agustinangarita\\\/producto\\\/diuren-jarabe-240-ml\\\/#breadcrumb\",\"itemListElement\":[{\"@type\":\"ListItem\",\"position\":1,\"name\":\"Portada\",\"item\":\"https:\\\/\\\/capta.com.co\\\/agustinangarita\\\/\"},{\"@type\":\"ListItem\",\"position\":2,\"name\":\"Tienda\",\"item\":\"https:\\\/\\\/capta.com.co\\\/agustinangarita\\\/\"},{\"@type\":\"ListItem\",\"position\":3,\"name\":\"DIUREN JARABE 240 ml.\"}]},{\"@type\":\"WebSite\",\"@id\":\"https:\\\/\\\/capta.com.co\\\/agustinangarita\\\/#website\",\"url\":\"https:\\\/\\\/capta.com.co\\\/agustinangarita\\\/\",\"name\":\"Agust\u00edn Angarita\",\"description\":\"Capta - Compras que inspiran\",\"potentialAction\":[{\"@type\":\"SearchAction\",\"target\":{\"@type\":\"EntryPoint\",\"urlTemplate\":\"https:\\\/\\\/capta.com.co\\\/agustinangarita\\\/?s={search_term_string}\"},\"query-input\":{\"@type\":\"PropertyValueSpecification\",\"valueRequired\":true,\"valueName\":\"search_term_string\"}}],\"inLanguage\":\"es\"}]}<\/script>\n<!-- \/ Yoast SEO plugin. -->","yoast_head_json":{"title":"DIUREN JARABE 240 ml. - Agust\u00edn Angarita","robots":{"index":"index","follow":"follow","max-snippet":"max-snippet:-1","max-image-preview":"max-image-preview:large","max-video-preview":"max-video-preview:-1"},"canonical":"https:\/\/capta.com.co\/agustinangarita\/producto\/diuren-jarabe-240-ml\/","og_locale":"es_ES","og_type":"article","og_title":"DIUREN JARABE 240 ml. - Agust\u00edn Angarita","og_description":"DIUREN. Oral en l\u00edquido. Frasco de 240ml Extracto de Equisetum giganteum. Cola de caballo. Uso: Diur\u00e9tico menor. Antiinflamatorio. Hemost\u00e1tico. Se utiliza en Insuficiencia renal cr\u00f3nica","og_url":"https:\/\/capta.com.co\/agustinangarita\/producto\/diuren-jarabe-240-ml\/","og_site_name":"Agust\u00edn Angarita","article_modified_time":"2024-08-15T21:09:09+00:00","og_image":[{"width":544,"height":690,"url":"https:\/\/capta.com.co\/agustinangarita\/wp-content\/uploads\/sites\/22\/2022\/06\/DIUREN-ACHICO.png","type":"image\/png"}],"twitter_card":"summary_large_image","schema":{"@context":"https:\/\/schema.org","@graph":[{"@type":"WebPage","@id":"https:\/\/capta.com.co\/agustinangarita\/producto\/diuren-jarabe-240-ml\/","url":"https:\/\/capta.com.co\/agustinangarita\/producto\/diuren-jarabe-240-ml\/","name":"DIUREN JARABE 240 ml. - Agust\u00edn Angarita","isPartOf":{"@id":"https:\/\/capta.com.co\/agustinangarita\/#website"},"primaryImageOfPage":{"@id":"https:\/\/capta.com.co\/agustinangarita\/producto\/diuren-jarabe-240-ml\/#primaryimage"},"image":{"@id":"https:\/\/capta.com.co\/agustinangarita\/producto\/diuren-jarabe-240-ml\/#primaryimage"},"thumbnailUrl":"https:\/\/capta.com.co\/agustinangarita\/wp-content\/uploads\/sites\/22\/2022\/06\/DIUREN-ACHICO.png","datePublished":"2022-06-15T23:40:14+00:00","dateModified":"2024-08-15T21:09:09+00:00","breadcrumb":{"@id":"https:\/\/capta.com.co\/agustinangarita\/producto\/diuren-jarabe-240-ml\/#breadcrumb"},"inLanguage":"es","potentialAction":[{"@type":"ReadAction","target":["https:\/\/capta.com.co\/agustinangarita\/producto\/diuren-jarabe-240-ml\/"]}]},{"@type":"ImageObject","inLanguage":"es","@id":"https:\/\/capta.com.co\/agustinangarita\/producto\/diuren-jarabe-240-ml\/#primaryimage","url":"https:\/\/capta.com.co\/agustinangarita\/wp-content\/uploads\/sites\/22\/2022\/06\/DIUREN-ACHICO.png","contentUrl":"https:\/\/capta.com.co\/agustinangarita\/wp-content\/uploads\/sites\/22\/2022\/06\/DIUREN-ACHICO.png","width":544,"height":690,"caption":"DIUREN"},{"@type":"BreadcrumbList","@id":"https:\/\/capta.com.co\/agustinangarita\/producto\/diuren-jarabe-240-ml\/#breadcrumb","itemListElement":[{"@type":"ListItem","position":1,"name":"Portada","item":"https:\/\/capta.com.co\/agustinangarita\/"},{"@type":"ListItem","position":2,"name":"Tienda","item":"https:\/\/capta.com.co\/agustinangarita\/"},{"@type":"ListItem","position":3,"name":"DIUREN JARABE 240 ml."}]},{"@type":"WebSite","@id":"https:\/\/capta.com.co\/agustinangarita\/#website","url":"https:\/\/capta.com.co\/agustinangarita\/","name":"Agust\u00edn Angarita","description":"Capta - Compras que inspiran","potentialAction":[{"@type":"SearchAction","target":{"@type":"EntryPoint","urlTemplate":"https:\/\/capta.com.co\/agustinangarita\/?s={search_term_string}"},"query-input":{"@type":"PropertyValueSpecification","valueRequired":true,"valueName":"search_term_string"}}],"inLanguage":"es"}]}},"_links":{"self":[{"href":"https:\/\/capta.com.co\/agustinangarita\/wp-json\/wp\/v2\/product\/71","targetHints":{"allow":["GET"]}}],"collection":[{"href":"https:\/\/capta.com.co\/agustinangarita\/wp-json\/wp\/v2\/product"}],"about":[{"href":"https:\/\/capta.com.co\/agustinangarita\/wp-json\/wp\/v2\/types\/product"}],"replies":[{"embeddable":true,"href":"https:\/\/capta.com.co\/agustinangarita\/wp-json\/wp\/v2\/comments?post=71"}],"wp:featuredmedia":[{"embeddable":true,"href":"https:\/\/capta.com.co\/agustinangarita\/wp-json\/wp\/v2\/media\/72"}],"wp:attachment":[{"href":"https:\/\/capta.com.co\/agustinangarita\/wp-json\/wp\/v2\/media?parent=71"}],"wp:term":[{"taxonomy":"product_brand","embeddable":true,"href":"https:\/\/capta.com.co\/agustinangarita\/wp-json\/wp\/v2\/product_brand?post=71"},{"taxonomy":"product_cat","embeddable":true,"href":"https:\/\/capta.com.co\/agustinangarita\/wp-json\/wp\/v2\/product_cat?post=71"},{"taxonomy":"product_tag","embeddable":true,"href":"https:\/\/capta.com.co\/agustinangarita\/wp-json\/wp\/v2\/product_tag?post=71"}],"curies":[{"name":"wp","href":"https:\/\/api.w.org\/{rel}","templated":true}]}}