{"id":45,"date":"2022-06-15T17:18:04","date_gmt":"2022-06-15T22:18:04","guid":{"rendered":"https:\/\/capta.com.co\/agustinangarita\/?post_type=product&#038;p=45"},"modified":"2024-11-18T17:57:02","modified_gmt":"2024-11-18T22:57:02","slug":"aracin-jarabe-240-ml","status":"publish","type":"product","link":"https:\/\/capta.com.co\/agustinangarita\/producto\/aracin-jarabe-240-ml\/","title":{"rendered":"ARAC\u00cdN JARABE Frasco de 240 ml."},"content":{"rendered":"<p><strong>ARACIN. Oral en l\u00edquido. Frasco de 240ml<\/strong><\/p>\n<p><strong>ARACIN <\/strong>Contiene: Diente de le\u00f3n, Sauce, Ortiga y Cola de caballo.<\/p>\n<p><strong>ARACIN <\/strong>Usos: <strong>reducir el \u00e1cido \u00farico <\/strong>en pacientes con<strong> gota<\/strong>.<\/p>\n<p><strong>ARACIN<\/strong> Es un Colagogo<strong> y diur\u00e9tico<\/strong>.<\/p>\n<p><strong>ARACIN es Antinflamatorio y analg\u00e9sico<\/strong>. \u00datil en<strong> artritis y reumatismos.<\/strong><\/p>\n","protected":false},"excerpt":{"rendered":"<p>ARACIN. Oral en l\u00edquido. Frasco de 240ml ARACIN Contiene: Diente de le\u00f3n, Sauce, Ortiga y Cola de caballo. ARACIN Usos: reducir el \u00e1cido \u00farico en pacientes con gota. ARACIN Es un Colagogo y diur\u00e9tico. ARACIN es Antinflamatorio y analg\u00e9sico. \u00datil en artritis y reumatismos.<\/p>\n","protected":false},"featured_media":54,"comment_status":"open","ping_status":"closed","template":"","meta":{"_acf_changed":false,"inline_featured_image":false},"product_brand":[],"product_cat":[17],"product_tag":[120,46,54,104,121],"class_list":{"0":"post-45","1":"product","2":"type-product","3":"status-publish","4":"has-post-thumbnail","6":"product_cat-medicamentos-naturales","7":"product_tag-acido-urico","8":"product_tag-analgesico","9":"product_tag-artritis","10":"product_tag-diuretico","11":"product_tag-gota","13":"first","14":"instock","15":"shipping-taxable","16":"purchasable","17":"product-type-simple"},"acf":[],"yoast_head":"<!-- This site is optimized with the Yoast SEO plugin v27.3 - https:\/\/yoast.com\/product\/yoast-seo-wordpress\/ -->\n<title>ARAC\u00cdN JARABE Frasco de 240 ml. - Agust\u00edn Angarita<\/title>\n<meta name=\"robots\" content=\"index, follow, max-snippet:-1, max-image-preview:large, max-video-preview:-1\" \/>\n<link rel=\"canonical\" href=\"https:\/\/capta.com.co\/agustinangarita\/producto\/aracin-jarabe-240-ml\/\" \/>\n<meta property=\"og:locale\" content=\"es_ES\" \/>\n<meta property=\"og:type\" content=\"article\" \/>\n<meta property=\"og:title\" content=\"ARAC\u00cdN JARABE Frasco de 240 ml. - Agust\u00edn Angarita\" \/>\n<meta property=\"og:description\" content=\"ARACIN. Oral en l\u00edquido. Frasco de 240ml ARACIN Contiene: Diente de le\u00f3n, Sauce, Ortiga y Cola de caballo. ARACIN Usos: reducir el \u00e1cido \u00farico en pacientes con gota. ARACIN Es un Colagogo y diur\u00e9tico. ARACIN es Antinflamatorio y analg\u00e9sico. \u00datil en artritis y reumatismos.\" \/>\n<meta property=\"og:url\" content=\"https:\/\/capta.com.co\/agustinangarita\/producto\/aracin-jarabe-240-ml\/\" \/>\n<meta property=\"og:site_name\" content=\"Agust\u00edn Angarita\" \/>\n<meta property=\"article:modified_time\" content=\"2024-11-18T22:57:02+00:00\" \/>\n<meta property=\"og:image\" content=\"https:\/\/capta.com.co\/agustinangarita\/wp-content\/uploads\/sites\/22\/2022\/06\/ARACIN-A-CHICO-7.png\" \/>\n\t<meta property=\"og:image:width\" content=\"572\" \/>\n\t<meta property=\"og:image:height\" content=\"707\" \/>\n\t<meta property=\"og:image:type\" content=\"image\/png\" \/>\n<meta name=\"twitter:card\" content=\"summary_large_image\" \/>\n<script type=\"application\/ld+json\" class=\"yoast-schema-graph\">{\"@context\":\"https:\\\/\\\/schema.org\",\"@graph\":[{\"@type\":\"WebPage\",\"@id\":\"https:\\\/\\\/capta.com.co\\\/agustinangarita\\\/producto\\\/aracin-jarabe-240-ml\\\/\",\"url\":\"https:\\\/\\\/capta.com.co\\\/agustinangarita\\\/producto\\\/aracin-jarabe-240-ml\\\/\",\"name\":\"ARAC\u00cdN JARABE Frasco de 240 ml. - Agust\u00edn Angarita\",\"isPartOf\":{\"@id\":\"https:\\\/\\\/capta.com.co\\\/agustinangarita\\\/#website\"},\"primaryImageOfPage\":{\"@id\":\"https:\\\/\\\/capta.com.co\\\/agustinangarita\\\/producto\\\/aracin-jarabe-240-ml\\\/#primaryimage\"},\"image\":{\"@id\":\"https:\\\/\\\/capta.com.co\\\/agustinangarita\\\/producto\\\/aracin-jarabe-240-ml\\\/#primaryimage\"},\"thumbnailUrl\":\"https:\\\/\\\/capta.com.co\\\/agustinangarita\\\/wp-content\\\/uploads\\\/sites\\\/22\\\/2022\\\/06\\\/ARACIN-A-CHICO-7.png\",\"datePublished\":\"2022-06-15T22:18:04+00:00\",\"dateModified\":\"2024-11-18T22:57:02+00:00\",\"breadcrumb\":{\"@id\":\"https:\\\/\\\/capta.com.co\\\/agustinangarita\\\/producto\\\/aracin-jarabe-240-ml\\\/#breadcrumb\"},\"inLanguage\":\"es\",\"potentialAction\":[{\"@type\":\"ReadAction\",\"target\":[\"https:\\\/\\\/capta.com.co\\\/agustinangarita\\\/producto\\\/aracin-jarabe-240-ml\\\/\"]}]},{\"@type\":\"ImageObject\",\"inLanguage\":\"es\",\"@id\":\"https:\\\/\\\/capta.com.co\\\/agustinangarita\\\/producto\\\/aracin-jarabe-240-ml\\\/#primaryimage\",\"url\":\"https:\\\/\\\/capta.com.co\\\/agustinangarita\\\/wp-content\\\/uploads\\\/sites\\\/22\\\/2022\\\/06\\\/ARACIN-A-CHICO-7.png\",\"contentUrl\":\"https:\\\/\\\/capta.com.co\\\/agustinangarita\\\/wp-content\\\/uploads\\\/sites\\\/22\\\/2022\\\/06\\\/ARACIN-A-CHICO-7.png\",\"width\":572,\"height\":707,\"caption\":\"ARACIN\"},{\"@type\":\"BreadcrumbList\",\"@id\":\"https:\\\/\\\/capta.com.co\\\/agustinangarita\\\/producto\\\/aracin-jarabe-240-ml\\\/#breadcrumb\",\"itemListElement\":[{\"@type\":\"ListItem\",\"position\":1,\"name\":\"Portada\",\"item\":\"https:\\\/\\\/capta.com.co\\\/agustinangarita\\\/\"},{\"@type\":\"ListItem\",\"position\":2,\"name\":\"Tienda\",\"item\":\"https:\\\/\\\/capta.com.co\\\/agustinangarita\\\/\"},{\"@type\":\"ListItem\",\"position\":3,\"name\":\"ARAC\u00cdN JARABE Frasco de 240 ml.\"}]},{\"@type\":\"WebSite\",\"@id\":\"https:\\\/\\\/capta.com.co\\\/agustinangarita\\\/#website\",\"url\":\"https:\\\/\\\/capta.com.co\\\/agustinangarita\\\/\",\"name\":\"Agust\u00edn Angarita\",\"description\":\"Capta - Compras que inspiran\",\"potentialAction\":[{\"@type\":\"SearchAction\",\"target\":{\"@type\":\"EntryPoint\",\"urlTemplate\":\"https:\\\/\\\/capta.com.co\\\/agustinangarita\\\/?s={search_term_string}\"},\"query-input\":{\"@type\":\"PropertyValueSpecification\",\"valueRequired\":true,\"valueName\":\"search_term_string\"}}],\"inLanguage\":\"es\"}]}<\/script>\n<!-- \/ Yoast SEO plugin. -->","yoast_head_json":{"title":"ARAC\u00cdN JARABE Frasco de 240 ml. - Agust\u00edn Angarita","robots":{"index":"index","follow":"follow","max-snippet":"max-snippet:-1","max-image-preview":"max-image-preview:large","max-video-preview":"max-video-preview:-1"},"canonical":"https:\/\/capta.com.co\/agustinangarita\/producto\/aracin-jarabe-240-ml\/","og_locale":"es_ES","og_type":"article","og_title":"ARAC\u00cdN JARABE Frasco de 240 ml. - Agust\u00edn Angarita","og_description":"ARACIN. Oral en l\u00edquido. Frasco de 240ml ARACIN Contiene: Diente de le\u00f3n, Sauce, Ortiga y Cola de caballo. ARACIN Usos: reducir el \u00e1cido \u00farico en pacientes con gota. ARACIN Es un Colagogo y diur\u00e9tico. ARACIN es Antinflamatorio y analg\u00e9sico. \u00datil en artritis y reumatismos.","og_url":"https:\/\/capta.com.co\/agustinangarita\/producto\/aracin-jarabe-240-ml\/","og_site_name":"Agust\u00edn Angarita","article_modified_time":"2024-11-18T22:57:02+00:00","og_image":[{"width":572,"height":707,"url":"https:\/\/capta.com.co\/agustinangarita\/wp-content\/uploads\/sites\/22\/2022\/06\/ARACIN-A-CHICO-7.png","type":"image\/png"}],"twitter_card":"summary_large_image","schema":{"@context":"https:\/\/schema.org","@graph":[{"@type":"WebPage","@id":"https:\/\/capta.com.co\/agustinangarita\/producto\/aracin-jarabe-240-ml\/","url":"https:\/\/capta.com.co\/agustinangarita\/producto\/aracin-jarabe-240-ml\/","name":"ARAC\u00cdN JARABE Frasco de 240 ml. - Agust\u00edn Angarita","isPartOf":{"@id":"https:\/\/capta.com.co\/agustinangarita\/#website"},"primaryImageOfPage":{"@id":"https:\/\/capta.com.co\/agustinangarita\/producto\/aracin-jarabe-240-ml\/#primaryimage"},"image":{"@id":"https:\/\/capta.com.co\/agustinangarita\/producto\/aracin-jarabe-240-ml\/#primaryimage"},"thumbnailUrl":"https:\/\/capta.com.co\/agustinangarita\/wp-content\/uploads\/sites\/22\/2022\/06\/ARACIN-A-CHICO-7.png","datePublished":"2022-06-15T22:18:04+00:00","dateModified":"2024-11-18T22:57:02+00:00","breadcrumb":{"@id":"https:\/\/capta.com.co\/agustinangarita\/producto\/aracin-jarabe-240-ml\/#breadcrumb"},"inLanguage":"es","potentialAction":[{"@type":"ReadAction","target":["https:\/\/capta.com.co\/agustinangarita\/producto\/aracin-jarabe-240-ml\/"]}]},{"@type":"ImageObject","inLanguage":"es","@id":"https:\/\/capta.com.co\/agustinangarita\/producto\/aracin-jarabe-240-ml\/#primaryimage","url":"https:\/\/capta.com.co\/agustinangarita\/wp-content\/uploads\/sites\/22\/2022\/06\/ARACIN-A-CHICO-7.png","contentUrl":"https:\/\/capta.com.co\/agustinangarita\/wp-content\/uploads\/sites\/22\/2022\/06\/ARACIN-A-CHICO-7.png","width":572,"height":707,"caption":"ARACIN"},{"@type":"BreadcrumbList","@id":"https:\/\/capta.com.co\/agustinangarita\/producto\/aracin-jarabe-240-ml\/#breadcrumb","itemListElement":[{"@type":"ListItem","position":1,"name":"Portada","item":"https:\/\/capta.com.co\/agustinangarita\/"},{"@type":"ListItem","position":2,"name":"Tienda","item":"https:\/\/capta.com.co\/agustinangarita\/"},{"@type":"ListItem","position":3,"name":"ARAC\u00cdN JARABE Frasco de 240 ml."}]},{"@type":"WebSite","@id":"https:\/\/capta.com.co\/agustinangarita\/#website","url":"https:\/\/capta.com.co\/agustinangarita\/","name":"Agust\u00edn Angarita","description":"Capta - Compras que inspiran","potentialAction":[{"@type":"SearchAction","target":{"@type":"EntryPoint","urlTemplate":"https:\/\/capta.com.co\/agustinangarita\/?s={search_term_string}"},"query-input":{"@type":"PropertyValueSpecification","valueRequired":true,"valueName":"search_term_string"}}],"inLanguage":"es"}]}},"_links":{"self":[{"href":"https:\/\/capta.com.co\/agustinangarita\/wp-json\/wp\/v2\/product\/45","targetHints":{"allow":["GET"]}}],"collection":[{"href":"https:\/\/capta.com.co\/agustinangarita\/wp-json\/wp\/v2\/product"}],"about":[{"href":"https:\/\/capta.com.co\/agustinangarita\/wp-json\/wp\/v2\/types\/product"}],"replies":[{"embeddable":true,"href":"https:\/\/capta.com.co\/agustinangarita\/wp-json\/wp\/v2\/comments?post=45"}],"wp:featuredmedia":[{"embeddable":true,"href":"https:\/\/capta.com.co\/agustinangarita\/wp-json\/wp\/v2\/media\/54"}],"wp:attachment":[{"href":"https:\/\/capta.com.co\/agustinangarita\/wp-json\/wp\/v2\/media?parent=45"}],"wp:term":[{"taxonomy":"product_brand","embeddable":true,"href":"https:\/\/capta.com.co\/agustinangarita\/wp-json\/wp\/v2\/product_brand?post=45"},{"taxonomy":"product_cat","embeddable":true,"href":"https:\/\/capta.com.co\/agustinangarita\/wp-json\/wp\/v2\/product_cat?post=45"},{"taxonomy":"product_tag","embeddable":true,"href":"https:\/\/capta.com.co\/agustinangarita\/wp-json\/wp\/v2\/product_tag?post=45"}],"curies":[{"name":"wp","href":"https:\/\/api.w.org\/{rel}","templated":true}]}}