{"id":355,"date":"2024-08-15T11:55:43","date_gmt":"2024-08-15T16:55:43","guid":{"rendered":"https:\/\/capta.com.co\/agustinangarita\/?post_type=product&#038;p=355"},"modified":"2024-11-09T09:24:47","modified_gmt":"2024-11-09T14:24:47","slug":"belepoc","status":"publish","type":"product","link":"https:\/\/capta.com.co\/agustinangarita\/producto\/belepoc\/","title":{"rendered":"BELEPOC Caja de 30 sobres"},"content":{"rendered":"<p><strong>Belepoc<\/strong> es una combinaci\u00f3n finamente balanceada de m\u00e1s de 15 billones de probi\u00f3ticos de 15 cepas diferentes, sobre una base de arroz integral en polvo, prebioticos, postbi\u00f3tios, 3 tipos de enzimas (bromelina, lipasa y papa\u00edna), 10 vitaminas (Vitamina A, vitamina C, vitamina B1, Vitamina B2, Vitamina B5, Vitamina B6, Vitamina B9,\u00a0 Vitamina B12, biotina) y 3 minerales (Cobre, manganeso,\u00a0 selenio y zinc).<\/p>\n<p><strong>Belepoc<\/strong> es muy \u00fatil para contribuir a recuperar el microbioma intestinal alterado por la alimentaci\u00f3n inadecuada, por el uso prolongado de antibi\u00f3ticos, productos de quimioterapia para tratamiento del c\u00e1ncer y tumores, pacientes con enfermedades <strong>mentales<\/strong> (Alzheimer, demencia senil, ACV, epilepsia, Parkinson, Depresi\u00f3n y ansiedad), diabetes, artritis, migra\u00f1as, colon irritable, enfermedad de Crohn, obesidad.<\/p>\n","protected":false},"excerpt":{"rendered":"<p>Belepoc es una combinaci\u00f3n finamente balanceada de m\u00e1s de 15 billones de probi\u00f3ticos de 15 cepas diferentes, sobre una base de arroz integral en polvo, prebioticos, postbi\u00f3tios, 3 tipos de enzimas (bromelina, lipasa y papa\u00edna), 10 vitaminas (Vitamina A, vitamina C, vitamina B1, Vitamina B2, Vitamina B5, Vitamina B6, Vitamina B9,\u00a0 Vitamina B12, biotina) y [&hellip;]<\/p>\n","protected":false},"featured_media":356,"comment_status":"open","ping_status":"closed","template":"","meta":{"_acf_changed":false,"inline_featured_image":false},"product_brand":[],"product_cat":[16,128,17],"product_tag":[93,144,178,261,260,259,258],"class_list":{"0":"post-355","1":"product","2":"type-product","3":"status-publish","4":"has-post-thumbnail","6":"product_cat-alimento-funcional","7":"product_cat-inmunomodulador","8":"product_cat-medicamentos-naturales","9":"product_tag-cancer","10":"product_tag-colitis","11":"product_tag-diabetes","12":"product_tag-enfermedades-mentales","13":"product_tag-postbiotico","14":"product_tag-prebiotico","15":"product_tag-probiotico","17":"first","18":"instock","19":"shipping-taxable","20":"purchasable","21":"product-type-simple"},"acf":[],"yoast_head":"<!-- This site is optimized with the Yoast SEO plugin v27.4 - https:\/\/yoast.com\/product\/yoast-seo-wordpress\/ -->\n<title>BELEPOC Caja de 30 sobres - Agust\u00edn Angarita<\/title>\n<meta name=\"robots\" content=\"index, follow, max-snippet:-1, max-image-preview:large, max-video-preview:-1\" \/>\n<link rel=\"canonical\" href=\"https:\/\/capta.com.co\/agustinangarita\/producto\/belepoc\/\" \/>\n<meta property=\"og:locale\" content=\"es_ES\" \/>\n<meta property=\"og:type\" content=\"article\" \/>\n<meta property=\"og:title\" content=\"BELEPOC Caja de 30 sobres - Agust\u00edn Angarita\" \/>\n<meta property=\"og:description\" content=\"Belepoc es una combinaci\u00f3n finamente balanceada de m\u00e1s de 15 billones de probi\u00f3ticos de 15 cepas diferentes, sobre una base de arroz integral en polvo, prebioticos, postbi\u00f3tios, 3 tipos de enzimas (bromelina, lipasa y papa\u00edna), 10 vitaminas (Vitamina A, vitamina C, vitamina B1, Vitamina B2, Vitamina B5, Vitamina B6, Vitamina B9,\u00a0 Vitamina B12, biotina) y [&hellip;]\" \/>\n<meta property=\"og:url\" content=\"https:\/\/capta.com.co\/agustinangarita\/producto\/belepoc\/\" \/>\n<meta property=\"og:site_name\" content=\"Agust\u00edn Angarita\" \/>\n<meta property=\"article:modified_time\" content=\"2024-11-09T14:24:47+00:00\" \/>\n<meta property=\"og:image\" content=\"https:\/\/capta.com.co\/agustinangarita\/wp-content\/uploads\/sites\/22\/2024\/08\/BELEPOC.jpeg\" \/>\n\t<meta property=\"og:image:width\" content=\"1465\" \/>\n\t<meta property=\"og:image:height\" content=\"939\" \/>\n\t<meta property=\"og:image:type\" content=\"image\/jpeg\" \/>\n<meta name=\"twitter:card\" content=\"summary_large_image\" \/>\n<meta name=\"twitter:label1\" content=\"Tiempo de lectura\" \/>\n\t<meta name=\"twitter:data1\" content=\"1 minuto\" \/>\n<script type=\"application\/ld+json\" class=\"yoast-schema-graph\">{\"@context\":\"https:\\\/\\\/schema.org\",\"@graph\":[{\"@type\":\"WebPage\",\"@id\":\"https:\\\/\\\/capta.com.co\\\/agustinangarita\\\/producto\\\/belepoc\\\/\",\"url\":\"https:\\\/\\\/capta.com.co\\\/agustinangarita\\\/producto\\\/belepoc\\\/\",\"name\":\"BELEPOC Caja de 30 sobres - Agust\u00edn Angarita\",\"isPartOf\":{\"@id\":\"https:\\\/\\\/capta.com.co\\\/agustinangarita\\\/#website\"},\"primaryImageOfPage\":{\"@id\":\"https:\\\/\\\/capta.com.co\\\/agustinangarita\\\/producto\\\/belepoc\\\/#primaryimage\"},\"image\":{\"@id\":\"https:\\\/\\\/capta.com.co\\\/agustinangarita\\\/producto\\\/belepoc\\\/#primaryimage\"},\"thumbnailUrl\":\"https:\\\/\\\/capta.com.co\\\/agustinangarita\\\/wp-content\\\/uploads\\\/sites\\\/22\\\/2024\\\/08\\\/BELEPOC.jpeg\",\"datePublished\":\"2024-08-15T16:55:43+00:00\",\"dateModified\":\"2024-11-09T14:24:47+00:00\",\"breadcrumb\":{\"@id\":\"https:\\\/\\\/capta.com.co\\\/agustinangarita\\\/producto\\\/belepoc\\\/#breadcrumb\"},\"inLanguage\":\"es\",\"potentialAction\":[{\"@type\":\"ReadAction\",\"target\":[\"https:\\\/\\\/capta.com.co\\\/agustinangarita\\\/producto\\\/belepoc\\\/\"]}]},{\"@type\":\"ImageObject\",\"inLanguage\":\"es\",\"@id\":\"https:\\\/\\\/capta.com.co\\\/agustinangarita\\\/producto\\\/belepoc\\\/#primaryimage\",\"url\":\"https:\\\/\\\/capta.com.co\\\/agustinangarita\\\/wp-content\\\/uploads\\\/sites\\\/22\\\/2024\\\/08\\\/BELEPOC.jpeg\",\"contentUrl\":\"https:\\\/\\\/capta.com.co\\\/agustinangarita\\\/wp-content\\\/uploads\\\/sites\\\/22\\\/2024\\\/08\\\/BELEPOC.jpeg\",\"width\":1465,\"height\":939,\"caption\":\"BELEPOC\"},{\"@type\":\"BreadcrumbList\",\"@id\":\"https:\\\/\\\/capta.com.co\\\/agustinangarita\\\/producto\\\/belepoc\\\/#breadcrumb\",\"itemListElement\":[{\"@type\":\"ListItem\",\"position\":1,\"name\":\"Portada\",\"item\":\"https:\\\/\\\/capta.com.co\\\/agustinangarita\\\/\"},{\"@type\":\"ListItem\",\"position\":2,\"name\":\"Tienda\",\"item\":\"https:\\\/\\\/capta.com.co\\\/agustinangarita\\\/\"},{\"@type\":\"ListItem\",\"position\":3,\"name\":\"BELEPOC Caja de 30 sobres\"}]},{\"@type\":\"WebSite\",\"@id\":\"https:\\\/\\\/capta.com.co\\\/agustinangarita\\\/#website\",\"url\":\"https:\\\/\\\/capta.com.co\\\/agustinangarita\\\/\",\"name\":\"Agust\u00edn Angarita\",\"description\":\"Capta - Compras que inspiran\",\"potentialAction\":[{\"@type\":\"SearchAction\",\"target\":{\"@type\":\"EntryPoint\",\"urlTemplate\":\"https:\\\/\\\/capta.com.co\\\/agustinangarita\\\/?s={search_term_string}\"},\"query-input\":{\"@type\":\"PropertyValueSpecification\",\"valueRequired\":true,\"valueName\":\"search_term_string\"}}],\"inLanguage\":\"es\"}]}<\/script>\n<!-- \/ Yoast SEO plugin. -->","yoast_head_json":{"title":"BELEPOC Caja de 30 sobres - Agust\u00edn Angarita","robots":{"index":"index","follow":"follow","max-snippet":"max-snippet:-1","max-image-preview":"max-image-preview:large","max-video-preview":"max-video-preview:-1"},"canonical":"https:\/\/capta.com.co\/agustinangarita\/producto\/belepoc\/","og_locale":"es_ES","og_type":"article","og_title":"BELEPOC Caja de 30 sobres - Agust\u00edn Angarita","og_description":"Belepoc es una combinaci\u00f3n finamente balanceada de m\u00e1s de 15 billones de probi\u00f3ticos de 15 cepas diferentes, sobre una base de arroz integral en polvo, prebioticos, postbi\u00f3tios, 3 tipos de enzimas (bromelina, lipasa y papa\u00edna), 10 vitaminas (Vitamina A, vitamina C, vitamina B1, Vitamina B2, Vitamina B5, Vitamina B6, Vitamina B9,\u00a0 Vitamina B12, biotina) y [&hellip;]","og_url":"https:\/\/capta.com.co\/agustinangarita\/producto\/belepoc\/","og_site_name":"Agust\u00edn Angarita","article_modified_time":"2024-11-09T14:24:47+00:00","og_image":[{"width":1465,"height":939,"url":"https:\/\/capta.com.co\/agustinangarita\/wp-content\/uploads\/sites\/22\/2024\/08\/BELEPOC.jpeg","type":"image\/jpeg"}],"twitter_card":"summary_large_image","twitter_misc":{"Tiempo de lectura":"1 minuto"},"schema":{"@context":"https:\/\/schema.org","@graph":[{"@type":"WebPage","@id":"https:\/\/capta.com.co\/agustinangarita\/producto\/belepoc\/","url":"https:\/\/capta.com.co\/agustinangarita\/producto\/belepoc\/","name":"BELEPOC Caja de 30 sobres - Agust\u00edn Angarita","isPartOf":{"@id":"https:\/\/capta.com.co\/agustinangarita\/#website"},"primaryImageOfPage":{"@id":"https:\/\/capta.com.co\/agustinangarita\/producto\/belepoc\/#primaryimage"},"image":{"@id":"https:\/\/capta.com.co\/agustinangarita\/producto\/belepoc\/#primaryimage"},"thumbnailUrl":"https:\/\/capta.com.co\/agustinangarita\/wp-content\/uploads\/sites\/22\/2024\/08\/BELEPOC.jpeg","datePublished":"2024-08-15T16:55:43+00:00","dateModified":"2024-11-09T14:24:47+00:00","breadcrumb":{"@id":"https:\/\/capta.com.co\/agustinangarita\/producto\/belepoc\/#breadcrumb"},"inLanguage":"es","potentialAction":[{"@type":"ReadAction","target":["https:\/\/capta.com.co\/agustinangarita\/producto\/belepoc\/"]}]},{"@type":"ImageObject","inLanguage":"es","@id":"https:\/\/capta.com.co\/agustinangarita\/producto\/belepoc\/#primaryimage","url":"https:\/\/capta.com.co\/agustinangarita\/wp-content\/uploads\/sites\/22\/2024\/08\/BELEPOC.jpeg","contentUrl":"https:\/\/capta.com.co\/agustinangarita\/wp-content\/uploads\/sites\/22\/2024\/08\/BELEPOC.jpeg","width":1465,"height":939,"caption":"BELEPOC"},{"@type":"BreadcrumbList","@id":"https:\/\/capta.com.co\/agustinangarita\/producto\/belepoc\/#breadcrumb","itemListElement":[{"@type":"ListItem","position":1,"name":"Portada","item":"https:\/\/capta.com.co\/agustinangarita\/"},{"@type":"ListItem","position":2,"name":"Tienda","item":"https:\/\/capta.com.co\/agustinangarita\/"},{"@type":"ListItem","position":3,"name":"BELEPOC Caja de 30 sobres"}]},{"@type":"WebSite","@id":"https:\/\/capta.com.co\/agustinangarita\/#website","url":"https:\/\/capta.com.co\/agustinangarita\/","name":"Agust\u00edn Angarita","description":"Capta - Compras que inspiran","potentialAction":[{"@type":"SearchAction","target":{"@type":"EntryPoint","urlTemplate":"https:\/\/capta.com.co\/agustinangarita\/?s={search_term_string}"},"query-input":{"@type":"PropertyValueSpecification","valueRequired":true,"valueName":"search_term_string"}}],"inLanguage":"es"}]}},"_links":{"self":[{"href":"https:\/\/capta.com.co\/agustinangarita\/wp-json\/wp\/v2\/product\/355","targetHints":{"allow":["GET"]}}],"collection":[{"href":"https:\/\/capta.com.co\/agustinangarita\/wp-json\/wp\/v2\/product"}],"about":[{"href":"https:\/\/capta.com.co\/agustinangarita\/wp-json\/wp\/v2\/types\/product"}],"replies":[{"embeddable":true,"href":"https:\/\/capta.com.co\/agustinangarita\/wp-json\/wp\/v2\/comments?post=355"}],"wp:featuredmedia":[{"embeddable":true,"href":"https:\/\/capta.com.co\/agustinangarita\/wp-json\/wp\/v2\/media\/356"}],"wp:attachment":[{"href":"https:\/\/capta.com.co\/agustinangarita\/wp-json\/wp\/v2\/media?parent=355"}],"wp:term":[{"taxonomy":"product_brand","embeddable":true,"href":"https:\/\/capta.com.co\/agustinangarita\/wp-json\/wp\/v2\/product_brand?post=355"},{"taxonomy":"product_cat","embeddable":true,"href":"https:\/\/capta.com.co\/agustinangarita\/wp-json\/wp\/v2\/product_cat?post=355"},{"taxonomy":"product_tag","embeddable":true,"href":"https:\/\/capta.com.co\/agustinangarita\/wp-json\/wp\/v2\/product_tag?post=355"}],"curies":[{"name":"wp","href":"https:\/\/api.w.org\/{rel}","templated":true}]}}