{"id":256,"date":"2023-08-31T16:45:10","date_gmt":"2023-08-31T21:45:10","guid":{"rendered":"https:\/\/capta.com.co\/agustinangarita\/?post_type=product&#038;p=256"},"modified":"2024-11-09T09:39:07","modified_gmt":"2024-11-09T14:39:07","slug":"acido-ascorbico","status":"publish","type":"product","link":"https:\/\/capta.com.co\/agustinangarita\/producto\/acido-ascorbico\/","title":{"rendered":"ACIDO ASCORBICO"},"content":{"rendered":"<p><strong>Producto homeop\u00e1tico<\/strong>. Es <strong>vitamina C<\/strong> o \u00e1cido asc\u00f3rbico. Es un nutriente hidrosoluble que se encuentra en ciertos alimentos naturales. A<b>ct\u00faa como antioxidante, <\/b>al ayudar a proteger las c\u00e9lulas contra los da\u00f1os causados por los<b> radicales libres. <\/b>La vitamina C ayuda a la <b>cicatrizaci\u00f3n de las heridas, <\/b>mejorar la<b> absorci\u00f3n de hierro de los alimentos vegetales y apoyar el sistema inmunol\u00f3gico.<\/b><\/p>\n<p>El \u00e1cido asc\u00f3rbico es una <b>vitamina<\/b> necesaria para el crecimiento y reparaci\u00f3n de tejidos del cuerpo, adem\u00e1s de ser un potente antioxidante que brinda grandes beneficios para la piel y reduce su envejecimiento prematuro.<\/p>\n","protected":false},"excerpt":{"rendered":"<p>Producto homeop\u00e1tico. Es vitamina C o \u00e1cido asc\u00f3rbico. Es un nutriente hidrosoluble que se encuentra en ciertos alimentos naturales. Act\u00faa como antioxidante, al ayudar a proteger las c\u00e9lulas contra los da\u00f1os causados por los radicales libres. La vitamina C ayuda a la cicatrizaci\u00f3n de las heridas, mejorar la absorci\u00f3n de hierro de los alimentos vegetales [&hellip;]<\/p>\n","protected":false},"featured_media":259,"comment_status":"open","ping_status":"closed","template":"","meta":{"_acf_changed":false,"inline_featured_image":false},"product_brand":[],"product_cat":[16,128,17],"product_tag":[66,97,223,222],"class_list":{"0":"post-256","1":"product","2":"type-product","3":"status-publish","4":"has-post-thumbnail","6":"product_cat-alimento-funcional","7":"product_cat-inmunomodulador","8":"product_cat-medicamentos-naturales","9":"product_tag-antioxidante","10":"product_tag-mejora-sistema-inmune","11":"product_tag-previene-envejecimiento-prematuro-de-piel","12":"product_tag-reduce-radicales-libres","14":"first","15":"instock","16":"shipping-taxable","17":"purchasable","18":"product-type-simple"},"acf":[],"yoast_head":"<!-- This site is optimized with the Yoast SEO plugin v27.3 - https:\/\/yoast.com\/product\/yoast-seo-wordpress\/ -->\n<title>ACIDO ASCORBICO - Agust\u00edn Angarita<\/title>\n<meta name=\"robots\" content=\"index, follow, max-snippet:-1, max-image-preview:large, max-video-preview:-1\" \/>\n<link rel=\"canonical\" href=\"https:\/\/capta.com.co\/agustinangarita\/producto\/acido-ascorbico\/\" \/>\n<meta property=\"og:locale\" content=\"es_ES\" \/>\n<meta property=\"og:type\" content=\"article\" \/>\n<meta property=\"og:title\" content=\"ACIDO ASCORBICO - Agust\u00edn Angarita\" \/>\n<meta property=\"og:description\" content=\"Producto homeop\u00e1tico. Es vitamina C o \u00e1cido asc\u00f3rbico. Es un nutriente hidrosoluble que se encuentra en ciertos alimentos naturales. Act\u00faa como antioxidante, al ayudar a proteger las c\u00e9lulas contra los da\u00f1os causados por los radicales libres. La vitamina C ayuda a la cicatrizaci\u00f3n de las heridas, mejorar la absorci\u00f3n de hierro de los alimentos vegetales [&hellip;]\" \/>\n<meta property=\"og:url\" content=\"https:\/\/capta.com.co\/agustinangarita\/producto\/acido-ascorbico\/\" \/>\n<meta property=\"og:site_name\" content=\"Agust\u00edn Angarita\" \/>\n<meta property=\"article:modified_time\" content=\"2024-11-09T14:39:07+00:00\" \/>\n<meta property=\"og:image\" content=\"https:\/\/capta.com.co\/agustinangarita\/wp-content\/uploads\/sites\/22\/2023\/08\/IMG_20230825_165730-removebg-preview.png\" \/>\n\t<meta property=\"og:image:width\" content=\"375\" \/>\n\t<meta property=\"og:image:height\" content=\"666\" \/>\n\t<meta property=\"og:image:type\" content=\"image\/png\" \/>\n<meta name=\"twitter:card\" content=\"summary_large_image\" \/>\n<meta name=\"twitter:label1\" content=\"Tiempo de lectura\" \/>\n\t<meta name=\"twitter:data1\" content=\"1 minuto\" \/>\n<script type=\"application\/ld+json\" class=\"yoast-schema-graph\">{\"@context\":\"https:\\\/\\\/schema.org\",\"@graph\":[{\"@type\":\"WebPage\",\"@id\":\"https:\\\/\\\/capta.com.co\\\/agustinangarita\\\/producto\\\/acido-ascorbico\\\/\",\"url\":\"https:\\\/\\\/capta.com.co\\\/agustinangarita\\\/producto\\\/acido-ascorbico\\\/\",\"name\":\"ACIDO ASCORBICO - Agust\u00edn Angarita\",\"isPartOf\":{\"@id\":\"https:\\\/\\\/capta.com.co\\\/agustinangarita\\\/#website\"},\"primaryImageOfPage\":{\"@id\":\"https:\\\/\\\/capta.com.co\\\/agustinangarita\\\/producto\\\/acido-ascorbico\\\/#primaryimage\"},\"image\":{\"@id\":\"https:\\\/\\\/capta.com.co\\\/agustinangarita\\\/producto\\\/acido-ascorbico\\\/#primaryimage\"},\"thumbnailUrl\":\"https:\\\/\\\/capta.com.co\\\/agustinangarita\\\/wp-content\\\/uploads\\\/sites\\\/22\\\/2023\\\/08\\\/IMG_20230825_165730-removebg-preview.png\",\"datePublished\":\"2023-08-31T21:45:10+00:00\",\"dateModified\":\"2024-11-09T14:39:07+00:00\",\"breadcrumb\":{\"@id\":\"https:\\\/\\\/capta.com.co\\\/agustinangarita\\\/producto\\\/acido-ascorbico\\\/#breadcrumb\"},\"inLanguage\":\"es\",\"potentialAction\":[{\"@type\":\"ReadAction\",\"target\":[\"https:\\\/\\\/capta.com.co\\\/agustinangarita\\\/producto\\\/acido-ascorbico\\\/\"]}]},{\"@type\":\"ImageObject\",\"inLanguage\":\"es\",\"@id\":\"https:\\\/\\\/capta.com.co\\\/agustinangarita\\\/producto\\\/acido-ascorbico\\\/#primaryimage\",\"url\":\"https:\\\/\\\/capta.com.co\\\/agustinangarita\\\/wp-content\\\/uploads\\\/sites\\\/22\\\/2023\\\/08\\\/IMG_20230825_165730-removebg-preview.png\",\"contentUrl\":\"https:\\\/\\\/capta.com.co\\\/agustinangarita\\\/wp-content\\\/uploads\\\/sites\\\/22\\\/2023\\\/08\\\/IMG_20230825_165730-removebg-preview.png\",\"width\":375,\"height\":666},{\"@type\":\"BreadcrumbList\",\"@id\":\"https:\\\/\\\/capta.com.co\\\/agustinangarita\\\/producto\\\/acido-ascorbico\\\/#breadcrumb\",\"itemListElement\":[{\"@type\":\"ListItem\",\"position\":1,\"name\":\"Portada\",\"item\":\"https:\\\/\\\/capta.com.co\\\/agustinangarita\\\/\"},{\"@type\":\"ListItem\",\"position\":2,\"name\":\"Tienda\",\"item\":\"https:\\\/\\\/capta.com.co\\\/agustinangarita\\\/\"},{\"@type\":\"ListItem\",\"position\":3,\"name\":\"ACIDO ASCORBICO\"}]},{\"@type\":\"WebSite\",\"@id\":\"https:\\\/\\\/capta.com.co\\\/agustinangarita\\\/#website\",\"url\":\"https:\\\/\\\/capta.com.co\\\/agustinangarita\\\/\",\"name\":\"Agust\u00edn Angarita\",\"description\":\"Capta - Compras que inspiran\",\"potentialAction\":[{\"@type\":\"SearchAction\",\"target\":{\"@type\":\"EntryPoint\",\"urlTemplate\":\"https:\\\/\\\/capta.com.co\\\/agustinangarita\\\/?s={search_term_string}\"},\"query-input\":{\"@type\":\"PropertyValueSpecification\",\"valueRequired\":true,\"valueName\":\"search_term_string\"}}],\"inLanguage\":\"es\"}]}<\/script>\n<!-- \/ Yoast SEO plugin. -->","yoast_head_json":{"title":"ACIDO ASCORBICO - Agust\u00edn Angarita","robots":{"index":"index","follow":"follow","max-snippet":"max-snippet:-1","max-image-preview":"max-image-preview:large","max-video-preview":"max-video-preview:-1"},"canonical":"https:\/\/capta.com.co\/agustinangarita\/producto\/acido-ascorbico\/","og_locale":"es_ES","og_type":"article","og_title":"ACIDO ASCORBICO - Agust\u00edn Angarita","og_description":"Producto homeop\u00e1tico. Es vitamina C o \u00e1cido asc\u00f3rbico. Es un nutriente hidrosoluble que se encuentra en ciertos alimentos naturales. Act\u00faa como antioxidante, al ayudar a proteger las c\u00e9lulas contra los da\u00f1os causados por los radicales libres. La vitamina C ayuda a la cicatrizaci\u00f3n de las heridas, mejorar la absorci\u00f3n de hierro de los alimentos vegetales [&hellip;]","og_url":"https:\/\/capta.com.co\/agustinangarita\/producto\/acido-ascorbico\/","og_site_name":"Agust\u00edn Angarita","article_modified_time":"2024-11-09T14:39:07+00:00","og_image":[{"width":375,"height":666,"url":"https:\/\/capta.com.co\/agustinangarita\/wp-content\/uploads\/sites\/22\/2023\/08\/IMG_20230825_165730-removebg-preview.png","type":"image\/png"}],"twitter_card":"summary_large_image","twitter_misc":{"Tiempo de lectura":"1 minuto"},"schema":{"@context":"https:\/\/schema.org","@graph":[{"@type":"WebPage","@id":"https:\/\/capta.com.co\/agustinangarita\/producto\/acido-ascorbico\/","url":"https:\/\/capta.com.co\/agustinangarita\/producto\/acido-ascorbico\/","name":"ACIDO ASCORBICO - Agust\u00edn Angarita","isPartOf":{"@id":"https:\/\/capta.com.co\/agustinangarita\/#website"},"primaryImageOfPage":{"@id":"https:\/\/capta.com.co\/agustinangarita\/producto\/acido-ascorbico\/#primaryimage"},"image":{"@id":"https:\/\/capta.com.co\/agustinangarita\/producto\/acido-ascorbico\/#primaryimage"},"thumbnailUrl":"https:\/\/capta.com.co\/agustinangarita\/wp-content\/uploads\/sites\/22\/2023\/08\/IMG_20230825_165730-removebg-preview.png","datePublished":"2023-08-31T21:45:10+00:00","dateModified":"2024-11-09T14:39:07+00:00","breadcrumb":{"@id":"https:\/\/capta.com.co\/agustinangarita\/producto\/acido-ascorbico\/#breadcrumb"},"inLanguage":"es","potentialAction":[{"@type":"ReadAction","target":["https:\/\/capta.com.co\/agustinangarita\/producto\/acido-ascorbico\/"]}]},{"@type":"ImageObject","inLanguage":"es","@id":"https:\/\/capta.com.co\/agustinangarita\/producto\/acido-ascorbico\/#primaryimage","url":"https:\/\/capta.com.co\/agustinangarita\/wp-content\/uploads\/sites\/22\/2023\/08\/IMG_20230825_165730-removebg-preview.png","contentUrl":"https:\/\/capta.com.co\/agustinangarita\/wp-content\/uploads\/sites\/22\/2023\/08\/IMG_20230825_165730-removebg-preview.png","width":375,"height":666},{"@type":"BreadcrumbList","@id":"https:\/\/capta.com.co\/agustinangarita\/producto\/acido-ascorbico\/#breadcrumb","itemListElement":[{"@type":"ListItem","position":1,"name":"Portada","item":"https:\/\/capta.com.co\/agustinangarita\/"},{"@type":"ListItem","position":2,"name":"Tienda","item":"https:\/\/capta.com.co\/agustinangarita\/"},{"@type":"ListItem","position":3,"name":"ACIDO ASCORBICO"}]},{"@type":"WebSite","@id":"https:\/\/capta.com.co\/agustinangarita\/#website","url":"https:\/\/capta.com.co\/agustinangarita\/","name":"Agust\u00edn Angarita","description":"Capta - Compras que inspiran","potentialAction":[{"@type":"SearchAction","target":{"@type":"EntryPoint","urlTemplate":"https:\/\/capta.com.co\/agustinangarita\/?s={search_term_string}"},"query-input":{"@type":"PropertyValueSpecification","valueRequired":true,"valueName":"search_term_string"}}],"inLanguage":"es"}]}},"_links":{"self":[{"href":"https:\/\/capta.com.co\/agustinangarita\/wp-json\/wp\/v2\/product\/256","targetHints":{"allow":["GET"]}}],"collection":[{"href":"https:\/\/capta.com.co\/agustinangarita\/wp-json\/wp\/v2\/product"}],"about":[{"href":"https:\/\/capta.com.co\/agustinangarita\/wp-json\/wp\/v2\/types\/product"}],"replies":[{"embeddable":true,"href":"https:\/\/capta.com.co\/agustinangarita\/wp-json\/wp\/v2\/comments?post=256"}],"wp:featuredmedia":[{"embeddable":true,"href":"https:\/\/capta.com.co\/agustinangarita\/wp-json\/wp\/v2\/media\/259"}],"wp:attachment":[{"href":"https:\/\/capta.com.co\/agustinangarita\/wp-json\/wp\/v2\/media?parent=256"}],"wp:term":[{"taxonomy":"product_brand","embeddable":true,"href":"https:\/\/capta.com.co\/agustinangarita\/wp-json\/wp\/v2\/product_brand?post=256"},{"taxonomy":"product_cat","embeddable":true,"href":"https:\/\/capta.com.co\/agustinangarita\/wp-json\/wp\/v2\/product_cat?post=256"},{"taxonomy":"product_tag","embeddable":true,"href":"https:\/\/capta.com.co\/agustinangarita\/wp-json\/wp\/v2\/product_tag?post=256"}],"curies":[{"name":"wp","href":"https:\/\/api.w.org\/{rel}","templated":true}]}}