{"id":250,"date":"2023-08-31T17:20:17","date_gmt":"2023-08-31T22:20:17","guid":{"rendered":"https:\/\/capta.com.co\/agustinangarita\/?post_type=product&#038;p=250"},"modified":"2024-11-09T09:31:46","modified_gmt":"2024-11-09T14:31:46","slug":"drosera-jarabe-240-ml","status":"publish","type":"product","link":"https:\/\/capta.com.co\/agustinangarita\/producto\/drosera-jarabe-240-ml\/","title":{"rendered":"DROSERA Jarabe 240 ml"},"content":{"rendered":"<p><b>Drosera <\/b>Es un remedio natural excelente para<b> relajar los m\u00fasculos de las v\u00edas respiratorias<\/b>. Es muy eficaz para ayudar a calmar la tos persistente, o la tos seca e irritativa, la bronquitis cr\u00f3nica, episodios de asma (alivia los silbidos en el pecho), faringitis, laringitis y procesos gripales.<\/p>\n<p><strong>Drosera<\/strong> es un medicamento homeop\u00e1tico especialmente indicado para el tratamiento de la <b>tos ferina, <\/b>y de otras formas de <b>tos <\/b>que deriven de<b> afecciones bronqu\u00edticas o de gripes y resfriados<\/b>. Tambi\u00e9n reduce los episodios de tos asociados al asma bronquial.<\/p>\n","protected":false},"excerpt":{"rendered":"<p>Drosera Es un remedio natural excelente para relajar los m\u00fasculos de las v\u00edas respiratorias. Es muy eficaz para ayudar a calmar la tos persistente, o la tos seca e irritativa, la bronquitis cr\u00f3nica, episodios de asma (alivia los silbidos en el pecho), faringitis, laringitis y procesos gripales. Drosera es un medicamento homeop\u00e1tico especialmente indicado para [&hellip;]<\/p>\n","protected":false},"featured_media":252,"comment_status":"open","ping_status":"closed","template":"","meta":{"_acf_changed":false,"inline_featured_image":false},"product_brand":[],"product_cat":[16,17],"product_tag":[53,134,114,52,230,229,228,51],"class_list":{"0":"post-250","1":"product","2":"type-product","3":"status-publish","4":"has-post-thumbnail","6":"product_cat-alimento-funcional","7":"product_cat-medicamentos-naturales","8":"product_tag-asma","9":"product_tag-bronquitis","10":"product_tag-faringitis","11":"product_tag-gripa","12":"product_tag-laringitis","13":"product_tag-resfriados","14":"product_tag-tos","15":"product_tag-tos-irritativa","17":"first","18":"instock","19":"shipping-taxable","20":"purchasable","21":"product-type-simple"},"acf":[],"yoast_head":"<!-- This site is optimized with the Yoast SEO plugin v27.3 - https:\/\/yoast.com\/product\/yoast-seo-wordpress\/ -->\n<title>DROSERA Jarabe 240 ml - Agust\u00edn Angarita<\/title>\n<meta name=\"robots\" content=\"index, follow, max-snippet:-1, max-image-preview:large, max-video-preview:-1\" \/>\n<link rel=\"canonical\" href=\"https:\/\/capta.com.co\/agustinangarita\/producto\/drosera-jarabe-240-ml\/\" \/>\n<meta property=\"og:locale\" content=\"es_ES\" \/>\n<meta property=\"og:type\" content=\"article\" \/>\n<meta property=\"og:title\" content=\"DROSERA Jarabe 240 ml - Agust\u00edn Angarita\" \/>\n<meta property=\"og:description\" content=\"Drosera Es un remedio natural excelente para relajar los m\u00fasculos de las v\u00edas respiratorias. Es muy eficaz para ayudar a calmar la tos persistente, o la tos seca e irritativa, la bronquitis cr\u00f3nica, episodios de asma (alivia los silbidos en el pecho), faringitis, laringitis y procesos gripales. Drosera es un medicamento homeop\u00e1tico especialmente indicado para [&hellip;]\" \/>\n<meta property=\"og:url\" content=\"https:\/\/capta.com.co\/agustinangarita\/producto\/drosera-jarabe-240-ml\/\" \/>\n<meta property=\"og:site_name\" content=\"Agust\u00edn Angarita\" \/>\n<meta property=\"article:modified_time\" content=\"2024-11-09T14:31:46+00:00\" \/>\n<meta property=\"og:image\" content=\"https:\/\/capta.com.co\/agustinangarita\/wp-content\/uploads\/sites\/22\/2023\/08\/IMG_20230825_165721-removebg-preview.png\" \/>\n\t<meta property=\"og:image:width\" content=\"375\" \/>\n\t<meta property=\"og:image:height\" content=\"666\" \/>\n\t<meta property=\"og:image:type\" content=\"image\/png\" \/>\n<meta name=\"twitter:card\" content=\"summary_large_image\" \/>\n<script type=\"application\/ld+json\" class=\"yoast-schema-graph\">{\"@context\":\"https:\\\/\\\/schema.org\",\"@graph\":[{\"@type\":\"WebPage\",\"@id\":\"https:\\\/\\\/capta.com.co\\\/agustinangarita\\\/producto\\\/drosera-jarabe-240-ml\\\/\",\"url\":\"https:\\\/\\\/capta.com.co\\\/agustinangarita\\\/producto\\\/drosera-jarabe-240-ml\\\/\",\"name\":\"DROSERA Jarabe 240 ml - Agust\u00edn Angarita\",\"isPartOf\":{\"@id\":\"https:\\\/\\\/capta.com.co\\\/agustinangarita\\\/#website\"},\"primaryImageOfPage\":{\"@id\":\"https:\\\/\\\/capta.com.co\\\/agustinangarita\\\/producto\\\/drosera-jarabe-240-ml\\\/#primaryimage\"},\"image\":{\"@id\":\"https:\\\/\\\/capta.com.co\\\/agustinangarita\\\/producto\\\/drosera-jarabe-240-ml\\\/#primaryimage\"},\"thumbnailUrl\":\"https:\\\/\\\/capta.com.co\\\/agustinangarita\\\/wp-content\\\/uploads\\\/sites\\\/22\\\/2023\\\/08\\\/IMG_20230825_165721-removebg-preview.png\",\"datePublished\":\"2023-08-31T22:20:17+00:00\",\"dateModified\":\"2024-11-09T14:31:46+00:00\",\"breadcrumb\":{\"@id\":\"https:\\\/\\\/capta.com.co\\\/agustinangarita\\\/producto\\\/drosera-jarabe-240-ml\\\/#breadcrumb\"},\"inLanguage\":\"es\",\"potentialAction\":[{\"@type\":\"ReadAction\",\"target\":[\"https:\\\/\\\/capta.com.co\\\/agustinangarita\\\/producto\\\/drosera-jarabe-240-ml\\\/\"]}]},{\"@type\":\"ImageObject\",\"inLanguage\":\"es\",\"@id\":\"https:\\\/\\\/capta.com.co\\\/agustinangarita\\\/producto\\\/drosera-jarabe-240-ml\\\/#primaryimage\",\"url\":\"https:\\\/\\\/capta.com.co\\\/agustinangarita\\\/wp-content\\\/uploads\\\/sites\\\/22\\\/2023\\\/08\\\/IMG_20230825_165721-removebg-preview.png\",\"contentUrl\":\"https:\\\/\\\/capta.com.co\\\/agustinangarita\\\/wp-content\\\/uploads\\\/sites\\\/22\\\/2023\\\/08\\\/IMG_20230825_165721-removebg-preview.png\",\"width\":375,\"height\":666},{\"@type\":\"BreadcrumbList\",\"@id\":\"https:\\\/\\\/capta.com.co\\\/agustinangarita\\\/producto\\\/drosera-jarabe-240-ml\\\/#breadcrumb\",\"itemListElement\":[{\"@type\":\"ListItem\",\"position\":1,\"name\":\"Portada\",\"item\":\"https:\\\/\\\/capta.com.co\\\/agustinangarita\\\/\"},{\"@type\":\"ListItem\",\"position\":2,\"name\":\"Tienda\",\"item\":\"https:\\\/\\\/capta.com.co\\\/agustinangarita\\\/\"},{\"@type\":\"ListItem\",\"position\":3,\"name\":\"DROSERA Jarabe 240 ml\"}]},{\"@type\":\"WebSite\",\"@id\":\"https:\\\/\\\/capta.com.co\\\/agustinangarita\\\/#website\",\"url\":\"https:\\\/\\\/capta.com.co\\\/agustinangarita\\\/\",\"name\":\"Agust\u00edn Angarita\",\"description\":\"Capta - Compras que inspiran\",\"potentialAction\":[{\"@type\":\"SearchAction\",\"target\":{\"@type\":\"EntryPoint\",\"urlTemplate\":\"https:\\\/\\\/capta.com.co\\\/agustinangarita\\\/?s={search_term_string}\"},\"query-input\":{\"@type\":\"PropertyValueSpecification\",\"valueRequired\":true,\"valueName\":\"search_term_string\"}}],\"inLanguage\":\"es\"}]}<\/script>\n<!-- \/ Yoast SEO plugin. -->","yoast_head_json":{"title":"DROSERA Jarabe 240 ml - Agust\u00edn Angarita","robots":{"index":"index","follow":"follow","max-snippet":"max-snippet:-1","max-image-preview":"max-image-preview:large","max-video-preview":"max-video-preview:-1"},"canonical":"https:\/\/capta.com.co\/agustinangarita\/producto\/drosera-jarabe-240-ml\/","og_locale":"es_ES","og_type":"article","og_title":"DROSERA Jarabe 240 ml - Agust\u00edn Angarita","og_description":"Drosera Es un remedio natural excelente para relajar los m\u00fasculos de las v\u00edas respiratorias. Es muy eficaz para ayudar a calmar la tos persistente, o la tos seca e irritativa, la bronquitis cr\u00f3nica, episodios de asma (alivia los silbidos en el pecho), faringitis, laringitis y procesos gripales. Drosera es un medicamento homeop\u00e1tico especialmente indicado para [&hellip;]","og_url":"https:\/\/capta.com.co\/agustinangarita\/producto\/drosera-jarabe-240-ml\/","og_site_name":"Agust\u00edn Angarita","article_modified_time":"2024-11-09T14:31:46+00:00","og_image":[{"width":375,"height":666,"url":"https:\/\/capta.com.co\/agustinangarita\/wp-content\/uploads\/sites\/22\/2023\/08\/IMG_20230825_165721-removebg-preview.png","type":"image\/png"}],"twitter_card":"summary_large_image","schema":{"@context":"https:\/\/schema.org","@graph":[{"@type":"WebPage","@id":"https:\/\/capta.com.co\/agustinangarita\/producto\/drosera-jarabe-240-ml\/","url":"https:\/\/capta.com.co\/agustinangarita\/producto\/drosera-jarabe-240-ml\/","name":"DROSERA Jarabe 240 ml - Agust\u00edn Angarita","isPartOf":{"@id":"https:\/\/capta.com.co\/agustinangarita\/#website"},"primaryImageOfPage":{"@id":"https:\/\/capta.com.co\/agustinangarita\/producto\/drosera-jarabe-240-ml\/#primaryimage"},"image":{"@id":"https:\/\/capta.com.co\/agustinangarita\/producto\/drosera-jarabe-240-ml\/#primaryimage"},"thumbnailUrl":"https:\/\/capta.com.co\/agustinangarita\/wp-content\/uploads\/sites\/22\/2023\/08\/IMG_20230825_165721-removebg-preview.png","datePublished":"2023-08-31T22:20:17+00:00","dateModified":"2024-11-09T14:31:46+00:00","breadcrumb":{"@id":"https:\/\/capta.com.co\/agustinangarita\/producto\/drosera-jarabe-240-ml\/#breadcrumb"},"inLanguage":"es","potentialAction":[{"@type":"ReadAction","target":["https:\/\/capta.com.co\/agustinangarita\/producto\/drosera-jarabe-240-ml\/"]}]},{"@type":"ImageObject","inLanguage":"es","@id":"https:\/\/capta.com.co\/agustinangarita\/producto\/drosera-jarabe-240-ml\/#primaryimage","url":"https:\/\/capta.com.co\/agustinangarita\/wp-content\/uploads\/sites\/22\/2023\/08\/IMG_20230825_165721-removebg-preview.png","contentUrl":"https:\/\/capta.com.co\/agustinangarita\/wp-content\/uploads\/sites\/22\/2023\/08\/IMG_20230825_165721-removebg-preview.png","width":375,"height":666},{"@type":"BreadcrumbList","@id":"https:\/\/capta.com.co\/agustinangarita\/producto\/drosera-jarabe-240-ml\/#breadcrumb","itemListElement":[{"@type":"ListItem","position":1,"name":"Portada","item":"https:\/\/capta.com.co\/agustinangarita\/"},{"@type":"ListItem","position":2,"name":"Tienda","item":"https:\/\/capta.com.co\/agustinangarita\/"},{"@type":"ListItem","position":3,"name":"DROSERA Jarabe 240 ml"}]},{"@type":"WebSite","@id":"https:\/\/capta.com.co\/agustinangarita\/#website","url":"https:\/\/capta.com.co\/agustinangarita\/","name":"Agust\u00edn Angarita","description":"Capta - Compras que inspiran","potentialAction":[{"@type":"SearchAction","target":{"@type":"EntryPoint","urlTemplate":"https:\/\/capta.com.co\/agustinangarita\/?s={search_term_string}"},"query-input":{"@type":"PropertyValueSpecification","valueRequired":true,"valueName":"search_term_string"}}],"inLanguage":"es"}]}},"_links":{"self":[{"href":"https:\/\/capta.com.co\/agustinangarita\/wp-json\/wp\/v2\/product\/250","targetHints":{"allow":["GET"]}}],"collection":[{"href":"https:\/\/capta.com.co\/agustinangarita\/wp-json\/wp\/v2\/product"}],"about":[{"href":"https:\/\/capta.com.co\/agustinangarita\/wp-json\/wp\/v2\/types\/product"}],"replies":[{"embeddable":true,"href":"https:\/\/capta.com.co\/agustinangarita\/wp-json\/wp\/v2\/comments?post=250"}],"wp:featuredmedia":[{"embeddable":true,"href":"https:\/\/capta.com.co\/agustinangarita\/wp-json\/wp\/v2\/media\/252"}],"wp:attachment":[{"href":"https:\/\/capta.com.co\/agustinangarita\/wp-json\/wp\/v2\/media?parent=250"}],"wp:term":[{"taxonomy":"product_brand","embeddable":true,"href":"https:\/\/capta.com.co\/agustinangarita\/wp-json\/wp\/v2\/product_brand?post=250"},{"taxonomy":"product_cat","embeddable":true,"href":"https:\/\/capta.com.co\/agustinangarita\/wp-json\/wp\/v2\/product_cat?post=250"},{"taxonomy":"product_tag","embeddable":true,"href":"https:\/\/capta.com.co\/agustinangarita\/wp-json\/wp\/v2\/product_tag?post=250"}],"curies":[{"name":"wp","href":"https:\/\/api.w.org\/{rel}","templated":true}]}}