{"id":245,"date":"2023-08-22T16:34:04","date_gmt":"2023-08-22T21:34:04","guid":{"rendered":"https:\/\/capta.com.co\/agustinangarita\/?post_type=product&#038;p=245"},"modified":"2024-11-09T11:39:17","modified_gmt":"2024-11-09T16:39:17","slug":"flatvgel-reflugel-360ml","status":"publish","type":"product","link":"https:\/\/capta.com.co\/agustinangarita\/producto\/flatvgel-reflugel-360ml\/","title":{"rendered":"FLATVGEL o REFLUGEL Frasco de 360ml"},"content":{"rendered":"<p><strong>REFLUGEL<\/strong> o <strong>FLATUGEL<\/strong> Excelente producto natural contra enfermedades digestivas como <strong>Reflujo<\/strong>, <strong>acidez<\/strong>, gases, <strong>gastritis<\/strong>, duodenitis, dolores y c\u00f3licos abdominales, problemas de h\u00edgado y ves\u00edcula. Tome una cucharada despu\u00e9s de cada comida y otra al acostarse durante 4 semanas. Acompa\u00f1e el <strong>REFLUGEL<\/strong> con alimentaci\u00f3n saludable, ejercicio e higiene alimenticia.<\/p>\n<p><strong>REFLUGEL c<\/strong>ontiene Limonaria, toronjil, cidr\u00f3n, hierbabuena, albahaca, hierbabuena, manzanilla, an\u00eds.<\/p>\n","protected":false},"excerpt":{"rendered":"<p>REFLUGEL o FLATUGEL Excelente producto natural contra enfermedades digestivas como Reflujo, acidez, gases, gastritis, duodenitis, dolores y c\u00f3licos abdominales, problemas de h\u00edgado y ves\u00edcula. Tome una cucharada despu\u00e9s de cada comida y otra al acostarse durante 4 semanas. Acompa\u00f1e el REFLUGEL con alimentaci\u00f3n saludable, ejercicio e higiene alimenticia. REFLUGEL contiene Limonaria, toronjil, cidr\u00f3n, hierbabuena, albahaca, [&hellip;]<\/p>\n","protected":false},"featured_media":246,"comment_status":"open","ping_status":"closed","template":"","meta":{"_acf_changed":false,"inline_featured_image":false},"product_brand":[],"product_cat":[16,17],"product_tag":[155,31,182,32,42,44],"class_list":{"0":"post-245","1":"product","2":"type-product","3":"status-publish","4":"has-post-thumbnail","6":"product_cat-alimento-funcional","7":"product_cat-medicamentos-naturales","8":"product_tag-acidez","9":"product_tag-colicos-abdominales","10":"product_tag-flatulencia","11":"product_tag-gases","12":"product_tag-gastritis","13":"product_tag-reflujo","15":"first","16":"instock","17":"shipping-taxable","18":"purchasable","19":"product-type-simple"},"acf":[],"yoast_head":"<!-- This site is optimized with the Yoast SEO plugin v27.3 - https:\/\/yoast.com\/product\/yoast-seo-wordpress\/ -->\n<title>FLATVGEL o REFLUGEL Frasco de 360ml - Agust\u00edn Angarita<\/title>\n<meta name=\"robots\" content=\"index, follow, max-snippet:-1, max-image-preview:large, max-video-preview:-1\" \/>\n<link rel=\"canonical\" href=\"https:\/\/capta.com.co\/agustinangarita\/producto\/flatvgel-reflugel-360ml\/\" \/>\n<meta property=\"og:locale\" content=\"es_ES\" \/>\n<meta property=\"og:type\" content=\"article\" \/>\n<meta property=\"og:title\" content=\"FLATVGEL o REFLUGEL Frasco de 360ml - Agust\u00edn Angarita\" \/>\n<meta property=\"og:description\" content=\"REFLUGEL o FLATUGEL Excelente producto natural contra enfermedades digestivas como Reflujo, acidez, gases, gastritis, duodenitis, dolores y c\u00f3licos abdominales, problemas de h\u00edgado y ves\u00edcula. Tome una cucharada despu\u00e9s de cada comida y otra al acostarse durante 4 semanas. Acompa\u00f1e el REFLUGEL con alimentaci\u00f3n saludable, ejercicio e higiene alimenticia. REFLUGEL contiene Limonaria, toronjil, cidr\u00f3n, hierbabuena, albahaca, [&hellip;]\" \/>\n<meta property=\"og:url\" content=\"https:\/\/capta.com.co\/agustinangarita\/producto\/flatvgel-reflugel-360ml\/\" \/>\n<meta property=\"og:site_name\" content=\"Agust\u00edn Angarita\" \/>\n<meta property=\"article:modified_time\" content=\"2024-11-09T16:39:17+00:00\" \/>\n<meta property=\"og:image\" content=\"https:\/\/capta.com.co\/agustinangarita\/wp-content\/uploads\/sites\/22\/2023\/08\/WhatsApp_Image_2023-08-05_at_9.38.20_AM__1_-removebg-preview.png\" \/>\n\t<meta property=\"og:image:width\" content=\"374\" \/>\n\t<meta property=\"og:image:height\" content=\"666\" \/>\n\t<meta property=\"og:image:type\" content=\"image\/png\" \/>\n<meta name=\"twitter:card\" content=\"summary_large_image\" \/>\n<script type=\"application\/ld+json\" class=\"yoast-schema-graph\">{\"@context\":\"https:\\\/\\\/schema.org\",\"@graph\":[{\"@type\":\"WebPage\",\"@id\":\"https:\\\/\\\/capta.com.co\\\/agustinangarita\\\/producto\\\/flatvgel-reflugel-360ml\\\/\",\"url\":\"https:\\\/\\\/capta.com.co\\\/agustinangarita\\\/producto\\\/flatvgel-reflugel-360ml\\\/\",\"name\":\"FLATVGEL o REFLUGEL Frasco de 360ml - Agust\u00edn Angarita\",\"isPartOf\":{\"@id\":\"https:\\\/\\\/capta.com.co\\\/agustinangarita\\\/#website\"},\"primaryImageOfPage\":{\"@id\":\"https:\\\/\\\/capta.com.co\\\/agustinangarita\\\/producto\\\/flatvgel-reflugel-360ml\\\/#primaryimage\"},\"image\":{\"@id\":\"https:\\\/\\\/capta.com.co\\\/agustinangarita\\\/producto\\\/flatvgel-reflugel-360ml\\\/#primaryimage\"},\"thumbnailUrl\":\"https:\\\/\\\/capta.com.co\\\/agustinangarita\\\/wp-content\\\/uploads\\\/sites\\\/22\\\/2023\\\/08\\\/WhatsApp_Image_2023-08-05_at_9.38.20_AM__1_-removebg-preview.png\",\"datePublished\":\"2023-08-22T21:34:04+00:00\",\"dateModified\":\"2024-11-09T16:39:17+00:00\",\"breadcrumb\":{\"@id\":\"https:\\\/\\\/capta.com.co\\\/agustinangarita\\\/producto\\\/flatvgel-reflugel-360ml\\\/#breadcrumb\"},\"inLanguage\":\"es\",\"potentialAction\":[{\"@type\":\"ReadAction\",\"target\":[\"https:\\\/\\\/capta.com.co\\\/agustinangarita\\\/producto\\\/flatvgel-reflugel-360ml\\\/\"]}]},{\"@type\":\"ImageObject\",\"inLanguage\":\"es\",\"@id\":\"https:\\\/\\\/capta.com.co\\\/agustinangarita\\\/producto\\\/flatvgel-reflugel-360ml\\\/#primaryimage\",\"url\":\"https:\\\/\\\/capta.com.co\\\/agustinangarita\\\/wp-content\\\/uploads\\\/sites\\\/22\\\/2023\\\/08\\\/WhatsApp_Image_2023-08-05_at_9.38.20_AM__1_-removebg-preview.png\",\"contentUrl\":\"https:\\\/\\\/capta.com.co\\\/agustinangarita\\\/wp-content\\\/uploads\\\/sites\\\/22\\\/2023\\\/08\\\/WhatsApp_Image_2023-08-05_at_9.38.20_AM__1_-removebg-preview.png\",\"width\":374,\"height\":666},{\"@type\":\"BreadcrumbList\",\"@id\":\"https:\\\/\\\/capta.com.co\\\/agustinangarita\\\/producto\\\/flatvgel-reflugel-360ml\\\/#breadcrumb\",\"itemListElement\":[{\"@type\":\"ListItem\",\"position\":1,\"name\":\"Portada\",\"item\":\"https:\\\/\\\/capta.com.co\\\/agustinangarita\\\/\"},{\"@type\":\"ListItem\",\"position\":2,\"name\":\"Tienda\",\"item\":\"https:\\\/\\\/capta.com.co\\\/agustinangarita\\\/\"},{\"@type\":\"ListItem\",\"position\":3,\"name\":\"FLATVGEL o REFLUGEL Frasco de 360ml\"}]},{\"@type\":\"WebSite\",\"@id\":\"https:\\\/\\\/capta.com.co\\\/agustinangarita\\\/#website\",\"url\":\"https:\\\/\\\/capta.com.co\\\/agustinangarita\\\/\",\"name\":\"Agust\u00edn Angarita\",\"description\":\"Capta - Compras que inspiran\",\"potentialAction\":[{\"@type\":\"SearchAction\",\"target\":{\"@type\":\"EntryPoint\",\"urlTemplate\":\"https:\\\/\\\/capta.com.co\\\/agustinangarita\\\/?s={search_term_string}\"},\"query-input\":{\"@type\":\"PropertyValueSpecification\",\"valueRequired\":true,\"valueName\":\"search_term_string\"}}],\"inLanguage\":\"es\"}]}<\/script>\n<!-- \/ Yoast SEO plugin. -->","yoast_head_json":{"title":"FLATVGEL o REFLUGEL Frasco de 360ml - Agust\u00edn Angarita","robots":{"index":"index","follow":"follow","max-snippet":"max-snippet:-1","max-image-preview":"max-image-preview:large","max-video-preview":"max-video-preview:-1"},"canonical":"https:\/\/capta.com.co\/agustinangarita\/producto\/flatvgel-reflugel-360ml\/","og_locale":"es_ES","og_type":"article","og_title":"FLATVGEL o REFLUGEL Frasco de 360ml - Agust\u00edn Angarita","og_description":"REFLUGEL o FLATUGEL Excelente producto natural contra enfermedades digestivas como Reflujo, acidez, gases, gastritis, duodenitis, dolores y c\u00f3licos abdominales, problemas de h\u00edgado y ves\u00edcula. Tome una cucharada despu\u00e9s de cada comida y otra al acostarse durante 4 semanas. Acompa\u00f1e el REFLUGEL con alimentaci\u00f3n saludable, ejercicio e higiene alimenticia. REFLUGEL contiene Limonaria, toronjil, cidr\u00f3n, hierbabuena, albahaca, [&hellip;]","og_url":"https:\/\/capta.com.co\/agustinangarita\/producto\/flatvgel-reflugel-360ml\/","og_site_name":"Agust\u00edn Angarita","article_modified_time":"2024-11-09T16:39:17+00:00","og_image":[{"width":374,"height":666,"url":"https:\/\/capta.com.co\/agustinangarita\/wp-content\/uploads\/sites\/22\/2023\/08\/WhatsApp_Image_2023-08-05_at_9.38.20_AM__1_-removebg-preview.png","type":"image\/png"}],"twitter_card":"summary_large_image","schema":{"@context":"https:\/\/schema.org","@graph":[{"@type":"WebPage","@id":"https:\/\/capta.com.co\/agustinangarita\/producto\/flatvgel-reflugel-360ml\/","url":"https:\/\/capta.com.co\/agustinangarita\/producto\/flatvgel-reflugel-360ml\/","name":"FLATVGEL o REFLUGEL Frasco de 360ml - Agust\u00edn Angarita","isPartOf":{"@id":"https:\/\/capta.com.co\/agustinangarita\/#website"},"primaryImageOfPage":{"@id":"https:\/\/capta.com.co\/agustinangarita\/producto\/flatvgel-reflugel-360ml\/#primaryimage"},"image":{"@id":"https:\/\/capta.com.co\/agustinangarita\/producto\/flatvgel-reflugel-360ml\/#primaryimage"},"thumbnailUrl":"https:\/\/capta.com.co\/agustinangarita\/wp-content\/uploads\/sites\/22\/2023\/08\/WhatsApp_Image_2023-08-05_at_9.38.20_AM__1_-removebg-preview.png","datePublished":"2023-08-22T21:34:04+00:00","dateModified":"2024-11-09T16:39:17+00:00","breadcrumb":{"@id":"https:\/\/capta.com.co\/agustinangarita\/producto\/flatvgel-reflugel-360ml\/#breadcrumb"},"inLanguage":"es","potentialAction":[{"@type":"ReadAction","target":["https:\/\/capta.com.co\/agustinangarita\/producto\/flatvgel-reflugel-360ml\/"]}]},{"@type":"ImageObject","inLanguage":"es","@id":"https:\/\/capta.com.co\/agustinangarita\/producto\/flatvgel-reflugel-360ml\/#primaryimage","url":"https:\/\/capta.com.co\/agustinangarita\/wp-content\/uploads\/sites\/22\/2023\/08\/WhatsApp_Image_2023-08-05_at_9.38.20_AM__1_-removebg-preview.png","contentUrl":"https:\/\/capta.com.co\/agustinangarita\/wp-content\/uploads\/sites\/22\/2023\/08\/WhatsApp_Image_2023-08-05_at_9.38.20_AM__1_-removebg-preview.png","width":374,"height":666},{"@type":"BreadcrumbList","@id":"https:\/\/capta.com.co\/agustinangarita\/producto\/flatvgel-reflugel-360ml\/#breadcrumb","itemListElement":[{"@type":"ListItem","position":1,"name":"Portada","item":"https:\/\/capta.com.co\/agustinangarita\/"},{"@type":"ListItem","position":2,"name":"Tienda","item":"https:\/\/capta.com.co\/agustinangarita\/"},{"@type":"ListItem","position":3,"name":"FLATVGEL o REFLUGEL Frasco de 360ml"}]},{"@type":"WebSite","@id":"https:\/\/capta.com.co\/agustinangarita\/#website","url":"https:\/\/capta.com.co\/agustinangarita\/","name":"Agust\u00edn Angarita","description":"Capta - Compras que inspiran","potentialAction":[{"@type":"SearchAction","target":{"@type":"EntryPoint","urlTemplate":"https:\/\/capta.com.co\/agustinangarita\/?s={search_term_string}"},"query-input":{"@type":"PropertyValueSpecification","valueRequired":true,"valueName":"search_term_string"}}],"inLanguage":"es"}]}},"_links":{"self":[{"href":"https:\/\/capta.com.co\/agustinangarita\/wp-json\/wp\/v2\/product\/245","targetHints":{"allow":["GET"]}}],"collection":[{"href":"https:\/\/capta.com.co\/agustinangarita\/wp-json\/wp\/v2\/product"}],"about":[{"href":"https:\/\/capta.com.co\/agustinangarita\/wp-json\/wp\/v2\/types\/product"}],"replies":[{"embeddable":true,"href":"https:\/\/capta.com.co\/agustinangarita\/wp-json\/wp\/v2\/comments?post=245"}],"wp:featuredmedia":[{"embeddable":true,"href":"https:\/\/capta.com.co\/agustinangarita\/wp-json\/wp\/v2\/media\/246"}],"wp:attachment":[{"href":"https:\/\/capta.com.co\/agustinangarita\/wp-json\/wp\/v2\/media?parent=245"}],"wp:term":[{"taxonomy":"product_brand","embeddable":true,"href":"https:\/\/capta.com.co\/agustinangarita\/wp-json\/wp\/v2\/product_brand?post=245"},{"taxonomy":"product_cat","embeddable":true,"href":"https:\/\/capta.com.co\/agustinangarita\/wp-json\/wp\/v2\/product_cat?post=245"},{"taxonomy":"product_tag","embeddable":true,"href":"https:\/\/capta.com.co\/agustinangarita\/wp-json\/wp\/v2\/product_tag?post=245"}],"curies":[{"name":"wp","href":"https:\/\/api.w.org\/{rel}","templated":true}]}}