{"id":243,"date":"2023-08-22T17:39:58","date_gmt":"2023-08-22T22:39:58","guid":{"rendered":"https:\/\/capta.com.co\/agustinangarita\/?post_type=product&#038;p=243"},"modified":"2024-11-09T09:44:12","modified_gmt":"2024-11-09T14:44:12","slug":"grypp-x-60-tabletas-sublinguales","status":"publish","type":"product","link":"https:\/\/capta.com.co\/agustinangarita\/producto\/grypp-x-60-tabletas-sublinguales\/","title":{"rendered":"GRYPP x 60 Tabletas sublinguales"},"content":{"rendered":"<p><strong>Producto homeop\u00e1tico<\/strong> que sirve para combatir la<strong> Gripe, el<\/strong>\u00a0<strong>resfriado com\u00fan y virosis <\/strong>respiratorias, as\u00ed como para <strong>aumentar las defensas<\/strong> propias del organismo en caso de otras enfermedades infecciosas (catarros) febriles. \u00datil en <strong>rinitis<\/strong> y <strong>sinusitis<\/strong>, en tos seca sin dificultad respiratoria.<\/p>\n<p>Se utiliza al dejar disolver bajo la lengua 1 comprimido 3 a 5 veces al d\u00eda.<\/p>\n","protected":false},"excerpt":{"rendered":"<p>Producto homeop\u00e1tico que sirve para combatir la Gripe, el\u00a0resfriado com\u00fan y virosis respiratorias, as\u00ed como para aumentar las defensas propias del organismo en caso de otras enfermedades infecciosas (catarros) febriles. \u00datil en rinitis y sinusitis, en tos seca sin dificultad respiratoria. Se utiliza al dejar disolver bajo la lengua 1 comprimido 3 a 5 veces [&hellip;]<\/p>\n","protected":false},"featured_media":244,"comment_status":"open","ping_status":"closed","template":"","meta":{"_acf_changed":false,"inline_featured_image":false},"product_brand":[],"product_cat":[128,17],"product_tag":[204,208,209,206,205,207],"class_list":{"0":"post-243","1":"product","2":"type-product","3":"status-publish","4":"has-post-thumbnail","6":"product_cat-inmunomodulador","7":"product_cat-medicamentos-naturales","8":"product_tag-antigripal","9":"product_tag-aumenta-defensas","10":"product_tag-catarro","11":"product_tag-malestar-general","12":"product_tag-resfriado","13":"product_tag-virosis","15":"first","16":"instock","17":"shipping-taxable","18":"purchasable","19":"product-type-simple"},"acf":[],"yoast_head":"<!-- This site is optimized with the Yoast SEO plugin v27.5 - https:\/\/yoast.com\/product\/yoast-seo-wordpress\/ -->\n<title>GRYPP x 60 Tabletas sublinguales - Agust\u00edn Angarita<\/title>\n<meta name=\"robots\" content=\"index, follow, max-snippet:-1, max-image-preview:large, max-video-preview:-1\" \/>\n<link rel=\"canonical\" href=\"https:\/\/capta.com.co\/agustinangarita\/producto\/grypp-x-60-tabletas-sublinguales\/\" \/>\n<meta property=\"og:locale\" content=\"es_ES\" \/>\n<meta property=\"og:type\" content=\"article\" \/>\n<meta property=\"og:title\" content=\"GRYPP x 60 Tabletas sublinguales - Agust\u00edn Angarita\" \/>\n<meta property=\"og:description\" content=\"Producto homeop\u00e1tico que sirve para combatir la Gripe, el\u00a0resfriado com\u00fan y virosis respiratorias, as\u00ed como para aumentar las defensas propias del organismo en caso de otras enfermedades infecciosas (catarros) febriles. \u00datil en rinitis y sinusitis, en tos seca sin dificultad respiratoria. Se utiliza al dejar disolver bajo la lengua 1 comprimido 3 a 5 veces [&hellip;]\" \/>\n<meta property=\"og:url\" content=\"https:\/\/capta.com.co\/agustinangarita\/producto\/grypp-x-60-tabletas-sublinguales\/\" \/>\n<meta property=\"og:site_name\" content=\"Agust\u00edn Angarita\" \/>\n<meta property=\"article:modified_time\" content=\"2024-11-09T14:44:12+00:00\" \/>\n<meta property=\"og:image\" content=\"https:\/\/capta.com.co\/agustinangarita\/wp-content\/uploads\/sites\/22\/2023\/08\/IMG-20230812-WA0061-removebg-preview.png\" \/>\n\t<meta property=\"og:image:width\" content=\"500\" \/>\n\t<meta property=\"og:image:height\" content=\"500\" \/>\n\t<meta property=\"og:image:type\" content=\"image\/png\" \/>\n<meta name=\"twitter:card\" content=\"summary_large_image\" \/>\n<script type=\"application\/ld+json\" class=\"yoast-schema-graph\">{\"@context\":\"https:\\\/\\\/schema.org\",\"@graph\":[{\"@type\":\"WebPage\",\"@id\":\"https:\\\/\\\/capta.com.co\\\/agustinangarita\\\/producto\\\/grypp-x-60-tabletas-sublinguales\\\/\",\"url\":\"https:\\\/\\\/capta.com.co\\\/agustinangarita\\\/producto\\\/grypp-x-60-tabletas-sublinguales\\\/\",\"name\":\"GRYPP x 60 Tabletas sublinguales - Agust\u00edn Angarita\",\"isPartOf\":{\"@id\":\"https:\\\/\\\/capta.com.co\\\/agustinangarita\\\/#website\"},\"primaryImageOfPage\":{\"@id\":\"https:\\\/\\\/capta.com.co\\\/agustinangarita\\\/producto\\\/grypp-x-60-tabletas-sublinguales\\\/#primaryimage\"},\"image\":{\"@id\":\"https:\\\/\\\/capta.com.co\\\/agustinangarita\\\/producto\\\/grypp-x-60-tabletas-sublinguales\\\/#primaryimage\"},\"thumbnailUrl\":\"https:\\\/\\\/capta.com.co\\\/agustinangarita\\\/wp-content\\\/uploads\\\/sites\\\/22\\\/2023\\\/08\\\/IMG-20230812-WA0061-removebg-preview.png\",\"datePublished\":\"2023-08-22T22:39:58+00:00\",\"dateModified\":\"2024-11-09T14:44:12+00:00\",\"breadcrumb\":{\"@id\":\"https:\\\/\\\/capta.com.co\\\/agustinangarita\\\/producto\\\/grypp-x-60-tabletas-sublinguales\\\/#breadcrumb\"},\"inLanguage\":\"es\",\"potentialAction\":[{\"@type\":\"ReadAction\",\"target\":[\"https:\\\/\\\/capta.com.co\\\/agustinangarita\\\/producto\\\/grypp-x-60-tabletas-sublinguales\\\/\"]}]},{\"@type\":\"ImageObject\",\"inLanguage\":\"es\",\"@id\":\"https:\\\/\\\/capta.com.co\\\/agustinangarita\\\/producto\\\/grypp-x-60-tabletas-sublinguales\\\/#primaryimage\",\"url\":\"https:\\\/\\\/capta.com.co\\\/agustinangarita\\\/wp-content\\\/uploads\\\/sites\\\/22\\\/2023\\\/08\\\/IMG-20230812-WA0061-removebg-preview.png\",\"contentUrl\":\"https:\\\/\\\/capta.com.co\\\/agustinangarita\\\/wp-content\\\/uploads\\\/sites\\\/22\\\/2023\\\/08\\\/IMG-20230812-WA0061-removebg-preview.png\",\"width\":500,\"height\":500},{\"@type\":\"BreadcrumbList\",\"@id\":\"https:\\\/\\\/capta.com.co\\\/agustinangarita\\\/producto\\\/grypp-x-60-tabletas-sublinguales\\\/#breadcrumb\",\"itemListElement\":[{\"@type\":\"ListItem\",\"position\":1,\"name\":\"Portada\",\"item\":\"https:\\\/\\\/capta.com.co\\\/agustinangarita\\\/\"},{\"@type\":\"ListItem\",\"position\":2,\"name\":\"Tienda\",\"item\":\"https:\\\/\\\/capta.com.co\\\/agustinangarita\\\/\"},{\"@type\":\"ListItem\",\"position\":3,\"name\":\"GRYPP x 60 Tabletas sublinguales\"}]},{\"@type\":\"WebSite\",\"@id\":\"https:\\\/\\\/capta.com.co\\\/agustinangarita\\\/#website\",\"url\":\"https:\\\/\\\/capta.com.co\\\/agustinangarita\\\/\",\"name\":\"Agust\u00edn Angarita\",\"description\":\"Capta - Compras que inspiran\",\"potentialAction\":[{\"@type\":\"SearchAction\",\"target\":{\"@type\":\"EntryPoint\",\"urlTemplate\":\"https:\\\/\\\/capta.com.co\\\/agustinangarita\\\/?s={search_term_string}\"},\"query-input\":{\"@type\":\"PropertyValueSpecification\",\"valueRequired\":true,\"valueName\":\"search_term_string\"}}],\"inLanguage\":\"es\"}]}<\/script>\n<!-- \/ Yoast SEO plugin. -->","yoast_head_json":{"title":"GRYPP x 60 Tabletas sublinguales - Agust\u00edn Angarita","robots":{"index":"index","follow":"follow","max-snippet":"max-snippet:-1","max-image-preview":"max-image-preview:large","max-video-preview":"max-video-preview:-1"},"canonical":"https:\/\/capta.com.co\/agustinangarita\/producto\/grypp-x-60-tabletas-sublinguales\/","og_locale":"es_ES","og_type":"article","og_title":"GRYPP x 60 Tabletas sublinguales - Agust\u00edn Angarita","og_description":"Producto homeop\u00e1tico que sirve para combatir la Gripe, el\u00a0resfriado com\u00fan y virosis respiratorias, as\u00ed como para aumentar las defensas propias del organismo en caso de otras enfermedades infecciosas (catarros) febriles. \u00datil en rinitis y sinusitis, en tos seca sin dificultad respiratoria. Se utiliza al dejar disolver bajo la lengua 1 comprimido 3 a 5 veces [&hellip;]","og_url":"https:\/\/capta.com.co\/agustinangarita\/producto\/grypp-x-60-tabletas-sublinguales\/","og_site_name":"Agust\u00edn Angarita","article_modified_time":"2024-11-09T14:44:12+00:00","og_image":[{"width":500,"height":500,"url":"https:\/\/capta.com.co\/agustinangarita\/wp-content\/uploads\/sites\/22\/2023\/08\/IMG-20230812-WA0061-removebg-preview.png","type":"image\/png"}],"twitter_card":"summary_large_image","schema":{"@context":"https:\/\/schema.org","@graph":[{"@type":"WebPage","@id":"https:\/\/capta.com.co\/agustinangarita\/producto\/grypp-x-60-tabletas-sublinguales\/","url":"https:\/\/capta.com.co\/agustinangarita\/producto\/grypp-x-60-tabletas-sublinguales\/","name":"GRYPP x 60 Tabletas sublinguales - Agust\u00edn Angarita","isPartOf":{"@id":"https:\/\/capta.com.co\/agustinangarita\/#website"},"primaryImageOfPage":{"@id":"https:\/\/capta.com.co\/agustinangarita\/producto\/grypp-x-60-tabletas-sublinguales\/#primaryimage"},"image":{"@id":"https:\/\/capta.com.co\/agustinangarita\/producto\/grypp-x-60-tabletas-sublinguales\/#primaryimage"},"thumbnailUrl":"https:\/\/capta.com.co\/agustinangarita\/wp-content\/uploads\/sites\/22\/2023\/08\/IMG-20230812-WA0061-removebg-preview.png","datePublished":"2023-08-22T22:39:58+00:00","dateModified":"2024-11-09T14:44:12+00:00","breadcrumb":{"@id":"https:\/\/capta.com.co\/agustinangarita\/producto\/grypp-x-60-tabletas-sublinguales\/#breadcrumb"},"inLanguage":"es","potentialAction":[{"@type":"ReadAction","target":["https:\/\/capta.com.co\/agustinangarita\/producto\/grypp-x-60-tabletas-sublinguales\/"]}]},{"@type":"ImageObject","inLanguage":"es","@id":"https:\/\/capta.com.co\/agustinangarita\/producto\/grypp-x-60-tabletas-sublinguales\/#primaryimage","url":"https:\/\/capta.com.co\/agustinangarita\/wp-content\/uploads\/sites\/22\/2023\/08\/IMG-20230812-WA0061-removebg-preview.png","contentUrl":"https:\/\/capta.com.co\/agustinangarita\/wp-content\/uploads\/sites\/22\/2023\/08\/IMG-20230812-WA0061-removebg-preview.png","width":500,"height":500},{"@type":"BreadcrumbList","@id":"https:\/\/capta.com.co\/agustinangarita\/producto\/grypp-x-60-tabletas-sublinguales\/#breadcrumb","itemListElement":[{"@type":"ListItem","position":1,"name":"Portada","item":"https:\/\/capta.com.co\/agustinangarita\/"},{"@type":"ListItem","position":2,"name":"Tienda","item":"https:\/\/capta.com.co\/agustinangarita\/"},{"@type":"ListItem","position":3,"name":"GRYPP x 60 Tabletas sublinguales"}]},{"@type":"WebSite","@id":"https:\/\/capta.com.co\/agustinangarita\/#website","url":"https:\/\/capta.com.co\/agustinangarita\/","name":"Agust\u00edn Angarita","description":"Capta - Compras que inspiran","potentialAction":[{"@type":"SearchAction","target":{"@type":"EntryPoint","urlTemplate":"https:\/\/capta.com.co\/agustinangarita\/?s={search_term_string}"},"query-input":{"@type":"PropertyValueSpecification","valueRequired":true,"valueName":"search_term_string"}}],"inLanguage":"es"}]}},"_links":{"self":[{"href":"https:\/\/capta.com.co\/agustinangarita\/wp-json\/wp\/v2\/product\/243","targetHints":{"allow":["GET"]}}],"collection":[{"href":"https:\/\/capta.com.co\/agustinangarita\/wp-json\/wp\/v2\/product"}],"about":[{"href":"https:\/\/capta.com.co\/agustinangarita\/wp-json\/wp\/v2\/types\/product"}],"replies":[{"embeddable":true,"href":"https:\/\/capta.com.co\/agustinangarita\/wp-json\/wp\/v2\/comments?post=243"}],"wp:featuredmedia":[{"embeddable":true,"href":"https:\/\/capta.com.co\/agustinangarita\/wp-json\/wp\/v2\/media\/244"}],"wp:attachment":[{"href":"https:\/\/capta.com.co\/agustinangarita\/wp-json\/wp\/v2\/media?parent=243"}],"wp:term":[{"taxonomy":"product_brand","embeddable":true,"href":"https:\/\/capta.com.co\/agustinangarita\/wp-json\/wp\/v2\/product_brand?post=243"},{"taxonomy":"product_cat","embeddable":true,"href":"https:\/\/capta.com.co\/agustinangarita\/wp-json\/wp\/v2\/product_cat?post=243"},{"taxonomy":"product_tag","embeddable":true,"href":"https:\/\/capta.com.co\/agustinangarita\/wp-json\/wp\/v2\/product_tag?post=243"}],"curies":[{"name":"wp","href":"https:\/\/api.w.org\/{rel}","templated":true}]}}