{"id":241,"date":"2023-08-22T17:33:22","date_gmt":"2023-08-22T22:33:22","guid":{"rendered":"https:\/\/capta.com.co\/agustinangarita\/?post_type=product&#038;p=241"},"modified":"2024-11-09T09:45:52","modified_gmt":"2024-11-09T14:45:52","slug":"damiana-90-capsulas","status":"publish","type":"product","link":"https:\/\/capta.com.co\/agustinangarita\/producto\/damiana-90-capsulas\/","title":{"rendered":"DAMIANA 90 capsulas"},"content":{"rendered":"<p><b>Damiana<\/b> es un producto natural que se ha usado para mejorar la <strong>funci\u00f3n mental,<\/strong> o\u00a0para\u00a0tratar el <strong>dolor vascular de cabeza<\/strong>, la <strong>depresi\u00f3n<\/strong>, el malestar estomacal, el estre\u00f1imiento, o la enuresis (orinarse en la cama). <b>Damiana<\/b> tambi\u00e9n se ha usado para <strong>mejorar la satisfacci\u00f3n sexual<\/strong> y ayudar con problemas sexuales como<strong> eyaculaci\u00f3n precoz, impotencia y frigidez.<\/strong><\/p>\n<p>Damiana ayuda a mantener los niveles de testosterona, <strong>la libido,<\/strong> la energ\u00eda sexual y la masa muscular en hombres maduros. Se usa para mitigar los estados nerviosos caracter\u00edsticos de la peri menopausia.<\/p>\n<p>Es \u00fatil para aliviar el cansancio f\u00edsico y mental. Ayuda a curar infecciones. Eleva el \u00e1nimo y es energizante.<\/p>\n","protected":false},"excerpt":{"rendered":"<p>Damiana es un producto natural que se ha usado para mejorar la funci\u00f3n mental, o\u00a0para\u00a0tratar el dolor vascular de cabeza, la depresi\u00f3n, el malestar estomacal, el estre\u00f1imiento, o la enuresis (orinarse en la cama). Damiana tambi\u00e9n se ha usado para mejorar la satisfacci\u00f3n sexual y ayudar con problemas sexuales como eyaculaci\u00f3n precoz, impotencia y frigidez. [&hellip;]<\/p>\n","protected":false},"featured_media":242,"comment_status":"open","ping_status":"closed","template":"","meta":{"_acf_changed":false,"inline_featured_image":false},"product_brand":[],"product_cat":[16,17],"product_tag":[201,202,20,200,203,199,198],"class_list":{"0":"post-241","1":"product","2":"type-product","3":"status-publish","4":"has-post-thumbnail","6":"product_cat-alimento-funcional","7":"product_cat-medicamentos-naturales","8":"product_tag-antidepresivo","9":"product_tag-cansancio","10":"product_tag-energizante","11":"product_tag-enuresis","12":"product_tag-mejora-funcion-mental","13":"product_tag-potenciador-sexual","14":"product_tag-vigorizante","16":"first","17":"instock","18":"shipping-taxable","19":"purchasable","20":"product-type-simple"},"acf":[],"yoast_head":"<!-- This site is optimized with the Yoast SEO plugin v27.3 - https:\/\/yoast.com\/product\/yoast-seo-wordpress\/ -->\n<title>DAMIANA 90 capsulas - Agust\u00edn Angarita<\/title>\n<meta name=\"robots\" content=\"index, follow, max-snippet:-1, max-image-preview:large, max-video-preview:-1\" \/>\n<link rel=\"canonical\" href=\"https:\/\/capta.com.co\/agustinangarita\/producto\/damiana-90-capsulas\/\" \/>\n<meta property=\"og:locale\" content=\"es_ES\" \/>\n<meta property=\"og:type\" content=\"article\" \/>\n<meta property=\"og:title\" content=\"DAMIANA 90 capsulas - Agust\u00edn Angarita\" \/>\n<meta property=\"og:description\" content=\"Damiana es un producto natural que se ha usado para mejorar la funci\u00f3n mental, o\u00a0para\u00a0tratar el dolor vascular de cabeza, la depresi\u00f3n, el malestar estomacal, el estre\u00f1imiento, o la enuresis (orinarse en la cama). Damiana tambi\u00e9n se ha usado para mejorar la satisfacci\u00f3n sexual y ayudar con problemas sexuales como eyaculaci\u00f3n precoz, impotencia y frigidez. [&hellip;]\" \/>\n<meta property=\"og:url\" content=\"https:\/\/capta.com.co\/agustinangarita\/producto\/damiana-90-capsulas\/\" \/>\n<meta property=\"og:site_name\" content=\"Agust\u00edn Angarita\" \/>\n<meta property=\"article:modified_time\" content=\"2024-11-09T14:45:52+00:00\" \/>\n<meta property=\"og:image\" content=\"https:\/\/capta.com.co\/agustinangarita\/wp-content\/uploads\/sites\/22\/2023\/08\/IMG-20230812-WA0058-removebg-preview-1.png\" \/>\n\t<meta property=\"og:image:width\" content=\"500\" \/>\n\t<meta property=\"og:image:height\" content=\"500\" \/>\n\t<meta property=\"og:image:type\" content=\"image\/png\" \/>\n<meta name=\"twitter:card\" content=\"summary_large_image\" \/>\n<meta name=\"twitter:label1\" content=\"Tiempo de lectura\" \/>\n\t<meta name=\"twitter:data1\" content=\"1 minuto\" \/>\n<script type=\"application\/ld+json\" class=\"yoast-schema-graph\">{\"@context\":\"https:\\\/\\\/schema.org\",\"@graph\":[{\"@type\":\"WebPage\",\"@id\":\"https:\\\/\\\/capta.com.co\\\/agustinangarita\\\/producto\\\/damiana-90-capsulas\\\/\",\"url\":\"https:\\\/\\\/capta.com.co\\\/agustinangarita\\\/producto\\\/damiana-90-capsulas\\\/\",\"name\":\"DAMIANA 90 capsulas - Agust\u00edn Angarita\",\"isPartOf\":{\"@id\":\"https:\\\/\\\/capta.com.co\\\/agustinangarita\\\/#website\"},\"primaryImageOfPage\":{\"@id\":\"https:\\\/\\\/capta.com.co\\\/agustinangarita\\\/producto\\\/damiana-90-capsulas\\\/#primaryimage\"},\"image\":{\"@id\":\"https:\\\/\\\/capta.com.co\\\/agustinangarita\\\/producto\\\/damiana-90-capsulas\\\/#primaryimage\"},\"thumbnailUrl\":\"https:\\\/\\\/capta.com.co\\\/agustinangarita\\\/wp-content\\\/uploads\\\/sites\\\/22\\\/2023\\\/08\\\/IMG-20230812-WA0058-removebg-preview-1.png\",\"datePublished\":\"2023-08-22T22:33:22+00:00\",\"dateModified\":\"2024-11-09T14:45:52+00:00\",\"breadcrumb\":{\"@id\":\"https:\\\/\\\/capta.com.co\\\/agustinangarita\\\/producto\\\/damiana-90-capsulas\\\/#breadcrumb\"},\"inLanguage\":\"es\",\"potentialAction\":[{\"@type\":\"ReadAction\",\"target\":[\"https:\\\/\\\/capta.com.co\\\/agustinangarita\\\/producto\\\/damiana-90-capsulas\\\/\"]}]},{\"@type\":\"ImageObject\",\"inLanguage\":\"es\",\"@id\":\"https:\\\/\\\/capta.com.co\\\/agustinangarita\\\/producto\\\/damiana-90-capsulas\\\/#primaryimage\",\"url\":\"https:\\\/\\\/capta.com.co\\\/agustinangarita\\\/wp-content\\\/uploads\\\/sites\\\/22\\\/2023\\\/08\\\/IMG-20230812-WA0058-removebg-preview-1.png\",\"contentUrl\":\"https:\\\/\\\/capta.com.co\\\/agustinangarita\\\/wp-content\\\/uploads\\\/sites\\\/22\\\/2023\\\/08\\\/IMG-20230812-WA0058-removebg-preview-1.png\",\"width\":500,\"height\":500},{\"@type\":\"BreadcrumbList\",\"@id\":\"https:\\\/\\\/capta.com.co\\\/agustinangarita\\\/producto\\\/damiana-90-capsulas\\\/#breadcrumb\",\"itemListElement\":[{\"@type\":\"ListItem\",\"position\":1,\"name\":\"Portada\",\"item\":\"https:\\\/\\\/capta.com.co\\\/agustinangarita\\\/\"},{\"@type\":\"ListItem\",\"position\":2,\"name\":\"Tienda\",\"item\":\"https:\\\/\\\/capta.com.co\\\/agustinangarita\\\/\"},{\"@type\":\"ListItem\",\"position\":3,\"name\":\"DAMIANA 90 capsulas\"}]},{\"@type\":\"WebSite\",\"@id\":\"https:\\\/\\\/capta.com.co\\\/agustinangarita\\\/#website\",\"url\":\"https:\\\/\\\/capta.com.co\\\/agustinangarita\\\/\",\"name\":\"Agust\u00edn Angarita\",\"description\":\"Capta - Compras que inspiran\",\"potentialAction\":[{\"@type\":\"SearchAction\",\"target\":{\"@type\":\"EntryPoint\",\"urlTemplate\":\"https:\\\/\\\/capta.com.co\\\/agustinangarita\\\/?s={search_term_string}\"},\"query-input\":{\"@type\":\"PropertyValueSpecification\",\"valueRequired\":true,\"valueName\":\"search_term_string\"}}],\"inLanguage\":\"es\"}]}<\/script>\n<!-- \/ Yoast SEO plugin. -->","yoast_head_json":{"title":"DAMIANA 90 capsulas - Agust\u00edn Angarita","robots":{"index":"index","follow":"follow","max-snippet":"max-snippet:-1","max-image-preview":"max-image-preview:large","max-video-preview":"max-video-preview:-1"},"canonical":"https:\/\/capta.com.co\/agustinangarita\/producto\/damiana-90-capsulas\/","og_locale":"es_ES","og_type":"article","og_title":"DAMIANA 90 capsulas - Agust\u00edn Angarita","og_description":"Damiana es un producto natural que se ha usado para mejorar la funci\u00f3n mental, o\u00a0para\u00a0tratar el dolor vascular de cabeza, la depresi\u00f3n, el malestar estomacal, el estre\u00f1imiento, o la enuresis (orinarse en la cama). Damiana tambi\u00e9n se ha usado para mejorar la satisfacci\u00f3n sexual y ayudar con problemas sexuales como eyaculaci\u00f3n precoz, impotencia y frigidez. [&hellip;]","og_url":"https:\/\/capta.com.co\/agustinangarita\/producto\/damiana-90-capsulas\/","og_site_name":"Agust\u00edn Angarita","article_modified_time":"2024-11-09T14:45:52+00:00","og_image":[{"width":500,"height":500,"url":"https:\/\/capta.com.co\/agustinangarita\/wp-content\/uploads\/sites\/22\/2023\/08\/IMG-20230812-WA0058-removebg-preview-1.png","type":"image\/png"}],"twitter_card":"summary_large_image","twitter_misc":{"Tiempo de lectura":"1 minuto"},"schema":{"@context":"https:\/\/schema.org","@graph":[{"@type":"WebPage","@id":"https:\/\/capta.com.co\/agustinangarita\/producto\/damiana-90-capsulas\/","url":"https:\/\/capta.com.co\/agustinangarita\/producto\/damiana-90-capsulas\/","name":"DAMIANA 90 capsulas - Agust\u00edn Angarita","isPartOf":{"@id":"https:\/\/capta.com.co\/agustinangarita\/#website"},"primaryImageOfPage":{"@id":"https:\/\/capta.com.co\/agustinangarita\/producto\/damiana-90-capsulas\/#primaryimage"},"image":{"@id":"https:\/\/capta.com.co\/agustinangarita\/producto\/damiana-90-capsulas\/#primaryimage"},"thumbnailUrl":"https:\/\/capta.com.co\/agustinangarita\/wp-content\/uploads\/sites\/22\/2023\/08\/IMG-20230812-WA0058-removebg-preview-1.png","datePublished":"2023-08-22T22:33:22+00:00","dateModified":"2024-11-09T14:45:52+00:00","breadcrumb":{"@id":"https:\/\/capta.com.co\/agustinangarita\/producto\/damiana-90-capsulas\/#breadcrumb"},"inLanguage":"es","potentialAction":[{"@type":"ReadAction","target":["https:\/\/capta.com.co\/agustinangarita\/producto\/damiana-90-capsulas\/"]}]},{"@type":"ImageObject","inLanguage":"es","@id":"https:\/\/capta.com.co\/agustinangarita\/producto\/damiana-90-capsulas\/#primaryimage","url":"https:\/\/capta.com.co\/agustinangarita\/wp-content\/uploads\/sites\/22\/2023\/08\/IMG-20230812-WA0058-removebg-preview-1.png","contentUrl":"https:\/\/capta.com.co\/agustinangarita\/wp-content\/uploads\/sites\/22\/2023\/08\/IMG-20230812-WA0058-removebg-preview-1.png","width":500,"height":500},{"@type":"BreadcrumbList","@id":"https:\/\/capta.com.co\/agustinangarita\/producto\/damiana-90-capsulas\/#breadcrumb","itemListElement":[{"@type":"ListItem","position":1,"name":"Portada","item":"https:\/\/capta.com.co\/agustinangarita\/"},{"@type":"ListItem","position":2,"name":"Tienda","item":"https:\/\/capta.com.co\/agustinangarita\/"},{"@type":"ListItem","position":3,"name":"DAMIANA 90 capsulas"}]},{"@type":"WebSite","@id":"https:\/\/capta.com.co\/agustinangarita\/#website","url":"https:\/\/capta.com.co\/agustinangarita\/","name":"Agust\u00edn Angarita","description":"Capta - Compras que inspiran","potentialAction":[{"@type":"SearchAction","target":{"@type":"EntryPoint","urlTemplate":"https:\/\/capta.com.co\/agustinangarita\/?s={search_term_string}"},"query-input":{"@type":"PropertyValueSpecification","valueRequired":true,"valueName":"search_term_string"}}],"inLanguage":"es"}]}},"_links":{"self":[{"href":"https:\/\/capta.com.co\/agustinangarita\/wp-json\/wp\/v2\/product\/241","targetHints":{"allow":["GET"]}}],"collection":[{"href":"https:\/\/capta.com.co\/agustinangarita\/wp-json\/wp\/v2\/product"}],"about":[{"href":"https:\/\/capta.com.co\/agustinangarita\/wp-json\/wp\/v2\/types\/product"}],"replies":[{"embeddable":true,"href":"https:\/\/capta.com.co\/agustinangarita\/wp-json\/wp\/v2\/comments?post=241"}],"wp:featuredmedia":[{"embeddable":true,"href":"https:\/\/capta.com.co\/agustinangarita\/wp-json\/wp\/v2\/media\/242"}],"wp:attachment":[{"href":"https:\/\/capta.com.co\/agustinangarita\/wp-json\/wp\/v2\/media?parent=241"}],"wp:term":[{"taxonomy":"product_brand","embeddable":true,"href":"https:\/\/capta.com.co\/agustinangarita\/wp-json\/wp\/v2\/product_brand?post=241"},{"taxonomy":"product_cat","embeddable":true,"href":"https:\/\/capta.com.co\/agustinangarita\/wp-json\/wp\/v2\/product_cat?post=241"},{"taxonomy":"product_tag","embeddable":true,"href":"https:\/\/capta.com.co\/agustinangarita\/wp-json\/wp\/v2\/product_tag?post=241"}],"curies":[{"name":"wp","href":"https:\/\/api.w.org\/{rel}","templated":true}]}}