{"id":235,"date":"2023-08-22T17:47:47","date_gmt":"2023-08-22T22:47:47","guid":{"rendered":"https:\/\/capta.com.co\/agustinangarita\/?post_type=product&#038;p=235"},"modified":"2026-05-02T11:04:54","modified_gmt":"2026-05-02T16:04:54","slug":"adipoles-x-60-comprimidos-sublinguales","status":"publish","type":"product","link":"https:\/\/capta.com.co\/agustinangarita\/producto\/adipoles-x-60-comprimidos-sublinguales\/","title":{"rendered":"ADIPOLES x 60 comprimidos sublinguales"},"content":{"rendered":"<p><strong>Adipoles<\/strong> es un producto homeop\u00e1tico con funciones de remodelar y <strong>reducir la grasa corporal<\/strong>. Previene la <strong>celulitis<\/strong>. Es un producto natural <strong>adelgazante<\/strong>. Lipol\u00edtico. Reduce el dolor de la celulitis. Debe usarse por m\u00ednimo <strong>6 semanas<\/strong> y acompa\u00f1ado con una dieta sana y h\u00e1bitos anti sedentarios.<\/p>\n","protected":false},"excerpt":{"rendered":"<p>Adipoles es un producto homeop\u00e1tico con funciones de remodelar y reducir la grasa corporal. Previene la celulitis. Es un producto natural adelgazante. Lipol\u00edtico. Reduce el dolor de la celulitis. Debe usarse por m\u00ednimo 6 semanas y acompa\u00f1ado con una dieta sana y h\u00e1bitos anti sedentarios.<\/p>\n","protected":false},"featured_media":236,"comment_status":"open","ping_status":"closed","template":"","meta":{"_acf_changed":false,"inline_featured_image":false},"product_brand":[],"product_cat":[17],"product_tag":[214,210,212,213,211],"class_list":{"0":"post-235","1":"product","2":"type-product","3":"status-publish","4":"has-post-thumbnail","6":"product_cat-medicamentos-naturales","7":"product_tag-adelgazante","8":"product_tag-anticelulitico","9":"product_tag-lipolitico","10":"product_tag-reductor-de-grasa","11":"product_tag-remodelador-corporal","13":"first","14":"instock","15":"shipping-taxable","16":"purchasable","17":"product-type-simple"},"acf":[],"yoast_head":"<!-- This site is optimized with the Yoast SEO plugin v27.5 - https:\/\/yoast.com\/product\/yoast-seo-wordpress\/ -->\n<title>ADIPOLES x 60 comprimidos sublinguales - Agust\u00edn Angarita<\/title>\n<meta name=\"robots\" content=\"index, follow, max-snippet:-1, max-image-preview:large, max-video-preview:-1\" \/>\n<link rel=\"canonical\" href=\"https:\/\/capta.com.co\/agustinangarita\/producto\/adipoles-x-60-comprimidos-sublinguales\/\" \/>\n<meta property=\"og:locale\" content=\"es_ES\" \/>\n<meta property=\"og:type\" content=\"article\" \/>\n<meta property=\"og:title\" content=\"ADIPOLES x 60 comprimidos sublinguales - Agust\u00edn Angarita\" \/>\n<meta property=\"og:description\" content=\"Adipoles es un producto homeop\u00e1tico con funciones de remodelar y reducir la grasa corporal. Previene la celulitis. Es un producto natural adelgazante. Lipol\u00edtico. Reduce el dolor de la celulitis. Debe usarse por m\u00ednimo 6 semanas y acompa\u00f1ado con una dieta sana y h\u00e1bitos anti sedentarios.\" \/>\n<meta property=\"og:url\" content=\"https:\/\/capta.com.co\/agustinangarita\/producto\/adipoles-x-60-comprimidos-sublinguales\/\" \/>\n<meta property=\"og:site_name\" content=\"Agust\u00edn Angarita\" \/>\n<meta property=\"article:modified_time\" content=\"2026-05-02T16:04:54+00:00\" \/>\n<meta property=\"og:image\" content=\"https:\/\/capta.com.co\/agustinangarita\/wp-content\/uploads\/sites\/22\/2023\/08\/IMG-20230812-WA0060-removebg-preview.png\" \/>\n\t<meta property=\"og:image:width\" content=\"500\" \/>\n\t<meta property=\"og:image:height\" content=\"500\" \/>\n\t<meta property=\"og:image:type\" content=\"image\/png\" \/>\n<meta name=\"twitter:card\" content=\"summary_large_image\" \/>\n<script type=\"application\/ld+json\" class=\"yoast-schema-graph\">{\"@context\":\"https:\\\/\\\/schema.org\",\"@graph\":[{\"@type\":\"WebPage\",\"@id\":\"https:\\\/\\\/capta.com.co\\\/agustinangarita\\\/producto\\\/adipoles-x-60-comprimidos-sublinguales\\\/\",\"url\":\"https:\\\/\\\/capta.com.co\\\/agustinangarita\\\/producto\\\/adipoles-x-60-comprimidos-sublinguales\\\/\",\"name\":\"ADIPOLES x 60 comprimidos sublinguales - Agust\u00edn Angarita\",\"isPartOf\":{\"@id\":\"https:\\\/\\\/capta.com.co\\\/agustinangarita\\\/#website\"},\"primaryImageOfPage\":{\"@id\":\"https:\\\/\\\/capta.com.co\\\/agustinangarita\\\/producto\\\/adipoles-x-60-comprimidos-sublinguales\\\/#primaryimage\"},\"image\":{\"@id\":\"https:\\\/\\\/capta.com.co\\\/agustinangarita\\\/producto\\\/adipoles-x-60-comprimidos-sublinguales\\\/#primaryimage\"},\"thumbnailUrl\":\"https:\\\/\\\/capta.com.co\\\/agustinangarita\\\/wp-content\\\/uploads\\\/sites\\\/22\\\/2023\\\/08\\\/IMG-20230812-WA0060-removebg-preview.png\",\"datePublished\":\"2023-08-22T22:47:47+00:00\",\"dateModified\":\"2026-05-02T16:04:54+00:00\",\"breadcrumb\":{\"@id\":\"https:\\\/\\\/capta.com.co\\\/agustinangarita\\\/producto\\\/adipoles-x-60-comprimidos-sublinguales\\\/#breadcrumb\"},\"inLanguage\":\"es\",\"potentialAction\":[{\"@type\":\"ReadAction\",\"target\":[\"https:\\\/\\\/capta.com.co\\\/agustinangarita\\\/producto\\\/adipoles-x-60-comprimidos-sublinguales\\\/\"]}]},{\"@type\":\"ImageObject\",\"inLanguage\":\"es\",\"@id\":\"https:\\\/\\\/capta.com.co\\\/agustinangarita\\\/producto\\\/adipoles-x-60-comprimidos-sublinguales\\\/#primaryimage\",\"url\":\"https:\\\/\\\/capta.com.co\\\/agustinangarita\\\/wp-content\\\/uploads\\\/sites\\\/22\\\/2023\\\/08\\\/IMG-20230812-WA0060-removebg-preview.png\",\"contentUrl\":\"https:\\\/\\\/capta.com.co\\\/agustinangarita\\\/wp-content\\\/uploads\\\/sites\\\/22\\\/2023\\\/08\\\/IMG-20230812-WA0060-removebg-preview.png\",\"width\":500,\"height\":500},{\"@type\":\"BreadcrumbList\",\"@id\":\"https:\\\/\\\/capta.com.co\\\/agustinangarita\\\/producto\\\/adipoles-x-60-comprimidos-sublinguales\\\/#breadcrumb\",\"itemListElement\":[{\"@type\":\"ListItem\",\"position\":1,\"name\":\"Portada\",\"item\":\"https:\\\/\\\/capta.com.co\\\/agustinangarita\\\/\"},{\"@type\":\"ListItem\",\"position\":2,\"name\":\"Tienda\",\"item\":\"https:\\\/\\\/capta.com.co\\\/agustinangarita\\\/\"},{\"@type\":\"ListItem\",\"position\":3,\"name\":\"ADIPOLES x 60 comprimidos sublinguales\"}]},{\"@type\":\"WebSite\",\"@id\":\"https:\\\/\\\/capta.com.co\\\/agustinangarita\\\/#website\",\"url\":\"https:\\\/\\\/capta.com.co\\\/agustinangarita\\\/\",\"name\":\"Agust\u00edn Angarita\",\"description\":\"Capta - Compras que inspiran\",\"potentialAction\":[{\"@type\":\"SearchAction\",\"target\":{\"@type\":\"EntryPoint\",\"urlTemplate\":\"https:\\\/\\\/capta.com.co\\\/agustinangarita\\\/?s={search_term_string}\"},\"query-input\":{\"@type\":\"PropertyValueSpecification\",\"valueRequired\":true,\"valueName\":\"search_term_string\"}}],\"inLanguage\":\"es\"}]}<\/script>\n<!-- \/ Yoast SEO plugin. -->","yoast_head_json":{"title":"ADIPOLES x 60 comprimidos sublinguales - Agust\u00edn Angarita","robots":{"index":"index","follow":"follow","max-snippet":"max-snippet:-1","max-image-preview":"max-image-preview:large","max-video-preview":"max-video-preview:-1"},"canonical":"https:\/\/capta.com.co\/agustinangarita\/producto\/adipoles-x-60-comprimidos-sublinguales\/","og_locale":"es_ES","og_type":"article","og_title":"ADIPOLES x 60 comprimidos sublinguales - Agust\u00edn Angarita","og_description":"Adipoles es un producto homeop\u00e1tico con funciones de remodelar y reducir la grasa corporal. Previene la celulitis. Es un producto natural adelgazante. Lipol\u00edtico. Reduce el dolor de la celulitis. Debe usarse por m\u00ednimo 6 semanas y acompa\u00f1ado con una dieta sana y h\u00e1bitos anti sedentarios.","og_url":"https:\/\/capta.com.co\/agustinangarita\/producto\/adipoles-x-60-comprimidos-sublinguales\/","og_site_name":"Agust\u00edn Angarita","article_modified_time":"2026-05-02T16:04:54+00:00","og_image":[{"width":500,"height":500,"url":"https:\/\/capta.com.co\/agustinangarita\/wp-content\/uploads\/sites\/22\/2023\/08\/IMG-20230812-WA0060-removebg-preview.png","type":"image\/png"}],"twitter_card":"summary_large_image","schema":{"@context":"https:\/\/schema.org","@graph":[{"@type":"WebPage","@id":"https:\/\/capta.com.co\/agustinangarita\/producto\/adipoles-x-60-comprimidos-sublinguales\/","url":"https:\/\/capta.com.co\/agustinangarita\/producto\/adipoles-x-60-comprimidos-sublinguales\/","name":"ADIPOLES x 60 comprimidos sublinguales - Agust\u00edn Angarita","isPartOf":{"@id":"https:\/\/capta.com.co\/agustinangarita\/#website"},"primaryImageOfPage":{"@id":"https:\/\/capta.com.co\/agustinangarita\/producto\/adipoles-x-60-comprimidos-sublinguales\/#primaryimage"},"image":{"@id":"https:\/\/capta.com.co\/agustinangarita\/producto\/adipoles-x-60-comprimidos-sublinguales\/#primaryimage"},"thumbnailUrl":"https:\/\/capta.com.co\/agustinangarita\/wp-content\/uploads\/sites\/22\/2023\/08\/IMG-20230812-WA0060-removebg-preview.png","datePublished":"2023-08-22T22:47:47+00:00","dateModified":"2026-05-02T16:04:54+00:00","breadcrumb":{"@id":"https:\/\/capta.com.co\/agustinangarita\/producto\/adipoles-x-60-comprimidos-sublinguales\/#breadcrumb"},"inLanguage":"es","potentialAction":[{"@type":"ReadAction","target":["https:\/\/capta.com.co\/agustinangarita\/producto\/adipoles-x-60-comprimidos-sublinguales\/"]}]},{"@type":"ImageObject","inLanguage":"es","@id":"https:\/\/capta.com.co\/agustinangarita\/producto\/adipoles-x-60-comprimidos-sublinguales\/#primaryimage","url":"https:\/\/capta.com.co\/agustinangarita\/wp-content\/uploads\/sites\/22\/2023\/08\/IMG-20230812-WA0060-removebg-preview.png","contentUrl":"https:\/\/capta.com.co\/agustinangarita\/wp-content\/uploads\/sites\/22\/2023\/08\/IMG-20230812-WA0060-removebg-preview.png","width":500,"height":500},{"@type":"BreadcrumbList","@id":"https:\/\/capta.com.co\/agustinangarita\/producto\/adipoles-x-60-comprimidos-sublinguales\/#breadcrumb","itemListElement":[{"@type":"ListItem","position":1,"name":"Portada","item":"https:\/\/capta.com.co\/agustinangarita\/"},{"@type":"ListItem","position":2,"name":"Tienda","item":"https:\/\/capta.com.co\/agustinangarita\/"},{"@type":"ListItem","position":3,"name":"ADIPOLES x 60 comprimidos sublinguales"}]},{"@type":"WebSite","@id":"https:\/\/capta.com.co\/agustinangarita\/#website","url":"https:\/\/capta.com.co\/agustinangarita\/","name":"Agust\u00edn Angarita","description":"Capta - Compras que inspiran","potentialAction":[{"@type":"SearchAction","target":{"@type":"EntryPoint","urlTemplate":"https:\/\/capta.com.co\/agustinangarita\/?s={search_term_string}"},"query-input":{"@type":"PropertyValueSpecification","valueRequired":true,"valueName":"search_term_string"}}],"inLanguage":"es"}]}},"_links":{"self":[{"href":"https:\/\/capta.com.co\/agustinangarita\/wp-json\/wp\/v2\/product\/235","targetHints":{"allow":["GET"]}}],"collection":[{"href":"https:\/\/capta.com.co\/agustinangarita\/wp-json\/wp\/v2\/product"}],"about":[{"href":"https:\/\/capta.com.co\/agustinangarita\/wp-json\/wp\/v2\/types\/product"}],"replies":[{"embeddable":true,"href":"https:\/\/capta.com.co\/agustinangarita\/wp-json\/wp\/v2\/comments?post=235"}],"wp:featuredmedia":[{"embeddable":true,"href":"https:\/\/capta.com.co\/agustinangarita\/wp-json\/wp\/v2\/media\/236"}],"wp:attachment":[{"href":"https:\/\/capta.com.co\/agustinangarita\/wp-json\/wp\/v2\/media?parent=235"}],"wp:term":[{"taxonomy":"product_brand","embeddable":true,"href":"https:\/\/capta.com.co\/agustinangarita\/wp-json\/wp\/v2\/product_brand?post=235"},{"taxonomy":"product_cat","embeddable":true,"href":"https:\/\/capta.com.co\/agustinangarita\/wp-json\/wp\/v2\/product_cat?post=235"},{"taxonomy":"product_tag","embeddable":true,"href":"https:\/\/capta.com.co\/agustinangarita\/wp-json\/wp\/v2\/product_tag?post=235"}],"curies":[{"name":"wp","href":"https:\/\/api.w.org\/{rel}","templated":true}]}}