{"id":230,"date":"2023-08-22T16:27:29","date_gmt":"2023-08-22T21:27:29","guid":{"rendered":"https:\/\/capta.com.co\/agustinangarita\/?post_type=product&#038;p=230"},"modified":"2024-11-09T10:15:58","modified_gmt":"2024-11-09T15:15:58","slug":"jarabe-x3-500ml","status":"publish","type":"product","link":"https:\/\/capta.com.co\/agustinangarita\/producto\/jarabe-x3-500ml\/","title":{"rendered":"X3  Jarabe 500ml"},"content":{"rendered":"<p><b>X3 <\/b>es un excelente producto para pacientes en tratamiento para<b> c\u00e1ncer, diab\u00e9ticos, artr\u00edticos, inmunosuprimidos, gestantes, <strong>an\u00e9micos,<\/strong> desnutridos, pacientes postquir\u00fargicos,\u00a0 con exceso de trabajo y de la tercera edad.<\/b><\/p>\n<p><b>X3 <\/b>es una bebida enriquecida con frutas, aloe vera, vitaminas y minerales.<\/p>\n<p><strong>X3<\/strong> Contiene Mangostino, Pi\u00f1a, Tamarindo, gel de Aleo Vera, cloruro de magnesio, Calcio, zinc y vitaminas A, B1, B2 B6; B12, C, D, E y Nicotinamida.<\/p>\n<p>&nbsp;<\/p>\n","protected":false},"excerpt":{"rendered":"<p>X3 es un excelente producto para pacientes en tratamiento para c\u00e1ncer, diab\u00e9ticos, artr\u00edticos, inmunosuprimidos, gestantes, an\u00e9micos, desnutridos, pacientes postquir\u00fargicos,\u00a0 con exceso de trabajo y de la tercera edad. X3 es una bebida enriquecida con frutas, aloe vera, vitaminas y minerales. X3 Contiene Mangostino, Pi\u00f1a, Tamarindo, gel de Aleo Vera, cloruro de magnesio, Calcio, zinc y [&hellip;]<\/p>\n","protected":false},"featured_media":231,"comment_status":"open","ping_status":"closed","template":"","meta":{"_acf_changed":false,"inline_featured_image":false},"product_brand":[],"product_cat":[16,128,17],"product_tag":[175,54,93,177,176,178,181,179,180],"class_list":{"0":"post-230","1":"product","2":"type-product","3":"status-publish","4":"has-post-thumbnail","6":"product_cat-alimento-funcional","7":"product_cat-inmunomodulador","8":"product_cat-medicamentos-naturales","9":"product_tag-anemia","10":"product_tag-artritis","11":"product_tag-cancer","12":"product_tag-cirugia","13":"product_tag-debilidad","14":"product_tag-diabetes","15":"product_tag-inmunosupresores","16":"product_tag-quimioterapia","17":"product_tag-radioterapia","19":"first","20":"instock","21":"shipping-taxable","22":"purchasable","23":"product-type-simple"},"acf":[],"yoast_head":"<!-- This site is optimized with the Yoast SEO plugin v27.3 - https:\/\/yoast.com\/product\/yoast-seo-wordpress\/ -->\n<title>X3 Jarabe 500ml - Agust\u00edn Angarita<\/title>\n<meta name=\"robots\" content=\"index, follow, max-snippet:-1, max-image-preview:large, max-video-preview:-1\" \/>\n<link rel=\"canonical\" href=\"https:\/\/capta.com.co\/agustinangarita\/producto\/jarabe-x3-500ml\/\" \/>\n<meta property=\"og:locale\" content=\"es_ES\" \/>\n<meta property=\"og:type\" content=\"article\" \/>\n<meta property=\"og:title\" content=\"X3 Jarabe 500ml - Agust\u00edn Angarita\" \/>\n<meta property=\"og:description\" content=\"X3 es un excelente producto para pacientes en tratamiento para c\u00e1ncer, diab\u00e9ticos, artr\u00edticos, inmunosuprimidos, gestantes, an\u00e9micos, desnutridos, pacientes postquir\u00fargicos,\u00a0 con exceso de trabajo y de la tercera edad. X3 es una bebida enriquecida con frutas, aloe vera, vitaminas y minerales. X3 Contiene Mangostino, Pi\u00f1a, Tamarindo, gel de Aleo Vera, cloruro de magnesio, Calcio, zinc y [&hellip;]\" \/>\n<meta property=\"og:url\" content=\"https:\/\/capta.com.co\/agustinangarita\/producto\/jarabe-x3-500ml\/\" \/>\n<meta property=\"og:site_name\" content=\"Agust\u00edn Angarita\" \/>\n<meta property=\"article:modified_time\" content=\"2024-11-09T15:15:58+00:00\" \/>\n<meta property=\"og:image\" content=\"https:\/\/capta.com.co\/agustinangarita\/wp-content\/uploads\/sites\/22\/2023\/08\/IMG-20230812-WA0052-removebg-preview-1.png\" \/>\n\t<meta property=\"og:image:width\" content=\"500\" \/>\n\t<meta property=\"og:image:height\" content=\"500\" \/>\n\t<meta property=\"og:image:type\" content=\"image\/png\" \/>\n<meta name=\"twitter:card\" content=\"summary_large_image\" \/>\n<script type=\"application\/ld+json\" class=\"yoast-schema-graph\">{\"@context\":\"https:\\\/\\\/schema.org\",\"@graph\":[{\"@type\":\"WebPage\",\"@id\":\"https:\\\/\\\/capta.com.co\\\/agustinangarita\\\/producto\\\/jarabe-x3-500ml\\\/\",\"url\":\"https:\\\/\\\/capta.com.co\\\/agustinangarita\\\/producto\\\/jarabe-x3-500ml\\\/\",\"name\":\"X3 Jarabe 500ml - Agust\u00edn Angarita\",\"isPartOf\":{\"@id\":\"https:\\\/\\\/capta.com.co\\\/agustinangarita\\\/#website\"},\"primaryImageOfPage\":{\"@id\":\"https:\\\/\\\/capta.com.co\\\/agustinangarita\\\/producto\\\/jarabe-x3-500ml\\\/#primaryimage\"},\"image\":{\"@id\":\"https:\\\/\\\/capta.com.co\\\/agustinangarita\\\/producto\\\/jarabe-x3-500ml\\\/#primaryimage\"},\"thumbnailUrl\":\"https:\\\/\\\/capta.com.co\\\/agustinangarita\\\/wp-content\\\/uploads\\\/sites\\\/22\\\/2023\\\/08\\\/IMG-20230812-WA0052-removebg-preview-1.png\",\"datePublished\":\"2023-08-22T21:27:29+00:00\",\"dateModified\":\"2024-11-09T15:15:58+00:00\",\"breadcrumb\":{\"@id\":\"https:\\\/\\\/capta.com.co\\\/agustinangarita\\\/producto\\\/jarabe-x3-500ml\\\/#breadcrumb\"},\"inLanguage\":\"es\",\"potentialAction\":[{\"@type\":\"ReadAction\",\"target\":[\"https:\\\/\\\/capta.com.co\\\/agustinangarita\\\/producto\\\/jarabe-x3-500ml\\\/\"]}]},{\"@type\":\"ImageObject\",\"inLanguage\":\"es\",\"@id\":\"https:\\\/\\\/capta.com.co\\\/agustinangarita\\\/producto\\\/jarabe-x3-500ml\\\/#primaryimage\",\"url\":\"https:\\\/\\\/capta.com.co\\\/agustinangarita\\\/wp-content\\\/uploads\\\/sites\\\/22\\\/2023\\\/08\\\/IMG-20230812-WA0052-removebg-preview-1.png\",\"contentUrl\":\"https:\\\/\\\/capta.com.co\\\/agustinangarita\\\/wp-content\\\/uploads\\\/sites\\\/22\\\/2023\\\/08\\\/IMG-20230812-WA0052-removebg-preview-1.png\",\"width\":500,\"height\":500},{\"@type\":\"BreadcrumbList\",\"@id\":\"https:\\\/\\\/capta.com.co\\\/agustinangarita\\\/producto\\\/jarabe-x3-500ml\\\/#breadcrumb\",\"itemListElement\":[{\"@type\":\"ListItem\",\"position\":1,\"name\":\"Portada\",\"item\":\"https:\\\/\\\/capta.com.co\\\/agustinangarita\\\/\"},{\"@type\":\"ListItem\",\"position\":2,\"name\":\"Tienda\",\"item\":\"https:\\\/\\\/capta.com.co\\\/agustinangarita\\\/\"},{\"@type\":\"ListItem\",\"position\":3,\"name\":\"X3 Jarabe 500ml\"}]},{\"@type\":\"WebSite\",\"@id\":\"https:\\\/\\\/capta.com.co\\\/agustinangarita\\\/#website\",\"url\":\"https:\\\/\\\/capta.com.co\\\/agustinangarita\\\/\",\"name\":\"Agust\u00edn Angarita\",\"description\":\"Capta - Compras que inspiran\",\"potentialAction\":[{\"@type\":\"SearchAction\",\"target\":{\"@type\":\"EntryPoint\",\"urlTemplate\":\"https:\\\/\\\/capta.com.co\\\/agustinangarita\\\/?s={search_term_string}\"},\"query-input\":{\"@type\":\"PropertyValueSpecification\",\"valueRequired\":true,\"valueName\":\"search_term_string\"}}],\"inLanguage\":\"es\"}]}<\/script>\n<!-- \/ Yoast SEO plugin. -->","yoast_head_json":{"title":"X3 Jarabe 500ml - Agust\u00edn Angarita","robots":{"index":"index","follow":"follow","max-snippet":"max-snippet:-1","max-image-preview":"max-image-preview:large","max-video-preview":"max-video-preview:-1"},"canonical":"https:\/\/capta.com.co\/agustinangarita\/producto\/jarabe-x3-500ml\/","og_locale":"es_ES","og_type":"article","og_title":"X3 Jarabe 500ml - Agust\u00edn Angarita","og_description":"X3 es un excelente producto para pacientes en tratamiento para c\u00e1ncer, diab\u00e9ticos, artr\u00edticos, inmunosuprimidos, gestantes, an\u00e9micos, desnutridos, pacientes postquir\u00fargicos,\u00a0 con exceso de trabajo y de la tercera edad. X3 es una bebida enriquecida con frutas, aloe vera, vitaminas y minerales. X3 Contiene Mangostino, Pi\u00f1a, Tamarindo, gel de Aleo Vera, cloruro de magnesio, Calcio, zinc y [&hellip;]","og_url":"https:\/\/capta.com.co\/agustinangarita\/producto\/jarabe-x3-500ml\/","og_site_name":"Agust\u00edn Angarita","article_modified_time":"2024-11-09T15:15:58+00:00","og_image":[{"width":500,"height":500,"url":"https:\/\/capta.com.co\/agustinangarita\/wp-content\/uploads\/sites\/22\/2023\/08\/IMG-20230812-WA0052-removebg-preview-1.png","type":"image\/png"}],"twitter_card":"summary_large_image","schema":{"@context":"https:\/\/schema.org","@graph":[{"@type":"WebPage","@id":"https:\/\/capta.com.co\/agustinangarita\/producto\/jarabe-x3-500ml\/","url":"https:\/\/capta.com.co\/agustinangarita\/producto\/jarabe-x3-500ml\/","name":"X3 Jarabe 500ml - Agust\u00edn Angarita","isPartOf":{"@id":"https:\/\/capta.com.co\/agustinangarita\/#website"},"primaryImageOfPage":{"@id":"https:\/\/capta.com.co\/agustinangarita\/producto\/jarabe-x3-500ml\/#primaryimage"},"image":{"@id":"https:\/\/capta.com.co\/agustinangarita\/producto\/jarabe-x3-500ml\/#primaryimage"},"thumbnailUrl":"https:\/\/capta.com.co\/agustinangarita\/wp-content\/uploads\/sites\/22\/2023\/08\/IMG-20230812-WA0052-removebg-preview-1.png","datePublished":"2023-08-22T21:27:29+00:00","dateModified":"2024-11-09T15:15:58+00:00","breadcrumb":{"@id":"https:\/\/capta.com.co\/agustinangarita\/producto\/jarabe-x3-500ml\/#breadcrumb"},"inLanguage":"es","potentialAction":[{"@type":"ReadAction","target":["https:\/\/capta.com.co\/agustinangarita\/producto\/jarabe-x3-500ml\/"]}]},{"@type":"ImageObject","inLanguage":"es","@id":"https:\/\/capta.com.co\/agustinangarita\/producto\/jarabe-x3-500ml\/#primaryimage","url":"https:\/\/capta.com.co\/agustinangarita\/wp-content\/uploads\/sites\/22\/2023\/08\/IMG-20230812-WA0052-removebg-preview-1.png","contentUrl":"https:\/\/capta.com.co\/agustinangarita\/wp-content\/uploads\/sites\/22\/2023\/08\/IMG-20230812-WA0052-removebg-preview-1.png","width":500,"height":500},{"@type":"BreadcrumbList","@id":"https:\/\/capta.com.co\/agustinangarita\/producto\/jarabe-x3-500ml\/#breadcrumb","itemListElement":[{"@type":"ListItem","position":1,"name":"Portada","item":"https:\/\/capta.com.co\/agustinangarita\/"},{"@type":"ListItem","position":2,"name":"Tienda","item":"https:\/\/capta.com.co\/agustinangarita\/"},{"@type":"ListItem","position":3,"name":"X3 Jarabe 500ml"}]},{"@type":"WebSite","@id":"https:\/\/capta.com.co\/agustinangarita\/#website","url":"https:\/\/capta.com.co\/agustinangarita\/","name":"Agust\u00edn Angarita","description":"Capta - Compras que inspiran","potentialAction":[{"@type":"SearchAction","target":{"@type":"EntryPoint","urlTemplate":"https:\/\/capta.com.co\/agustinangarita\/?s={search_term_string}"},"query-input":{"@type":"PropertyValueSpecification","valueRequired":true,"valueName":"search_term_string"}}],"inLanguage":"es"}]}},"_links":{"self":[{"href":"https:\/\/capta.com.co\/agustinangarita\/wp-json\/wp\/v2\/product\/230","targetHints":{"allow":["GET"]}}],"collection":[{"href":"https:\/\/capta.com.co\/agustinangarita\/wp-json\/wp\/v2\/product"}],"about":[{"href":"https:\/\/capta.com.co\/agustinangarita\/wp-json\/wp\/v2\/types\/product"}],"replies":[{"embeddable":true,"href":"https:\/\/capta.com.co\/agustinangarita\/wp-json\/wp\/v2\/comments?post=230"}],"wp:featuredmedia":[{"embeddable":true,"href":"https:\/\/capta.com.co\/agustinangarita\/wp-json\/wp\/v2\/media\/231"}],"wp:attachment":[{"href":"https:\/\/capta.com.co\/agustinangarita\/wp-json\/wp\/v2\/media?parent=230"}],"wp:term":[{"taxonomy":"product_brand","embeddable":true,"href":"https:\/\/capta.com.co\/agustinangarita\/wp-json\/wp\/v2\/product_brand?post=230"},{"taxonomy":"product_cat","embeddable":true,"href":"https:\/\/capta.com.co\/agustinangarita\/wp-json\/wp\/v2\/product_cat?post=230"},{"taxonomy":"product_tag","embeddable":true,"href":"https:\/\/capta.com.co\/agustinangarita\/wp-json\/wp\/v2\/product_tag?post=230"}],"curies":[{"name":"wp","href":"https:\/\/api.w.org\/{rel}","templated":true}]}}