{"id":228,"date":"2023-08-19T11:10:46","date_gmt":"2023-08-19T16:10:46","guid":{"rendered":"https:\/\/capta.com.co\/agustinangarita\/?post_type=product&#038;p=228"},"modified":"2024-11-09T10:34:34","modified_gmt":"2024-11-09T15:34:34","slug":"egaliv-500-ml","status":"publish","type":"product","link":"https:\/\/capta.com.co\/agustinangarita\/producto\/egaliv-500-ml\/","title":{"rendered":"EGALIV FRASCO de 500 ml"},"content":{"rendered":"<p><strong>EGALIV<\/strong> es un <strong>regenerador y depurador hep\u00e1tico<\/strong>, reduce niveles <strong>colesterol y Triglic\u00e9ridos<\/strong>, mejora <strong>h\u00edgado graso<\/strong>.<\/p>\n<p><strong>EGALIV<\/strong> Contiene polvo del fruto del mangostino, polvo de fruta de pi\u00f1a, polvo de fruto de tamarindo, polvo de ra\u00edz de Konjak y vitaminas. Endulzado con Estevia.<\/p>\n<p>Para el h\u00edgado graso tome <strong>EGALIV<\/strong>, baje de peso, tenga alimentaci\u00f3n saludable y haga ejercicio.<\/p>\n","protected":false},"excerpt":{"rendered":"<p>EGALIV es un regenerador y depurador hep\u00e1tico, reduce niveles colesterol y Triglic\u00e9ridos, mejora h\u00edgado graso. EGALIV Contiene polvo del fruto del mangostino, polvo de fruta de pi\u00f1a, polvo de fruto de tamarindo, polvo de ra\u00edz de Konjak y vitaminas. Endulzado con Estevia. Para el h\u00edgado graso tome EGALIV, baje de peso, tenga alimentaci\u00f3n saludable y [&hellip;]<\/p>\n","protected":false},"featured_media":229,"comment_status":"open","ping_status":"closed","template":"","meta":{"_acf_changed":false,"inline_featured_image":false},"product_brand":[],"product_cat":[16,128,17],"product_tag":[171,170,157],"class_list":{"0":"post-228","1":"product","2":"type-product","3":"status-publish","4":"has-post-thumbnail","6":"product_cat-alimento-funcional","7":"product_cat-inmunomodulador","8":"product_cat-medicamentos-naturales","9":"product_tag-baja-colesterol-y-trigliceridos","10":"product_tag-depurador-y-regenerador-hepatico","11":"product_tag-higado-graso","13":"first","14":"instock","15":"shipping-taxable","16":"purchasable","17":"product-type-simple"},"acf":[],"yoast_head":"<!-- This site is optimized with the Yoast SEO plugin v27.3 - https:\/\/yoast.com\/product\/yoast-seo-wordpress\/ -->\n<title>EGALIV FRASCO de 500 ml - Agust\u00edn Angarita<\/title>\n<meta name=\"robots\" content=\"index, follow, max-snippet:-1, max-image-preview:large, max-video-preview:-1\" \/>\n<link rel=\"canonical\" href=\"https:\/\/capta.com.co\/agustinangarita\/producto\/egaliv-500-ml\/\" \/>\n<meta property=\"og:locale\" content=\"es_ES\" \/>\n<meta property=\"og:type\" content=\"article\" \/>\n<meta property=\"og:title\" content=\"EGALIV FRASCO de 500 ml - Agust\u00edn Angarita\" \/>\n<meta property=\"og:description\" content=\"EGALIV es un regenerador y depurador hep\u00e1tico, reduce niveles colesterol y Triglic\u00e9ridos, mejora h\u00edgado graso. EGALIV Contiene polvo del fruto del mangostino, polvo de fruta de pi\u00f1a, polvo de fruto de tamarindo, polvo de ra\u00edz de Konjak y vitaminas. Endulzado con Estevia. Para el h\u00edgado graso tome EGALIV, baje de peso, tenga alimentaci\u00f3n saludable y [&hellip;]\" \/>\n<meta property=\"og:url\" content=\"https:\/\/capta.com.co\/agustinangarita\/producto\/egaliv-500-ml\/\" \/>\n<meta property=\"og:site_name\" content=\"Agust\u00edn Angarita\" \/>\n<meta property=\"article:modified_time\" content=\"2024-11-09T15:34:34+00:00\" \/>\n<meta property=\"og:image\" content=\"https:\/\/capta.com.co\/agustinangarita\/wp-content\/uploads\/sites\/22\/2023\/08\/IMG-20230812-WA0065__1_-removebg-preview.png\" \/>\n\t<meta property=\"og:image:width\" content=\"500\" \/>\n\t<meta property=\"og:image:height\" content=\"500\" \/>\n\t<meta property=\"og:image:type\" content=\"image\/png\" \/>\n<meta name=\"twitter:card\" content=\"summary_large_image\" \/>\n<script type=\"application\/ld+json\" class=\"yoast-schema-graph\">{\"@context\":\"https:\\\/\\\/schema.org\",\"@graph\":[{\"@type\":\"WebPage\",\"@id\":\"https:\\\/\\\/capta.com.co\\\/agustinangarita\\\/producto\\\/egaliv-500-ml\\\/\",\"url\":\"https:\\\/\\\/capta.com.co\\\/agustinangarita\\\/producto\\\/egaliv-500-ml\\\/\",\"name\":\"EGALIV FRASCO de 500 ml - Agust\u00edn Angarita\",\"isPartOf\":{\"@id\":\"https:\\\/\\\/capta.com.co\\\/agustinangarita\\\/#website\"},\"primaryImageOfPage\":{\"@id\":\"https:\\\/\\\/capta.com.co\\\/agustinangarita\\\/producto\\\/egaliv-500-ml\\\/#primaryimage\"},\"image\":{\"@id\":\"https:\\\/\\\/capta.com.co\\\/agustinangarita\\\/producto\\\/egaliv-500-ml\\\/#primaryimage\"},\"thumbnailUrl\":\"https:\\\/\\\/capta.com.co\\\/agustinangarita\\\/wp-content\\\/uploads\\\/sites\\\/22\\\/2023\\\/08\\\/IMG-20230812-WA0065__1_-removebg-preview.png\",\"datePublished\":\"2023-08-19T16:10:46+00:00\",\"dateModified\":\"2024-11-09T15:34:34+00:00\",\"breadcrumb\":{\"@id\":\"https:\\\/\\\/capta.com.co\\\/agustinangarita\\\/producto\\\/egaliv-500-ml\\\/#breadcrumb\"},\"inLanguage\":\"es\",\"potentialAction\":[{\"@type\":\"ReadAction\",\"target\":[\"https:\\\/\\\/capta.com.co\\\/agustinangarita\\\/producto\\\/egaliv-500-ml\\\/\"]}]},{\"@type\":\"ImageObject\",\"inLanguage\":\"es\",\"@id\":\"https:\\\/\\\/capta.com.co\\\/agustinangarita\\\/producto\\\/egaliv-500-ml\\\/#primaryimage\",\"url\":\"https:\\\/\\\/capta.com.co\\\/agustinangarita\\\/wp-content\\\/uploads\\\/sites\\\/22\\\/2023\\\/08\\\/IMG-20230812-WA0065__1_-removebg-preview.png\",\"contentUrl\":\"https:\\\/\\\/capta.com.co\\\/agustinangarita\\\/wp-content\\\/uploads\\\/sites\\\/22\\\/2023\\\/08\\\/IMG-20230812-WA0065__1_-removebg-preview.png\",\"width\":500,\"height\":500},{\"@type\":\"BreadcrumbList\",\"@id\":\"https:\\\/\\\/capta.com.co\\\/agustinangarita\\\/producto\\\/egaliv-500-ml\\\/#breadcrumb\",\"itemListElement\":[{\"@type\":\"ListItem\",\"position\":1,\"name\":\"Portada\",\"item\":\"https:\\\/\\\/capta.com.co\\\/agustinangarita\\\/\"},{\"@type\":\"ListItem\",\"position\":2,\"name\":\"Tienda\",\"item\":\"https:\\\/\\\/capta.com.co\\\/agustinangarita\\\/\"},{\"@type\":\"ListItem\",\"position\":3,\"name\":\"EGALIV FRASCO de 500 ml\"}]},{\"@type\":\"WebSite\",\"@id\":\"https:\\\/\\\/capta.com.co\\\/agustinangarita\\\/#website\",\"url\":\"https:\\\/\\\/capta.com.co\\\/agustinangarita\\\/\",\"name\":\"Agust\u00edn Angarita\",\"description\":\"Capta - Compras que inspiran\",\"potentialAction\":[{\"@type\":\"SearchAction\",\"target\":{\"@type\":\"EntryPoint\",\"urlTemplate\":\"https:\\\/\\\/capta.com.co\\\/agustinangarita\\\/?s={search_term_string}\"},\"query-input\":{\"@type\":\"PropertyValueSpecification\",\"valueRequired\":true,\"valueName\":\"search_term_string\"}}],\"inLanguage\":\"es\"}]}<\/script>\n<!-- \/ Yoast SEO plugin. -->","yoast_head_json":{"title":"EGALIV FRASCO de 500 ml - Agust\u00edn Angarita","robots":{"index":"index","follow":"follow","max-snippet":"max-snippet:-1","max-image-preview":"max-image-preview:large","max-video-preview":"max-video-preview:-1"},"canonical":"https:\/\/capta.com.co\/agustinangarita\/producto\/egaliv-500-ml\/","og_locale":"es_ES","og_type":"article","og_title":"EGALIV FRASCO de 500 ml - Agust\u00edn Angarita","og_description":"EGALIV es un regenerador y depurador hep\u00e1tico, reduce niveles colesterol y Triglic\u00e9ridos, mejora h\u00edgado graso. EGALIV Contiene polvo del fruto del mangostino, polvo de fruta de pi\u00f1a, polvo de fruto de tamarindo, polvo de ra\u00edz de Konjak y vitaminas. Endulzado con Estevia. Para el h\u00edgado graso tome EGALIV, baje de peso, tenga alimentaci\u00f3n saludable y [&hellip;]","og_url":"https:\/\/capta.com.co\/agustinangarita\/producto\/egaliv-500-ml\/","og_site_name":"Agust\u00edn Angarita","article_modified_time":"2024-11-09T15:34:34+00:00","og_image":[{"width":500,"height":500,"url":"https:\/\/capta.com.co\/agustinangarita\/wp-content\/uploads\/sites\/22\/2023\/08\/IMG-20230812-WA0065__1_-removebg-preview.png","type":"image\/png"}],"twitter_card":"summary_large_image","schema":{"@context":"https:\/\/schema.org","@graph":[{"@type":"WebPage","@id":"https:\/\/capta.com.co\/agustinangarita\/producto\/egaliv-500-ml\/","url":"https:\/\/capta.com.co\/agustinangarita\/producto\/egaliv-500-ml\/","name":"EGALIV FRASCO de 500 ml - Agust\u00edn Angarita","isPartOf":{"@id":"https:\/\/capta.com.co\/agustinangarita\/#website"},"primaryImageOfPage":{"@id":"https:\/\/capta.com.co\/agustinangarita\/producto\/egaliv-500-ml\/#primaryimage"},"image":{"@id":"https:\/\/capta.com.co\/agustinangarita\/producto\/egaliv-500-ml\/#primaryimage"},"thumbnailUrl":"https:\/\/capta.com.co\/agustinangarita\/wp-content\/uploads\/sites\/22\/2023\/08\/IMG-20230812-WA0065__1_-removebg-preview.png","datePublished":"2023-08-19T16:10:46+00:00","dateModified":"2024-11-09T15:34:34+00:00","breadcrumb":{"@id":"https:\/\/capta.com.co\/agustinangarita\/producto\/egaliv-500-ml\/#breadcrumb"},"inLanguage":"es","potentialAction":[{"@type":"ReadAction","target":["https:\/\/capta.com.co\/agustinangarita\/producto\/egaliv-500-ml\/"]}]},{"@type":"ImageObject","inLanguage":"es","@id":"https:\/\/capta.com.co\/agustinangarita\/producto\/egaliv-500-ml\/#primaryimage","url":"https:\/\/capta.com.co\/agustinangarita\/wp-content\/uploads\/sites\/22\/2023\/08\/IMG-20230812-WA0065__1_-removebg-preview.png","contentUrl":"https:\/\/capta.com.co\/agustinangarita\/wp-content\/uploads\/sites\/22\/2023\/08\/IMG-20230812-WA0065__1_-removebg-preview.png","width":500,"height":500},{"@type":"BreadcrumbList","@id":"https:\/\/capta.com.co\/agustinangarita\/producto\/egaliv-500-ml\/#breadcrumb","itemListElement":[{"@type":"ListItem","position":1,"name":"Portada","item":"https:\/\/capta.com.co\/agustinangarita\/"},{"@type":"ListItem","position":2,"name":"Tienda","item":"https:\/\/capta.com.co\/agustinangarita\/"},{"@type":"ListItem","position":3,"name":"EGALIV FRASCO de 500 ml"}]},{"@type":"WebSite","@id":"https:\/\/capta.com.co\/agustinangarita\/#website","url":"https:\/\/capta.com.co\/agustinangarita\/","name":"Agust\u00edn Angarita","description":"Capta - Compras que inspiran","potentialAction":[{"@type":"SearchAction","target":{"@type":"EntryPoint","urlTemplate":"https:\/\/capta.com.co\/agustinangarita\/?s={search_term_string}"},"query-input":{"@type":"PropertyValueSpecification","valueRequired":true,"valueName":"search_term_string"}}],"inLanguage":"es"}]}},"_links":{"self":[{"href":"https:\/\/capta.com.co\/agustinangarita\/wp-json\/wp\/v2\/product\/228","targetHints":{"allow":["GET"]}}],"collection":[{"href":"https:\/\/capta.com.co\/agustinangarita\/wp-json\/wp\/v2\/product"}],"about":[{"href":"https:\/\/capta.com.co\/agustinangarita\/wp-json\/wp\/v2\/types\/product"}],"replies":[{"embeddable":true,"href":"https:\/\/capta.com.co\/agustinangarita\/wp-json\/wp\/v2\/comments?post=228"}],"wp:featuredmedia":[{"embeddable":true,"href":"https:\/\/capta.com.co\/agustinangarita\/wp-json\/wp\/v2\/media\/229"}],"wp:attachment":[{"href":"https:\/\/capta.com.co\/agustinangarita\/wp-json\/wp\/v2\/media?parent=228"}],"wp:term":[{"taxonomy":"product_brand","embeddable":true,"href":"https:\/\/capta.com.co\/agustinangarita\/wp-json\/wp\/v2\/product_brand?post=228"},{"taxonomy":"product_cat","embeddable":true,"href":"https:\/\/capta.com.co\/agustinangarita\/wp-json\/wp\/v2\/product_cat?post=228"},{"taxonomy":"product_tag","embeddable":true,"href":"https:\/\/capta.com.co\/agustinangarita\/wp-json\/wp\/v2\/product_tag?post=228"}],"curies":[{"name":"wp","href":"https:\/\/api.w.org\/{rel}","templated":true}]}}