{"id":218,"date":"2023-08-18T16:08:24","date_gmt":"2023-08-18T21:08:24","guid":{"rendered":"https:\/\/capta.com.co\/agustinangarita\/?post_type=product&#038;p=218"},"modified":"2024-11-18T16:01:38","modified_gmt":"2024-11-18T21:01:38","slug":"bronquiaral-jarabe-360ml","status":"publish","type":"product","link":"https:\/\/capta.com.co\/agustinangarita\/producto\/bronquiaral-jarabe-360ml\/","title":{"rendered":"BRONQUIARAL Jarabe Frasco de 360ml"},"content":{"rendered":"<p><strong>BRONQUIARAL<\/strong>\u00a0 Es una formula magistral que combina cuidadosamente productos naturales con efectos ben\u00e9ficos sobre el \u00e1rbol broncopulmonar procurando mejorar las molestias respiratorias.<\/p>\n<p><strong>BRONQUIARAL <\/strong>es muy \u00fatil en casos de\u00a0<strong>Asma<\/strong>, <strong>bronquitis<\/strong>, <strong>bronconeumon\u00eda<\/strong>, <strong>neumonitis<\/strong>, <strong>neumon\u00eda<\/strong>, <strong>bronquiolitis<\/strong>, <strong>EPOC<\/strong>, tos persistente, estados gripales con tos,<strong> rinitis,<\/strong> <strong>rinosinusitis<\/strong>, <strong>sinusitis<\/strong>, <strong>bronquitis cr\u00f3nica<\/strong>,<strong> tos del fumador<\/strong> y <strong>tos pleur\u00edtica<\/strong>.<\/p>\n<p><strong>BRONQUIARAL <\/strong>Contiene Borraja, Eucalipto, Sauco, Malva, tilo, pulmonaria, totumo, drosera, ipecacuana y prop\u00f3leo.<\/p>\n<hr \/>\n<p>&nbsp;<\/p>\n","protected":false},"excerpt":{"rendered":"<p>BRONQUIARAL\u00a0 Es una formula magistral que combina cuidadosamente productos naturales con efectos ben\u00e9ficos sobre el \u00e1rbol broncopulmonar procurando mejorar las molestias respiratorias. BRONQUIARAL es muy \u00fatil en casos de\u00a0Asma, bronquitis, bronconeumon\u00eda, neumonitis, neumon\u00eda, bronquiolitis, EPOC, tos persistente, estados gripales con tos, rinitis, rinosinusitis, sinusitis, bronquitis cr\u00f3nica, tos del fumador y tos pleur\u00edtica. BRONQUIARAL Contiene Borraja, [&hellip;]<\/p>\n","protected":false},"featured_media":267,"comment_status":"open","ping_status":"closed","template":"","meta":{"_acf_changed":false,"inline_featured_image":false},"product_brand":[],"product_cat":[17],"product_tag":[133,132,136,134,135],"class_list":{"0":"post-218","1":"product","2":"type-product","3":"status-publish","4":"has-post-thumbnail","6":"product_cat-medicamentos-naturales","7":"product_tag-antiasmatico","8":"product_tag-antitusivo","9":"product_tag-bronconeumonia","10":"product_tag-bronquitis","11":"product_tag-rinitis","13":"first","14":"instock","15":"shipping-taxable","16":"purchasable","17":"product-type-simple"},"acf":[],"yoast_head":"<!-- This site is optimized with the Yoast SEO plugin v27.3 - https:\/\/yoast.com\/product\/yoast-seo-wordpress\/ -->\n<title>BRONQUIARAL Jarabe Frasco de 360ml - Agust\u00edn Angarita<\/title>\n<meta name=\"robots\" content=\"index, follow, max-snippet:-1, max-image-preview:large, max-video-preview:-1\" \/>\n<link rel=\"canonical\" href=\"https:\/\/capta.com.co\/agustinangarita\/producto\/bronquiaral-jarabe-360ml\/\" \/>\n<meta property=\"og:locale\" content=\"es_ES\" \/>\n<meta property=\"og:type\" content=\"article\" \/>\n<meta property=\"og:title\" content=\"BRONQUIARAL Jarabe Frasco de 360ml - Agust\u00edn Angarita\" \/>\n<meta property=\"og:description\" content=\"BRONQUIARAL\u00a0 Es una formula magistral que combina cuidadosamente productos naturales con efectos ben\u00e9ficos sobre el \u00e1rbol broncopulmonar procurando mejorar las molestias respiratorias. BRONQUIARAL es muy \u00fatil en casos de\u00a0Asma, bronquitis, bronconeumon\u00eda, neumonitis, neumon\u00eda, bronquiolitis, EPOC, tos persistente, estados gripales con tos, rinitis, rinosinusitis, sinusitis, bronquitis cr\u00f3nica, tos del fumador y tos pleur\u00edtica. BRONQUIARAL Contiene Borraja, [&hellip;]\" \/>\n<meta property=\"og:url\" content=\"https:\/\/capta.com.co\/agustinangarita\/producto\/bronquiaral-jarabe-360ml\/\" \/>\n<meta property=\"og:site_name\" content=\"Agust\u00edn Angarita\" \/>\n<meta property=\"article:modified_time\" content=\"2024-11-18T21:01:38+00:00\" \/>\n<meta property=\"og:image\" content=\"https:\/\/capta.com.co\/agustinangarita\/wp-content\/uploads\/sites\/22\/2023\/08\/IMG_20230902_103334-removebg-preview.png\" \/>\n\t<meta property=\"og:image:width\" content=\"500\" \/>\n\t<meta property=\"og:image:height\" content=\"500\" \/>\n\t<meta property=\"og:image:type\" content=\"image\/png\" \/>\n<meta name=\"twitter:card\" content=\"summary_large_image\" \/>\n<script type=\"application\/ld+json\" class=\"yoast-schema-graph\">{\"@context\":\"https:\\\/\\\/schema.org\",\"@graph\":[{\"@type\":\"WebPage\",\"@id\":\"https:\\\/\\\/capta.com.co\\\/agustinangarita\\\/producto\\\/bronquiaral-jarabe-360ml\\\/\",\"url\":\"https:\\\/\\\/capta.com.co\\\/agustinangarita\\\/producto\\\/bronquiaral-jarabe-360ml\\\/\",\"name\":\"BRONQUIARAL Jarabe Frasco de 360ml - Agust\u00edn Angarita\",\"isPartOf\":{\"@id\":\"https:\\\/\\\/capta.com.co\\\/agustinangarita\\\/#website\"},\"primaryImageOfPage\":{\"@id\":\"https:\\\/\\\/capta.com.co\\\/agustinangarita\\\/producto\\\/bronquiaral-jarabe-360ml\\\/#primaryimage\"},\"image\":{\"@id\":\"https:\\\/\\\/capta.com.co\\\/agustinangarita\\\/producto\\\/bronquiaral-jarabe-360ml\\\/#primaryimage\"},\"thumbnailUrl\":\"https:\\\/\\\/capta.com.co\\\/agustinangarita\\\/wp-content\\\/uploads\\\/sites\\\/22\\\/2023\\\/08\\\/IMG_20230902_103334-removebg-preview.png\",\"datePublished\":\"2023-08-18T21:08:24+00:00\",\"dateModified\":\"2024-11-18T21:01:38+00:00\",\"breadcrumb\":{\"@id\":\"https:\\\/\\\/capta.com.co\\\/agustinangarita\\\/producto\\\/bronquiaral-jarabe-360ml\\\/#breadcrumb\"},\"inLanguage\":\"es\",\"potentialAction\":[{\"@type\":\"ReadAction\",\"target\":[\"https:\\\/\\\/capta.com.co\\\/agustinangarita\\\/producto\\\/bronquiaral-jarabe-360ml\\\/\"]}]},{\"@type\":\"ImageObject\",\"inLanguage\":\"es\",\"@id\":\"https:\\\/\\\/capta.com.co\\\/agustinangarita\\\/producto\\\/bronquiaral-jarabe-360ml\\\/#primaryimage\",\"url\":\"https:\\\/\\\/capta.com.co\\\/agustinangarita\\\/wp-content\\\/uploads\\\/sites\\\/22\\\/2023\\\/08\\\/IMG_20230902_103334-removebg-preview.png\",\"contentUrl\":\"https:\\\/\\\/capta.com.co\\\/agustinangarita\\\/wp-content\\\/uploads\\\/sites\\\/22\\\/2023\\\/08\\\/IMG_20230902_103334-removebg-preview.png\",\"width\":500,\"height\":500},{\"@type\":\"BreadcrumbList\",\"@id\":\"https:\\\/\\\/capta.com.co\\\/agustinangarita\\\/producto\\\/bronquiaral-jarabe-360ml\\\/#breadcrumb\",\"itemListElement\":[{\"@type\":\"ListItem\",\"position\":1,\"name\":\"Portada\",\"item\":\"https:\\\/\\\/capta.com.co\\\/agustinangarita\\\/\"},{\"@type\":\"ListItem\",\"position\":2,\"name\":\"Tienda\",\"item\":\"https:\\\/\\\/capta.com.co\\\/agustinangarita\\\/\"},{\"@type\":\"ListItem\",\"position\":3,\"name\":\"BRONQUIARAL Jarabe Frasco de 360ml\"}]},{\"@type\":\"WebSite\",\"@id\":\"https:\\\/\\\/capta.com.co\\\/agustinangarita\\\/#website\",\"url\":\"https:\\\/\\\/capta.com.co\\\/agustinangarita\\\/\",\"name\":\"Agust\u00edn Angarita\",\"description\":\"Capta - Compras que inspiran\",\"potentialAction\":[{\"@type\":\"SearchAction\",\"target\":{\"@type\":\"EntryPoint\",\"urlTemplate\":\"https:\\\/\\\/capta.com.co\\\/agustinangarita\\\/?s={search_term_string}\"},\"query-input\":{\"@type\":\"PropertyValueSpecification\",\"valueRequired\":true,\"valueName\":\"search_term_string\"}}],\"inLanguage\":\"es\"}]}<\/script>\n<!-- \/ Yoast SEO plugin. -->","yoast_head_json":{"title":"BRONQUIARAL Jarabe Frasco de 360ml - Agust\u00edn Angarita","robots":{"index":"index","follow":"follow","max-snippet":"max-snippet:-1","max-image-preview":"max-image-preview:large","max-video-preview":"max-video-preview:-1"},"canonical":"https:\/\/capta.com.co\/agustinangarita\/producto\/bronquiaral-jarabe-360ml\/","og_locale":"es_ES","og_type":"article","og_title":"BRONQUIARAL Jarabe Frasco de 360ml - Agust\u00edn Angarita","og_description":"BRONQUIARAL\u00a0 Es una formula magistral que combina cuidadosamente productos naturales con efectos ben\u00e9ficos sobre el \u00e1rbol broncopulmonar procurando mejorar las molestias respiratorias. BRONQUIARAL es muy \u00fatil en casos de\u00a0Asma, bronquitis, bronconeumon\u00eda, neumonitis, neumon\u00eda, bronquiolitis, EPOC, tos persistente, estados gripales con tos, rinitis, rinosinusitis, sinusitis, bronquitis cr\u00f3nica, tos del fumador y tos pleur\u00edtica. BRONQUIARAL Contiene Borraja, [&hellip;]","og_url":"https:\/\/capta.com.co\/agustinangarita\/producto\/bronquiaral-jarabe-360ml\/","og_site_name":"Agust\u00edn Angarita","article_modified_time":"2024-11-18T21:01:38+00:00","og_image":[{"width":500,"height":500,"url":"https:\/\/capta.com.co\/agustinangarita\/wp-content\/uploads\/sites\/22\/2023\/08\/IMG_20230902_103334-removebg-preview.png","type":"image\/png"}],"twitter_card":"summary_large_image","schema":{"@context":"https:\/\/schema.org","@graph":[{"@type":"WebPage","@id":"https:\/\/capta.com.co\/agustinangarita\/producto\/bronquiaral-jarabe-360ml\/","url":"https:\/\/capta.com.co\/agustinangarita\/producto\/bronquiaral-jarabe-360ml\/","name":"BRONQUIARAL Jarabe Frasco de 360ml - Agust\u00edn Angarita","isPartOf":{"@id":"https:\/\/capta.com.co\/agustinangarita\/#website"},"primaryImageOfPage":{"@id":"https:\/\/capta.com.co\/agustinangarita\/producto\/bronquiaral-jarabe-360ml\/#primaryimage"},"image":{"@id":"https:\/\/capta.com.co\/agustinangarita\/producto\/bronquiaral-jarabe-360ml\/#primaryimage"},"thumbnailUrl":"https:\/\/capta.com.co\/agustinangarita\/wp-content\/uploads\/sites\/22\/2023\/08\/IMG_20230902_103334-removebg-preview.png","datePublished":"2023-08-18T21:08:24+00:00","dateModified":"2024-11-18T21:01:38+00:00","breadcrumb":{"@id":"https:\/\/capta.com.co\/agustinangarita\/producto\/bronquiaral-jarabe-360ml\/#breadcrumb"},"inLanguage":"es","potentialAction":[{"@type":"ReadAction","target":["https:\/\/capta.com.co\/agustinangarita\/producto\/bronquiaral-jarabe-360ml\/"]}]},{"@type":"ImageObject","inLanguage":"es","@id":"https:\/\/capta.com.co\/agustinangarita\/producto\/bronquiaral-jarabe-360ml\/#primaryimage","url":"https:\/\/capta.com.co\/agustinangarita\/wp-content\/uploads\/sites\/22\/2023\/08\/IMG_20230902_103334-removebg-preview.png","contentUrl":"https:\/\/capta.com.co\/agustinangarita\/wp-content\/uploads\/sites\/22\/2023\/08\/IMG_20230902_103334-removebg-preview.png","width":500,"height":500},{"@type":"BreadcrumbList","@id":"https:\/\/capta.com.co\/agustinangarita\/producto\/bronquiaral-jarabe-360ml\/#breadcrumb","itemListElement":[{"@type":"ListItem","position":1,"name":"Portada","item":"https:\/\/capta.com.co\/agustinangarita\/"},{"@type":"ListItem","position":2,"name":"Tienda","item":"https:\/\/capta.com.co\/agustinangarita\/"},{"@type":"ListItem","position":3,"name":"BRONQUIARAL Jarabe Frasco de 360ml"}]},{"@type":"WebSite","@id":"https:\/\/capta.com.co\/agustinangarita\/#website","url":"https:\/\/capta.com.co\/agustinangarita\/","name":"Agust\u00edn Angarita","description":"Capta - Compras que inspiran","potentialAction":[{"@type":"SearchAction","target":{"@type":"EntryPoint","urlTemplate":"https:\/\/capta.com.co\/agustinangarita\/?s={search_term_string}"},"query-input":{"@type":"PropertyValueSpecification","valueRequired":true,"valueName":"search_term_string"}}],"inLanguage":"es"}]}},"_links":{"self":[{"href":"https:\/\/capta.com.co\/agustinangarita\/wp-json\/wp\/v2\/product\/218","targetHints":{"allow":["GET"]}}],"collection":[{"href":"https:\/\/capta.com.co\/agustinangarita\/wp-json\/wp\/v2\/product"}],"about":[{"href":"https:\/\/capta.com.co\/agustinangarita\/wp-json\/wp\/v2\/types\/product"}],"replies":[{"embeddable":true,"href":"https:\/\/capta.com.co\/agustinangarita\/wp-json\/wp\/v2\/comments?post=218"}],"wp:featuredmedia":[{"embeddable":true,"href":"https:\/\/capta.com.co\/agustinangarita\/wp-json\/wp\/v2\/media\/267"}],"wp:attachment":[{"href":"https:\/\/capta.com.co\/agustinangarita\/wp-json\/wp\/v2\/media?parent=218"}],"wp:term":[{"taxonomy":"product_brand","embeddable":true,"href":"https:\/\/capta.com.co\/agustinangarita\/wp-json\/wp\/v2\/product_brand?post=218"},{"taxonomy":"product_cat","embeddable":true,"href":"https:\/\/capta.com.co\/agustinangarita\/wp-json\/wp\/v2\/product_cat?post=218"},{"taxonomy":"product_tag","embeddable":true,"href":"https:\/\/capta.com.co\/agustinangarita\/wp-json\/wp\/v2\/product_tag?post=218"}],"curies":[{"name":"wp","href":"https:\/\/api.w.org\/{rel}","templated":true}]}}