{"id":212,"date":"2023-08-18T16:56:15","date_gmt":"2023-08-18T21:56:15","guid":{"rendered":"https:\/\/capta.com.co\/agustinangarita\/?post_type=product&#038;p=212"},"modified":"2024-11-13T15:52:24","modified_gmt":"2024-11-13T20:52:24","slug":"nyperim-500-ml","status":"publish","type":"product","link":"https:\/\/capta.com.co\/agustinangarita\/producto\/nyperim-500-ml\/","title":{"rendered":"NYPERIM Frasco de 500 ml"},"content":{"rendered":"<p><strong>Nyperim<\/strong> es un <strong>nutrac\u00e9utico<\/strong>, es decir, es un alimento, o parte de un alimento del que se obtienen beneficios para la salud, adem\u00e1s, ayuda a prevenir y es tratamiento para algunas enfermedades. La funci\u00f3n principal del<strong> Nyperim<\/strong> es estabilizar el sistema digestivo sin alterar la acidez. Sus contenidos regeneran las enzimas digestivas y mejora los procesos inflamatorios. Contiene <strong>prebi\u00f3ticos<\/strong>, que son alimentos con alto contenido de fibra que act\u00faan como nutrientes para la <strong>microflora<\/strong> intestinal humana.<\/p>\n<p><strong>Nyperim c<\/strong>ontiene Aloe vera, Konjac, papaya, pi\u00f1a, mangostino, fructooligosac\u00e1rido, vitaminas C y E, adem\u00e1s de Zinc. Ayuda a mejorar las <strong>gastritis<\/strong>, las <strong>\u00falceras digestivas<\/strong>, el<strong> reflujo,<\/strong> <strong>colitis<\/strong>, <strong>colon irritable<\/strong>, ayuda a normalizar las deposiciones, previene el <strong>estre\u00f1imiento<\/strong>, las<strong> hemorroides<\/strong>, <strong>diverticulosis<\/strong>.<\/p>\n<p><strong>Nyperim a<\/strong>yuda a controlar niveles de glucosa mediante cambios saludables en su absorci\u00f3n. <strong>Nyperim <\/strong>Previene la permeabilidad intestinal que produce problemas en el sistema nervioso.<\/p>\n<p>&nbsp;<\/p>\n<p>&nbsp;<\/p>\n","protected":false},"excerpt":{"rendered":"<p>Nyperim es un nutrac\u00e9utico, es decir, es un alimento, o parte de un alimento del que se obtienen beneficios para la salud, adem\u00e1s, ayuda a prevenir y es tratamiento para algunas enfermedades. La funci\u00f3n principal del Nyperim es estabilizar el sistema digestivo sin alterar la acidez. Sus contenidos regeneran las enzimas digestivas y mejora los [&hellip;]<\/p>\n","protected":false},"featured_media":213,"comment_status":"open","ping_status":"closed","template":"","meta":{"_acf_changed":false,"inline_featured_image":false},"product_brand":[],"product_cat":[16,17],"product_tag":[144,146,85,143,42,38,145],"class_list":{"0":"post-212","1":"product","2":"type-product","3":"status-publish","4":"has-post-thumbnail","6":"product_cat-alimento-funcional","7":"product_cat-medicamentos-naturales","8":"product_tag-colitis","9":"product_tag-diverticulosis","10":"product_tag-estrenimiento","11":"product_tag-fibra-natural","12":"product_tag-gastritis","13":"product_tag-hemorroides","14":"product_tag-ulceras-digestivas","16":"first","17":"instock","18":"shipping-taxable","19":"purchasable","20":"product-type-simple"},"acf":[],"yoast_head":"<!-- This site is optimized with the Yoast SEO plugin v27.3 - https:\/\/yoast.com\/product\/yoast-seo-wordpress\/ -->\n<title>NYPERIM Frasco de 500 ml - Agust\u00edn Angarita<\/title>\n<meta name=\"robots\" content=\"index, follow, max-snippet:-1, max-image-preview:large, max-video-preview:-1\" \/>\n<link rel=\"canonical\" href=\"https:\/\/capta.com.co\/agustinangarita\/producto\/nyperim-500-ml\/\" \/>\n<meta property=\"og:locale\" content=\"es_ES\" \/>\n<meta property=\"og:type\" content=\"article\" \/>\n<meta property=\"og:title\" content=\"NYPERIM Frasco de 500 ml - Agust\u00edn Angarita\" \/>\n<meta property=\"og:description\" content=\"Nyperim es un nutrac\u00e9utico, es decir, es un alimento, o parte de un alimento del que se obtienen beneficios para la salud, adem\u00e1s, ayuda a prevenir y es tratamiento para algunas enfermedades. La funci\u00f3n principal del Nyperim es estabilizar el sistema digestivo sin alterar la acidez. Sus contenidos regeneran las enzimas digestivas y mejora los [&hellip;]\" \/>\n<meta property=\"og:url\" content=\"https:\/\/capta.com.co\/agustinangarita\/producto\/nyperim-500-ml\/\" \/>\n<meta property=\"og:site_name\" content=\"Agust\u00edn Angarita\" \/>\n<meta property=\"article:modified_time\" content=\"2024-11-13T20:52:24+00:00\" \/>\n<meta property=\"og:image\" content=\"https:\/\/capta.com.co\/agustinangarita\/wp-content\/uploads\/sites\/22\/2023\/08\/IMG-20230812-WA0048.jpg\" \/>\n\t<meta property=\"og:image:width\" content=\"1273\" \/>\n\t<meta property=\"og:image:height\" content=\"1405\" \/>\n\t<meta property=\"og:image:type\" content=\"image\/jpeg\" \/>\n<meta name=\"twitter:card\" content=\"summary_large_image\" \/>\n<meta name=\"twitter:label1\" content=\"Tiempo de lectura\" \/>\n\t<meta name=\"twitter:data1\" content=\"1 minuto\" \/>\n<script type=\"application\/ld+json\" class=\"yoast-schema-graph\">{\"@context\":\"https:\\\/\\\/schema.org\",\"@graph\":[{\"@type\":\"WebPage\",\"@id\":\"https:\\\/\\\/capta.com.co\\\/agustinangarita\\\/producto\\\/nyperim-500-ml\\\/\",\"url\":\"https:\\\/\\\/capta.com.co\\\/agustinangarita\\\/producto\\\/nyperim-500-ml\\\/\",\"name\":\"NYPERIM Frasco de 500 ml - Agust\u00edn Angarita\",\"isPartOf\":{\"@id\":\"https:\\\/\\\/capta.com.co\\\/agustinangarita\\\/#website\"},\"primaryImageOfPage\":{\"@id\":\"https:\\\/\\\/capta.com.co\\\/agustinangarita\\\/producto\\\/nyperim-500-ml\\\/#primaryimage\"},\"image\":{\"@id\":\"https:\\\/\\\/capta.com.co\\\/agustinangarita\\\/producto\\\/nyperim-500-ml\\\/#primaryimage\"},\"thumbnailUrl\":\"https:\\\/\\\/capta.com.co\\\/agustinangarita\\\/wp-content\\\/uploads\\\/sites\\\/22\\\/2023\\\/08\\\/IMG-20230812-WA0048.jpg\",\"datePublished\":\"2023-08-18T21:56:15+00:00\",\"dateModified\":\"2024-11-13T20:52:24+00:00\",\"breadcrumb\":{\"@id\":\"https:\\\/\\\/capta.com.co\\\/agustinangarita\\\/producto\\\/nyperim-500-ml\\\/#breadcrumb\"},\"inLanguage\":\"es\",\"potentialAction\":[{\"@type\":\"ReadAction\",\"target\":[\"https:\\\/\\\/capta.com.co\\\/agustinangarita\\\/producto\\\/nyperim-500-ml\\\/\"]}]},{\"@type\":\"ImageObject\",\"inLanguage\":\"es\",\"@id\":\"https:\\\/\\\/capta.com.co\\\/agustinangarita\\\/producto\\\/nyperim-500-ml\\\/#primaryimage\",\"url\":\"https:\\\/\\\/capta.com.co\\\/agustinangarita\\\/wp-content\\\/uploads\\\/sites\\\/22\\\/2023\\\/08\\\/IMG-20230812-WA0048.jpg\",\"contentUrl\":\"https:\\\/\\\/capta.com.co\\\/agustinangarita\\\/wp-content\\\/uploads\\\/sites\\\/22\\\/2023\\\/08\\\/IMG-20230812-WA0048.jpg\",\"width\":1273,\"height\":1405},{\"@type\":\"BreadcrumbList\",\"@id\":\"https:\\\/\\\/capta.com.co\\\/agustinangarita\\\/producto\\\/nyperim-500-ml\\\/#breadcrumb\",\"itemListElement\":[{\"@type\":\"ListItem\",\"position\":1,\"name\":\"Portada\",\"item\":\"https:\\\/\\\/capta.com.co\\\/agustinangarita\\\/\"},{\"@type\":\"ListItem\",\"position\":2,\"name\":\"Tienda\",\"item\":\"https:\\\/\\\/capta.com.co\\\/agustinangarita\\\/\"},{\"@type\":\"ListItem\",\"position\":3,\"name\":\"NYPERIM Frasco de 500 ml\"}]},{\"@type\":\"WebSite\",\"@id\":\"https:\\\/\\\/capta.com.co\\\/agustinangarita\\\/#website\",\"url\":\"https:\\\/\\\/capta.com.co\\\/agustinangarita\\\/\",\"name\":\"Agust\u00edn Angarita\",\"description\":\"Capta - Compras que inspiran\",\"potentialAction\":[{\"@type\":\"SearchAction\",\"target\":{\"@type\":\"EntryPoint\",\"urlTemplate\":\"https:\\\/\\\/capta.com.co\\\/agustinangarita\\\/?s={search_term_string}\"},\"query-input\":{\"@type\":\"PropertyValueSpecification\",\"valueRequired\":true,\"valueName\":\"search_term_string\"}}],\"inLanguage\":\"es\"}]}<\/script>\n<!-- \/ Yoast SEO plugin. -->","yoast_head_json":{"title":"NYPERIM Frasco de 500 ml - Agust\u00edn Angarita","robots":{"index":"index","follow":"follow","max-snippet":"max-snippet:-1","max-image-preview":"max-image-preview:large","max-video-preview":"max-video-preview:-1"},"canonical":"https:\/\/capta.com.co\/agustinangarita\/producto\/nyperim-500-ml\/","og_locale":"es_ES","og_type":"article","og_title":"NYPERIM Frasco de 500 ml - Agust\u00edn Angarita","og_description":"Nyperim es un nutrac\u00e9utico, es decir, es un alimento, o parte de un alimento del que se obtienen beneficios para la salud, adem\u00e1s, ayuda a prevenir y es tratamiento para algunas enfermedades. La funci\u00f3n principal del Nyperim es estabilizar el sistema digestivo sin alterar la acidez. Sus contenidos regeneran las enzimas digestivas y mejora los [&hellip;]","og_url":"https:\/\/capta.com.co\/agustinangarita\/producto\/nyperim-500-ml\/","og_site_name":"Agust\u00edn Angarita","article_modified_time":"2024-11-13T20:52:24+00:00","og_image":[{"width":1273,"height":1405,"url":"https:\/\/capta.com.co\/agustinangarita\/wp-content\/uploads\/sites\/22\/2023\/08\/IMG-20230812-WA0048.jpg","type":"image\/jpeg"}],"twitter_card":"summary_large_image","twitter_misc":{"Tiempo de lectura":"1 minuto"},"schema":{"@context":"https:\/\/schema.org","@graph":[{"@type":"WebPage","@id":"https:\/\/capta.com.co\/agustinangarita\/producto\/nyperim-500-ml\/","url":"https:\/\/capta.com.co\/agustinangarita\/producto\/nyperim-500-ml\/","name":"NYPERIM Frasco de 500 ml - Agust\u00edn Angarita","isPartOf":{"@id":"https:\/\/capta.com.co\/agustinangarita\/#website"},"primaryImageOfPage":{"@id":"https:\/\/capta.com.co\/agustinangarita\/producto\/nyperim-500-ml\/#primaryimage"},"image":{"@id":"https:\/\/capta.com.co\/agustinangarita\/producto\/nyperim-500-ml\/#primaryimage"},"thumbnailUrl":"https:\/\/capta.com.co\/agustinangarita\/wp-content\/uploads\/sites\/22\/2023\/08\/IMG-20230812-WA0048.jpg","datePublished":"2023-08-18T21:56:15+00:00","dateModified":"2024-11-13T20:52:24+00:00","breadcrumb":{"@id":"https:\/\/capta.com.co\/agustinangarita\/producto\/nyperim-500-ml\/#breadcrumb"},"inLanguage":"es","potentialAction":[{"@type":"ReadAction","target":["https:\/\/capta.com.co\/agustinangarita\/producto\/nyperim-500-ml\/"]}]},{"@type":"ImageObject","inLanguage":"es","@id":"https:\/\/capta.com.co\/agustinangarita\/producto\/nyperim-500-ml\/#primaryimage","url":"https:\/\/capta.com.co\/agustinangarita\/wp-content\/uploads\/sites\/22\/2023\/08\/IMG-20230812-WA0048.jpg","contentUrl":"https:\/\/capta.com.co\/agustinangarita\/wp-content\/uploads\/sites\/22\/2023\/08\/IMG-20230812-WA0048.jpg","width":1273,"height":1405},{"@type":"BreadcrumbList","@id":"https:\/\/capta.com.co\/agustinangarita\/producto\/nyperim-500-ml\/#breadcrumb","itemListElement":[{"@type":"ListItem","position":1,"name":"Portada","item":"https:\/\/capta.com.co\/agustinangarita\/"},{"@type":"ListItem","position":2,"name":"Tienda","item":"https:\/\/capta.com.co\/agustinangarita\/"},{"@type":"ListItem","position":3,"name":"NYPERIM Frasco de 500 ml"}]},{"@type":"WebSite","@id":"https:\/\/capta.com.co\/agustinangarita\/#website","url":"https:\/\/capta.com.co\/agustinangarita\/","name":"Agust\u00edn Angarita","description":"Capta - Compras que inspiran","potentialAction":[{"@type":"SearchAction","target":{"@type":"EntryPoint","urlTemplate":"https:\/\/capta.com.co\/agustinangarita\/?s={search_term_string}"},"query-input":{"@type":"PropertyValueSpecification","valueRequired":true,"valueName":"search_term_string"}}],"inLanguage":"es"}]}},"_links":{"self":[{"href":"https:\/\/capta.com.co\/agustinangarita\/wp-json\/wp\/v2\/product\/212","targetHints":{"allow":["GET"]}}],"collection":[{"href":"https:\/\/capta.com.co\/agustinangarita\/wp-json\/wp\/v2\/product"}],"about":[{"href":"https:\/\/capta.com.co\/agustinangarita\/wp-json\/wp\/v2\/types\/product"}],"replies":[{"embeddable":true,"href":"https:\/\/capta.com.co\/agustinangarita\/wp-json\/wp\/v2\/comments?post=212"}],"wp:featuredmedia":[{"embeddable":true,"href":"https:\/\/capta.com.co\/agustinangarita\/wp-json\/wp\/v2\/media\/213"}],"wp:attachment":[{"href":"https:\/\/capta.com.co\/agustinangarita\/wp-json\/wp\/v2\/media?parent=212"}],"wp:term":[{"taxonomy":"product_brand","embeddable":true,"href":"https:\/\/capta.com.co\/agustinangarita\/wp-json\/wp\/v2\/product_brand?post=212"},{"taxonomy":"product_cat","embeddable":true,"href":"https:\/\/capta.com.co\/agustinangarita\/wp-json\/wp\/v2\/product_cat?post=212"},{"taxonomy":"product_tag","embeddable":true,"href":"https:\/\/capta.com.co\/agustinangarita\/wp-json\/wp\/v2\/product_tag?post=212"}],"curies":[{"name":"wp","href":"https:\/\/api.w.org\/{rel}","templated":true}]}}