{"id":211,"date":"2023-08-18T09:26:18","date_gmt":"2023-08-18T14:26:18","guid":{"rendered":"https:\/\/capta.com.co\/agustinangarita\/?post_type=product&#038;p=211"},"modified":"2024-11-18T16:07:50","modified_gmt":"2024-11-18T21:07:50","slug":"sinuless-comprimidos-x-60","status":"publish","type":"product","link":"https:\/\/capta.com.co\/agustinangarita\/producto\/sinuless-comprimidos-x-60\/","title":{"rendered":"SINULESS Comprimidos sublinguales x 60"},"content":{"rendered":"<p><strong>SINULESS<\/strong> Contiene Luffa operculata homeopatizada.<\/p>\n<p><strong>SINULESS <\/strong>Produce excelentes resultados en el tratamiento de la<strong> rinitis al\u00e9rgica<\/strong> y s\u00edndrome inflamatorio de la mucosa respiratoria alta. \u00datil en<strong> sinusitis.<\/strong><\/p>\n<p class=\"font_7 wixui-rich-text__text\"><span class=\"wixui-rich-text__text\"><strong>SINULESS <\/strong>Se puede utilizar como preventivo de<strong> brotes al\u00e9rgicos<\/strong>. Mejora la <strong>tos irritativa alta<\/strong><\/span><\/p>\n<p class=\"font_7 wixui-rich-text__text\"><span class=\"wixui-rich-text__text\"><span class=\"wixGuard wixui-rich-text__text\">\u200b<\/span><\/span><\/p>\n","protected":false},"excerpt":{"rendered":"<p>SINULESS Contiene Luffa operculata homeopatizada. SINULESS Produce excelentes resultados en el tratamiento de la rinitis al\u00e9rgica y s\u00edndrome inflamatorio de la mucosa respiratoria alta. \u00datil en sinusitis. SINULESS Se puede utilizar como preventivo de brotes al\u00e9rgicos. Mejora la tos irritativa alta \u200b<\/p>\n","protected":false},"featured_media":193,"comment_status":"open","ping_status":"closed","template":"","meta":{"_acf_changed":false,"inline_featured_image":false},"product_brand":[],"product_cat":[17],"product_tag":[153,135,138,51],"class_list":{"0":"post-211","1":"product","2":"type-product","3":"status-publish","4":"has-post-thumbnail","6":"product_cat-medicamentos-naturales","7":"product_tag-alergia","8":"product_tag-rinitis","9":"product_tag-sinusitis","10":"product_tag-tos-irritativa","12":"first","13":"instock","14":"shipping-taxable","15":"purchasable","16":"product-type-simple"},"acf":[],"yoast_head":"<!-- This site is optimized with the Yoast SEO plugin v27.3 - https:\/\/yoast.com\/product\/yoast-seo-wordpress\/ -->\n<title>SINULESS Comprimidos sublinguales x 60 - Agust\u00edn Angarita<\/title>\n<meta name=\"robots\" content=\"index, follow, max-snippet:-1, max-image-preview:large, max-video-preview:-1\" \/>\n<link rel=\"canonical\" href=\"https:\/\/capta.com.co\/agustinangarita\/producto\/sinuless-comprimidos-x-60\/\" \/>\n<meta property=\"og:locale\" content=\"es_ES\" \/>\n<meta property=\"og:type\" content=\"article\" \/>\n<meta property=\"og:title\" content=\"SINULESS Comprimidos sublinguales x 60 - Agust\u00edn Angarita\" \/>\n<meta property=\"og:description\" content=\"SINULESS Contiene Luffa operculata homeopatizada. SINULESS Produce excelentes resultados en el tratamiento de la rinitis al\u00e9rgica y s\u00edndrome inflamatorio de la mucosa respiratoria alta. \u00datil en sinusitis. SINULESS Se puede utilizar como preventivo de brotes al\u00e9rgicos. Mejora la tos irritativa alta \u200b\" \/>\n<meta property=\"og:url\" content=\"https:\/\/capta.com.co\/agustinangarita\/producto\/sinuless-comprimidos-x-60\/\" \/>\n<meta property=\"og:site_name\" content=\"Agust\u00edn Angarita\" \/>\n<meta property=\"article:modified_time\" content=\"2024-11-18T21:07:50+00:00\" \/>\n<meta property=\"og:image\" content=\"https:\/\/capta.com.co\/agustinangarita\/wp-content\/uploads\/sites\/22\/2023\/08\/IMG_20230815_102246-1.jpg\" \/>\n\t<meta property=\"og:image:width\" content=\"1346\" \/>\n\t<meta property=\"og:image:height\" content=\"1600\" \/>\n\t<meta property=\"og:image:type\" content=\"image\/jpeg\" \/>\n<meta name=\"twitter:card\" content=\"summary_large_image\" \/>\n<script type=\"application\/ld+json\" class=\"yoast-schema-graph\">{\"@context\":\"https:\\\/\\\/schema.org\",\"@graph\":[{\"@type\":\"WebPage\",\"@id\":\"https:\\\/\\\/capta.com.co\\\/agustinangarita\\\/producto\\\/sinuless-comprimidos-x-60\\\/\",\"url\":\"https:\\\/\\\/capta.com.co\\\/agustinangarita\\\/producto\\\/sinuless-comprimidos-x-60\\\/\",\"name\":\"SINULESS Comprimidos sublinguales x 60 - Agust\u00edn Angarita\",\"isPartOf\":{\"@id\":\"https:\\\/\\\/capta.com.co\\\/agustinangarita\\\/#website\"},\"primaryImageOfPage\":{\"@id\":\"https:\\\/\\\/capta.com.co\\\/agustinangarita\\\/producto\\\/sinuless-comprimidos-x-60\\\/#primaryimage\"},\"image\":{\"@id\":\"https:\\\/\\\/capta.com.co\\\/agustinangarita\\\/producto\\\/sinuless-comprimidos-x-60\\\/#primaryimage\"},\"thumbnailUrl\":\"https:\\\/\\\/capta.com.co\\\/agustinangarita\\\/wp-content\\\/uploads\\\/sites\\\/22\\\/2023\\\/08\\\/IMG_20230815_102246-1.jpg\",\"datePublished\":\"2023-08-18T14:26:18+00:00\",\"dateModified\":\"2024-11-18T21:07:50+00:00\",\"breadcrumb\":{\"@id\":\"https:\\\/\\\/capta.com.co\\\/agustinangarita\\\/producto\\\/sinuless-comprimidos-x-60\\\/#breadcrumb\"},\"inLanguage\":\"es\",\"potentialAction\":[{\"@type\":\"ReadAction\",\"target\":[\"https:\\\/\\\/capta.com.co\\\/agustinangarita\\\/producto\\\/sinuless-comprimidos-x-60\\\/\"]}]},{\"@type\":\"ImageObject\",\"inLanguage\":\"es\",\"@id\":\"https:\\\/\\\/capta.com.co\\\/agustinangarita\\\/producto\\\/sinuless-comprimidos-x-60\\\/#primaryimage\",\"url\":\"https:\\\/\\\/capta.com.co\\\/agustinangarita\\\/wp-content\\\/uploads\\\/sites\\\/22\\\/2023\\\/08\\\/IMG_20230815_102246-1.jpg\",\"contentUrl\":\"https:\\\/\\\/capta.com.co\\\/agustinangarita\\\/wp-content\\\/uploads\\\/sites\\\/22\\\/2023\\\/08\\\/IMG_20230815_102246-1.jpg\",\"width\":1346,\"height\":1600},{\"@type\":\"BreadcrumbList\",\"@id\":\"https:\\\/\\\/capta.com.co\\\/agustinangarita\\\/producto\\\/sinuless-comprimidos-x-60\\\/#breadcrumb\",\"itemListElement\":[{\"@type\":\"ListItem\",\"position\":1,\"name\":\"Portada\",\"item\":\"https:\\\/\\\/capta.com.co\\\/agustinangarita\\\/\"},{\"@type\":\"ListItem\",\"position\":2,\"name\":\"Tienda\",\"item\":\"https:\\\/\\\/capta.com.co\\\/agustinangarita\\\/\"},{\"@type\":\"ListItem\",\"position\":3,\"name\":\"SINULESS Comprimidos sublinguales x 60\"}]},{\"@type\":\"WebSite\",\"@id\":\"https:\\\/\\\/capta.com.co\\\/agustinangarita\\\/#website\",\"url\":\"https:\\\/\\\/capta.com.co\\\/agustinangarita\\\/\",\"name\":\"Agust\u00edn Angarita\",\"description\":\"Capta - Compras que inspiran\",\"potentialAction\":[{\"@type\":\"SearchAction\",\"target\":{\"@type\":\"EntryPoint\",\"urlTemplate\":\"https:\\\/\\\/capta.com.co\\\/agustinangarita\\\/?s={search_term_string}\"},\"query-input\":{\"@type\":\"PropertyValueSpecification\",\"valueRequired\":true,\"valueName\":\"search_term_string\"}}],\"inLanguage\":\"es\"}]}<\/script>\n<!-- \/ Yoast SEO plugin. -->","yoast_head_json":{"title":"SINULESS Comprimidos sublinguales x 60 - Agust\u00edn Angarita","robots":{"index":"index","follow":"follow","max-snippet":"max-snippet:-1","max-image-preview":"max-image-preview:large","max-video-preview":"max-video-preview:-1"},"canonical":"https:\/\/capta.com.co\/agustinangarita\/producto\/sinuless-comprimidos-x-60\/","og_locale":"es_ES","og_type":"article","og_title":"SINULESS Comprimidos sublinguales x 60 - Agust\u00edn Angarita","og_description":"SINULESS Contiene Luffa operculata homeopatizada. SINULESS Produce excelentes resultados en el tratamiento de la rinitis al\u00e9rgica y s\u00edndrome inflamatorio de la mucosa respiratoria alta. \u00datil en sinusitis. SINULESS Se puede utilizar como preventivo de brotes al\u00e9rgicos. Mejora la tos irritativa alta \u200b","og_url":"https:\/\/capta.com.co\/agustinangarita\/producto\/sinuless-comprimidos-x-60\/","og_site_name":"Agust\u00edn Angarita","article_modified_time":"2024-11-18T21:07:50+00:00","og_image":[{"width":1346,"height":1600,"url":"https:\/\/capta.com.co\/agustinangarita\/wp-content\/uploads\/sites\/22\/2023\/08\/IMG_20230815_102246-1.jpg","type":"image\/jpeg"}],"twitter_card":"summary_large_image","schema":{"@context":"https:\/\/schema.org","@graph":[{"@type":"WebPage","@id":"https:\/\/capta.com.co\/agustinangarita\/producto\/sinuless-comprimidos-x-60\/","url":"https:\/\/capta.com.co\/agustinangarita\/producto\/sinuless-comprimidos-x-60\/","name":"SINULESS Comprimidos sublinguales x 60 - Agust\u00edn Angarita","isPartOf":{"@id":"https:\/\/capta.com.co\/agustinangarita\/#website"},"primaryImageOfPage":{"@id":"https:\/\/capta.com.co\/agustinangarita\/producto\/sinuless-comprimidos-x-60\/#primaryimage"},"image":{"@id":"https:\/\/capta.com.co\/agustinangarita\/producto\/sinuless-comprimidos-x-60\/#primaryimage"},"thumbnailUrl":"https:\/\/capta.com.co\/agustinangarita\/wp-content\/uploads\/sites\/22\/2023\/08\/IMG_20230815_102246-1.jpg","datePublished":"2023-08-18T14:26:18+00:00","dateModified":"2024-11-18T21:07:50+00:00","breadcrumb":{"@id":"https:\/\/capta.com.co\/agustinangarita\/producto\/sinuless-comprimidos-x-60\/#breadcrumb"},"inLanguage":"es","potentialAction":[{"@type":"ReadAction","target":["https:\/\/capta.com.co\/agustinangarita\/producto\/sinuless-comprimidos-x-60\/"]}]},{"@type":"ImageObject","inLanguage":"es","@id":"https:\/\/capta.com.co\/agustinangarita\/producto\/sinuless-comprimidos-x-60\/#primaryimage","url":"https:\/\/capta.com.co\/agustinangarita\/wp-content\/uploads\/sites\/22\/2023\/08\/IMG_20230815_102246-1.jpg","contentUrl":"https:\/\/capta.com.co\/agustinangarita\/wp-content\/uploads\/sites\/22\/2023\/08\/IMG_20230815_102246-1.jpg","width":1346,"height":1600},{"@type":"BreadcrumbList","@id":"https:\/\/capta.com.co\/agustinangarita\/producto\/sinuless-comprimidos-x-60\/#breadcrumb","itemListElement":[{"@type":"ListItem","position":1,"name":"Portada","item":"https:\/\/capta.com.co\/agustinangarita\/"},{"@type":"ListItem","position":2,"name":"Tienda","item":"https:\/\/capta.com.co\/agustinangarita\/"},{"@type":"ListItem","position":3,"name":"SINULESS Comprimidos sublinguales x 60"}]},{"@type":"WebSite","@id":"https:\/\/capta.com.co\/agustinangarita\/#website","url":"https:\/\/capta.com.co\/agustinangarita\/","name":"Agust\u00edn Angarita","description":"Capta - Compras que inspiran","potentialAction":[{"@type":"SearchAction","target":{"@type":"EntryPoint","urlTemplate":"https:\/\/capta.com.co\/agustinangarita\/?s={search_term_string}"},"query-input":{"@type":"PropertyValueSpecification","valueRequired":true,"valueName":"search_term_string"}}],"inLanguage":"es"}]}},"_links":{"self":[{"href":"https:\/\/capta.com.co\/agustinangarita\/wp-json\/wp\/v2\/product\/211","targetHints":{"allow":["GET"]}}],"collection":[{"href":"https:\/\/capta.com.co\/agustinangarita\/wp-json\/wp\/v2\/product"}],"about":[{"href":"https:\/\/capta.com.co\/agustinangarita\/wp-json\/wp\/v2\/types\/product"}],"replies":[{"embeddable":true,"href":"https:\/\/capta.com.co\/agustinangarita\/wp-json\/wp\/v2\/comments?post=211"}],"wp:featuredmedia":[{"embeddable":true,"href":"https:\/\/capta.com.co\/agustinangarita\/wp-json\/wp\/v2\/media\/193"}],"wp:attachment":[{"href":"https:\/\/capta.com.co\/agustinangarita\/wp-json\/wp\/v2\/media?parent=211"}],"wp:term":[{"taxonomy":"product_brand","embeddable":true,"href":"https:\/\/capta.com.co\/agustinangarita\/wp-json\/wp\/v2\/product_brand?post=211"},{"taxonomy":"product_cat","embeddable":true,"href":"https:\/\/capta.com.co\/agustinangarita\/wp-json\/wp\/v2\/product_cat?post=211"},{"taxonomy":"product_tag","embeddable":true,"href":"https:\/\/capta.com.co\/agustinangarita\/wp-json\/wp\/v2\/product_tag?post=211"}],"curies":[{"name":"wp","href":"https:\/\/api.w.org\/{rel}","templated":true}]}}