{"id":200,"date":"2023-08-19T10:50:45","date_gmt":"2023-08-19T15:50:45","guid":{"rendered":"https:\/\/capta.com.co\/agustinangarita\/?post_type=product&#038;p=200"},"modified":"2026-05-02T11:27:51","modified_gmt":"2026-05-02T16:27:51","slug":"zirocol-fibra-liquida-jarabe-500ml","status":"publish","type":"product","link":"https:\/\/capta.com.co\/agustinangarita\/producto\/zirocol-fibra-liquida-jarabe-500ml\/","title":{"rendered":"ZIROCOL (Fibra Liquida) Jarabe 500ml"},"content":{"rendered":"<p><strong>ZIROCOL<\/strong> ayuda a prevenir problemas de <strong>estre\u00f1imiento<\/strong>, pesadez y llenura. T\u00f3mese antes de cada comida. Evita<strong> colitis,<\/strong> <strong>diverticulosis<\/strong>, <strong>diverticulitis, hemorroides<\/strong>, <strong>colon irritable. <\/strong><\/p>\n<p><strong>ZIROCOL PREVIENE LA PERMEABILIDAD INTESTINAL<\/strong> que genera da\u00f1os cerebrales como Alzh\u00e9imer, depresi\u00f3n, ansiedad, demencia, epilepsia, Parkinson. Tambien ayuda en diabetes mellitus tipo 2, artrosis, artritis, insuficiencia cardiaca y da\u00f1o renal.<\/p>\n<p><strong>ZIROCOL <\/strong>es un producto natural a base de pithaya, malta y prebi\u00f3ticos.<\/p>\n","protected":false},"excerpt":{"rendered":"<p>ZIROCOL ayuda a prevenir problemas de estre\u00f1imiento, pesadez y llenura. T\u00f3mese antes de cada comida. Evita colitis, diverticulosis, diverticulitis, hemorroides, colon irritable. ZIROCOL PREVIENE LA PERMEABILIDAD INTESTINAL que genera da\u00f1os cerebrales como Alzh\u00e9imer, depresi\u00f3n, ansiedad, demencia, epilepsia, Parkinson. Tambien ayuda en diabetes mellitus tipo 2, artrosis, artritis, insuficiencia cardiaca y da\u00f1o renal. ZIROCOL es un [&hellip;]<\/p>\n","protected":false},"featured_media":195,"comment_status":"open","ping_status":"closed","template":"","meta":{"_acf_changed":false,"inline_featured_image":false},"product_brand":[],"product_cat":[16,17],"product_tag":[144,166,165,146,85,32,38,164,163],"class_list":{"0":"post-200","1":"product","2":"type-product","3":"status-publish","4":"has-post-thumbnail","6":"product_cat-alimento-funcional","7":"product_cat-medicamentos-naturales","8":"product_tag-colitis","9":"product_tag-colon-irritable","10":"product_tag-diverticulitis","11":"product_tag-diverticulosis","12":"product_tag-estrenimiento","13":"product_tag-gases","14":"product_tag-hemorroides","15":"product_tag-llenura","16":"product_tag-pesadez","18":"first","19":"instock","20":"shipping-taxable","21":"purchasable","22":"product-type-simple"},"acf":[],"yoast_head":"<!-- This site is optimized with the Yoast SEO plugin v27.5 - https:\/\/yoast.com\/product\/yoast-seo-wordpress\/ -->\n<title>ZIROCOL (Fibra Liquida) Jarabe 500ml - Agust\u00edn Angarita<\/title>\n<meta name=\"robots\" content=\"index, follow, max-snippet:-1, max-image-preview:large, max-video-preview:-1\" \/>\n<link rel=\"canonical\" href=\"https:\/\/capta.com.co\/agustinangarita\/producto\/zirocol-fibra-liquida-jarabe-500ml\/\" \/>\n<meta property=\"og:locale\" content=\"es_ES\" \/>\n<meta property=\"og:type\" content=\"article\" \/>\n<meta property=\"og:title\" content=\"ZIROCOL (Fibra Liquida) Jarabe 500ml - Agust\u00edn Angarita\" \/>\n<meta property=\"og:description\" content=\"ZIROCOL ayuda a prevenir problemas de estre\u00f1imiento, pesadez y llenura. T\u00f3mese antes de cada comida. Evita colitis, diverticulosis, diverticulitis, hemorroides, colon irritable. ZIROCOL PREVIENE LA PERMEABILIDAD INTESTINAL que genera da\u00f1os cerebrales como Alzh\u00e9imer, depresi\u00f3n, ansiedad, demencia, epilepsia, Parkinson. Tambien ayuda en diabetes mellitus tipo 2, artrosis, artritis, insuficiencia cardiaca y da\u00f1o renal. ZIROCOL es un [&hellip;]\" \/>\n<meta property=\"og:url\" content=\"https:\/\/capta.com.co\/agustinangarita\/producto\/zirocol-fibra-liquida-jarabe-500ml\/\" \/>\n<meta property=\"og:site_name\" content=\"Agust\u00edn Angarita\" \/>\n<meta property=\"article:modified_time\" content=\"2026-05-02T16:27:51+00:00\" \/>\n<meta property=\"og:image\" content=\"https:\/\/capta.com.co\/agustinangarita\/wp-content\/uploads\/sites\/22\/2023\/08\/IMG_20230815_102649.jpg\" \/>\n\t<meta property=\"og:image:width\" content=\"1269\" \/>\n\t<meta property=\"og:image:height\" content=\"1575\" \/>\n\t<meta property=\"og:image:type\" content=\"image\/jpeg\" \/>\n<meta name=\"twitter:card\" content=\"summary_large_image\" \/>\n<script type=\"application\/ld+json\" class=\"yoast-schema-graph\">{\"@context\":\"https:\\\/\\\/schema.org\",\"@graph\":[{\"@type\":\"WebPage\",\"@id\":\"https:\\\/\\\/capta.com.co\\\/agustinangarita\\\/producto\\\/zirocol-fibra-liquida-jarabe-500ml\\\/\",\"url\":\"https:\\\/\\\/capta.com.co\\\/agustinangarita\\\/producto\\\/zirocol-fibra-liquida-jarabe-500ml\\\/\",\"name\":\"ZIROCOL (Fibra Liquida) Jarabe 500ml - Agust\u00edn Angarita\",\"isPartOf\":{\"@id\":\"https:\\\/\\\/capta.com.co\\\/agustinangarita\\\/#website\"},\"primaryImageOfPage\":{\"@id\":\"https:\\\/\\\/capta.com.co\\\/agustinangarita\\\/producto\\\/zirocol-fibra-liquida-jarabe-500ml\\\/#primaryimage\"},\"image\":{\"@id\":\"https:\\\/\\\/capta.com.co\\\/agustinangarita\\\/producto\\\/zirocol-fibra-liquida-jarabe-500ml\\\/#primaryimage\"},\"thumbnailUrl\":\"https:\\\/\\\/capta.com.co\\\/agustinangarita\\\/wp-content\\\/uploads\\\/sites\\\/22\\\/2023\\\/08\\\/IMG_20230815_102649.jpg\",\"datePublished\":\"2023-08-19T15:50:45+00:00\",\"dateModified\":\"2026-05-02T16:27:51+00:00\",\"breadcrumb\":{\"@id\":\"https:\\\/\\\/capta.com.co\\\/agustinangarita\\\/producto\\\/zirocol-fibra-liquida-jarabe-500ml\\\/#breadcrumb\"},\"inLanguage\":\"es\",\"potentialAction\":[{\"@type\":\"ReadAction\",\"target\":[\"https:\\\/\\\/capta.com.co\\\/agustinangarita\\\/producto\\\/zirocol-fibra-liquida-jarabe-500ml\\\/\"]}]},{\"@type\":\"ImageObject\",\"inLanguage\":\"es\",\"@id\":\"https:\\\/\\\/capta.com.co\\\/agustinangarita\\\/producto\\\/zirocol-fibra-liquida-jarabe-500ml\\\/#primaryimage\",\"url\":\"https:\\\/\\\/capta.com.co\\\/agustinangarita\\\/wp-content\\\/uploads\\\/sites\\\/22\\\/2023\\\/08\\\/IMG_20230815_102649.jpg\",\"contentUrl\":\"https:\\\/\\\/capta.com.co\\\/agustinangarita\\\/wp-content\\\/uploads\\\/sites\\\/22\\\/2023\\\/08\\\/IMG_20230815_102649.jpg\",\"width\":1269,\"height\":1575},{\"@type\":\"BreadcrumbList\",\"@id\":\"https:\\\/\\\/capta.com.co\\\/agustinangarita\\\/producto\\\/zirocol-fibra-liquida-jarabe-500ml\\\/#breadcrumb\",\"itemListElement\":[{\"@type\":\"ListItem\",\"position\":1,\"name\":\"Portada\",\"item\":\"https:\\\/\\\/capta.com.co\\\/agustinangarita\\\/\"},{\"@type\":\"ListItem\",\"position\":2,\"name\":\"Tienda\",\"item\":\"https:\\\/\\\/capta.com.co\\\/agustinangarita\\\/\"},{\"@type\":\"ListItem\",\"position\":3,\"name\":\"ZIROCOL (Fibra Liquida) Jarabe 500ml\"}]},{\"@type\":\"WebSite\",\"@id\":\"https:\\\/\\\/capta.com.co\\\/agustinangarita\\\/#website\",\"url\":\"https:\\\/\\\/capta.com.co\\\/agustinangarita\\\/\",\"name\":\"Agust\u00edn Angarita\",\"description\":\"Capta - Compras que inspiran\",\"potentialAction\":[{\"@type\":\"SearchAction\",\"target\":{\"@type\":\"EntryPoint\",\"urlTemplate\":\"https:\\\/\\\/capta.com.co\\\/agustinangarita\\\/?s={search_term_string}\"},\"query-input\":{\"@type\":\"PropertyValueSpecification\",\"valueRequired\":true,\"valueName\":\"search_term_string\"}}],\"inLanguage\":\"es\"}]}<\/script>\n<!-- \/ Yoast SEO plugin. -->","yoast_head_json":{"title":"ZIROCOL (Fibra Liquida) Jarabe 500ml - Agust\u00edn Angarita","robots":{"index":"index","follow":"follow","max-snippet":"max-snippet:-1","max-image-preview":"max-image-preview:large","max-video-preview":"max-video-preview:-1"},"canonical":"https:\/\/capta.com.co\/agustinangarita\/producto\/zirocol-fibra-liquida-jarabe-500ml\/","og_locale":"es_ES","og_type":"article","og_title":"ZIROCOL (Fibra Liquida) Jarabe 500ml - Agust\u00edn Angarita","og_description":"ZIROCOL ayuda a prevenir problemas de estre\u00f1imiento, pesadez y llenura. T\u00f3mese antes de cada comida. Evita colitis, diverticulosis, diverticulitis, hemorroides, colon irritable. ZIROCOL PREVIENE LA PERMEABILIDAD INTESTINAL que genera da\u00f1os cerebrales como Alzh\u00e9imer, depresi\u00f3n, ansiedad, demencia, epilepsia, Parkinson. Tambien ayuda en diabetes mellitus tipo 2, artrosis, artritis, insuficiencia cardiaca y da\u00f1o renal. ZIROCOL es un [&hellip;]","og_url":"https:\/\/capta.com.co\/agustinangarita\/producto\/zirocol-fibra-liquida-jarabe-500ml\/","og_site_name":"Agust\u00edn Angarita","article_modified_time":"2026-05-02T16:27:51+00:00","og_image":[{"width":1269,"height":1575,"url":"https:\/\/capta.com.co\/agustinangarita\/wp-content\/uploads\/sites\/22\/2023\/08\/IMG_20230815_102649.jpg","type":"image\/jpeg"}],"twitter_card":"summary_large_image","schema":{"@context":"https:\/\/schema.org","@graph":[{"@type":"WebPage","@id":"https:\/\/capta.com.co\/agustinangarita\/producto\/zirocol-fibra-liquida-jarabe-500ml\/","url":"https:\/\/capta.com.co\/agustinangarita\/producto\/zirocol-fibra-liquida-jarabe-500ml\/","name":"ZIROCOL (Fibra Liquida) Jarabe 500ml - Agust\u00edn Angarita","isPartOf":{"@id":"https:\/\/capta.com.co\/agustinangarita\/#website"},"primaryImageOfPage":{"@id":"https:\/\/capta.com.co\/agustinangarita\/producto\/zirocol-fibra-liquida-jarabe-500ml\/#primaryimage"},"image":{"@id":"https:\/\/capta.com.co\/agustinangarita\/producto\/zirocol-fibra-liquida-jarabe-500ml\/#primaryimage"},"thumbnailUrl":"https:\/\/capta.com.co\/agustinangarita\/wp-content\/uploads\/sites\/22\/2023\/08\/IMG_20230815_102649.jpg","datePublished":"2023-08-19T15:50:45+00:00","dateModified":"2026-05-02T16:27:51+00:00","breadcrumb":{"@id":"https:\/\/capta.com.co\/agustinangarita\/producto\/zirocol-fibra-liquida-jarabe-500ml\/#breadcrumb"},"inLanguage":"es","potentialAction":[{"@type":"ReadAction","target":["https:\/\/capta.com.co\/agustinangarita\/producto\/zirocol-fibra-liquida-jarabe-500ml\/"]}]},{"@type":"ImageObject","inLanguage":"es","@id":"https:\/\/capta.com.co\/agustinangarita\/producto\/zirocol-fibra-liquida-jarabe-500ml\/#primaryimage","url":"https:\/\/capta.com.co\/agustinangarita\/wp-content\/uploads\/sites\/22\/2023\/08\/IMG_20230815_102649.jpg","contentUrl":"https:\/\/capta.com.co\/agustinangarita\/wp-content\/uploads\/sites\/22\/2023\/08\/IMG_20230815_102649.jpg","width":1269,"height":1575},{"@type":"BreadcrumbList","@id":"https:\/\/capta.com.co\/agustinangarita\/producto\/zirocol-fibra-liquida-jarabe-500ml\/#breadcrumb","itemListElement":[{"@type":"ListItem","position":1,"name":"Portada","item":"https:\/\/capta.com.co\/agustinangarita\/"},{"@type":"ListItem","position":2,"name":"Tienda","item":"https:\/\/capta.com.co\/agustinangarita\/"},{"@type":"ListItem","position":3,"name":"ZIROCOL (Fibra Liquida) Jarabe 500ml"}]},{"@type":"WebSite","@id":"https:\/\/capta.com.co\/agustinangarita\/#website","url":"https:\/\/capta.com.co\/agustinangarita\/","name":"Agust\u00edn Angarita","description":"Capta - Compras que inspiran","potentialAction":[{"@type":"SearchAction","target":{"@type":"EntryPoint","urlTemplate":"https:\/\/capta.com.co\/agustinangarita\/?s={search_term_string}"},"query-input":{"@type":"PropertyValueSpecification","valueRequired":true,"valueName":"search_term_string"}}],"inLanguage":"es"}]}},"_links":{"self":[{"href":"https:\/\/capta.com.co\/agustinangarita\/wp-json\/wp\/v2\/product\/200","targetHints":{"allow":["GET"]}}],"collection":[{"href":"https:\/\/capta.com.co\/agustinangarita\/wp-json\/wp\/v2\/product"}],"about":[{"href":"https:\/\/capta.com.co\/agustinangarita\/wp-json\/wp\/v2\/types\/product"}],"replies":[{"embeddable":true,"href":"https:\/\/capta.com.co\/agustinangarita\/wp-json\/wp\/v2\/comments?post=200"}],"wp:featuredmedia":[{"embeddable":true,"href":"https:\/\/capta.com.co\/agustinangarita\/wp-json\/wp\/v2\/media\/195"}],"wp:attachment":[{"href":"https:\/\/capta.com.co\/agustinangarita\/wp-json\/wp\/v2\/media?parent=200"}],"wp:term":[{"taxonomy":"product_brand","embeddable":true,"href":"https:\/\/capta.com.co\/agustinangarita\/wp-json\/wp\/v2\/product_brand?post=200"},{"taxonomy":"product_cat","embeddable":true,"href":"https:\/\/capta.com.co\/agustinangarita\/wp-json\/wp\/v2\/product_cat?post=200"},{"taxonomy":"product_tag","embeddable":true,"href":"https:\/\/capta.com.co\/agustinangarita\/wp-json\/wp\/v2\/product_tag?post=200"}],"curies":[{"name":"wp","href":"https:\/\/api.w.org\/{rel}","templated":true}]}}