{"id":192,"date":"2023-08-22T17:01:13","date_gmt":"2023-08-22T22:01:13","guid":{"rendered":"https:\/\/capta.com.co\/agustinangarita\/?post_type=product&#038;p=192"},"modified":"2026-05-02T11:19:24","modified_gmt":"2026-05-02T16:19:24","slug":"melatonina-100-capsulas-x-5mg","status":"publish","type":"product","link":"https:\/\/capta.com.co\/agustinangarita\/producto\/melatonina-100-capsulas-x-5mg\/","title":{"rendered":"MELATONINA  100 Capsulas x 5mg"},"content":{"rendered":"<p><b>Melatonina <\/b>no es un hipn\u00f3tico, <b>mejora el sue\u00f1o y evita el insomnio.\u00a0 R<\/b>egula los ciclos de d\u00eda y noche o los<b> ciclos de sue\u00f1o-vigilia<\/b>. La oscuridad hace que el cuerpo produzca m\u00e1s melatonina, lo que le indica al cuerpo que es tiempo de dormir.<\/p>\n<p>Se recomienda tomar la c\u00e1psula siempre a la misma hora. Se debe tomar la melatonina <b>entre media y una hora antes de acostarse<\/b>. Para aliviar el <strong>Jet-lag<\/strong>, (trastorno del sue\u00f1o por los cambios de horario en los viajes) tomar 1 c\u00e1psula por la noche el primer d\u00eda de viaje antes de acostarse y repetir la toma durante algunas noches.<\/p>\n<p>Es un producto seguro que no produce adicci\u00f3n.<\/p>\n","protected":false},"excerpt":{"rendered":"<p>Melatonina no es un hipn\u00f3tico, mejora el sue\u00f1o y evita el insomnio.\u00a0 Regula los ciclos de d\u00eda y noche o los ciclos de sue\u00f1o-vigilia. La oscuridad hace que el cuerpo produzca m\u00e1s melatonina, lo que le indica al cuerpo que es tiempo de dormir. Se recomienda tomar la c\u00e1psula siempre a la misma hora. Se [&hellip;]<\/p>\n","protected":false},"featured_media":196,"comment_status":"open","ping_status":"closed","template":"","meta":{"_acf_changed":false,"inline_featured_image":false},"product_brand":[],"product_cat":[16,17],"product_tag":[185,187,186,184],"class_list":{"0":"post-192","1":"product","2":"type-product","3":"status-publish","4":"has-post-thumbnail","6":"product_cat-alimento-funcional","7":"product_cat-medicamentos-naturales","8":"product_tag-insomnio","9":"product_tag-jet-lag","10":"product_tag-sueno-irregular","11":"product_tag-trastornos-del-sueno","13":"first","14":"instock","15":"shipping-taxable","16":"purchasable","17":"product-type-simple"},"acf":[],"yoast_head":"<!-- This site is optimized with the Yoast SEO plugin v27.5 - https:\/\/yoast.com\/product\/yoast-seo-wordpress\/ -->\n<title>MELATONINA 100 Capsulas x 5mg - Agust\u00edn Angarita<\/title>\n<meta name=\"robots\" content=\"index, follow, max-snippet:-1, max-image-preview:large, max-video-preview:-1\" \/>\n<link rel=\"canonical\" href=\"https:\/\/capta.com.co\/agustinangarita\/producto\/melatonina-100-capsulas-x-5mg\/\" \/>\n<meta property=\"og:locale\" content=\"es_ES\" \/>\n<meta property=\"og:type\" content=\"article\" \/>\n<meta property=\"og:title\" content=\"MELATONINA 100 Capsulas x 5mg - Agust\u00edn Angarita\" \/>\n<meta property=\"og:description\" content=\"Melatonina no es un hipn\u00f3tico, mejora el sue\u00f1o y evita el insomnio.\u00a0 Regula los ciclos de d\u00eda y noche o los ciclos de sue\u00f1o-vigilia. La oscuridad hace que el cuerpo produzca m\u00e1s melatonina, lo que le indica al cuerpo que es tiempo de dormir. Se recomienda tomar la c\u00e1psula siempre a la misma hora. Se [&hellip;]\" \/>\n<meta property=\"og:url\" content=\"https:\/\/capta.com.co\/agustinangarita\/producto\/melatonina-100-capsulas-x-5mg\/\" \/>\n<meta property=\"og:site_name\" content=\"Agust\u00edn Angarita\" \/>\n<meta property=\"article:modified_time\" content=\"2026-05-02T16:19:24+00:00\" \/>\n<meta property=\"og:image\" content=\"https:\/\/capta.com.co\/agustinangarita\/wp-content\/uploads\/sites\/22\/2023\/08\/IMG_20230815_102826.jpg\" \/>\n\t<meta property=\"og:image:width\" content=\"939\" \/>\n\t<meta property=\"og:image:height\" content=\"1101\" \/>\n\t<meta property=\"og:image:type\" content=\"image\/jpeg\" \/>\n<meta name=\"twitter:card\" content=\"summary_large_image\" \/>\n<meta name=\"twitter:label1\" content=\"Tiempo de lectura\" \/>\n\t<meta name=\"twitter:data1\" content=\"1 minuto\" \/>\n<script type=\"application\/ld+json\" class=\"yoast-schema-graph\">{\"@context\":\"https:\\\/\\\/schema.org\",\"@graph\":[{\"@type\":\"WebPage\",\"@id\":\"https:\\\/\\\/capta.com.co\\\/agustinangarita\\\/producto\\\/melatonina-100-capsulas-x-5mg\\\/\",\"url\":\"https:\\\/\\\/capta.com.co\\\/agustinangarita\\\/producto\\\/melatonina-100-capsulas-x-5mg\\\/\",\"name\":\"MELATONINA 100 Capsulas x 5mg - Agust\u00edn Angarita\",\"isPartOf\":{\"@id\":\"https:\\\/\\\/capta.com.co\\\/agustinangarita\\\/#website\"},\"primaryImageOfPage\":{\"@id\":\"https:\\\/\\\/capta.com.co\\\/agustinangarita\\\/producto\\\/melatonina-100-capsulas-x-5mg\\\/#primaryimage\"},\"image\":{\"@id\":\"https:\\\/\\\/capta.com.co\\\/agustinangarita\\\/producto\\\/melatonina-100-capsulas-x-5mg\\\/#primaryimage\"},\"thumbnailUrl\":\"https:\\\/\\\/capta.com.co\\\/agustinangarita\\\/wp-content\\\/uploads\\\/sites\\\/22\\\/2023\\\/08\\\/IMG_20230815_102826.jpg\",\"datePublished\":\"2023-08-22T22:01:13+00:00\",\"dateModified\":\"2026-05-02T16:19:24+00:00\",\"breadcrumb\":{\"@id\":\"https:\\\/\\\/capta.com.co\\\/agustinangarita\\\/producto\\\/melatonina-100-capsulas-x-5mg\\\/#breadcrumb\"},\"inLanguage\":\"es\",\"potentialAction\":[{\"@type\":\"ReadAction\",\"target\":[\"https:\\\/\\\/capta.com.co\\\/agustinangarita\\\/producto\\\/melatonina-100-capsulas-x-5mg\\\/\"]}]},{\"@type\":\"ImageObject\",\"inLanguage\":\"es\",\"@id\":\"https:\\\/\\\/capta.com.co\\\/agustinangarita\\\/producto\\\/melatonina-100-capsulas-x-5mg\\\/#primaryimage\",\"url\":\"https:\\\/\\\/capta.com.co\\\/agustinangarita\\\/wp-content\\\/uploads\\\/sites\\\/22\\\/2023\\\/08\\\/IMG_20230815_102826.jpg\",\"contentUrl\":\"https:\\\/\\\/capta.com.co\\\/agustinangarita\\\/wp-content\\\/uploads\\\/sites\\\/22\\\/2023\\\/08\\\/IMG_20230815_102826.jpg\",\"width\":939,\"height\":1101},{\"@type\":\"BreadcrumbList\",\"@id\":\"https:\\\/\\\/capta.com.co\\\/agustinangarita\\\/producto\\\/melatonina-100-capsulas-x-5mg\\\/#breadcrumb\",\"itemListElement\":[{\"@type\":\"ListItem\",\"position\":1,\"name\":\"Portada\",\"item\":\"https:\\\/\\\/capta.com.co\\\/agustinangarita\\\/\"},{\"@type\":\"ListItem\",\"position\":2,\"name\":\"Tienda\",\"item\":\"https:\\\/\\\/capta.com.co\\\/agustinangarita\\\/\"},{\"@type\":\"ListItem\",\"position\":3,\"name\":\"MELATONINA 100 Capsulas x 5mg\"}]},{\"@type\":\"WebSite\",\"@id\":\"https:\\\/\\\/capta.com.co\\\/agustinangarita\\\/#website\",\"url\":\"https:\\\/\\\/capta.com.co\\\/agustinangarita\\\/\",\"name\":\"Agust\u00edn Angarita\",\"description\":\"Capta - Compras que inspiran\",\"potentialAction\":[{\"@type\":\"SearchAction\",\"target\":{\"@type\":\"EntryPoint\",\"urlTemplate\":\"https:\\\/\\\/capta.com.co\\\/agustinangarita\\\/?s={search_term_string}\"},\"query-input\":{\"@type\":\"PropertyValueSpecification\",\"valueRequired\":true,\"valueName\":\"search_term_string\"}}],\"inLanguage\":\"es\"}]}<\/script>\n<!-- \/ Yoast SEO plugin. -->","yoast_head_json":{"title":"MELATONINA 100 Capsulas x 5mg - Agust\u00edn Angarita","robots":{"index":"index","follow":"follow","max-snippet":"max-snippet:-1","max-image-preview":"max-image-preview:large","max-video-preview":"max-video-preview:-1"},"canonical":"https:\/\/capta.com.co\/agustinangarita\/producto\/melatonina-100-capsulas-x-5mg\/","og_locale":"es_ES","og_type":"article","og_title":"MELATONINA 100 Capsulas x 5mg - Agust\u00edn Angarita","og_description":"Melatonina no es un hipn\u00f3tico, mejora el sue\u00f1o y evita el insomnio.\u00a0 Regula los ciclos de d\u00eda y noche o los ciclos de sue\u00f1o-vigilia. La oscuridad hace que el cuerpo produzca m\u00e1s melatonina, lo que le indica al cuerpo que es tiempo de dormir. Se recomienda tomar la c\u00e1psula siempre a la misma hora. Se [&hellip;]","og_url":"https:\/\/capta.com.co\/agustinangarita\/producto\/melatonina-100-capsulas-x-5mg\/","og_site_name":"Agust\u00edn Angarita","article_modified_time":"2026-05-02T16:19:24+00:00","og_image":[{"width":939,"height":1101,"url":"https:\/\/capta.com.co\/agustinangarita\/wp-content\/uploads\/sites\/22\/2023\/08\/IMG_20230815_102826.jpg","type":"image\/jpeg"}],"twitter_card":"summary_large_image","twitter_misc":{"Tiempo de lectura":"1 minuto"},"schema":{"@context":"https:\/\/schema.org","@graph":[{"@type":"WebPage","@id":"https:\/\/capta.com.co\/agustinangarita\/producto\/melatonina-100-capsulas-x-5mg\/","url":"https:\/\/capta.com.co\/agustinangarita\/producto\/melatonina-100-capsulas-x-5mg\/","name":"MELATONINA 100 Capsulas x 5mg - Agust\u00edn Angarita","isPartOf":{"@id":"https:\/\/capta.com.co\/agustinangarita\/#website"},"primaryImageOfPage":{"@id":"https:\/\/capta.com.co\/agustinangarita\/producto\/melatonina-100-capsulas-x-5mg\/#primaryimage"},"image":{"@id":"https:\/\/capta.com.co\/agustinangarita\/producto\/melatonina-100-capsulas-x-5mg\/#primaryimage"},"thumbnailUrl":"https:\/\/capta.com.co\/agustinangarita\/wp-content\/uploads\/sites\/22\/2023\/08\/IMG_20230815_102826.jpg","datePublished":"2023-08-22T22:01:13+00:00","dateModified":"2026-05-02T16:19:24+00:00","breadcrumb":{"@id":"https:\/\/capta.com.co\/agustinangarita\/producto\/melatonina-100-capsulas-x-5mg\/#breadcrumb"},"inLanguage":"es","potentialAction":[{"@type":"ReadAction","target":["https:\/\/capta.com.co\/agustinangarita\/producto\/melatonina-100-capsulas-x-5mg\/"]}]},{"@type":"ImageObject","inLanguage":"es","@id":"https:\/\/capta.com.co\/agustinangarita\/producto\/melatonina-100-capsulas-x-5mg\/#primaryimage","url":"https:\/\/capta.com.co\/agustinangarita\/wp-content\/uploads\/sites\/22\/2023\/08\/IMG_20230815_102826.jpg","contentUrl":"https:\/\/capta.com.co\/agustinangarita\/wp-content\/uploads\/sites\/22\/2023\/08\/IMG_20230815_102826.jpg","width":939,"height":1101},{"@type":"BreadcrumbList","@id":"https:\/\/capta.com.co\/agustinangarita\/producto\/melatonina-100-capsulas-x-5mg\/#breadcrumb","itemListElement":[{"@type":"ListItem","position":1,"name":"Portada","item":"https:\/\/capta.com.co\/agustinangarita\/"},{"@type":"ListItem","position":2,"name":"Tienda","item":"https:\/\/capta.com.co\/agustinangarita\/"},{"@type":"ListItem","position":3,"name":"MELATONINA 100 Capsulas x 5mg"}]},{"@type":"WebSite","@id":"https:\/\/capta.com.co\/agustinangarita\/#website","url":"https:\/\/capta.com.co\/agustinangarita\/","name":"Agust\u00edn Angarita","description":"Capta - Compras que inspiran","potentialAction":[{"@type":"SearchAction","target":{"@type":"EntryPoint","urlTemplate":"https:\/\/capta.com.co\/agustinangarita\/?s={search_term_string}"},"query-input":{"@type":"PropertyValueSpecification","valueRequired":true,"valueName":"search_term_string"}}],"inLanguage":"es"}]}},"_links":{"self":[{"href":"https:\/\/capta.com.co\/agustinangarita\/wp-json\/wp\/v2\/product\/192","targetHints":{"allow":["GET"]}}],"collection":[{"href":"https:\/\/capta.com.co\/agustinangarita\/wp-json\/wp\/v2\/product"}],"about":[{"href":"https:\/\/capta.com.co\/agustinangarita\/wp-json\/wp\/v2\/types\/product"}],"replies":[{"embeddable":true,"href":"https:\/\/capta.com.co\/agustinangarita\/wp-json\/wp\/v2\/comments?post=192"}],"wp:featuredmedia":[{"embeddable":true,"href":"https:\/\/capta.com.co\/agustinangarita\/wp-json\/wp\/v2\/media\/196"}],"wp:attachment":[{"href":"https:\/\/capta.com.co\/agustinangarita\/wp-json\/wp\/v2\/media?parent=192"}],"wp:term":[{"taxonomy":"product_brand","embeddable":true,"href":"https:\/\/capta.com.co\/agustinangarita\/wp-json\/wp\/v2\/product_brand?post=192"},{"taxonomy":"product_cat","embeddable":true,"href":"https:\/\/capta.com.co\/agustinangarita\/wp-json\/wp\/v2\/product_cat?post=192"},{"taxonomy":"product_tag","embeddable":true,"href":"https:\/\/capta.com.co\/agustinangarita\/wp-json\/wp\/v2\/product_tag?post=192"}],"curies":[{"name":"wp","href":"https:\/\/api.w.org\/{rel}","templated":true}]}}