{"id":189,"date":"2023-08-19T11:03:19","date_gmt":"2023-08-19T16:03:19","guid":{"rendered":"https:\/\/capta.com.co\/agustinangarita\/?post_type=product&#038;p=189"},"modified":"2024-11-09T11:27:49","modified_gmt":"2024-11-09T16:27:49","slug":"bio-dol-30-capsulas","status":"publish","type":"product","link":"https:\/\/capta.com.co\/agustinangarita\/producto\/bio-dol-30-capsulas\/","title":{"rendered":"BIO-DOL 30 Capsulas"},"content":{"rendered":"<p><strong>BIODOL<\/strong> es muy \u00fatil para reducir la inflamaci\u00f3n y <strong>disminuir el dolor<\/strong> en m\u00fasculos, articulaciones, tendones, lumbalgias, gripas y cefaleas.<\/p>\n<p>El <b>BIODOL <\/b>\u00a0es elaborado a base de extractos de diferentes plantas de la medicina tradicional como ajo, ortiga, perejil, cloruro de magnesio y c\u00farcuma, adem\u00e1s adicionado con col\u00e1geno hidrolizado\u00a0 y vitamina D3 para lograr un mejor efecto.<\/p>\n<p>&nbsp;<\/p>\n","protected":false},"excerpt":{"rendered":"<p>BIODOL es muy \u00fatil para reducir la inflamaci\u00f3n y disminuir el dolor en m\u00fasculos, articulaciones, tendones, lumbalgias, gripas y cefaleas. El BIODOL \u00a0es elaborado a base de extractos de diferentes plantas de la medicina tradicional como ajo, ortiga, perejil, cloruro de magnesio y c\u00farcuma, adem\u00e1s adicionado con col\u00e1geno hidrolizado\u00a0 y vitamina D3 para lograr un [&hellip;]<\/p>\n","protected":false},"featured_media":190,"comment_status":"open","ping_status":"closed","template":"","meta":{"_acf_changed":false,"inline_featured_image":false},"product_brand":[],"product_cat":[16,17],"product_tag":[46,54,55,169,168,167],"class_list":{"0":"post-189","1":"product","2":"type-product","3":"status-publish","4":"has-post-thumbnail","6":"product_cat-alimento-funcional","7":"product_cat-medicamentos-naturales","8":"product_tag-analgesico","9":"product_tag-artritis","10":"product_tag-artrosis","11":"product_tag-cefaleas","12":"product_tag-dolores-musculares","13":"product_tag-lumbalgia","15":"first","16":"instock","17":"shipping-taxable","18":"purchasable","19":"product-type-simple"},"acf":[],"yoast_head":"<!-- This site is optimized with the Yoast SEO plugin v27.3 - https:\/\/yoast.com\/product\/yoast-seo-wordpress\/ -->\n<title>BIO-DOL 30 Capsulas - Agust\u00edn Angarita<\/title>\n<meta name=\"robots\" content=\"index, follow, max-snippet:-1, max-image-preview:large, max-video-preview:-1\" \/>\n<link rel=\"canonical\" href=\"https:\/\/capta.com.co\/agustinangarita\/producto\/bio-dol-30-capsulas\/\" \/>\n<meta property=\"og:locale\" content=\"es_ES\" \/>\n<meta property=\"og:type\" content=\"article\" \/>\n<meta property=\"og:title\" content=\"BIO-DOL 30 Capsulas - Agust\u00edn Angarita\" \/>\n<meta property=\"og:description\" content=\"BIODOL es muy \u00fatil para reducir la inflamaci\u00f3n y disminuir el dolor en m\u00fasculos, articulaciones, tendones, lumbalgias, gripas y cefaleas. El BIODOL \u00a0es elaborado a base de extractos de diferentes plantas de la medicina tradicional como ajo, ortiga, perejil, cloruro de magnesio y c\u00farcuma, adem\u00e1s adicionado con col\u00e1geno hidrolizado\u00a0 y vitamina D3 para lograr un [&hellip;]\" \/>\n<meta property=\"og:url\" content=\"https:\/\/capta.com.co\/agustinangarita\/producto\/bio-dol-30-capsulas\/\" \/>\n<meta property=\"og:site_name\" content=\"Agust\u00edn Angarita\" \/>\n<meta property=\"article:modified_time\" content=\"2024-11-09T16:27:49+00:00\" \/>\n<meta property=\"og:image\" content=\"https:\/\/capta.com.co\/agustinangarita\/wp-content\/uploads\/sites\/22\/2023\/08\/1692113797290-scaled.jpg\" \/>\n\t<meta property=\"og:image:width\" content=\"2560\" \/>\n\t<meta property=\"og:image:height\" content=\"2272\" \/>\n\t<meta property=\"og:image:type\" content=\"image\/jpeg\" \/>\n<meta name=\"twitter:card\" content=\"summary_large_image\" \/>\n<script type=\"application\/ld+json\" class=\"yoast-schema-graph\">{\"@context\":\"https:\\\/\\\/schema.org\",\"@graph\":[{\"@type\":\"WebPage\",\"@id\":\"https:\\\/\\\/capta.com.co\\\/agustinangarita\\\/producto\\\/bio-dol-30-capsulas\\\/\",\"url\":\"https:\\\/\\\/capta.com.co\\\/agustinangarita\\\/producto\\\/bio-dol-30-capsulas\\\/\",\"name\":\"BIO-DOL 30 Capsulas - Agust\u00edn Angarita\",\"isPartOf\":{\"@id\":\"https:\\\/\\\/capta.com.co\\\/agustinangarita\\\/#website\"},\"primaryImageOfPage\":{\"@id\":\"https:\\\/\\\/capta.com.co\\\/agustinangarita\\\/producto\\\/bio-dol-30-capsulas\\\/#primaryimage\"},\"image\":{\"@id\":\"https:\\\/\\\/capta.com.co\\\/agustinangarita\\\/producto\\\/bio-dol-30-capsulas\\\/#primaryimage\"},\"thumbnailUrl\":\"https:\\\/\\\/capta.com.co\\\/agustinangarita\\\/wp-content\\\/uploads\\\/sites\\\/22\\\/2023\\\/08\\\/1692113797290-scaled.jpg\",\"datePublished\":\"2023-08-19T16:03:19+00:00\",\"dateModified\":\"2024-11-09T16:27:49+00:00\",\"breadcrumb\":{\"@id\":\"https:\\\/\\\/capta.com.co\\\/agustinangarita\\\/producto\\\/bio-dol-30-capsulas\\\/#breadcrumb\"},\"inLanguage\":\"es\",\"potentialAction\":[{\"@type\":\"ReadAction\",\"target\":[\"https:\\\/\\\/capta.com.co\\\/agustinangarita\\\/producto\\\/bio-dol-30-capsulas\\\/\"]}]},{\"@type\":\"ImageObject\",\"inLanguage\":\"es\",\"@id\":\"https:\\\/\\\/capta.com.co\\\/agustinangarita\\\/producto\\\/bio-dol-30-capsulas\\\/#primaryimage\",\"url\":\"https:\\\/\\\/capta.com.co\\\/agustinangarita\\\/wp-content\\\/uploads\\\/sites\\\/22\\\/2023\\\/08\\\/1692113797290-scaled.jpg\",\"contentUrl\":\"https:\\\/\\\/capta.com.co\\\/agustinangarita\\\/wp-content\\\/uploads\\\/sites\\\/22\\\/2023\\\/08\\\/1692113797290-scaled.jpg\",\"width\":2560,\"height\":2272},{\"@type\":\"BreadcrumbList\",\"@id\":\"https:\\\/\\\/capta.com.co\\\/agustinangarita\\\/producto\\\/bio-dol-30-capsulas\\\/#breadcrumb\",\"itemListElement\":[{\"@type\":\"ListItem\",\"position\":1,\"name\":\"Portada\",\"item\":\"https:\\\/\\\/capta.com.co\\\/agustinangarita\\\/\"},{\"@type\":\"ListItem\",\"position\":2,\"name\":\"Tienda\",\"item\":\"https:\\\/\\\/capta.com.co\\\/agustinangarita\\\/\"},{\"@type\":\"ListItem\",\"position\":3,\"name\":\"BIO-DOL 30 Capsulas\"}]},{\"@type\":\"WebSite\",\"@id\":\"https:\\\/\\\/capta.com.co\\\/agustinangarita\\\/#website\",\"url\":\"https:\\\/\\\/capta.com.co\\\/agustinangarita\\\/\",\"name\":\"Agust\u00edn Angarita\",\"description\":\"Capta - Compras que inspiran\",\"potentialAction\":[{\"@type\":\"SearchAction\",\"target\":{\"@type\":\"EntryPoint\",\"urlTemplate\":\"https:\\\/\\\/capta.com.co\\\/agustinangarita\\\/?s={search_term_string}\"},\"query-input\":{\"@type\":\"PropertyValueSpecification\",\"valueRequired\":true,\"valueName\":\"search_term_string\"}}],\"inLanguage\":\"es\"}]}<\/script>\n<!-- \/ Yoast SEO plugin. -->","yoast_head_json":{"title":"BIO-DOL 30 Capsulas - Agust\u00edn Angarita","robots":{"index":"index","follow":"follow","max-snippet":"max-snippet:-1","max-image-preview":"max-image-preview:large","max-video-preview":"max-video-preview:-1"},"canonical":"https:\/\/capta.com.co\/agustinangarita\/producto\/bio-dol-30-capsulas\/","og_locale":"es_ES","og_type":"article","og_title":"BIO-DOL 30 Capsulas - Agust\u00edn Angarita","og_description":"BIODOL es muy \u00fatil para reducir la inflamaci\u00f3n y disminuir el dolor en m\u00fasculos, articulaciones, tendones, lumbalgias, gripas y cefaleas. El BIODOL \u00a0es elaborado a base de extractos de diferentes plantas de la medicina tradicional como ajo, ortiga, perejil, cloruro de magnesio y c\u00farcuma, adem\u00e1s adicionado con col\u00e1geno hidrolizado\u00a0 y vitamina D3 para lograr un [&hellip;]","og_url":"https:\/\/capta.com.co\/agustinangarita\/producto\/bio-dol-30-capsulas\/","og_site_name":"Agust\u00edn Angarita","article_modified_time":"2024-11-09T16:27:49+00:00","og_image":[{"width":2560,"height":2272,"url":"https:\/\/capta.com.co\/agustinangarita\/wp-content\/uploads\/sites\/22\/2023\/08\/1692113797290-scaled.jpg","type":"image\/jpeg"}],"twitter_card":"summary_large_image","schema":{"@context":"https:\/\/schema.org","@graph":[{"@type":"WebPage","@id":"https:\/\/capta.com.co\/agustinangarita\/producto\/bio-dol-30-capsulas\/","url":"https:\/\/capta.com.co\/agustinangarita\/producto\/bio-dol-30-capsulas\/","name":"BIO-DOL 30 Capsulas - Agust\u00edn Angarita","isPartOf":{"@id":"https:\/\/capta.com.co\/agustinangarita\/#website"},"primaryImageOfPage":{"@id":"https:\/\/capta.com.co\/agustinangarita\/producto\/bio-dol-30-capsulas\/#primaryimage"},"image":{"@id":"https:\/\/capta.com.co\/agustinangarita\/producto\/bio-dol-30-capsulas\/#primaryimage"},"thumbnailUrl":"https:\/\/capta.com.co\/agustinangarita\/wp-content\/uploads\/sites\/22\/2023\/08\/1692113797290-scaled.jpg","datePublished":"2023-08-19T16:03:19+00:00","dateModified":"2024-11-09T16:27:49+00:00","breadcrumb":{"@id":"https:\/\/capta.com.co\/agustinangarita\/producto\/bio-dol-30-capsulas\/#breadcrumb"},"inLanguage":"es","potentialAction":[{"@type":"ReadAction","target":["https:\/\/capta.com.co\/agustinangarita\/producto\/bio-dol-30-capsulas\/"]}]},{"@type":"ImageObject","inLanguage":"es","@id":"https:\/\/capta.com.co\/agustinangarita\/producto\/bio-dol-30-capsulas\/#primaryimage","url":"https:\/\/capta.com.co\/agustinangarita\/wp-content\/uploads\/sites\/22\/2023\/08\/1692113797290-scaled.jpg","contentUrl":"https:\/\/capta.com.co\/agustinangarita\/wp-content\/uploads\/sites\/22\/2023\/08\/1692113797290-scaled.jpg","width":2560,"height":2272},{"@type":"BreadcrumbList","@id":"https:\/\/capta.com.co\/agustinangarita\/producto\/bio-dol-30-capsulas\/#breadcrumb","itemListElement":[{"@type":"ListItem","position":1,"name":"Portada","item":"https:\/\/capta.com.co\/agustinangarita\/"},{"@type":"ListItem","position":2,"name":"Tienda","item":"https:\/\/capta.com.co\/agustinangarita\/"},{"@type":"ListItem","position":3,"name":"BIO-DOL 30 Capsulas"}]},{"@type":"WebSite","@id":"https:\/\/capta.com.co\/agustinangarita\/#website","url":"https:\/\/capta.com.co\/agustinangarita\/","name":"Agust\u00edn Angarita","description":"Capta - Compras que inspiran","potentialAction":[{"@type":"SearchAction","target":{"@type":"EntryPoint","urlTemplate":"https:\/\/capta.com.co\/agustinangarita\/?s={search_term_string}"},"query-input":{"@type":"PropertyValueSpecification","valueRequired":true,"valueName":"search_term_string"}}],"inLanguage":"es"}]}},"_links":{"self":[{"href":"https:\/\/capta.com.co\/agustinangarita\/wp-json\/wp\/v2\/product\/189","targetHints":{"allow":["GET"]}}],"collection":[{"href":"https:\/\/capta.com.co\/agustinangarita\/wp-json\/wp\/v2\/product"}],"about":[{"href":"https:\/\/capta.com.co\/agustinangarita\/wp-json\/wp\/v2\/types\/product"}],"replies":[{"embeddable":true,"href":"https:\/\/capta.com.co\/agustinangarita\/wp-json\/wp\/v2\/comments?post=189"}],"wp:featuredmedia":[{"embeddable":true,"href":"https:\/\/capta.com.co\/agustinangarita\/wp-json\/wp\/v2\/media\/190"}],"wp:attachment":[{"href":"https:\/\/capta.com.co\/agustinangarita\/wp-json\/wp\/v2\/media?parent=189"}],"wp:term":[{"taxonomy":"product_brand","embeddable":true,"href":"https:\/\/capta.com.co\/agustinangarita\/wp-json\/wp\/v2\/product_brand?post=189"},{"taxonomy":"product_cat","embeddable":true,"href":"https:\/\/capta.com.co\/agustinangarita\/wp-json\/wp\/v2\/product_cat?post=189"},{"taxonomy":"product_tag","embeddable":true,"href":"https:\/\/capta.com.co\/agustinangarita\/wp-json\/wp\/v2\/product_tag?post=189"}],"curies":[{"name":"wp","href":"https:\/\/api.w.org\/{rel}","templated":true}]}}