{"id":187,"date":"2023-08-31T16:35:10","date_gmt":"2023-08-31T21:35:10","guid":{"rendered":"https:\/\/capta.com.co\/agustinangarita\/?post_type=product&#038;p=187"},"modified":"2024-11-09T09:39:58","modified_gmt":"2024-11-09T14:39:58","slug":"milk-phar-leche-dorada-100gr","status":"publish","type":"product","link":"https:\/\/capta.com.co\/agustinangarita\/producto\/milk-phar-leche-dorada-100gr\/","title":{"rendered":"MILK PHAR (Leche dorada)  100gr"},"content":{"rendered":"<p>La\u00a0<strong>leche dorada<\/strong> o <strong>Milk Phar<\/strong>\u00a0es una bebida hecha a base de c\u00farcuma, pimienta y una mezcla de especias que, al\u00a0combinarse con un poco de aceite y\/o leche de coco, se convierte en un potente antiinflamatorio.<\/p>\n<ol>\n<li>Alivia la inflamaci\u00f3n intestinal y promueve la buena digesti\u00f3n, evitando c\u00f3licos e inflamaci\u00f3n y mejorando la flora intestinal.<\/li>\n<li>Sus propiedades antibacteriales y antivirales pueden eliminar los agentes infecciosos que atacan al sistema respiratorio y puede aliviar la garganta irritada, as\u00ed como la congesti\u00f3n nasal.<\/li>\n<li>Puede eliminar la inflamaci\u00f3n en todo el cuerpo, especialmente en articulaciones y m\u00fasculos. Esto le permite calmar\u00a0los s\u00edntomas de enfermedades como la artritis reumatoide.<\/li>\n<li>Su agente activo, la curcumina, ayuda a reducir los efectos el estr\u00e9s oxidativo causante de, entre otras cosas, envejecimiento prematuro y enfermedades cr\u00f3nico degenerativas e <strong>insomnio<\/strong>. Es un relajante muscular que <strong>ayuda a mejorar el sue\u00f1o<\/strong><\/li>\n<li>Acelera el metabolismo permitiendo una mejor eliminaci\u00f3n de la grasa acumulada en el cuerpo.<\/li>\n<li>Ayuda a tratar el c\u00e1ncer, pues por sus poderes antioxidantes puede neutralizar las mutaciones celulares y los efectos negativos que provocan los radicales libres.<\/li>\n<li>Se ha ocupado mucho como un agente desintoxicante, especialmente para el h\u00edgado.<\/li>\n<li>Termina con los dolores de cabeza provocados por el estr\u00e9s y por congesti\u00f3n de los senos nasales.<\/li>\n<li>Mejora la circulaci\u00f3n sangu\u00ednea.<\/li>\n<li>En los padecimientos\u00a0de la piel alivia el acn\u00e9, la psoriasis, la ros\u00e1cea y el eczema.<\/li>\n<\/ol>\n<p>la puedes preparar f\u00e1cilmente a\u00f1adiendo una cucharada por una taza de leche calientita.<\/p>\n<p>Tambi\u00e9n puedes\u00a0tomarla con agua caliente agregando una cucharadita de aceite de coco para aprovechar mejor todos sus beneficios.<\/p>\n","protected":false},"excerpt":{"rendered":"<p>La\u00a0leche dorada o Milk Phar\u00a0es una bebida hecha a base de c\u00farcuma, pimienta y una mezcla de especias que, al\u00a0combinarse con un poco de aceite y\/o leche de coco, se convierte en un potente antiinflamatorio. Alivia la inflamaci\u00f3n intestinal y promueve la buena digesti\u00f3n, evitando c\u00f3licos e inflamaci\u00f3n y mejorando la flora intestinal. Sus propiedades [&hellip;]<\/p>\n","protected":false},"featured_media":188,"comment_status":"open","ping_status":"closed","template":"","meta":{"_acf_changed":false,"inline_featured_image":false},"product_brand":[],"product_cat":[16,128,17],"product_tag":[220,221,144,84,130,219,129,131,138],"class_list":{"0":"post-187","1":"product","2":"type-product","3":"status-publish","4":"has-post-thumbnail","6":"product_cat-alimento-funcional","7":"product_cat-inmunomodulador","8":"product_cat-medicamentos-naturales","9":"product_tag-antibacterial","10":"product_tag-cefalea","11":"product_tag-colitis","12":"product_tag-desintoxicante","13":"product_tag-no-es-un-hipnotico","14":"product_tag-potente-antiinflamatorio","15":"product_tag-regulador-y-modulador-natural-del-sueno","16":"product_tag-relajante-muscular","17":"product_tag-sinusitis","19":"first","20":"instock","21":"shipping-taxable","22":"purchasable","23":"product-type-simple"},"acf":[],"yoast_head":"<!-- This site is optimized with the Yoast SEO plugin v27.5 - https:\/\/yoast.com\/product\/yoast-seo-wordpress\/ -->\n<title>MILK PHAR (Leche dorada) 100gr - Agust\u00edn Angarita<\/title>\n<meta name=\"robots\" content=\"index, follow, max-snippet:-1, max-image-preview:large, max-video-preview:-1\" \/>\n<link rel=\"canonical\" href=\"https:\/\/capta.com.co\/agustinangarita\/producto\/milk-phar-leche-dorada-100gr\/\" \/>\n<meta property=\"og:locale\" content=\"es_ES\" \/>\n<meta property=\"og:type\" content=\"article\" \/>\n<meta property=\"og:title\" content=\"MILK PHAR (Leche dorada) 100gr - Agust\u00edn Angarita\" \/>\n<meta property=\"og:description\" content=\"La\u00a0leche dorada o Milk Phar\u00a0es una bebida hecha a base de c\u00farcuma, pimienta y una mezcla de especias que, al\u00a0combinarse con un poco de aceite y\/o leche de coco, se convierte en un potente antiinflamatorio. Alivia la inflamaci\u00f3n intestinal y promueve la buena digesti\u00f3n, evitando c\u00f3licos e inflamaci\u00f3n y mejorando la flora intestinal. Sus propiedades [&hellip;]\" \/>\n<meta property=\"og:url\" content=\"https:\/\/capta.com.co\/agustinangarita\/producto\/milk-phar-leche-dorada-100gr\/\" \/>\n<meta property=\"og:site_name\" content=\"Agust\u00edn Angarita\" \/>\n<meta property=\"article:modified_time\" content=\"2024-11-09T14:39:58+00:00\" \/>\n<meta property=\"og:image\" content=\"https:\/\/capta.com.co\/agustinangarita\/wp-content\/uploads\/sites\/22\/2023\/08\/1692113907362-scaled.jpg\" \/>\n\t<meta property=\"og:image:width\" content=\"2266\" \/>\n\t<meta property=\"og:image:height\" content=\"2560\" \/>\n\t<meta property=\"og:image:type\" content=\"image\/jpeg\" \/>\n<meta name=\"twitter:card\" content=\"summary_large_image\" \/>\n<meta name=\"twitter:label1\" content=\"Tiempo de lectura\" \/>\n\t<meta name=\"twitter:data1\" content=\"1 minuto\" \/>\n<script type=\"application\/ld+json\" class=\"yoast-schema-graph\">{\"@context\":\"https:\\\/\\\/schema.org\",\"@graph\":[{\"@type\":\"WebPage\",\"@id\":\"https:\\\/\\\/capta.com.co\\\/agustinangarita\\\/producto\\\/milk-phar-leche-dorada-100gr\\\/\",\"url\":\"https:\\\/\\\/capta.com.co\\\/agustinangarita\\\/producto\\\/milk-phar-leche-dorada-100gr\\\/\",\"name\":\"MILK PHAR (Leche dorada) 100gr - Agust\u00edn Angarita\",\"isPartOf\":{\"@id\":\"https:\\\/\\\/capta.com.co\\\/agustinangarita\\\/#website\"},\"primaryImageOfPage\":{\"@id\":\"https:\\\/\\\/capta.com.co\\\/agustinangarita\\\/producto\\\/milk-phar-leche-dorada-100gr\\\/#primaryimage\"},\"image\":{\"@id\":\"https:\\\/\\\/capta.com.co\\\/agustinangarita\\\/producto\\\/milk-phar-leche-dorada-100gr\\\/#primaryimage\"},\"thumbnailUrl\":\"https:\\\/\\\/capta.com.co\\\/agustinangarita\\\/wp-content\\\/uploads\\\/sites\\\/22\\\/2023\\\/08\\\/1692113907362-scaled.jpg\",\"datePublished\":\"2023-08-31T21:35:10+00:00\",\"dateModified\":\"2024-11-09T14:39:58+00:00\",\"breadcrumb\":{\"@id\":\"https:\\\/\\\/capta.com.co\\\/agustinangarita\\\/producto\\\/milk-phar-leche-dorada-100gr\\\/#breadcrumb\"},\"inLanguage\":\"es\",\"potentialAction\":[{\"@type\":\"ReadAction\",\"target\":[\"https:\\\/\\\/capta.com.co\\\/agustinangarita\\\/producto\\\/milk-phar-leche-dorada-100gr\\\/\"]}]},{\"@type\":\"ImageObject\",\"inLanguage\":\"es\",\"@id\":\"https:\\\/\\\/capta.com.co\\\/agustinangarita\\\/producto\\\/milk-phar-leche-dorada-100gr\\\/#primaryimage\",\"url\":\"https:\\\/\\\/capta.com.co\\\/agustinangarita\\\/wp-content\\\/uploads\\\/sites\\\/22\\\/2023\\\/08\\\/1692113907362-scaled.jpg\",\"contentUrl\":\"https:\\\/\\\/capta.com.co\\\/agustinangarita\\\/wp-content\\\/uploads\\\/sites\\\/22\\\/2023\\\/08\\\/1692113907362-scaled.jpg\",\"width\":2266,\"height\":2560},{\"@type\":\"BreadcrumbList\",\"@id\":\"https:\\\/\\\/capta.com.co\\\/agustinangarita\\\/producto\\\/milk-phar-leche-dorada-100gr\\\/#breadcrumb\",\"itemListElement\":[{\"@type\":\"ListItem\",\"position\":1,\"name\":\"Portada\",\"item\":\"https:\\\/\\\/capta.com.co\\\/agustinangarita\\\/\"},{\"@type\":\"ListItem\",\"position\":2,\"name\":\"Tienda\",\"item\":\"https:\\\/\\\/capta.com.co\\\/agustinangarita\\\/\"},{\"@type\":\"ListItem\",\"position\":3,\"name\":\"MILK PHAR (Leche dorada) 100gr\"}]},{\"@type\":\"WebSite\",\"@id\":\"https:\\\/\\\/capta.com.co\\\/agustinangarita\\\/#website\",\"url\":\"https:\\\/\\\/capta.com.co\\\/agustinangarita\\\/\",\"name\":\"Agust\u00edn Angarita\",\"description\":\"Capta - Compras que inspiran\",\"potentialAction\":[{\"@type\":\"SearchAction\",\"target\":{\"@type\":\"EntryPoint\",\"urlTemplate\":\"https:\\\/\\\/capta.com.co\\\/agustinangarita\\\/?s={search_term_string}\"},\"query-input\":{\"@type\":\"PropertyValueSpecification\",\"valueRequired\":true,\"valueName\":\"search_term_string\"}}],\"inLanguage\":\"es\"}]}<\/script>\n<!-- \/ Yoast SEO plugin. -->","yoast_head_json":{"title":"MILK PHAR (Leche dorada) 100gr - Agust\u00edn Angarita","robots":{"index":"index","follow":"follow","max-snippet":"max-snippet:-1","max-image-preview":"max-image-preview:large","max-video-preview":"max-video-preview:-1"},"canonical":"https:\/\/capta.com.co\/agustinangarita\/producto\/milk-phar-leche-dorada-100gr\/","og_locale":"es_ES","og_type":"article","og_title":"MILK PHAR (Leche dorada) 100gr - Agust\u00edn Angarita","og_description":"La\u00a0leche dorada o Milk Phar\u00a0es una bebida hecha a base de c\u00farcuma, pimienta y una mezcla de especias que, al\u00a0combinarse con un poco de aceite y\/o leche de coco, se convierte en un potente antiinflamatorio. Alivia la inflamaci\u00f3n intestinal y promueve la buena digesti\u00f3n, evitando c\u00f3licos e inflamaci\u00f3n y mejorando la flora intestinal. Sus propiedades [&hellip;]","og_url":"https:\/\/capta.com.co\/agustinangarita\/producto\/milk-phar-leche-dorada-100gr\/","og_site_name":"Agust\u00edn Angarita","article_modified_time":"2024-11-09T14:39:58+00:00","og_image":[{"width":2266,"height":2560,"url":"https:\/\/capta.com.co\/agustinangarita\/wp-content\/uploads\/sites\/22\/2023\/08\/1692113907362-scaled.jpg","type":"image\/jpeg"}],"twitter_card":"summary_large_image","twitter_misc":{"Tiempo de lectura":"1 minuto"},"schema":{"@context":"https:\/\/schema.org","@graph":[{"@type":"WebPage","@id":"https:\/\/capta.com.co\/agustinangarita\/producto\/milk-phar-leche-dorada-100gr\/","url":"https:\/\/capta.com.co\/agustinangarita\/producto\/milk-phar-leche-dorada-100gr\/","name":"MILK PHAR (Leche dorada) 100gr - Agust\u00edn Angarita","isPartOf":{"@id":"https:\/\/capta.com.co\/agustinangarita\/#website"},"primaryImageOfPage":{"@id":"https:\/\/capta.com.co\/agustinangarita\/producto\/milk-phar-leche-dorada-100gr\/#primaryimage"},"image":{"@id":"https:\/\/capta.com.co\/agustinangarita\/producto\/milk-phar-leche-dorada-100gr\/#primaryimage"},"thumbnailUrl":"https:\/\/capta.com.co\/agustinangarita\/wp-content\/uploads\/sites\/22\/2023\/08\/1692113907362-scaled.jpg","datePublished":"2023-08-31T21:35:10+00:00","dateModified":"2024-11-09T14:39:58+00:00","breadcrumb":{"@id":"https:\/\/capta.com.co\/agustinangarita\/producto\/milk-phar-leche-dorada-100gr\/#breadcrumb"},"inLanguage":"es","potentialAction":[{"@type":"ReadAction","target":["https:\/\/capta.com.co\/agustinangarita\/producto\/milk-phar-leche-dorada-100gr\/"]}]},{"@type":"ImageObject","inLanguage":"es","@id":"https:\/\/capta.com.co\/agustinangarita\/producto\/milk-phar-leche-dorada-100gr\/#primaryimage","url":"https:\/\/capta.com.co\/agustinangarita\/wp-content\/uploads\/sites\/22\/2023\/08\/1692113907362-scaled.jpg","contentUrl":"https:\/\/capta.com.co\/agustinangarita\/wp-content\/uploads\/sites\/22\/2023\/08\/1692113907362-scaled.jpg","width":2266,"height":2560},{"@type":"BreadcrumbList","@id":"https:\/\/capta.com.co\/agustinangarita\/producto\/milk-phar-leche-dorada-100gr\/#breadcrumb","itemListElement":[{"@type":"ListItem","position":1,"name":"Portada","item":"https:\/\/capta.com.co\/agustinangarita\/"},{"@type":"ListItem","position":2,"name":"Tienda","item":"https:\/\/capta.com.co\/agustinangarita\/"},{"@type":"ListItem","position":3,"name":"MILK PHAR (Leche dorada) 100gr"}]},{"@type":"WebSite","@id":"https:\/\/capta.com.co\/agustinangarita\/#website","url":"https:\/\/capta.com.co\/agustinangarita\/","name":"Agust\u00edn Angarita","description":"Capta - Compras que inspiran","potentialAction":[{"@type":"SearchAction","target":{"@type":"EntryPoint","urlTemplate":"https:\/\/capta.com.co\/agustinangarita\/?s={search_term_string}"},"query-input":{"@type":"PropertyValueSpecification","valueRequired":true,"valueName":"search_term_string"}}],"inLanguage":"es"}]}},"_links":{"self":[{"href":"https:\/\/capta.com.co\/agustinangarita\/wp-json\/wp\/v2\/product\/187","targetHints":{"allow":["GET"]}}],"collection":[{"href":"https:\/\/capta.com.co\/agustinangarita\/wp-json\/wp\/v2\/product"}],"about":[{"href":"https:\/\/capta.com.co\/agustinangarita\/wp-json\/wp\/v2\/types\/product"}],"replies":[{"embeddable":true,"href":"https:\/\/capta.com.co\/agustinangarita\/wp-json\/wp\/v2\/comments?post=187"}],"wp:featuredmedia":[{"embeddable":true,"href":"https:\/\/capta.com.co\/agustinangarita\/wp-json\/wp\/v2\/media\/188"}],"wp:attachment":[{"href":"https:\/\/capta.com.co\/agustinangarita\/wp-json\/wp\/v2\/media?parent=187"}],"wp:term":[{"taxonomy":"product_brand","embeddable":true,"href":"https:\/\/capta.com.co\/agustinangarita\/wp-json\/wp\/v2\/product_brand?post=187"},{"taxonomy":"product_cat","embeddable":true,"href":"https:\/\/capta.com.co\/agustinangarita\/wp-json\/wp\/v2\/product_cat?post=187"},{"taxonomy":"product_tag","embeddable":true,"href":"https:\/\/capta.com.co\/agustinangarita\/wp-json\/wp\/v2\/product_tag?post=187"}],"curies":[{"name":"wp","href":"https:\/\/api.w.org\/{rel}","templated":true}]}}