{"id":15,"date":"2022-06-04T18:14:24","date_gmt":"2022-06-04T23:14:24","guid":{"rendered":"https:\/\/capta.com.co\/agustinangarita\/?post_type=product&#038;p=15"},"modified":"2024-08-15T16:13:37","modified_gmt":"2024-08-15T21:13:37","slug":"cacao-ramoncita-reishi","status":"publish","type":"product","link":"https:\/\/capta.com.co\/agustinangarita\/producto\/cacao-ramoncita-reishi\/","title":{"rendered":"CACAO RAMONCITA + REISHI CACAO 152"},"content":{"rendered":"<p>Producto <strong>100%<\/strong> natural a base de <strong>Cacao<\/strong> org\u00e1nico con adici\u00f3n de <strong>Reishi<\/strong> (Ganoderma Lucidum), denominado\u00a0 <strong>el hongo de la inmortalidad<\/strong>. Es un producto energizante, desintoxicante, antioxidante, mejora la actividad cardiovascular, ayuda a fortalecer las defensas del organismo y protege contra la depresi\u00f3n y la ansiedad. No contiene az\u00facar y lo pueden consumir los pacientes diab\u00e9ticos. Se puede preparar en leche o en agua. Debe hervirse y batirse muy bien. Se puede consumir fr\u00edo o caliente. Se le puede agregar canela, estevia\u00a0 y especies al gusto. Posee empaque <strong>biodegradable<\/strong>, <strong>resellable<\/strong>, <strong>reutilizable<\/strong> y con el producto a la vista.<\/p>\n<p><strong>F\u00f3rmula Magistral<\/strong><\/p>\n<p>&nbsp;<\/p>\n<div style=\"width: 368px;\" class=\"wp-video\"><video class=\"wp-video-shortcode\" id=\"video-15-1\" width=\"368\" height=\"356\" preload=\"metadata\" controls=\"controls\"><source type=\"video\/mp4\" src=\"https:\/\/capta.com.co\/agustinangarita\/wp-content\/uploads\/sites\/22\/2022\/06\/VIDEO-CACAO-RAMONCITA2-1.mp4?_=1\" \/><a href=\"https:\/\/capta.com.co\/agustinangarita\/wp-content\/uploads\/sites\/22\/2022\/06\/VIDEO-CACAO-RAMONCITA2-1.mp4\">https:\/\/capta.com.co\/agustinangarita\/wp-content\/uploads\/sites\/22\/2022\/06\/VIDEO-CACAO-RAMONCITA2-1.mp4<\/a><\/video><\/div>\n","protected":false},"excerpt":{"rendered":"<p>Producto 100% natural a base de Cacao org\u00e1nico con adici\u00f3n de Reishi (Ganoderma Lucidum), denominado\u00a0 el hongo de la inmortalidad. Es un producto energizante, desintoxicante, antioxidante, mejora la actividad cardiovascular, ayuda a fortalecer las defensas del organismo y protege contra la depresi\u00f3n y la ansiedad. No contiene az\u00facar y lo pueden consumir los pacientes diab\u00e9ticos. [&hellip;]<\/p>\n","protected":false},"featured_media":25,"comment_status":"open","ping_status":"closed","template":"","meta":{"_acf_changed":false,"inline_featured_image":false},"product_brand":[],"product_cat":[16,128],"product_tag":[22,127,18,24,20,26,23,25,19],"class_list":{"0":"post-15","1":"product","2":"type-product","3":"status-publish","4":"has-post-thumbnail","6":"product_cat-alimento-funcional","7":"product_cat-inmunomodulador","8":"product_tag-alimento-funcional","9":"product_tag-antidepresivo-natural","10":"product_tag-cacao","11":"product_tag-cacao-100-natural","12":"product_tag-energizante","13":"product_tag-formula-magistral","14":"product_tag-ganoderma","15":"product_tag-producto-organico","16":"product_tag-reishi","18":"first","19":"outofstock","20":"shipping-taxable","21":"product-type-simple"},"acf":[],"yoast_head":"<!-- This site is optimized with the Yoast SEO plugin v27.3 - https:\/\/yoast.com\/product\/yoast-seo-wordpress\/ -->\n<title>CACAO RAMONCITA + REISHI CACAO 152 - Agust\u00edn Angarita<\/title>\n<meta name=\"robots\" content=\"index, follow, max-snippet:-1, max-image-preview:large, max-video-preview:-1\" \/>\n<link rel=\"canonical\" href=\"https:\/\/capta.com.co\/agustinangarita\/producto\/cacao-ramoncita-reishi\/\" \/>\n<meta property=\"og:locale\" content=\"es_ES\" \/>\n<meta property=\"og:type\" content=\"article\" \/>\n<meta property=\"og:title\" content=\"CACAO RAMONCITA + REISHI CACAO 152 - Agust\u00edn Angarita\" \/>\n<meta property=\"og:description\" content=\"Producto 100% natural a base de Cacao org\u00e1nico con adici\u00f3n de Reishi (Ganoderma Lucidum), denominado\u00a0 el hongo de la inmortalidad. Es un producto energizante, desintoxicante, antioxidante, mejora la actividad cardiovascular, ayuda a fortalecer las defensas del organismo y protege contra la depresi\u00f3n y la ansiedad. No contiene az\u00facar y lo pueden consumir los pacientes diab\u00e9ticos. [&hellip;]\" \/>\n<meta property=\"og:url\" content=\"https:\/\/capta.com.co\/agustinangarita\/producto\/cacao-ramoncita-reishi\/\" \/>\n<meta property=\"og:site_name\" content=\"Agust\u00edn Angarita\" \/>\n<meta property=\"article:modified_time\" content=\"2024-08-15T21:13:37+00:00\" \/>\n<meta property=\"og:image\" content=\"https:\/\/capta.com.co\/agustinangarita\/wp-content\/uploads\/sites\/22\/2022\/06\/CACAO-RAMONCITA-1.jpg\" \/>\n\t<meta property=\"og:image:width\" content=\"750\" \/>\n\t<meta property=\"og:image:height\" content=\"750\" \/>\n\t<meta property=\"og:image:type\" content=\"image\/jpeg\" \/>\n<meta name=\"twitter:card\" content=\"summary_large_image\" \/>\n<meta name=\"twitter:label1\" content=\"Tiempo de lectura\" \/>\n\t<meta name=\"twitter:data1\" content=\"1 minuto\" \/>\n<script type=\"application\/ld+json\" class=\"yoast-schema-graph\">{\"@context\":\"https:\\\/\\\/schema.org\",\"@graph\":[{\"@type\":\"WebPage\",\"@id\":\"https:\\\/\\\/capta.com.co\\\/agustinangarita\\\/producto\\\/cacao-ramoncita-reishi\\\/\",\"url\":\"https:\\\/\\\/capta.com.co\\\/agustinangarita\\\/producto\\\/cacao-ramoncita-reishi\\\/\",\"name\":\"CACAO RAMONCITA + REISHI CACAO 152 - Agust\u00edn Angarita\",\"isPartOf\":{\"@id\":\"https:\\\/\\\/capta.com.co\\\/agustinangarita\\\/#website\"},\"primaryImageOfPage\":{\"@id\":\"https:\\\/\\\/capta.com.co\\\/agustinangarita\\\/producto\\\/cacao-ramoncita-reishi\\\/#primaryimage\"},\"image\":{\"@id\":\"https:\\\/\\\/capta.com.co\\\/agustinangarita\\\/producto\\\/cacao-ramoncita-reishi\\\/#primaryimage\"},\"thumbnailUrl\":\"https:\\\/\\\/capta.com.co\\\/agustinangarita\\\/wp-content\\\/uploads\\\/sites\\\/22\\\/2022\\\/06\\\/CACAO-RAMONCITA-1.jpg\",\"datePublished\":\"2022-06-04T23:14:24+00:00\",\"dateModified\":\"2024-08-15T21:13:37+00:00\",\"breadcrumb\":{\"@id\":\"https:\\\/\\\/capta.com.co\\\/agustinangarita\\\/producto\\\/cacao-ramoncita-reishi\\\/#breadcrumb\"},\"inLanguage\":\"es\",\"potentialAction\":[{\"@type\":\"ReadAction\",\"target\":[\"https:\\\/\\\/capta.com.co\\\/agustinangarita\\\/producto\\\/cacao-ramoncita-reishi\\\/\"]}]},{\"@type\":\"ImageObject\",\"inLanguage\":\"es\",\"@id\":\"https:\\\/\\\/capta.com.co\\\/agustinangarita\\\/producto\\\/cacao-ramoncita-reishi\\\/#primaryimage\",\"url\":\"https:\\\/\\\/capta.com.co\\\/agustinangarita\\\/wp-content\\\/uploads\\\/sites\\\/22\\\/2022\\\/06\\\/CACAO-RAMONCITA-1.jpg\",\"contentUrl\":\"https:\\\/\\\/capta.com.co\\\/agustinangarita\\\/wp-content\\\/uploads\\\/sites\\\/22\\\/2022\\\/06\\\/CACAO-RAMONCITA-1.jpg\",\"width\":750,\"height\":750,\"caption\":\"Cacao Ramoncita + Reishi\"},{\"@type\":\"BreadcrumbList\",\"@id\":\"https:\\\/\\\/capta.com.co\\\/agustinangarita\\\/producto\\\/cacao-ramoncita-reishi\\\/#breadcrumb\",\"itemListElement\":[{\"@type\":\"ListItem\",\"position\":1,\"name\":\"Portada\",\"item\":\"https:\\\/\\\/capta.com.co\\\/agustinangarita\\\/\"},{\"@type\":\"ListItem\",\"position\":2,\"name\":\"Tienda\",\"item\":\"https:\\\/\\\/capta.com.co\\\/agustinangarita\\\/\"},{\"@type\":\"ListItem\",\"position\":3,\"name\":\"CACAO RAMONCITA + REISHI CACAO 152\"}]},{\"@type\":\"WebSite\",\"@id\":\"https:\\\/\\\/capta.com.co\\\/agustinangarita\\\/#website\",\"url\":\"https:\\\/\\\/capta.com.co\\\/agustinangarita\\\/\",\"name\":\"Agust\u00edn Angarita\",\"description\":\"Capta - Compras que inspiran\",\"potentialAction\":[{\"@type\":\"SearchAction\",\"target\":{\"@type\":\"EntryPoint\",\"urlTemplate\":\"https:\\\/\\\/capta.com.co\\\/agustinangarita\\\/?s={search_term_string}\"},\"query-input\":{\"@type\":\"PropertyValueSpecification\",\"valueRequired\":true,\"valueName\":\"search_term_string\"}}],\"inLanguage\":\"es\"}]}<\/script>\n<!-- \/ Yoast SEO plugin. -->","yoast_head_json":{"title":"CACAO RAMONCITA + REISHI CACAO 152 - Agust\u00edn Angarita","robots":{"index":"index","follow":"follow","max-snippet":"max-snippet:-1","max-image-preview":"max-image-preview:large","max-video-preview":"max-video-preview:-1"},"canonical":"https:\/\/capta.com.co\/agustinangarita\/producto\/cacao-ramoncita-reishi\/","og_locale":"es_ES","og_type":"article","og_title":"CACAO RAMONCITA + REISHI CACAO 152 - Agust\u00edn Angarita","og_description":"Producto 100% natural a base de Cacao org\u00e1nico con adici\u00f3n de Reishi (Ganoderma Lucidum), denominado\u00a0 el hongo de la inmortalidad. Es un producto energizante, desintoxicante, antioxidante, mejora la actividad cardiovascular, ayuda a fortalecer las defensas del organismo y protege contra la depresi\u00f3n y la ansiedad. No contiene az\u00facar y lo pueden consumir los pacientes diab\u00e9ticos. [&hellip;]","og_url":"https:\/\/capta.com.co\/agustinangarita\/producto\/cacao-ramoncita-reishi\/","og_site_name":"Agust\u00edn Angarita","article_modified_time":"2024-08-15T21:13:37+00:00","og_image":[{"width":750,"height":750,"url":"https:\/\/capta.com.co\/agustinangarita\/wp-content\/uploads\/sites\/22\/2022\/06\/CACAO-RAMONCITA-1.jpg","type":"image\/jpeg"}],"twitter_card":"summary_large_image","twitter_misc":{"Tiempo de lectura":"1 minuto"},"schema":{"@context":"https:\/\/schema.org","@graph":[{"@type":"WebPage","@id":"https:\/\/capta.com.co\/agustinangarita\/producto\/cacao-ramoncita-reishi\/","url":"https:\/\/capta.com.co\/agustinangarita\/producto\/cacao-ramoncita-reishi\/","name":"CACAO RAMONCITA + REISHI CACAO 152 - Agust\u00edn Angarita","isPartOf":{"@id":"https:\/\/capta.com.co\/agustinangarita\/#website"},"primaryImageOfPage":{"@id":"https:\/\/capta.com.co\/agustinangarita\/producto\/cacao-ramoncita-reishi\/#primaryimage"},"image":{"@id":"https:\/\/capta.com.co\/agustinangarita\/producto\/cacao-ramoncita-reishi\/#primaryimage"},"thumbnailUrl":"https:\/\/capta.com.co\/agustinangarita\/wp-content\/uploads\/sites\/22\/2022\/06\/CACAO-RAMONCITA-1.jpg","datePublished":"2022-06-04T23:14:24+00:00","dateModified":"2024-08-15T21:13:37+00:00","breadcrumb":{"@id":"https:\/\/capta.com.co\/agustinangarita\/producto\/cacao-ramoncita-reishi\/#breadcrumb"},"inLanguage":"es","potentialAction":[{"@type":"ReadAction","target":["https:\/\/capta.com.co\/agustinangarita\/producto\/cacao-ramoncita-reishi\/"]}]},{"@type":"ImageObject","inLanguage":"es","@id":"https:\/\/capta.com.co\/agustinangarita\/producto\/cacao-ramoncita-reishi\/#primaryimage","url":"https:\/\/capta.com.co\/agustinangarita\/wp-content\/uploads\/sites\/22\/2022\/06\/CACAO-RAMONCITA-1.jpg","contentUrl":"https:\/\/capta.com.co\/agustinangarita\/wp-content\/uploads\/sites\/22\/2022\/06\/CACAO-RAMONCITA-1.jpg","width":750,"height":750,"caption":"Cacao Ramoncita + Reishi"},{"@type":"BreadcrumbList","@id":"https:\/\/capta.com.co\/agustinangarita\/producto\/cacao-ramoncita-reishi\/#breadcrumb","itemListElement":[{"@type":"ListItem","position":1,"name":"Portada","item":"https:\/\/capta.com.co\/agustinangarita\/"},{"@type":"ListItem","position":2,"name":"Tienda","item":"https:\/\/capta.com.co\/agustinangarita\/"},{"@type":"ListItem","position":3,"name":"CACAO RAMONCITA + REISHI CACAO 152"}]},{"@type":"WebSite","@id":"https:\/\/capta.com.co\/agustinangarita\/#website","url":"https:\/\/capta.com.co\/agustinangarita\/","name":"Agust\u00edn Angarita","description":"Capta - Compras que inspiran","potentialAction":[{"@type":"SearchAction","target":{"@type":"EntryPoint","urlTemplate":"https:\/\/capta.com.co\/agustinangarita\/?s={search_term_string}"},"query-input":{"@type":"PropertyValueSpecification","valueRequired":true,"valueName":"search_term_string"}}],"inLanguage":"es"}]}},"_links":{"self":[{"href":"https:\/\/capta.com.co\/agustinangarita\/wp-json\/wp\/v2\/product\/15","targetHints":{"allow":["GET"]}}],"collection":[{"href":"https:\/\/capta.com.co\/agustinangarita\/wp-json\/wp\/v2\/product"}],"about":[{"href":"https:\/\/capta.com.co\/agustinangarita\/wp-json\/wp\/v2\/types\/product"}],"replies":[{"embeddable":true,"href":"https:\/\/capta.com.co\/agustinangarita\/wp-json\/wp\/v2\/comments?post=15"}],"wp:featuredmedia":[{"embeddable":true,"href":"https:\/\/capta.com.co\/agustinangarita\/wp-json\/wp\/v2\/media\/25"}],"wp:attachment":[{"href":"https:\/\/capta.com.co\/agustinangarita\/wp-json\/wp\/v2\/media?parent=15"}],"wp:term":[{"taxonomy":"product_brand","embeddable":true,"href":"https:\/\/capta.com.co\/agustinangarita\/wp-json\/wp\/v2\/product_brand?post=15"},{"taxonomy":"product_cat","embeddable":true,"href":"https:\/\/capta.com.co\/agustinangarita\/wp-json\/wp\/v2\/product_cat?post=15"},{"taxonomy":"product_tag","embeddable":true,"href":"https:\/\/capta.com.co\/agustinangarita\/wp-json\/wp\/v2\/product_tag?post=15"}],"curies":[{"name":"wp","href":"https:\/\/api.w.org\/{rel}","templated":true}]}}