{"id":136,"date":"2022-06-17T16:51:05","date_gmt":"2022-06-17T21:51:05","guid":{"rendered":"https:\/\/capta.com.co\/agustinangarita\/?post_type=product&#038;p=136"},"modified":"2024-11-09T09:37:43","modified_gmt":"2024-11-09T14:37:43","slug":"verberin-60-ml","status":"publish","type":"product","link":"https:\/\/capta.com.co\/agustinangarita\/producto\/verberin-60-ml\/","title":{"rendered":"VERBERIN 60 ml."},"content":{"rendered":"<p>Producto&#8230;<\/p>\n<p>&nbsp;<\/p>\n<p><strong>VERBERIN: Gotas orales. Frasco 60 ml<\/strong><\/p>\n<p>Contiene<em> Verbena officinalis L. <\/em><\/p>\n<p>Se utiliza como coadyuvante de la distenci\u00f3n abdominal, dispepsia, gases. Es antihelm\u00edntica. Ayuda en caso de c\u00f3licos abdominales por sus efectos antiespasm\u00f3dicos. Muy \u00fatil en procesos diarreicos.<\/p>\n","protected":false},"excerpt":{"rendered":"<p>Producto&#8230; &nbsp; VERBERIN: Gotas orales. Frasco 60 ml Contiene Verbena officinalis L. Se utiliza como coadyuvante de la distenci\u00f3n abdominal, dispepsia, gases. Es antihelm\u00edntica. Ayuda en caso de c\u00f3licos abdominales por sus efectos antiespasm\u00f3dicos. Muy \u00fatil en procesos diarreicos.<\/p>\n","protected":false},"featured_media":137,"comment_status":"open","ping_status":"closed","template":"","meta":{"_acf_changed":false,"inline_featured_image":false},"product_brand":[],"product_cat":[17],"product_tag":[30,31,33,32],"class_list":{"0":"post-136","1":"product","2":"type-product","3":"status-publish","4":"has-post-thumbnail","6":"product_cat-medicamentos-naturales","7":"product_tag-antiparasitario","8":"product_tag-colicos-abdominales","9":"product_tag-distension-abdominal","10":"product_tag-gases","12":"first","13":"instock","14":"shipping-taxable","15":"purchasable","16":"product-type-simple"},"acf":[],"yoast_head":"<!-- This site is optimized with the Yoast SEO plugin v27.3 - https:\/\/yoast.com\/product\/yoast-seo-wordpress\/ -->\n<title>VERBERIN 60 ml. - Agust\u00edn Angarita<\/title>\n<meta name=\"robots\" content=\"index, follow, max-snippet:-1, max-image-preview:large, max-video-preview:-1\" \/>\n<link rel=\"canonical\" href=\"https:\/\/capta.com.co\/agustinangarita\/producto\/verberin-60-ml\/\" \/>\n<meta property=\"og:locale\" content=\"es_ES\" \/>\n<meta property=\"og:type\" content=\"article\" \/>\n<meta property=\"og:title\" content=\"VERBERIN 60 ml. - Agust\u00edn Angarita\" \/>\n<meta property=\"og:description\" content=\"Producto&#8230; &nbsp; VERBERIN: Gotas orales. Frasco 60 ml Contiene Verbena officinalis L. Se utiliza como coadyuvante de la distenci\u00f3n abdominal, dispepsia, gases. Es antihelm\u00edntica. Ayuda en caso de c\u00f3licos abdominales por sus efectos antiespasm\u00f3dicos. Muy \u00fatil en procesos diarreicos.\" \/>\n<meta property=\"og:url\" content=\"https:\/\/capta.com.co\/agustinangarita\/producto\/verberin-60-ml\/\" \/>\n<meta property=\"og:site_name\" content=\"Agust\u00edn Angarita\" \/>\n<meta property=\"article:modified_time\" content=\"2024-11-09T14:37:43+00:00\" \/>\n<meta property=\"og:image\" content=\"https:\/\/capta.com.co\/agustinangarita\/wp-content\/uploads\/sites\/22\/2022\/06\/VERBERIN-ACHICO.png\" \/>\n\t<meta property=\"og:image:width\" content=\"512\" \/>\n\t<meta property=\"og:image:height\" content=\"784\" \/>\n\t<meta property=\"og:image:type\" content=\"image\/png\" \/>\n<meta name=\"twitter:card\" content=\"summary_large_image\" \/>\n<script type=\"application\/ld+json\" class=\"yoast-schema-graph\">{\"@context\":\"https:\\\/\\\/schema.org\",\"@graph\":[{\"@type\":\"WebPage\",\"@id\":\"https:\\\/\\\/capta.com.co\\\/agustinangarita\\\/producto\\\/verberin-60-ml\\\/\",\"url\":\"https:\\\/\\\/capta.com.co\\\/agustinangarita\\\/producto\\\/verberin-60-ml\\\/\",\"name\":\"VERBERIN 60 ml. - Agust\u00edn Angarita\",\"isPartOf\":{\"@id\":\"https:\\\/\\\/capta.com.co\\\/agustinangarita\\\/#website\"},\"primaryImageOfPage\":{\"@id\":\"https:\\\/\\\/capta.com.co\\\/agustinangarita\\\/producto\\\/verberin-60-ml\\\/#primaryimage\"},\"image\":{\"@id\":\"https:\\\/\\\/capta.com.co\\\/agustinangarita\\\/producto\\\/verberin-60-ml\\\/#primaryimage\"},\"thumbnailUrl\":\"https:\\\/\\\/capta.com.co\\\/agustinangarita\\\/wp-content\\\/uploads\\\/sites\\\/22\\\/2022\\\/06\\\/VERBERIN-ACHICO.png\",\"datePublished\":\"2022-06-17T21:51:05+00:00\",\"dateModified\":\"2024-11-09T14:37:43+00:00\",\"breadcrumb\":{\"@id\":\"https:\\\/\\\/capta.com.co\\\/agustinangarita\\\/producto\\\/verberin-60-ml\\\/#breadcrumb\"},\"inLanguage\":\"es\",\"potentialAction\":[{\"@type\":\"ReadAction\",\"target\":[\"https:\\\/\\\/capta.com.co\\\/agustinangarita\\\/producto\\\/verberin-60-ml\\\/\"]}]},{\"@type\":\"ImageObject\",\"inLanguage\":\"es\",\"@id\":\"https:\\\/\\\/capta.com.co\\\/agustinangarita\\\/producto\\\/verberin-60-ml\\\/#primaryimage\",\"url\":\"https:\\\/\\\/capta.com.co\\\/agustinangarita\\\/wp-content\\\/uploads\\\/sites\\\/22\\\/2022\\\/06\\\/VERBERIN-ACHICO.png\",\"contentUrl\":\"https:\\\/\\\/capta.com.co\\\/agustinangarita\\\/wp-content\\\/uploads\\\/sites\\\/22\\\/2022\\\/06\\\/VERBERIN-ACHICO.png\",\"width\":512,\"height\":784,\"caption\":\"VERBERIN\"},{\"@type\":\"BreadcrumbList\",\"@id\":\"https:\\\/\\\/capta.com.co\\\/agustinangarita\\\/producto\\\/verberin-60-ml\\\/#breadcrumb\",\"itemListElement\":[{\"@type\":\"ListItem\",\"position\":1,\"name\":\"Portada\",\"item\":\"https:\\\/\\\/capta.com.co\\\/agustinangarita\\\/\"},{\"@type\":\"ListItem\",\"position\":2,\"name\":\"Tienda\",\"item\":\"https:\\\/\\\/capta.com.co\\\/agustinangarita\\\/\"},{\"@type\":\"ListItem\",\"position\":3,\"name\":\"VERBERIN 60 ml.\"}]},{\"@type\":\"WebSite\",\"@id\":\"https:\\\/\\\/capta.com.co\\\/agustinangarita\\\/#website\",\"url\":\"https:\\\/\\\/capta.com.co\\\/agustinangarita\\\/\",\"name\":\"Agust\u00edn Angarita\",\"description\":\"Capta - Compras que inspiran\",\"potentialAction\":[{\"@type\":\"SearchAction\",\"target\":{\"@type\":\"EntryPoint\",\"urlTemplate\":\"https:\\\/\\\/capta.com.co\\\/agustinangarita\\\/?s={search_term_string}\"},\"query-input\":{\"@type\":\"PropertyValueSpecification\",\"valueRequired\":true,\"valueName\":\"search_term_string\"}}],\"inLanguage\":\"es\"}]}<\/script>\n<!-- \/ Yoast SEO plugin. -->","yoast_head_json":{"title":"VERBERIN 60 ml. - Agust\u00edn Angarita","robots":{"index":"index","follow":"follow","max-snippet":"max-snippet:-1","max-image-preview":"max-image-preview:large","max-video-preview":"max-video-preview:-1"},"canonical":"https:\/\/capta.com.co\/agustinangarita\/producto\/verberin-60-ml\/","og_locale":"es_ES","og_type":"article","og_title":"VERBERIN 60 ml. - Agust\u00edn Angarita","og_description":"Producto&#8230; &nbsp; VERBERIN: Gotas orales. Frasco 60 ml Contiene Verbena officinalis L. Se utiliza como coadyuvante de la distenci\u00f3n abdominal, dispepsia, gases. Es antihelm\u00edntica. Ayuda en caso de c\u00f3licos abdominales por sus efectos antiespasm\u00f3dicos. Muy \u00fatil en procesos diarreicos.","og_url":"https:\/\/capta.com.co\/agustinangarita\/producto\/verberin-60-ml\/","og_site_name":"Agust\u00edn Angarita","article_modified_time":"2024-11-09T14:37:43+00:00","og_image":[{"width":512,"height":784,"url":"https:\/\/capta.com.co\/agustinangarita\/wp-content\/uploads\/sites\/22\/2022\/06\/VERBERIN-ACHICO.png","type":"image\/png"}],"twitter_card":"summary_large_image","schema":{"@context":"https:\/\/schema.org","@graph":[{"@type":"WebPage","@id":"https:\/\/capta.com.co\/agustinangarita\/producto\/verberin-60-ml\/","url":"https:\/\/capta.com.co\/agustinangarita\/producto\/verberin-60-ml\/","name":"VERBERIN 60 ml. - Agust\u00edn Angarita","isPartOf":{"@id":"https:\/\/capta.com.co\/agustinangarita\/#website"},"primaryImageOfPage":{"@id":"https:\/\/capta.com.co\/agustinangarita\/producto\/verberin-60-ml\/#primaryimage"},"image":{"@id":"https:\/\/capta.com.co\/agustinangarita\/producto\/verberin-60-ml\/#primaryimage"},"thumbnailUrl":"https:\/\/capta.com.co\/agustinangarita\/wp-content\/uploads\/sites\/22\/2022\/06\/VERBERIN-ACHICO.png","datePublished":"2022-06-17T21:51:05+00:00","dateModified":"2024-11-09T14:37:43+00:00","breadcrumb":{"@id":"https:\/\/capta.com.co\/agustinangarita\/producto\/verberin-60-ml\/#breadcrumb"},"inLanguage":"es","potentialAction":[{"@type":"ReadAction","target":["https:\/\/capta.com.co\/agustinangarita\/producto\/verberin-60-ml\/"]}]},{"@type":"ImageObject","inLanguage":"es","@id":"https:\/\/capta.com.co\/agustinangarita\/producto\/verberin-60-ml\/#primaryimage","url":"https:\/\/capta.com.co\/agustinangarita\/wp-content\/uploads\/sites\/22\/2022\/06\/VERBERIN-ACHICO.png","contentUrl":"https:\/\/capta.com.co\/agustinangarita\/wp-content\/uploads\/sites\/22\/2022\/06\/VERBERIN-ACHICO.png","width":512,"height":784,"caption":"VERBERIN"},{"@type":"BreadcrumbList","@id":"https:\/\/capta.com.co\/agustinangarita\/producto\/verberin-60-ml\/#breadcrumb","itemListElement":[{"@type":"ListItem","position":1,"name":"Portada","item":"https:\/\/capta.com.co\/agustinangarita\/"},{"@type":"ListItem","position":2,"name":"Tienda","item":"https:\/\/capta.com.co\/agustinangarita\/"},{"@type":"ListItem","position":3,"name":"VERBERIN 60 ml."}]},{"@type":"WebSite","@id":"https:\/\/capta.com.co\/agustinangarita\/#website","url":"https:\/\/capta.com.co\/agustinangarita\/","name":"Agust\u00edn Angarita","description":"Capta - Compras que inspiran","potentialAction":[{"@type":"SearchAction","target":{"@type":"EntryPoint","urlTemplate":"https:\/\/capta.com.co\/agustinangarita\/?s={search_term_string}"},"query-input":{"@type":"PropertyValueSpecification","valueRequired":true,"valueName":"search_term_string"}}],"inLanguage":"es"}]}},"_links":{"self":[{"href":"https:\/\/capta.com.co\/agustinangarita\/wp-json\/wp\/v2\/product\/136","targetHints":{"allow":["GET"]}}],"collection":[{"href":"https:\/\/capta.com.co\/agustinangarita\/wp-json\/wp\/v2\/product"}],"about":[{"href":"https:\/\/capta.com.co\/agustinangarita\/wp-json\/wp\/v2\/types\/product"}],"replies":[{"embeddable":true,"href":"https:\/\/capta.com.co\/agustinangarita\/wp-json\/wp\/v2\/comments?post=136"}],"wp:featuredmedia":[{"embeddable":true,"href":"https:\/\/capta.com.co\/agustinangarita\/wp-json\/wp\/v2\/media\/137"}],"wp:attachment":[{"href":"https:\/\/capta.com.co\/agustinangarita\/wp-json\/wp\/v2\/media?parent=136"}],"wp:term":[{"taxonomy":"product_brand","embeddable":true,"href":"https:\/\/capta.com.co\/agustinangarita\/wp-json\/wp\/v2\/product_brand?post=136"},{"taxonomy":"product_cat","embeddable":true,"href":"https:\/\/capta.com.co\/agustinangarita\/wp-json\/wp\/v2\/product_cat?post=136"},{"taxonomy":"product_tag","embeddable":true,"href":"https:\/\/capta.com.co\/agustinangarita\/wp-json\/wp\/v2\/product_tag?post=136"}],"curies":[{"name":"wp","href":"https:\/\/api.w.org\/{rel}","templated":true}]}}