{"id":133,"date":"2022-06-17T16:45:21","date_gmt":"2022-06-17T21:45:21","guid":{"rendered":"https:\/\/capta.com.co\/agustinangarita\/?post_type=product&#038;p=133"},"modified":"2024-11-18T15:46:36","modified_gmt":"2024-11-18T20:46:36","slug":"venosin","status":"publish","type":"product","link":"https:\/\/capta.com.co\/agustinangarita\/producto\/venosin\/","title":{"rendered":"VENOSIN. C\u00e1psulas."},"content":{"rendered":"<p>&nbsp;<\/p>\n<p><strong>VENOSIN: Oral. Frasco de 100 c\u00e1psulas<\/strong><\/p>\n<p><strong>VENOSIN c<\/strong>ontiene: <em>Hamamelis virginiana L., Gingo biloba, Aesculus hippocastanum, Cal\u00e9ndula officinalis<\/em><\/p>\n<p><strong>VENOSIN <\/strong>Se utiliza para el tratamiento de <strong>v\u00e1rices, \u00falceras varicosas de extremidades inferiores<\/strong>, inflamaciones locales, lesiones cut\u00e1neas, <strong>flebitis, hemorroides, dolor en las piernas<\/strong>, golpes y esguinces.<\/p>\n<p><strong>VENOSIN es un gran vasodilatador perif\u00e9rico<\/strong> en caso de todo tipo de <strong>desordenes circulatorios<\/strong>. Antinflamatorio y cicatrizante.<\/p>\n","protected":false},"excerpt":{"rendered":"<p>&nbsp; VENOSIN: Oral. Frasco de 100 c\u00e1psulas VENOSIN contiene: Hamamelis virginiana L., Gingo biloba, Aesculus hippocastanum, Cal\u00e9ndula officinalis VENOSIN Se utiliza para el tratamiento de v\u00e1rices, \u00falceras varicosas de extremidades inferiores, inflamaciones locales, lesiones cut\u00e1neas, flebitis, hemorroides, dolor en las piernas, golpes y esguinces. VENOSIN es un gran vasodilatador perif\u00e9rico en caso de todo tipo [&hellip;]<\/p>\n","protected":false},"featured_media":134,"comment_status":"open","ping_status":"closed","template":"","meta":{"_acf_changed":false,"inline_featured_image":false},"product_brand":[],"product_cat":[17],"product_tag":[40,37,36,38,35,34,39],"class_list":{"0":"post-133","1":"product","2":"type-product","3":"status-publish","4":"has-post-thumbnail","6":"product_cat-medicamentos-naturales","7":"product_tag-antiinflamatorio","8":"product_tag-dolor-en-piernas","9":"product_tag-flebitis","10":"product_tag-hemorroides","11":"product_tag-ulceras-varicosas","12":"product_tag-varices","13":"product_tag-vasodilatador-periferico","15":"first","16":"instock","17":"shipping-taxable","18":"purchasable","19":"product-type-simple"},"acf":[],"yoast_head":"<!-- This site is optimized with the Yoast SEO plugin v27.3 - https:\/\/yoast.com\/product\/yoast-seo-wordpress\/ -->\n<title>VENOSIN. C\u00e1psulas. - Agust\u00edn Angarita<\/title>\n<meta name=\"robots\" content=\"index, follow, max-snippet:-1, max-image-preview:large, max-video-preview:-1\" \/>\n<link rel=\"canonical\" href=\"https:\/\/capta.com.co\/agustinangarita\/producto\/venosin\/\" \/>\n<meta property=\"og:locale\" content=\"es_ES\" \/>\n<meta property=\"og:type\" content=\"article\" \/>\n<meta property=\"og:title\" content=\"VENOSIN. C\u00e1psulas. - Agust\u00edn Angarita\" \/>\n<meta property=\"og:description\" content=\"&nbsp; VENOSIN: Oral. Frasco de 100 c\u00e1psulas VENOSIN contiene: Hamamelis virginiana L., Gingo biloba, Aesculus hippocastanum, Cal\u00e9ndula officinalis VENOSIN Se utiliza para el tratamiento de v\u00e1rices, \u00falceras varicosas de extremidades inferiores, inflamaciones locales, lesiones cut\u00e1neas, flebitis, hemorroides, dolor en las piernas, golpes y esguinces. VENOSIN es un gran vasodilatador perif\u00e9rico en caso de todo tipo [&hellip;]\" \/>\n<meta property=\"og:url\" content=\"https:\/\/capta.com.co\/agustinangarita\/producto\/venosin\/\" \/>\n<meta property=\"og:site_name\" content=\"Agust\u00edn Angarita\" \/>\n<meta property=\"article:modified_time\" content=\"2024-11-18T20:46:36+00:00\" \/>\n<meta property=\"og:image\" content=\"https:\/\/capta.com.co\/agustinangarita\/wp-content\/uploads\/sites\/22\/2022\/06\/VENOSIN-ACHICO.png\" \/>\n\t<meta property=\"og:image:width\" content=\"525\" \/>\n\t<meta property=\"og:image:height\" content=\"746\" \/>\n\t<meta property=\"og:image:type\" content=\"image\/png\" \/>\n<meta name=\"twitter:card\" content=\"summary_large_image\" \/>\n<script type=\"application\/ld+json\" class=\"yoast-schema-graph\">{\"@context\":\"https:\\\/\\\/schema.org\",\"@graph\":[{\"@type\":\"WebPage\",\"@id\":\"https:\\\/\\\/capta.com.co\\\/agustinangarita\\\/producto\\\/venosin\\\/\",\"url\":\"https:\\\/\\\/capta.com.co\\\/agustinangarita\\\/producto\\\/venosin\\\/\",\"name\":\"VENOSIN. C\u00e1psulas. - Agust\u00edn Angarita\",\"isPartOf\":{\"@id\":\"https:\\\/\\\/capta.com.co\\\/agustinangarita\\\/#website\"},\"primaryImageOfPage\":{\"@id\":\"https:\\\/\\\/capta.com.co\\\/agustinangarita\\\/producto\\\/venosin\\\/#primaryimage\"},\"image\":{\"@id\":\"https:\\\/\\\/capta.com.co\\\/agustinangarita\\\/producto\\\/venosin\\\/#primaryimage\"},\"thumbnailUrl\":\"https:\\\/\\\/capta.com.co\\\/agustinangarita\\\/wp-content\\\/uploads\\\/sites\\\/22\\\/2022\\\/06\\\/VENOSIN-ACHICO.png\",\"datePublished\":\"2022-06-17T21:45:21+00:00\",\"dateModified\":\"2024-11-18T20:46:36+00:00\",\"breadcrumb\":{\"@id\":\"https:\\\/\\\/capta.com.co\\\/agustinangarita\\\/producto\\\/venosin\\\/#breadcrumb\"},\"inLanguage\":\"es\",\"potentialAction\":[{\"@type\":\"ReadAction\",\"target\":[\"https:\\\/\\\/capta.com.co\\\/agustinangarita\\\/producto\\\/venosin\\\/\"]}]},{\"@type\":\"ImageObject\",\"inLanguage\":\"es\",\"@id\":\"https:\\\/\\\/capta.com.co\\\/agustinangarita\\\/producto\\\/venosin\\\/#primaryimage\",\"url\":\"https:\\\/\\\/capta.com.co\\\/agustinangarita\\\/wp-content\\\/uploads\\\/sites\\\/22\\\/2022\\\/06\\\/VENOSIN-ACHICO.png\",\"contentUrl\":\"https:\\\/\\\/capta.com.co\\\/agustinangarita\\\/wp-content\\\/uploads\\\/sites\\\/22\\\/2022\\\/06\\\/VENOSIN-ACHICO.png\",\"width\":525,\"height\":746,\"caption\":\"VENOSIN\"},{\"@type\":\"BreadcrumbList\",\"@id\":\"https:\\\/\\\/capta.com.co\\\/agustinangarita\\\/producto\\\/venosin\\\/#breadcrumb\",\"itemListElement\":[{\"@type\":\"ListItem\",\"position\":1,\"name\":\"Portada\",\"item\":\"https:\\\/\\\/capta.com.co\\\/agustinangarita\\\/\"},{\"@type\":\"ListItem\",\"position\":2,\"name\":\"Tienda\",\"item\":\"https:\\\/\\\/capta.com.co\\\/agustinangarita\\\/\"},{\"@type\":\"ListItem\",\"position\":3,\"name\":\"VENOSIN. C\u00e1psulas.\"}]},{\"@type\":\"WebSite\",\"@id\":\"https:\\\/\\\/capta.com.co\\\/agustinangarita\\\/#website\",\"url\":\"https:\\\/\\\/capta.com.co\\\/agustinangarita\\\/\",\"name\":\"Agust\u00edn Angarita\",\"description\":\"Capta - Compras que inspiran\",\"potentialAction\":[{\"@type\":\"SearchAction\",\"target\":{\"@type\":\"EntryPoint\",\"urlTemplate\":\"https:\\\/\\\/capta.com.co\\\/agustinangarita\\\/?s={search_term_string}\"},\"query-input\":{\"@type\":\"PropertyValueSpecification\",\"valueRequired\":true,\"valueName\":\"search_term_string\"}}],\"inLanguage\":\"es\"}]}<\/script>\n<!-- \/ Yoast SEO plugin. -->","yoast_head_json":{"title":"VENOSIN. C\u00e1psulas. - Agust\u00edn Angarita","robots":{"index":"index","follow":"follow","max-snippet":"max-snippet:-1","max-image-preview":"max-image-preview:large","max-video-preview":"max-video-preview:-1"},"canonical":"https:\/\/capta.com.co\/agustinangarita\/producto\/venosin\/","og_locale":"es_ES","og_type":"article","og_title":"VENOSIN. C\u00e1psulas. - Agust\u00edn Angarita","og_description":"&nbsp; VENOSIN: Oral. Frasco de 100 c\u00e1psulas VENOSIN contiene: Hamamelis virginiana L., Gingo biloba, Aesculus hippocastanum, Cal\u00e9ndula officinalis VENOSIN Se utiliza para el tratamiento de v\u00e1rices, \u00falceras varicosas de extremidades inferiores, inflamaciones locales, lesiones cut\u00e1neas, flebitis, hemorroides, dolor en las piernas, golpes y esguinces. VENOSIN es un gran vasodilatador perif\u00e9rico en caso de todo tipo [&hellip;]","og_url":"https:\/\/capta.com.co\/agustinangarita\/producto\/venosin\/","og_site_name":"Agust\u00edn Angarita","article_modified_time":"2024-11-18T20:46:36+00:00","og_image":[{"width":525,"height":746,"url":"https:\/\/capta.com.co\/agustinangarita\/wp-content\/uploads\/sites\/22\/2022\/06\/VENOSIN-ACHICO.png","type":"image\/png"}],"twitter_card":"summary_large_image","schema":{"@context":"https:\/\/schema.org","@graph":[{"@type":"WebPage","@id":"https:\/\/capta.com.co\/agustinangarita\/producto\/venosin\/","url":"https:\/\/capta.com.co\/agustinangarita\/producto\/venosin\/","name":"VENOSIN. C\u00e1psulas. - Agust\u00edn Angarita","isPartOf":{"@id":"https:\/\/capta.com.co\/agustinangarita\/#website"},"primaryImageOfPage":{"@id":"https:\/\/capta.com.co\/agustinangarita\/producto\/venosin\/#primaryimage"},"image":{"@id":"https:\/\/capta.com.co\/agustinangarita\/producto\/venosin\/#primaryimage"},"thumbnailUrl":"https:\/\/capta.com.co\/agustinangarita\/wp-content\/uploads\/sites\/22\/2022\/06\/VENOSIN-ACHICO.png","datePublished":"2022-06-17T21:45:21+00:00","dateModified":"2024-11-18T20:46:36+00:00","breadcrumb":{"@id":"https:\/\/capta.com.co\/agustinangarita\/producto\/venosin\/#breadcrumb"},"inLanguage":"es","potentialAction":[{"@type":"ReadAction","target":["https:\/\/capta.com.co\/agustinangarita\/producto\/venosin\/"]}]},{"@type":"ImageObject","inLanguage":"es","@id":"https:\/\/capta.com.co\/agustinangarita\/producto\/venosin\/#primaryimage","url":"https:\/\/capta.com.co\/agustinangarita\/wp-content\/uploads\/sites\/22\/2022\/06\/VENOSIN-ACHICO.png","contentUrl":"https:\/\/capta.com.co\/agustinangarita\/wp-content\/uploads\/sites\/22\/2022\/06\/VENOSIN-ACHICO.png","width":525,"height":746,"caption":"VENOSIN"},{"@type":"BreadcrumbList","@id":"https:\/\/capta.com.co\/agustinangarita\/producto\/venosin\/#breadcrumb","itemListElement":[{"@type":"ListItem","position":1,"name":"Portada","item":"https:\/\/capta.com.co\/agustinangarita\/"},{"@type":"ListItem","position":2,"name":"Tienda","item":"https:\/\/capta.com.co\/agustinangarita\/"},{"@type":"ListItem","position":3,"name":"VENOSIN. C\u00e1psulas."}]},{"@type":"WebSite","@id":"https:\/\/capta.com.co\/agustinangarita\/#website","url":"https:\/\/capta.com.co\/agustinangarita\/","name":"Agust\u00edn Angarita","description":"Capta - Compras que inspiran","potentialAction":[{"@type":"SearchAction","target":{"@type":"EntryPoint","urlTemplate":"https:\/\/capta.com.co\/agustinangarita\/?s={search_term_string}"},"query-input":{"@type":"PropertyValueSpecification","valueRequired":true,"valueName":"search_term_string"}}],"inLanguage":"es"}]}},"_links":{"self":[{"href":"https:\/\/capta.com.co\/agustinangarita\/wp-json\/wp\/v2\/product\/133","targetHints":{"allow":["GET"]}}],"collection":[{"href":"https:\/\/capta.com.co\/agustinangarita\/wp-json\/wp\/v2\/product"}],"about":[{"href":"https:\/\/capta.com.co\/agustinangarita\/wp-json\/wp\/v2\/types\/product"}],"replies":[{"embeddable":true,"href":"https:\/\/capta.com.co\/agustinangarita\/wp-json\/wp\/v2\/comments?post=133"}],"wp:featuredmedia":[{"embeddable":true,"href":"https:\/\/capta.com.co\/agustinangarita\/wp-json\/wp\/v2\/media\/134"}],"wp:attachment":[{"href":"https:\/\/capta.com.co\/agustinangarita\/wp-json\/wp\/v2\/media?parent=133"}],"wp:term":[{"taxonomy":"product_brand","embeddable":true,"href":"https:\/\/capta.com.co\/agustinangarita\/wp-json\/wp\/v2\/product_brand?post=133"},{"taxonomy":"product_cat","embeddable":true,"href":"https:\/\/capta.com.co\/agustinangarita\/wp-json\/wp\/v2\/product_cat?post=133"},{"taxonomy":"product_tag","embeddable":true,"href":"https:\/\/capta.com.co\/agustinangarita\/wp-json\/wp\/v2\/product_tag?post=133"}],"curies":[{"name":"wp","href":"https:\/\/api.w.org\/{rel}","templated":true}]}}