{"id":127,"date":"2022-06-17T16:34:16","date_gmt":"2022-06-17T21:34:16","guid":{"rendered":"https:\/\/capta.com.co\/agustinangarita\/?post_type=product&#038;p=127"},"modified":"2024-11-18T16:25:32","modified_gmt":"2024-11-18T21:25:32","slug":"ulcen-jarabe-240-ml","status":"publish","type":"product","link":"https:\/\/capta.com.co\/agustinangarita\/producto\/ulcen-jarabe-240-ml\/","title":{"rendered":"ULCEN JARABE Frasco de 240 ml."},"content":{"rendered":"<p><strong>ULCEN. Oral en l\u00edquido. Frasco de 240ml<\/strong><\/p>\n<p><strong>ULCEN <\/strong>Contiene llant\u00e9n, cal\u00e9ndula, sangre de drago, gualanday.<\/p>\n<p><strong>ULCEN <\/strong>Se utiliza como coadyuvante en el tratamiento terap\u00e9utico y <strong>cicatrizante de \u00falceras digestivas, gastritis, diarreas<\/strong>.<\/p>\n<p><strong>ULCEN <\/strong>Muy \u00fatil en <strong>reflujo, gases<\/strong> digestivos y <strong>colitis.<\/strong><\/p>\n","protected":false},"excerpt":{"rendered":"<p>ULCEN. Oral en l\u00edquido. Frasco de 240ml ULCEN Contiene llant\u00e9n, cal\u00e9ndula, sangre de drago, gualanday. ULCEN Se utiliza como coadyuvante en el tratamiento terap\u00e9utico y cicatrizante de \u00falceras digestivas, gastritis, diarreas. ULCEN Muy \u00fatil en reflujo, gases digestivos y colitis.<\/p>\n","protected":false},"featured_media":128,"comment_status":"open","ping_status":"closed","template":"","meta":{"_acf_changed":false,"inline_featured_image":false},"product_brand":[],"product_cat":[17],"product_tag":[45,33,42,44,43],"class_list":{"0":"post-127","1":"product","2":"type-product","3":"status-publish","4":"has-post-thumbnail","6":"product_cat-medicamentos-naturales","7":"product_tag-diarreas","8":"product_tag-distension-abdominal","9":"product_tag-gastritis","10":"product_tag-reflujo","11":"product_tag-ulcera-gastrica-y-duodenal","13":"first","14":"instock","15":"shipping-taxable","16":"purchasable","17":"product-type-simple"},"acf":[],"yoast_head":"<!-- This site is optimized with the Yoast SEO plugin v27.3 - https:\/\/yoast.com\/product\/yoast-seo-wordpress\/ -->\n<title>ULCEN JARABE Frasco de 240 ml. - Agust\u00edn Angarita<\/title>\n<meta name=\"robots\" content=\"index, follow, max-snippet:-1, max-image-preview:large, max-video-preview:-1\" \/>\n<link rel=\"canonical\" href=\"https:\/\/capta.com.co\/agustinangarita\/producto\/ulcen-jarabe-240-ml\/\" \/>\n<meta property=\"og:locale\" content=\"es_ES\" \/>\n<meta property=\"og:type\" content=\"article\" \/>\n<meta property=\"og:title\" content=\"ULCEN JARABE Frasco de 240 ml. - Agust\u00edn Angarita\" \/>\n<meta property=\"og:description\" content=\"ULCEN. Oral en l\u00edquido. Frasco de 240ml ULCEN Contiene llant\u00e9n, cal\u00e9ndula, sangre de drago, gualanday. ULCEN Se utiliza como coadyuvante en el tratamiento terap\u00e9utico y cicatrizante de \u00falceras digestivas, gastritis, diarreas. ULCEN Muy \u00fatil en reflujo, gases digestivos y colitis.\" \/>\n<meta property=\"og:url\" content=\"https:\/\/capta.com.co\/agustinangarita\/producto\/ulcen-jarabe-240-ml\/\" \/>\n<meta property=\"og:site_name\" content=\"Agust\u00edn Angarita\" \/>\n<meta property=\"article:modified_time\" content=\"2024-11-18T21:25:32+00:00\" \/>\n<meta property=\"og:image\" content=\"https:\/\/capta.com.co\/agustinangarita\/wp-content\/uploads\/sites\/22\/2022\/06\/ULCEN-ACHICO.png\" \/>\n\t<meta property=\"og:image:width\" content=\"493\" \/>\n\t<meta property=\"og:image:height\" content=\"744\" \/>\n\t<meta property=\"og:image:type\" content=\"image\/png\" \/>\n<meta name=\"twitter:card\" content=\"summary_large_image\" \/>\n<script type=\"application\/ld+json\" class=\"yoast-schema-graph\">{\"@context\":\"https:\\\/\\\/schema.org\",\"@graph\":[{\"@type\":\"WebPage\",\"@id\":\"https:\\\/\\\/capta.com.co\\\/agustinangarita\\\/producto\\\/ulcen-jarabe-240-ml\\\/\",\"url\":\"https:\\\/\\\/capta.com.co\\\/agustinangarita\\\/producto\\\/ulcen-jarabe-240-ml\\\/\",\"name\":\"ULCEN JARABE Frasco de 240 ml. - Agust\u00edn Angarita\",\"isPartOf\":{\"@id\":\"https:\\\/\\\/capta.com.co\\\/agustinangarita\\\/#website\"},\"primaryImageOfPage\":{\"@id\":\"https:\\\/\\\/capta.com.co\\\/agustinangarita\\\/producto\\\/ulcen-jarabe-240-ml\\\/#primaryimage\"},\"image\":{\"@id\":\"https:\\\/\\\/capta.com.co\\\/agustinangarita\\\/producto\\\/ulcen-jarabe-240-ml\\\/#primaryimage\"},\"thumbnailUrl\":\"https:\\\/\\\/capta.com.co\\\/agustinangarita\\\/wp-content\\\/uploads\\\/sites\\\/22\\\/2022\\\/06\\\/ULCEN-ACHICO.png\",\"datePublished\":\"2022-06-17T21:34:16+00:00\",\"dateModified\":\"2024-11-18T21:25:32+00:00\",\"breadcrumb\":{\"@id\":\"https:\\\/\\\/capta.com.co\\\/agustinangarita\\\/producto\\\/ulcen-jarabe-240-ml\\\/#breadcrumb\"},\"inLanguage\":\"es\",\"potentialAction\":[{\"@type\":\"ReadAction\",\"target\":[\"https:\\\/\\\/capta.com.co\\\/agustinangarita\\\/producto\\\/ulcen-jarabe-240-ml\\\/\"]}]},{\"@type\":\"ImageObject\",\"inLanguage\":\"es\",\"@id\":\"https:\\\/\\\/capta.com.co\\\/agustinangarita\\\/producto\\\/ulcen-jarabe-240-ml\\\/#primaryimage\",\"url\":\"https:\\\/\\\/capta.com.co\\\/agustinangarita\\\/wp-content\\\/uploads\\\/sites\\\/22\\\/2022\\\/06\\\/ULCEN-ACHICO.png\",\"contentUrl\":\"https:\\\/\\\/capta.com.co\\\/agustinangarita\\\/wp-content\\\/uploads\\\/sites\\\/22\\\/2022\\\/06\\\/ULCEN-ACHICO.png\",\"width\":493,\"height\":744,\"caption\":\"ULCEN\"},{\"@type\":\"BreadcrumbList\",\"@id\":\"https:\\\/\\\/capta.com.co\\\/agustinangarita\\\/producto\\\/ulcen-jarabe-240-ml\\\/#breadcrumb\",\"itemListElement\":[{\"@type\":\"ListItem\",\"position\":1,\"name\":\"Portada\",\"item\":\"https:\\\/\\\/capta.com.co\\\/agustinangarita\\\/\"},{\"@type\":\"ListItem\",\"position\":2,\"name\":\"Tienda\",\"item\":\"https:\\\/\\\/capta.com.co\\\/agustinangarita\\\/\"},{\"@type\":\"ListItem\",\"position\":3,\"name\":\"ULCEN JARABE Frasco de 240 ml.\"}]},{\"@type\":\"WebSite\",\"@id\":\"https:\\\/\\\/capta.com.co\\\/agustinangarita\\\/#website\",\"url\":\"https:\\\/\\\/capta.com.co\\\/agustinangarita\\\/\",\"name\":\"Agust\u00edn Angarita\",\"description\":\"Capta - Compras que inspiran\",\"potentialAction\":[{\"@type\":\"SearchAction\",\"target\":{\"@type\":\"EntryPoint\",\"urlTemplate\":\"https:\\\/\\\/capta.com.co\\\/agustinangarita\\\/?s={search_term_string}\"},\"query-input\":{\"@type\":\"PropertyValueSpecification\",\"valueRequired\":true,\"valueName\":\"search_term_string\"}}],\"inLanguage\":\"es\"}]}<\/script>\n<!-- \/ Yoast SEO plugin. -->","yoast_head_json":{"title":"ULCEN JARABE Frasco de 240 ml. - Agust\u00edn Angarita","robots":{"index":"index","follow":"follow","max-snippet":"max-snippet:-1","max-image-preview":"max-image-preview:large","max-video-preview":"max-video-preview:-1"},"canonical":"https:\/\/capta.com.co\/agustinangarita\/producto\/ulcen-jarabe-240-ml\/","og_locale":"es_ES","og_type":"article","og_title":"ULCEN JARABE Frasco de 240 ml. - Agust\u00edn Angarita","og_description":"ULCEN. Oral en l\u00edquido. Frasco de 240ml ULCEN Contiene llant\u00e9n, cal\u00e9ndula, sangre de drago, gualanday. ULCEN Se utiliza como coadyuvante en el tratamiento terap\u00e9utico y cicatrizante de \u00falceras digestivas, gastritis, diarreas. ULCEN Muy \u00fatil en reflujo, gases digestivos y colitis.","og_url":"https:\/\/capta.com.co\/agustinangarita\/producto\/ulcen-jarabe-240-ml\/","og_site_name":"Agust\u00edn Angarita","article_modified_time":"2024-11-18T21:25:32+00:00","og_image":[{"width":493,"height":744,"url":"https:\/\/capta.com.co\/agustinangarita\/wp-content\/uploads\/sites\/22\/2022\/06\/ULCEN-ACHICO.png","type":"image\/png"}],"twitter_card":"summary_large_image","schema":{"@context":"https:\/\/schema.org","@graph":[{"@type":"WebPage","@id":"https:\/\/capta.com.co\/agustinangarita\/producto\/ulcen-jarabe-240-ml\/","url":"https:\/\/capta.com.co\/agustinangarita\/producto\/ulcen-jarabe-240-ml\/","name":"ULCEN JARABE Frasco de 240 ml. - Agust\u00edn Angarita","isPartOf":{"@id":"https:\/\/capta.com.co\/agustinangarita\/#website"},"primaryImageOfPage":{"@id":"https:\/\/capta.com.co\/agustinangarita\/producto\/ulcen-jarabe-240-ml\/#primaryimage"},"image":{"@id":"https:\/\/capta.com.co\/agustinangarita\/producto\/ulcen-jarabe-240-ml\/#primaryimage"},"thumbnailUrl":"https:\/\/capta.com.co\/agustinangarita\/wp-content\/uploads\/sites\/22\/2022\/06\/ULCEN-ACHICO.png","datePublished":"2022-06-17T21:34:16+00:00","dateModified":"2024-11-18T21:25:32+00:00","breadcrumb":{"@id":"https:\/\/capta.com.co\/agustinangarita\/producto\/ulcen-jarabe-240-ml\/#breadcrumb"},"inLanguage":"es","potentialAction":[{"@type":"ReadAction","target":["https:\/\/capta.com.co\/agustinangarita\/producto\/ulcen-jarabe-240-ml\/"]}]},{"@type":"ImageObject","inLanguage":"es","@id":"https:\/\/capta.com.co\/agustinangarita\/producto\/ulcen-jarabe-240-ml\/#primaryimage","url":"https:\/\/capta.com.co\/agustinangarita\/wp-content\/uploads\/sites\/22\/2022\/06\/ULCEN-ACHICO.png","contentUrl":"https:\/\/capta.com.co\/agustinangarita\/wp-content\/uploads\/sites\/22\/2022\/06\/ULCEN-ACHICO.png","width":493,"height":744,"caption":"ULCEN"},{"@type":"BreadcrumbList","@id":"https:\/\/capta.com.co\/agustinangarita\/producto\/ulcen-jarabe-240-ml\/#breadcrumb","itemListElement":[{"@type":"ListItem","position":1,"name":"Portada","item":"https:\/\/capta.com.co\/agustinangarita\/"},{"@type":"ListItem","position":2,"name":"Tienda","item":"https:\/\/capta.com.co\/agustinangarita\/"},{"@type":"ListItem","position":3,"name":"ULCEN JARABE Frasco de 240 ml."}]},{"@type":"WebSite","@id":"https:\/\/capta.com.co\/agustinangarita\/#website","url":"https:\/\/capta.com.co\/agustinangarita\/","name":"Agust\u00edn Angarita","description":"Capta - Compras que inspiran","potentialAction":[{"@type":"SearchAction","target":{"@type":"EntryPoint","urlTemplate":"https:\/\/capta.com.co\/agustinangarita\/?s={search_term_string}"},"query-input":{"@type":"PropertyValueSpecification","valueRequired":true,"valueName":"search_term_string"}}],"inLanguage":"es"}]}},"_links":{"self":[{"href":"https:\/\/capta.com.co\/agustinangarita\/wp-json\/wp\/v2\/product\/127","targetHints":{"allow":["GET"]}}],"collection":[{"href":"https:\/\/capta.com.co\/agustinangarita\/wp-json\/wp\/v2\/product"}],"about":[{"href":"https:\/\/capta.com.co\/agustinangarita\/wp-json\/wp\/v2\/types\/product"}],"replies":[{"embeddable":true,"href":"https:\/\/capta.com.co\/agustinangarita\/wp-json\/wp\/v2\/comments?post=127"}],"wp:featuredmedia":[{"embeddable":true,"href":"https:\/\/capta.com.co\/agustinangarita\/wp-json\/wp\/v2\/media\/128"}],"wp:attachment":[{"href":"https:\/\/capta.com.co\/agustinangarita\/wp-json\/wp\/v2\/media?parent=127"}],"wp:term":[{"taxonomy":"product_brand","embeddable":true,"href":"https:\/\/capta.com.co\/agustinangarita\/wp-json\/wp\/v2\/product_brand?post=127"},{"taxonomy":"product_cat","embeddable":true,"href":"https:\/\/capta.com.co\/agustinangarita\/wp-json\/wp\/v2\/product_cat?post=127"},{"taxonomy":"product_tag","embeddable":true,"href":"https:\/\/capta.com.co\/agustinangarita\/wp-json\/wp\/v2\/product_tag?post=127"}],"curies":[{"name":"wp","href":"https:\/\/api.w.org\/{rel}","templated":true}]}}