{"id":124,"date":"2022-06-17T16:29:19","date_gmt":"2022-06-17T21:29:19","guid":{"rendered":"https:\/\/capta.com.co\/agustinangarita\/?post_type=product&#038;p=124"},"modified":"2024-11-18T16:31:44","modified_gmt":"2024-11-18T21:31:44","slug":"tomil-60-ml","status":"publish","type":"product","link":"https:\/\/capta.com.co\/agustinangarita\/producto\/tomil-60-ml\/","title":{"rendered":"TOMIL Frasco de 60 ml. Gotas."},"content":{"rendered":"<p><strong>TOMIL. Gotas. Oral. Frasco 60 ml<\/strong><\/p>\n<p><strong>TOMIL <\/strong>Contiene <em>Thymus vulgaris L. <\/em><strong>Tomillo.<\/strong><\/p>\n<p><strong>TOMIL <\/strong>Es un excelente producto natural para <strong>reducir el \u00e1cido \u00farico<\/strong>, la <strong>gota<\/strong>, la hiperuricemia, la <strong>artritis gotosa<\/strong> y el s\u00edndrome metab\u00f3lico<\/p>\n<p><strong>TOMIL <\/strong>Se utiliza como para <strong>combatir c\u00f3licos, dolores de est\u00f3mago, gases, dispepsia<\/strong>.<\/p>\n<p><strong>TOMIL <\/strong>Tambi\u00e9n tiene utilidad en <strong>tos irritativa<\/strong>,<strong> laringitis<\/strong>, <strong>bronquitis<\/strong>, <strong>gripa<\/strong> y <strong>asma<\/strong>.<\/p>\n","protected":false},"excerpt":{"rendered":"<p>TOMIL. Gotas. Oral. Frasco 60 ml TOMIL Contiene Thymus vulgaris L. Tomillo. TOMIL Es un excelente producto natural para reducir el \u00e1cido \u00farico, la gota, la hiperuricemia, la artritis gotosa y el s\u00edndrome metab\u00f3lico TOMIL Se utiliza como para combatir c\u00f3licos, dolores de est\u00f3mago, gases, dispepsia. TOMIL Tambi\u00e9n tiene utilidad en tos irritativa, laringitis, bronquitis, [&hellip;]<\/p>\n","protected":false},"featured_media":125,"comment_status":"open","ping_status":"closed","template":"","meta":{"_acf_changed":false,"inline_featured_image":false},"product_brand":[],"product_cat":[17],"product_tag":[53,50,252,49,52,251,51],"class_list":{"0":"post-124","1":"product","2":"type-product","3":"status-publish","4":"has-post-thumbnail","6":"product_cat-medicamentos-naturales","7":"product_tag-asma","8":"product_tag-dolor-de-estomago","9":"product_tag-evita-la-gota","10":"product_tag-gases-colicos-abdominales","11":"product_tag-gripa","12":"product_tag-reduce-al-acido-urico","13":"product_tag-tos-irritativa","15":"first","16":"instock","17":"shipping-taxable","18":"purchasable","19":"product-type-simple"},"acf":[],"yoast_head":"<!-- This site is optimized with the Yoast SEO plugin v27.3 - https:\/\/yoast.com\/product\/yoast-seo-wordpress\/ -->\n<title>TOMIL Frasco de 60 ml. Gotas. - Agust\u00edn Angarita<\/title>\n<meta name=\"robots\" content=\"index, follow, max-snippet:-1, max-image-preview:large, max-video-preview:-1\" \/>\n<link rel=\"canonical\" href=\"https:\/\/capta.com.co\/agustinangarita\/producto\/tomil-60-ml\/\" \/>\n<meta property=\"og:locale\" content=\"es_ES\" \/>\n<meta property=\"og:type\" content=\"article\" \/>\n<meta property=\"og:title\" content=\"TOMIL Frasco de 60 ml. Gotas. - Agust\u00edn Angarita\" \/>\n<meta property=\"og:description\" content=\"TOMIL. Gotas. Oral. Frasco 60 ml TOMIL Contiene Thymus vulgaris L. Tomillo. TOMIL Es un excelente producto natural para reducir el \u00e1cido \u00farico, la gota, la hiperuricemia, la artritis gotosa y el s\u00edndrome metab\u00f3lico TOMIL Se utiliza como para combatir c\u00f3licos, dolores de est\u00f3mago, gases, dispepsia. TOMIL Tambi\u00e9n tiene utilidad en tos irritativa, laringitis, bronquitis, [&hellip;]\" \/>\n<meta property=\"og:url\" content=\"https:\/\/capta.com.co\/agustinangarita\/producto\/tomil-60-ml\/\" \/>\n<meta property=\"og:site_name\" content=\"Agust\u00edn Angarita\" \/>\n<meta property=\"article:modified_time\" content=\"2024-11-18T21:31:44+00:00\" \/>\n<meta property=\"og:image\" content=\"https:\/\/capta.com.co\/agustinangarita\/wp-content\/uploads\/sites\/22\/2022\/06\/TOMIL-ACHICO.png\" \/>\n\t<meta property=\"og:image:width\" content=\"538\" \/>\n\t<meta property=\"og:image:height\" content=\"734\" \/>\n\t<meta property=\"og:image:type\" content=\"image\/png\" \/>\n<meta name=\"twitter:card\" content=\"summary_large_image\" \/>\n<script type=\"application\/ld+json\" class=\"yoast-schema-graph\">{\"@context\":\"https:\\\/\\\/schema.org\",\"@graph\":[{\"@type\":\"WebPage\",\"@id\":\"https:\\\/\\\/capta.com.co\\\/agustinangarita\\\/producto\\\/tomil-60-ml\\\/\",\"url\":\"https:\\\/\\\/capta.com.co\\\/agustinangarita\\\/producto\\\/tomil-60-ml\\\/\",\"name\":\"TOMIL Frasco de 60 ml. Gotas. - Agust\u00edn Angarita\",\"isPartOf\":{\"@id\":\"https:\\\/\\\/capta.com.co\\\/agustinangarita\\\/#website\"},\"primaryImageOfPage\":{\"@id\":\"https:\\\/\\\/capta.com.co\\\/agustinangarita\\\/producto\\\/tomil-60-ml\\\/#primaryimage\"},\"image\":{\"@id\":\"https:\\\/\\\/capta.com.co\\\/agustinangarita\\\/producto\\\/tomil-60-ml\\\/#primaryimage\"},\"thumbnailUrl\":\"https:\\\/\\\/capta.com.co\\\/agustinangarita\\\/wp-content\\\/uploads\\\/sites\\\/22\\\/2022\\\/06\\\/TOMIL-ACHICO.png\",\"datePublished\":\"2022-06-17T21:29:19+00:00\",\"dateModified\":\"2024-11-18T21:31:44+00:00\",\"breadcrumb\":{\"@id\":\"https:\\\/\\\/capta.com.co\\\/agustinangarita\\\/producto\\\/tomil-60-ml\\\/#breadcrumb\"},\"inLanguage\":\"es\",\"potentialAction\":[{\"@type\":\"ReadAction\",\"target\":[\"https:\\\/\\\/capta.com.co\\\/agustinangarita\\\/producto\\\/tomil-60-ml\\\/\"]}]},{\"@type\":\"ImageObject\",\"inLanguage\":\"es\",\"@id\":\"https:\\\/\\\/capta.com.co\\\/agustinangarita\\\/producto\\\/tomil-60-ml\\\/#primaryimage\",\"url\":\"https:\\\/\\\/capta.com.co\\\/agustinangarita\\\/wp-content\\\/uploads\\\/sites\\\/22\\\/2022\\\/06\\\/TOMIL-ACHICO.png\",\"contentUrl\":\"https:\\\/\\\/capta.com.co\\\/agustinangarita\\\/wp-content\\\/uploads\\\/sites\\\/22\\\/2022\\\/06\\\/TOMIL-ACHICO.png\",\"width\":538,\"height\":734,\"caption\":\"TOMIL\"},{\"@type\":\"BreadcrumbList\",\"@id\":\"https:\\\/\\\/capta.com.co\\\/agustinangarita\\\/producto\\\/tomil-60-ml\\\/#breadcrumb\",\"itemListElement\":[{\"@type\":\"ListItem\",\"position\":1,\"name\":\"Portada\",\"item\":\"https:\\\/\\\/capta.com.co\\\/agustinangarita\\\/\"},{\"@type\":\"ListItem\",\"position\":2,\"name\":\"Tienda\",\"item\":\"https:\\\/\\\/capta.com.co\\\/agustinangarita\\\/\"},{\"@type\":\"ListItem\",\"position\":3,\"name\":\"TOMIL Frasco de 60 ml. Gotas.\"}]},{\"@type\":\"WebSite\",\"@id\":\"https:\\\/\\\/capta.com.co\\\/agustinangarita\\\/#website\",\"url\":\"https:\\\/\\\/capta.com.co\\\/agustinangarita\\\/\",\"name\":\"Agust\u00edn Angarita\",\"description\":\"Capta - Compras que inspiran\",\"potentialAction\":[{\"@type\":\"SearchAction\",\"target\":{\"@type\":\"EntryPoint\",\"urlTemplate\":\"https:\\\/\\\/capta.com.co\\\/agustinangarita\\\/?s={search_term_string}\"},\"query-input\":{\"@type\":\"PropertyValueSpecification\",\"valueRequired\":true,\"valueName\":\"search_term_string\"}}],\"inLanguage\":\"es\"}]}<\/script>\n<!-- \/ Yoast SEO plugin. -->","yoast_head_json":{"title":"TOMIL Frasco de 60 ml. Gotas. - Agust\u00edn Angarita","robots":{"index":"index","follow":"follow","max-snippet":"max-snippet:-1","max-image-preview":"max-image-preview:large","max-video-preview":"max-video-preview:-1"},"canonical":"https:\/\/capta.com.co\/agustinangarita\/producto\/tomil-60-ml\/","og_locale":"es_ES","og_type":"article","og_title":"TOMIL Frasco de 60 ml. Gotas. - Agust\u00edn Angarita","og_description":"TOMIL. Gotas. Oral. Frasco 60 ml TOMIL Contiene Thymus vulgaris L. Tomillo. TOMIL Es un excelente producto natural para reducir el \u00e1cido \u00farico, la gota, la hiperuricemia, la artritis gotosa y el s\u00edndrome metab\u00f3lico TOMIL Se utiliza como para combatir c\u00f3licos, dolores de est\u00f3mago, gases, dispepsia. TOMIL Tambi\u00e9n tiene utilidad en tos irritativa, laringitis, bronquitis, [&hellip;]","og_url":"https:\/\/capta.com.co\/agustinangarita\/producto\/tomil-60-ml\/","og_site_name":"Agust\u00edn Angarita","article_modified_time":"2024-11-18T21:31:44+00:00","og_image":[{"width":538,"height":734,"url":"https:\/\/capta.com.co\/agustinangarita\/wp-content\/uploads\/sites\/22\/2022\/06\/TOMIL-ACHICO.png","type":"image\/png"}],"twitter_card":"summary_large_image","schema":{"@context":"https:\/\/schema.org","@graph":[{"@type":"WebPage","@id":"https:\/\/capta.com.co\/agustinangarita\/producto\/tomil-60-ml\/","url":"https:\/\/capta.com.co\/agustinangarita\/producto\/tomil-60-ml\/","name":"TOMIL Frasco de 60 ml. Gotas. - Agust\u00edn Angarita","isPartOf":{"@id":"https:\/\/capta.com.co\/agustinangarita\/#website"},"primaryImageOfPage":{"@id":"https:\/\/capta.com.co\/agustinangarita\/producto\/tomil-60-ml\/#primaryimage"},"image":{"@id":"https:\/\/capta.com.co\/agustinangarita\/producto\/tomil-60-ml\/#primaryimage"},"thumbnailUrl":"https:\/\/capta.com.co\/agustinangarita\/wp-content\/uploads\/sites\/22\/2022\/06\/TOMIL-ACHICO.png","datePublished":"2022-06-17T21:29:19+00:00","dateModified":"2024-11-18T21:31:44+00:00","breadcrumb":{"@id":"https:\/\/capta.com.co\/agustinangarita\/producto\/tomil-60-ml\/#breadcrumb"},"inLanguage":"es","potentialAction":[{"@type":"ReadAction","target":["https:\/\/capta.com.co\/agustinangarita\/producto\/tomil-60-ml\/"]}]},{"@type":"ImageObject","inLanguage":"es","@id":"https:\/\/capta.com.co\/agustinangarita\/producto\/tomil-60-ml\/#primaryimage","url":"https:\/\/capta.com.co\/agustinangarita\/wp-content\/uploads\/sites\/22\/2022\/06\/TOMIL-ACHICO.png","contentUrl":"https:\/\/capta.com.co\/agustinangarita\/wp-content\/uploads\/sites\/22\/2022\/06\/TOMIL-ACHICO.png","width":538,"height":734,"caption":"TOMIL"},{"@type":"BreadcrumbList","@id":"https:\/\/capta.com.co\/agustinangarita\/producto\/tomil-60-ml\/#breadcrumb","itemListElement":[{"@type":"ListItem","position":1,"name":"Portada","item":"https:\/\/capta.com.co\/agustinangarita\/"},{"@type":"ListItem","position":2,"name":"Tienda","item":"https:\/\/capta.com.co\/agustinangarita\/"},{"@type":"ListItem","position":3,"name":"TOMIL Frasco de 60 ml. Gotas."}]},{"@type":"WebSite","@id":"https:\/\/capta.com.co\/agustinangarita\/#website","url":"https:\/\/capta.com.co\/agustinangarita\/","name":"Agust\u00edn Angarita","description":"Capta - Compras que inspiran","potentialAction":[{"@type":"SearchAction","target":{"@type":"EntryPoint","urlTemplate":"https:\/\/capta.com.co\/agustinangarita\/?s={search_term_string}"},"query-input":{"@type":"PropertyValueSpecification","valueRequired":true,"valueName":"search_term_string"}}],"inLanguage":"es"}]}},"_links":{"self":[{"href":"https:\/\/capta.com.co\/agustinangarita\/wp-json\/wp\/v2\/product\/124","targetHints":{"allow":["GET"]}}],"collection":[{"href":"https:\/\/capta.com.co\/agustinangarita\/wp-json\/wp\/v2\/product"}],"about":[{"href":"https:\/\/capta.com.co\/agustinangarita\/wp-json\/wp\/v2\/types\/product"}],"replies":[{"embeddable":true,"href":"https:\/\/capta.com.co\/agustinangarita\/wp-json\/wp\/v2\/comments?post=124"}],"wp:featuredmedia":[{"embeddable":true,"href":"https:\/\/capta.com.co\/agustinangarita\/wp-json\/wp\/v2\/media\/125"}],"wp:attachment":[{"href":"https:\/\/capta.com.co\/agustinangarita\/wp-json\/wp\/v2\/media?parent=124"}],"wp:term":[{"taxonomy":"product_brand","embeddable":true,"href":"https:\/\/capta.com.co\/agustinangarita\/wp-json\/wp\/v2\/product_brand?post=124"},{"taxonomy":"product_cat","embeddable":true,"href":"https:\/\/capta.com.co\/agustinangarita\/wp-json\/wp\/v2\/product_cat?post=124"},{"taxonomy":"product_tag","embeddable":true,"href":"https:\/\/capta.com.co\/agustinangarita\/wp-json\/wp\/v2\/product_tag?post=124"}],"curies":[{"name":"wp","href":"https:\/\/api.w.org\/{rel}","templated":true}]}}