{"id":121,"date":"2022-06-17T16:22:48","date_gmt":"2022-06-17T21:22:48","guid":{"rendered":"https:\/\/capta.com.co\/agustinangarita\/?post_type=product&#038;p=121"},"modified":"2025-03-12T10:45:00","modified_gmt":"2025-03-12T15:45:00","slug":"sauce-extracto","status":"publish","type":"product","link":"https:\/\/capta.com.co\/agustinangarita\/producto\/sauce-extracto\/","title":{"rendered":"SAUCE EXTRACTO. Frasco 60 ml. Gotas."},"content":{"rendered":"<p><strong>SAUCE. Gotas. Oral. Frasco 60 ml<\/strong><\/p>\n<p><strong>SAUCE <\/strong>Contiene <em>Salix humboldtiana. <\/em><\/p>\n<p><strong>SAUCE <\/strong>Se utiliza como <strong>analg\u00e9sico, antiinflamatorio, antiespasm\u00f3dico, antirreum\u00e1tico y antipir\u00e9tico.\u00a0<\/strong><\/p>\n<p><strong>SAUCE <\/strong>Es muy \u00fatil, como todos los sauces, para calmar todo tipo de <strong>dolores<\/strong> por su contenido de salicilatos.<\/p>\n<p><strong>SAUCE <\/strong>Se utiliza con frecuencia para reducir la <strong>fiebre<\/strong>.<\/p>\n","protected":false},"excerpt":{"rendered":"<p>SAUCE. Gotas. Oral. Frasco 60 ml SAUCE Contiene Salix humboldtiana. SAUCE Se utiliza como analg\u00e9sico, antiinflamatorio, antiespasm\u00f3dico, antirreum\u00e1tico y antipir\u00e9tico.\u00a0 SAUCE Es muy \u00fatil, como todos los sauces, para calmar todo tipo de dolores por su contenido de salicilatos. SAUCE Se utiliza con frecuencia para reducir la fiebre.<\/p>\n","protected":false},"featured_media":122,"comment_status":"open","ping_status":"closed","template":"","meta":{"_acf_changed":false,"inline_featured_image":false},"product_brand":[],"product_cat":[17],"product_tag":[46,40,47,48,241],"class_list":{"0":"post-121","1":"product","2":"type-product","3":"status-publish","4":"has-post-thumbnail","6":"product_cat-medicamentos-naturales","7":"product_tag-analgesico","8":"product_tag-antiinflamatorio","9":"product_tag-antipiretico","10":"product_tag-antirreumatico","11":"product_tag-contienen-salicilatos-para-calmar-el-dolor","13":"first","14":"instock","15":"shipping-taxable","16":"purchasable","17":"product-type-simple"},"acf":[],"yoast_head":"<!-- This site is optimized with the Yoast SEO plugin v27.3 - https:\/\/yoast.com\/product\/yoast-seo-wordpress\/ -->\n<title>SAUCE EXTRACTO. Frasco 60 ml. Gotas. - Agust\u00edn Angarita<\/title>\n<meta name=\"robots\" content=\"index, follow, max-snippet:-1, max-image-preview:large, max-video-preview:-1\" \/>\n<link rel=\"canonical\" href=\"https:\/\/capta.com.co\/agustinangarita\/producto\/sauce-extracto\/\" \/>\n<meta property=\"og:locale\" content=\"es_ES\" \/>\n<meta property=\"og:type\" content=\"article\" \/>\n<meta property=\"og:title\" content=\"SAUCE EXTRACTO. Frasco 60 ml. Gotas. - Agust\u00edn Angarita\" \/>\n<meta property=\"og:description\" content=\"SAUCE. Gotas. Oral. Frasco 60 ml SAUCE Contiene Salix humboldtiana. SAUCE Se utiliza como analg\u00e9sico, antiinflamatorio, antiespasm\u00f3dico, antirreum\u00e1tico y antipir\u00e9tico.\u00a0 SAUCE Es muy \u00fatil, como todos los sauces, para calmar todo tipo de dolores por su contenido de salicilatos. SAUCE Se utiliza con frecuencia para reducir la fiebre.\" \/>\n<meta property=\"og:url\" content=\"https:\/\/capta.com.co\/agustinangarita\/producto\/sauce-extracto\/\" \/>\n<meta property=\"og:site_name\" content=\"Agust\u00edn Angarita\" \/>\n<meta property=\"article:modified_time\" content=\"2025-03-12T15:45:00+00:00\" \/>\n<meta property=\"og:image\" content=\"https:\/\/capta.com.co\/agustinangarita\/wp-content\/uploads\/sites\/22\/2022\/06\/SAUCE-ACHICO.png\" \/>\n\t<meta property=\"og:image:width\" content=\"428\" \/>\n\t<meta property=\"og:image:height\" content=\"633\" \/>\n\t<meta property=\"og:image:type\" content=\"image\/png\" \/>\n<meta name=\"twitter:card\" content=\"summary_large_image\" \/>\n<script type=\"application\/ld+json\" class=\"yoast-schema-graph\">{\"@context\":\"https:\\\/\\\/schema.org\",\"@graph\":[{\"@type\":\"WebPage\",\"@id\":\"https:\\\/\\\/capta.com.co\\\/agustinangarita\\\/producto\\\/sauce-extracto\\\/\",\"url\":\"https:\\\/\\\/capta.com.co\\\/agustinangarita\\\/producto\\\/sauce-extracto\\\/\",\"name\":\"SAUCE EXTRACTO. Frasco 60 ml. Gotas. - Agust\u00edn Angarita\",\"isPartOf\":{\"@id\":\"https:\\\/\\\/capta.com.co\\\/agustinangarita\\\/#website\"},\"primaryImageOfPage\":{\"@id\":\"https:\\\/\\\/capta.com.co\\\/agustinangarita\\\/producto\\\/sauce-extracto\\\/#primaryimage\"},\"image\":{\"@id\":\"https:\\\/\\\/capta.com.co\\\/agustinangarita\\\/producto\\\/sauce-extracto\\\/#primaryimage\"},\"thumbnailUrl\":\"https:\\\/\\\/capta.com.co\\\/agustinangarita\\\/wp-content\\\/uploads\\\/sites\\\/22\\\/2022\\\/06\\\/SAUCE-ACHICO.png\",\"datePublished\":\"2022-06-17T21:22:48+00:00\",\"dateModified\":\"2025-03-12T15:45:00+00:00\",\"breadcrumb\":{\"@id\":\"https:\\\/\\\/capta.com.co\\\/agustinangarita\\\/producto\\\/sauce-extracto\\\/#breadcrumb\"},\"inLanguage\":\"es\",\"potentialAction\":[{\"@type\":\"ReadAction\",\"target\":[\"https:\\\/\\\/capta.com.co\\\/agustinangarita\\\/producto\\\/sauce-extracto\\\/\"]}]},{\"@type\":\"ImageObject\",\"inLanguage\":\"es\",\"@id\":\"https:\\\/\\\/capta.com.co\\\/agustinangarita\\\/producto\\\/sauce-extracto\\\/#primaryimage\",\"url\":\"https:\\\/\\\/capta.com.co\\\/agustinangarita\\\/wp-content\\\/uploads\\\/sites\\\/22\\\/2022\\\/06\\\/SAUCE-ACHICO.png\",\"contentUrl\":\"https:\\\/\\\/capta.com.co\\\/agustinangarita\\\/wp-content\\\/uploads\\\/sites\\\/22\\\/2022\\\/06\\\/SAUCE-ACHICO.png\",\"width\":428,\"height\":633,\"caption\":\"SAUCE\"},{\"@type\":\"BreadcrumbList\",\"@id\":\"https:\\\/\\\/capta.com.co\\\/agustinangarita\\\/producto\\\/sauce-extracto\\\/#breadcrumb\",\"itemListElement\":[{\"@type\":\"ListItem\",\"position\":1,\"name\":\"Portada\",\"item\":\"https:\\\/\\\/capta.com.co\\\/agustinangarita\\\/\"},{\"@type\":\"ListItem\",\"position\":2,\"name\":\"Tienda\",\"item\":\"https:\\\/\\\/capta.com.co\\\/agustinangarita\\\/\"},{\"@type\":\"ListItem\",\"position\":3,\"name\":\"SAUCE EXTRACTO. Frasco 60 ml. Gotas.\"}]},{\"@type\":\"WebSite\",\"@id\":\"https:\\\/\\\/capta.com.co\\\/agustinangarita\\\/#website\",\"url\":\"https:\\\/\\\/capta.com.co\\\/agustinangarita\\\/\",\"name\":\"Agust\u00edn Angarita\",\"description\":\"Capta - Compras que inspiran\",\"potentialAction\":[{\"@type\":\"SearchAction\",\"target\":{\"@type\":\"EntryPoint\",\"urlTemplate\":\"https:\\\/\\\/capta.com.co\\\/agustinangarita\\\/?s={search_term_string}\"},\"query-input\":{\"@type\":\"PropertyValueSpecification\",\"valueRequired\":true,\"valueName\":\"search_term_string\"}}],\"inLanguage\":\"es\"}]}<\/script>\n<!-- \/ Yoast SEO plugin. -->","yoast_head_json":{"title":"SAUCE EXTRACTO. Frasco 60 ml. Gotas. - Agust\u00edn Angarita","robots":{"index":"index","follow":"follow","max-snippet":"max-snippet:-1","max-image-preview":"max-image-preview:large","max-video-preview":"max-video-preview:-1"},"canonical":"https:\/\/capta.com.co\/agustinangarita\/producto\/sauce-extracto\/","og_locale":"es_ES","og_type":"article","og_title":"SAUCE EXTRACTO. Frasco 60 ml. Gotas. - Agust\u00edn Angarita","og_description":"SAUCE. Gotas. Oral. Frasco 60 ml SAUCE Contiene Salix humboldtiana. SAUCE Se utiliza como analg\u00e9sico, antiinflamatorio, antiespasm\u00f3dico, antirreum\u00e1tico y antipir\u00e9tico.\u00a0 SAUCE Es muy \u00fatil, como todos los sauces, para calmar todo tipo de dolores por su contenido de salicilatos. SAUCE Se utiliza con frecuencia para reducir la fiebre.","og_url":"https:\/\/capta.com.co\/agustinangarita\/producto\/sauce-extracto\/","og_site_name":"Agust\u00edn Angarita","article_modified_time":"2025-03-12T15:45:00+00:00","og_image":[{"width":428,"height":633,"url":"https:\/\/capta.com.co\/agustinangarita\/wp-content\/uploads\/sites\/22\/2022\/06\/SAUCE-ACHICO.png","type":"image\/png"}],"twitter_card":"summary_large_image","schema":{"@context":"https:\/\/schema.org","@graph":[{"@type":"WebPage","@id":"https:\/\/capta.com.co\/agustinangarita\/producto\/sauce-extracto\/","url":"https:\/\/capta.com.co\/agustinangarita\/producto\/sauce-extracto\/","name":"SAUCE EXTRACTO. Frasco 60 ml. Gotas. - Agust\u00edn Angarita","isPartOf":{"@id":"https:\/\/capta.com.co\/agustinangarita\/#website"},"primaryImageOfPage":{"@id":"https:\/\/capta.com.co\/agustinangarita\/producto\/sauce-extracto\/#primaryimage"},"image":{"@id":"https:\/\/capta.com.co\/agustinangarita\/producto\/sauce-extracto\/#primaryimage"},"thumbnailUrl":"https:\/\/capta.com.co\/agustinangarita\/wp-content\/uploads\/sites\/22\/2022\/06\/SAUCE-ACHICO.png","datePublished":"2022-06-17T21:22:48+00:00","dateModified":"2025-03-12T15:45:00+00:00","breadcrumb":{"@id":"https:\/\/capta.com.co\/agustinangarita\/producto\/sauce-extracto\/#breadcrumb"},"inLanguage":"es","potentialAction":[{"@type":"ReadAction","target":["https:\/\/capta.com.co\/agustinangarita\/producto\/sauce-extracto\/"]}]},{"@type":"ImageObject","inLanguage":"es","@id":"https:\/\/capta.com.co\/agustinangarita\/producto\/sauce-extracto\/#primaryimage","url":"https:\/\/capta.com.co\/agustinangarita\/wp-content\/uploads\/sites\/22\/2022\/06\/SAUCE-ACHICO.png","contentUrl":"https:\/\/capta.com.co\/agustinangarita\/wp-content\/uploads\/sites\/22\/2022\/06\/SAUCE-ACHICO.png","width":428,"height":633,"caption":"SAUCE"},{"@type":"BreadcrumbList","@id":"https:\/\/capta.com.co\/agustinangarita\/producto\/sauce-extracto\/#breadcrumb","itemListElement":[{"@type":"ListItem","position":1,"name":"Portada","item":"https:\/\/capta.com.co\/agustinangarita\/"},{"@type":"ListItem","position":2,"name":"Tienda","item":"https:\/\/capta.com.co\/agustinangarita\/"},{"@type":"ListItem","position":3,"name":"SAUCE EXTRACTO. Frasco 60 ml. Gotas."}]},{"@type":"WebSite","@id":"https:\/\/capta.com.co\/agustinangarita\/#website","url":"https:\/\/capta.com.co\/agustinangarita\/","name":"Agust\u00edn Angarita","description":"Capta - Compras que inspiran","potentialAction":[{"@type":"SearchAction","target":{"@type":"EntryPoint","urlTemplate":"https:\/\/capta.com.co\/agustinangarita\/?s={search_term_string}"},"query-input":{"@type":"PropertyValueSpecification","valueRequired":true,"valueName":"search_term_string"}}],"inLanguage":"es"}]}},"_links":{"self":[{"href":"https:\/\/capta.com.co\/agustinangarita\/wp-json\/wp\/v2\/product\/121","targetHints":{"allow":["GET"]}}],"collection":[{"href":"https:\/\/capta.com.co\/agustinangarita\/wp-json\/wp\/v2\/product"}],"about":[{"href":"https:\/\/capta.com.co\/agustinangarita\/wp-json\/wp\/v2\/types\/product"}],"replies":[{"embeddable":true,"href":"https:\/\/capta.com.co\/agustinangarita\/wp-json\/wp\/v2\/comments?post=121"}],"wp:featuredmedia":[{"embeddable":true,"href":"https:\/\/capta.com.co\/agustinangarita\/wp-json\/wp\/v2\/media\/122"}],"wp:attachment":[{"href":"https:\/\/capta.com.co\/agustinangarita\/wp-json\/wp\/v2\/media?parent=121"}],"wp:term":[{"taxonomy":"product_brand","embeddable":true,"href":"https:\/\/capta.com.co\/agustinangarita\/wp-json\/wp\/v2\/product_brand?post=121"},{"taxonomy":"product_cat","embeddable":true,"href":"https:\/\/capta.com.co\/agustinangarita\/wp-json\/wp\/v2\/product_cat?post=121"},{"taxonomy":"product_tag","embeddable":true,"href":"https:\/\/capta.com.co\/agustinangarita\/wp-json\/wp\/v2\/product_tag?post=121"}],"curies":[{"name":"wp","href":"https:\/\/api.w.org\/{rel}","templated":true}]}}