{"id":115,"date":"2022-06-17T16:10:04","date_gmt":"2022-06-17T21:10:04","guid":{"rendered":"https:\/\/capta.com.co\/agustinangarita\/?post_type=product&#038;p=115"},"modified":"2025-03-11T10:43:19","modified_gmt":"2025-03-11T15:43:19","slug":"prostan-jarabe-240-ml","status":"publish","type":"product","link":"https:\/\/capta.com.co\/agustinangarita\/producto\/prostan-jarabe-240-ml\/","title":{"rendered":"PROSTAN JARABE Frasco de 240 ml."},"content":{"rendered":"<p><strong>PROSTAN. Oral en l\u00edquido. Frasco de 240ml<\/strong><\/p>\n<p><strong>PROSTAN <\/strong>Contiene: Caf\u00e9 de brusca, Cola de caballo y Vira vira<\/p>\n<p><strong>PROSTAN <\/strong>Se usa como<strong> diur\u00e9tico y antinflamatorio<\/strong>. Se utiliza como desinflamante de la pr\u00f3stata en <strong>prostatitis y adenoma prost\u00e1tico<\/strong>. \u00datil en casos de <strong>toxicidad hep\u00e1tica<\/strong>.<\/p>\n<p><strong>PROSTAN <\/strong>Desinflama y calma el dolor en las piernas. Reduce los <strong>edemas e inflamaciones de piel.<\/strong><\/p>\n","protected":false},"excerpt":{"rendered":"<p>PROSTAN. Oral en l\u00edquido. Frasco de 240ml PROSTAN Contiene: Caf\u00e9 de brusca, Cola de caballo y Vira vira PROSTAN Se usa como diur\u00e9tico y antinflamatorio. Se utiliza como desinflamante de la pr\u00f3stata en prostatitis y adenoma prost\u00e1tico. \u00datil en casos de toxicidad hep\u00e1tica. PROSTAN Desinflama y calma el dolor en las piernas. Reduce los edemas [&hellip;]<\/p>\n","protected":false},"featured_media":116,"comment_status":"open","ping_status":"closed","template":"","meta":{"_acf_changed":false,"inline_featured_image":false},"product_brand":[],"product_cat":[17],"product_tag":[59,40,62,61,60],"class_list":{"0":"post-115","1":"product","2":"type-product","3":"status-publish","4":"has-post-thumbnail","6":"product_cat-medicamentos-naturales","7":"product_tag-adenoma-prostatico","8":"product_tag-antiinflamatorio","9":"product_tag-desintoxicante-hepatico","10":"product_tag-diretico","11":"product_tag-prostatitis","13":"first","14":"instock","15":"shipping-taxable","16":"purchasable","17":"product-type-simple"},"acf":[],"yoast_head":"<!-- This site is optimized with the Yoast SEO plugin v27.3 - https:\/\/yoast.com\/product\/yoast-seo-wordpress\/ -->\n<title>PROSTAN JARABE Frasco de 240 ml. - Agust\u00edn Angarita<\/title>\n<meta name=\"robots\" content=\"index, follow, max-snippet:-1, max-image-preview:large, max-video-preview:-1\" \/>\n<link rel=\"canonical\" href=\"https:\/\/capta.com.co\/agustinangarita\/producto\/prostan-jarabe-240-ml\/\" \/>\n<meta property=\"og:locale\" content=\"es_ES\" \/>\n<meta property=\"og:type\" content=\"article\" \/>\n<meta property=\"og:title\" content=\"PROSTAN JARABE Frasco de 240 ml. - Agust\u00edn Angarita\" \/>\n<meta property=\"og:description\" content=\"PROSTAN. Oral en l\u00edquido. Frasco de 240ml PROSTAN Contiene: Caf\u00e9 de brusca, Cola de caballo y Vira vira PROSTAN Se usa como diur\u00e9tico y antinflamatorio. Se utiliza como desinflamante de la pr\u00f3stata en prostatitis y adenoma prost\u00e1tico. \u00datil en casos de toxicidad hep\u00e1tica. PROSTAN Desinflama y calma el dolor en las piernas. Reduce los edemas [&hellip;]\" \/>\n<meta property=\"og:url\" content=\"https:\/\/capta.com.co\/agustinangarita\/producto\/prostan-jarabe-240-ml\/\" \/>\n<meta property=\"og:site_name\" content=\"Agust\u00edn Angarita\" \/>\n<meta property=\"article:modified_time\" content=\"2025-03-11T15:43:19+00:00\" \/>\n<meta property=\"og:image\" content=\"https:\/\/capta.com.co\/agustinangarita\/wp-content\/uploads\/sites\/22\/2022\/06\/PROSTAN-ACHICO.png\" \/>\n\t<meta property=\"og:image:width\" content=\"573\" \/>\n\t<meta property=\"og:image:height\" content=\"817\" \/>\n\t<meta property=\"og:image:type\" content=\"image\/png\" \/>\n<meta name=\"twitter:card\" content=\"summary_large_image\" \/>\n<script type=\"application\/ld+json\" class=\"yoast-schema-graph\">{\"@context\":\"https:\\\/\\\/schema.org\",\"@graph\":[{\"@type\":\"WebPage\",\"@id\":\"https:\\\/\\\/capta.com.co\\\/agustinangarita\\\/producto\\\/prostan-jarabe-240-ml\\\/\",\"url\":\"https:\\\/\\\/capta.com.co\\\/agustinangarita\\\/producto\\\/prostan-jarabe-240-ml\\\/\",\"name\":\"PROSTAN JARABE Frasco de 240 ml. - Agust\u00edn Angarita\",\"isPartOf\":{\"@id\":\"https:\\\/\\\/capta.com.co\\\/agustinangarita\\\/#website\"},\"primaryImageOfPage\":{\"@id\":\"https:\\\/\\\/capta.com.co\\\/agustinangarita\\\/producto\\\/prostan-jarabe-240-ml\\\/#primaryimage\"},\"image\":{\"@id\":\"https:\\\/\\\/capta.com.co\\\/agustinangarita\\\/producto\\\/prostan-jarabe-240-ml\\\/#primaryimage\"},\"thumbnailUrl\":\"https:\\\/\\\/capta.com.co\\\/agustinangarita\\\/wp-content\\\/uploads\\\/sites\\\/22\\\/2022\\\/06\\\/PROSTAN-ACHICO.png\",\"datePublished\":\"2022-06-17T21:10:04+00:00\",\"dateModified\":\"2025-03-11T15:43:19+00:00\",\"breadcrumb\":{\"@id\":\"https:\\\/\\\/capta.com.co\\\/agustinangarita\\\/producto\\\/prostan-jarabe-240-ml\\\/#breadcrumb\"},\"inLanguage\":\"es\",\"potentialAction\":[{\"@type\":\"ReadAction\",\"target\":[\"https:\\\/\\\/capta.com.co\\\/agustinangarita\\\/producto\\\/prostan-jarabe-240-ml\\\/\"]}]},{\"@type\":\"ImageObject\",\"inLanguage\":\"es\",\"@id\":\"https:\\\/\\\/capta.com.co\\\/agustinangarita\\\/producto\\\/prostan-jarabe-240-ml\\\/#primaryimage\",\"url\":\"https:\\\/\\\/capta.com.co\\\/agustinangarita\\\/wp-content\\\/uploads\\\/sites\\\/22\\\/2022\\\/06\\\/PROSTAN-ACHICO.png\",\"contentUrl\":\"https:\\\/\\\/capta.com.co\\\/agustinangarita\\\/wp-content\\\/uploads\\\/sites\\\/22\\\/2022\\\/06\\\/PROSTAN-ACHICO.png\",\"width\":573,\"height\":817,\"caption\":\"PROSTAN\"},{\"@type\":\"BreadcrumbList\",\"@id\":\"https:\\\/\\\/capta.com.co\\\/agustinangarita\\\/producto\\\/prostan-jarabe-240-ml\\\/#breadcrumb\",\"itemListElement\":[{\"@type\":\"ListItem\",\"position\":1,\"name\":\"Portada\",\"item\":\"https:\\\/\\\/capta.com.co\\\/agustinangarita\\\/\"},{\"@type\":\"ListItem\",\"position\":2,\"name\":\"Tienda\",\"item\":\"https:\\\/\\\/capta.com.co\\\/agustinangarita\\\/\"},{\"@type\":\"ListItem\",\"position\":3,\"name\":\"PROSTAN JARABE Frasco de 240 ml.\"}]},{\"@type\":\"WebSite\",\"@id\":\"https:\\\/\\\/capta.com.co\\\/agustinangarita\\\/#website\",\"url\":\"https:\\\/\\\/capta.com.co\\\/agustinangarita\\\/\",\"name\":\"Agust\u00edn Angarita\",\"description\":\"Capta - Compras que inspiran\",\"potentialAction\":[{\"@type\":\"SearchAction\",\"target\":{\"@type\":\"EntryPoint\",\"urlTemplate\":\"https:\\\/\\\/capta.com.co\\\/agustinangarita\\\/?s={search_term_string}\"},\"query-input\":{\"@type\":\"PropertyValueSpecification\",\"valueRequired\":true,\"valueName\":\"search_term_string\"}}],\"inLanguage\":\"es\"}]}<\/script>\n<!-- \/ Yoast SEO plugin. -->","yoast_head_json":{"title":"PROSTAN JARABE Frasco de 240 ml. - Agust\u00edn Angarita","robots":{"index":"index","follow":"follow","max-snippet":"max-snippet:-1","max-image-preview":"max-image-preview:large","max-video-preview":"max-video-preview:-1"},"canonical":"https:\/\/capta.com.co\/agustinangarita\/producto\/prostan-jarabe-240-ml\/","og_locale":"es_ES","og_type":"article","og_title":"PROSTAN JARABE Frasco de 240 ml. - Agust\u00edn Angarita","og_description":"PROSTAN. Oral en l\u00edquido. Frasco de 240ml PROSTAN Contiene: Caf\u00e9 de brusca, Cola de caballo y Vira vira PROSTAN Se usa como diur\u00e9tico y antinflamatorio. Se utiliza como desinflamante de la pr\u00f3stata en prostatitis y adenoma prost\u00e1tico. \u00datil en casos de toxicidad hep\u00e1tica. PROSTAN Desinflama y calma el dolor en las piernas. Reduce los edemas [&hellip;]","og_url":"https:\/\/capta.com.co\/agustinangarita\/producto\/prostan-jarabe-240-ml\/","og_site_name":"Agust\u00edn Angarita","article_modified_time":"2025-03-11T15:43:19+00:00","og_image":[{"width":573,"height":817,"url":"https:\/\/capta.com.co\/agustinangarita\/wp-content\/uploads\/sites\/22\/2022\/06\/PROSTAN-ACHICO.png","type":"image\/png"}],"twitter_card":"summary_large_image","schema":{"@context":"https:\/\/schema.org","@graph":[{"@type":"WebPage","@id":"https:\/\/capta.com.co\/agustinangarita\/producto\/prostan-jarabe-240-ml\/","url":"https:\/\/capta.com.co\/agustinangarita\/producto\/prostan-jarabe-240-ml\/","name":"PROSTAN JARABE Frasco de 240 ml. - Agust\u00edn Angarita","isPartOf":{"@id":"https:\/\/capta.com.co\/agustinangarita\/#website"},"primaryImageOfPage":{"@id":"https:\/\/capta.com.co\/agustinangarita\/producto\/prostan-jarabe-240-ml\/#primaryimage"},"image":{"@id":"https:\/\/capta.com.co\/agustinangarita\/producto\/prostan-jarabe-240-ml\/#primaryimage"},"thumbnailUrl":"https:\/\/capta.com.co\/agustinangarita\/wp-content\/uploads\/sites\/22\/2022\/06\/PROSTAN-ACHICO.png","datePublished":"2022-06-17T21:10:04+00:00","dateModified":"2025-03-11T15:43:19+00:00","breadcrumb":{"@id":"https:\/\/capta.com.co\/agustinangarita\/producto\/prostan-jarabe-240-ml\/#breadcrumb"},"inLanguage":"es","potentialAction":[{"@type":"ReadAction","target":["https:\/\/capta.com.co\/agustinangarita\/producto\/prostan-jarabe-240-ml\/"]}]},{"@type":"ImageObject","inLanguage":"es","@id":"https:\/\/capta.com.co\/agustinangarita\/producto\/prostan-jarabe-240-ml\/#primaryimage","url":"https:\/\/capta.com.co\/agustinangarita\/wp-content\/uploads\/sites\/22\/2022\/06\/PROSTAN-ACHICO.png","contentUrl":"https:\/\/capta.com.co\/agustinangarita\/wp-content\/uploads\/sites\/22\/2022\/06\/PROSTAN-ACHICO.png","width":573,"height":817,"caption":"PROSTAN"},{"@type":"BreadcrumbList","@id":"https:\/\/capta.com.co\/agustinangarita\/producto\/prostan-jarabe-240-ml\/#breadcrumb","itemListElement":[{"@type":"ListItem","position":1,"name":"Portada","item":"https:\/\/capta.com.co\/agustinangarita\/"},{"@type":"ListItem","position":2,"name":"Tienda","item":"https:\/\/capta.com.co\/agustinangarita\/"},{"@type":"ListItem","position":3,"name":"PROSTAN JARABE Frasco de 240 ml."}]},{"@type":"WebSite","@id":"https:\/\/capta.com.co\/agustinangarita\/#website","url":"https:\/\/capta.com.co\/agustinangarita\/","name":"Agust\u00edn Angarita","description":"Capta - Compras que inspiran","potentialAction":[{"@type":"SearchAction","target":{"@type":"EntryPoint","urlTemplate":"https:\/\/capta.com.co\/agustinangarita\/?s={search_term_string}"},"query-input":{"@type":"PropertyValueSpecification","valueRequired":true,"valueName":"search_term_string"}}],"inLanguage":"es"}]}},"_links":{"self":[{"href":"https:\/\/capta.com.co\/agustinangarita\/wp-json\/wp\/v2\/product\/115","targetHints":{"allow":["GET"]}}],"collection":[{"href":"https:\/\/capta.com.co\/agustinangarita\/wp-json\/wp\/v2\/product"}],"about":[{"href":"https:\/\/capta.com.co\/agustinangarita\/wp-json\/wp\/v2\/types\/product"}],"replies":[{"embeddable":true,"href":"https:\/\/capta.com.co\/agustinangarita\/wp-json\/wp\/v2\/comments?post=115"}],"wp:featuredmedia":[{"embeddable":true,"href":"https:\/\/capta.com.co\/agustinangarita\/wp-json\/wp\/v2\/media\/116"}],"wp:attachment":[{"href":"https:\/\/capta.com.co\/agustinangarita\/wp-json\/wp\/v2\/media?parent=115"}],"wp:term":[{"taxonomy":"product_brand","embeddable":true,"href":"https:\/\/capta.com.co\/agustinangarita\/wp-json\/wp\/v2\/product_brand?post=115"},{"taxonomy":"product_cat","embeddable":true,"href":"https:\/\/capta.com.co\/agustinangarita\/wp-json\/wp\/v2\/product_cat?post=115"},{"taxonomy":"product_tag","embeddable":true,"href":"https:\/\/capta.com.co\/agustinangarita\/wp-json\/wp\/v2\/product_tag?post=115"}],"curies":[{"name":"wp","href":"https:\/\/api.w.org\/{rel}","templated":true}]}}