{"id":112,"date":"2022-06-17T16:03:09","date_gmt":"2022-06-17T21:03:09","guid":{"rendered":"https:\/\/capta.com.co\/agustinangarita\/?post_type=product&#038;p=112"},"modified":"2024-11-18T16:50:03","modified_gmt":"2024-11-18T21:50:03","slug":"pleurotus-ostreatrus","status":"publish","type":"product","link":"https:\/\/capta.com.co\/agustinangarita\/producto\/pleurotus-ostreatrus\/","title":{"rendered":"PLEUROTUS OSTREATRUS. HIRATAKE. Frasco de 90 C\u00e1psulas"},"content":{"rendered":"<p><strong>PLEUROTUS. Oral. Frasco de 90 c\u00e1psulas. <\/strong><\/p>\n<p><strong>PLEUROTUS <\/strong>Contiene. Hongo <em>Pleurotus ostreatus. <\/em>Hiratake.<\/p>\n<p><strong>PLEUROTUS <\/strong>Posee amino\u00e1cidos esenciales, tiamina, riboflavina, niacina, biotina y \u00e1cido asc\u00f3rbico.<\/p>\n<p><strong>PLEUROTUS <\/strong>Se utiliza para<strong> aumentar la respuesta inmune del organismo<\/strong>. Mejora las funciones intestinales. Tiene muy buena actividad <strong>antioxidante<\/strong>.<\/p>\n<p><strong>PLEUROTUS Mejora la actividad cerebral en el adulto mayor.<\/strong><\/p>\n","protected":false},"excerpt":{"rendered":"<p>PLEUROTUS. Oral. Frasco de 90 c\u00e1psulas. PLEUROTUS Contiene. Hongo Pleurotus ostreatus. Hiratake. PLEUROTUS Posee amino\u00e1cidos esenciales, tiamina, riboflavina, niacina, biotina y \u00e1cido asc\u00f3rbico. PLEUROTUS Se utiliza para aumentar la respuesta inmune del organismo. Mejora las funciones intestinales. Tiene muy buena actividad antioxidante. PLEUROTUS Mejora la actividad cerebral en el adulto mayor.<\/p>\n","protected":false},"featured_media":113,"comment_status":"open","ping_status":"closed","template":"","meta":{"_acf_changed":false,"inline_featured_image":false},"product_brand":[],"product_cat":[16,63,17],"product_tag":[66,64,65,67],"class_list":{"0":"post-112","1":"product","2":"type-product","3":"status-publish","4":"has-post-thumbnail","6":"product_cat-alimento-funcional","7":"product_cat-hongo-medicinal","8":"product_cat-medicamentos-naturales","9":"product_tag-antioxidante","10":"product_tag-estimulante-de-la-inmunidad","11":"product_tag-evita-demencia-senil","12":"product_tag-mejora-funcion-intestinal","14":"first","15":"instock","16":"shipping-taxable","17":"purchasable","18":"product-type-simple"},"acf":[],"yoast_head":"<!-- This site is optimized with the Yoast SEO plugin v27.3 - https:\/\/yoast.com\/product\/yoast-seo-wordpress\/ -->\n<title>PLEUROTUS OSTREATRUS. HIRATAKE. Frasco de 90 C\u00e1psulas - Agust\u00edn Angarita<\/title>\n<meta name=\"robots\" content=\"index, follow, max-snippet:-1, max-image-preview:large, max-video-preview:-1\" \/>\n<link rel=\"canonical\" href=\"https:\/\/capta.com.co\/agustinangarita\/producto\/pleurotus-ostreatrus\/\" \/>\n<meta property=\"og:locale\" content=\"es_ES\" \/>\n<meta property=\"og:type\" content=\"article\" \/>\n<meta property=\"og:title\" content=\"PLEUROTUS OSTREATRUS. HIRATAKE. Frasco de 90 C\u00e1psulas - Agust\u00edn Angarita\" \/>\n<meta property=\"og:description\" content=\"PLEUROTUS. Oral. Frasco de 90 c\u00e1psulas. PLEUROTUS Contiene. Hongo Pleurotus ostreatus. Hiratake. PLEUROTUS Posee amino\u00e1cidos esenciales, tiamina, riboflavina, niacina, biotina y \u00e1cido asc\u00f3rbico. PLEUROTUS Se utiliza para aumentar la respuesta inmune del organismo. Mejora las funciones intestinales. Tiene muy buena actividad antioxidante. PLEUROTUS Mejora la actividad cerebral en el adulto mayor.\" \/>\n<meta property=\"og:url\" content=\"https:\/\/capta.com.co\/agustinangarita\/producto\/pleurotus-ostreatrus\/\" \/>\n<meta property=\"og:site_name\" content=\"Agust\u00edn Angarita\" \/>\n<meta property=\"article:modified_time\" content=\"2024-11-18T21:50:03+00:00\" \/>\n<meta property=\"og:image\" content=\"https:\/\/capta.com.co\/agustinangarita\/wp-content\/uploads\/sites\/22\/2022\/06\/PLEUROTUS-OSTREATRUS-ACHICO.png\" \/>\n\t<meta property=\"og:image:width\" content=\"553\" \/>\n\t<meta property=\"og:image:height\" content=\"685\" \/>\n\t<meta property=\"og:image:type\" content=\"image\/png\" \/>\n<meta name=\"twitter:card\" content=\"summary_large_image\" \/>\n<script type=\"application\/ld+json\" class=\"yoast-schema-graph\">{\"@context\":\"https:\\\/\\\/schema.org\",\"@graph\":[{\"@type\":\"WebPage\",\"@id\":\"https:\\\/\\\/capta.com.co\\\/agustinangarita\\\/producto\\\/pleurotus-ostreatrus\\\/\",\"url\":\"https:\\\/\\\/capta.com.co\\\/agustinangarita\\\/producto\\\/pleurotus-ostreatrus\\\/\",\"name\":\"PLEUROTUS OSTREATRUS. HIRATAKE. Frasco de 90 C\u00e1psulas - Agust\u00edn Angarita\",\"isPartOf\":{\"@id\":\"https:\\\/\\\/capta.com.co\\\/agustinangarita\\\/#website\"},\"primaryImageOfPage\":{\"@id\":\"https:\\\/\\\/capta.com.co\\\/agustinangarita\\\/producto\\\/pleurotus-ostreatrus\\\/#primaryimage\"},\"image\":{\"@id\":\"https:\\\/\\\/capta.com.co\\\/agustinangarita\\\/producto\\\/pleurotus-ostreatrus\\\/#primaryimage\"},\"thumbnailUrl\":\"https:\\\/\\\/capta.com.co\\\/agustinangarita\\\/wp-content\\\/uploads\\\/sites\\\/22\\\/2022\\\/06\\\/PLEUROTUS-OSTREATRUS-ACHICO.png\",\"datePublished\":\"2022-06-17T21:03:09+00:00\",\"dateModified\":\"2024-11-18T21:50:03+00:00\",\"breadcrumb\":{\"@id\":\"https:\\\/\\\/capta.com.co\\\/agustinangarita\\\/producto\\\/pleurotus-ostreatrus\\\/#breadcrumb\"},\"inLanguage\":\"es\",\"potentialAction\":[{\"@type\":\"ReadAction\",\"target\":[\"https:\\\/\\\/capta.com.co\\\/agustinangarita\\\/producto\\\/pleurotus-ostreatrus\\\/\"]}]},{\"@type\":\"ImageObject\",\"inLanguage\":\"es\",\"@id\":\"https:\\\/\\\/capta.com.co\\\/agustinangarita\\\/producto\\\/pleurotus-ostreatrus\\\/#primaryimage\",\"url\":\"https:\\\/\\\/capta.com.co\\\/agustinangarita\\\/wp-content\\\/uploads\\\/sites\\\/22\\\/2022\\\/06\\\/PLEUROTUS-OSTREATRUS-ACHICO.png\",\"contentUrl\":\"https:\\\/\\\/capta.com.co\\\/agustinangarita\\\/wp-content\\\/uploads\\\/sites\\\/22\\\/2022\\\/06\\\/PLEUROTUS-OSTREATRUS-ACHICO.png\",\"width\":553,\"height\":685,\"caption\":\"PLEUROTUS\"},{\"@type\":\"BreadcrumbList\",\"@id\":\"https:\\\/\\\/capta.com.co\\\/agustinangarita\\\/producto\\\/pleurotus-ostreatrus\\\/#breadcrumb\",\"itemListElement\":[{\"@type\":\"ListItem\",\"position\":1,\"name\":\"Portada\",\"item\":\"https:\\\/\\\/capta.com.co\\\/agustinangarita\\\/\"},{\"@type\":\"ListItem\",\"position\":2,\"name\":\"Tienda\",\"item\":\"https:\\\/\\\/capta.com.co\\\/agustinangarita\\\/\"},{\"@type\":\"ListItem\",\"position\":3,\"name\":\"PLEUROTUS OSTREATRUS. HIRATAKE. Frasco de 90 C\u00e1psulas\"}]},{\"@type\":\"WebSite\",\"@id\":\"https:\\\/\\\/capta.com.co\\\/agustinangarita\\\/#website\",\"url\":\"https:\\\/\\\/capta.com.co\\\/agustinangarita\\\/\",\"name\":\"Agust\u00edn Angarita\",\"description\":\"Capta - Compras que inspiran\",\"potentialAction\":[{\"@type\":\"SearchAction\",\"target\":{\"@type\":\"EntryPoint\",\"urlTemplate\":\"https:\\\/\\\/capta.com.co\\\/agustinangarita\\\/?s={search_term_string}\"},\"query-input\":{\"@type\":\"PropertyValueSpecification\",\"valueRequired\":true,\"valueName\":\"search_term_string\"}}],\"inLanguage\":\"es\"}]}<\/script>\n<!-- \/ Yoast SEO plugin. -->","yoast_head_json":{"title":"PLEUROTUS OSTREATRUS. HIRATAKE. Frasco de 90 C\u00e1psulas - Agust\u00edn Angarita","robots":{"index":"index","follow":"follow","max-snippet":"max-snippet:-1","max-image-preview":"max-image-preview:large","max-video-preview":"max-video-preview:-1"},"canonical":"https:\/\/capta.com.co\/agustinangarita\/producto\/pleurotus-ostreatrus\/","og_locale":"es_ES","og_type":"article","og_title":"PLEUROTUS OSTREATRUS. HIRATAKE. Frasco de 90 C\u00e1psulas - Agust\u00edn Angarita","og_description":"PLEUROTUS. Oral. Frasco de 90 c\u00e1psulas. PLEUROTUS Contiene. Hongo Pleurotus ostreatus. Hiratake. PLEUROTUS Posee amino\u00e1cidos esenciales, tiamina, riboflavina, niacina, biotina y \u00e1cido asc\u00f3rbico. PLEUROTUS Se utiliza para aumentar la respuesta inmune del organismo. Mejora las funciones intestinales. Tiene muy buena actividad antioxidante. PLEUROTUS Mejora la actividad cerebral en el adulto mayor.","og_url":"https:\/\/capta.com.co\/agustinangarita\/producto\/pleurotus-ostreatrus\/","og_site_name":"Agust\u00edn Angarita","article_modified_time":"2024-11-18T21:50:03+00:00","og_image":[{"width":553,"height":685,"url":"https:\/\/capta.com.co\/agustinangarita\/wp-content\/uploads\/sites\/22\/2022\/06\/PLEUROTUS-OSTREATRUS-ACHICO.png","type":"image\/png"}],"twitter_card":"summary_large_image","schema":{"@context":"https:\/\/schema.org","@graph":[{"@type":"WebPage","@id":"https:\/\/capta.com.co\/agustinangarita\/producto\/pleurotus-ostreatrus\/","url":"https:\/\/capta.com.co\/agustinangarita\/producto\/pleurotus-ostreatrus\/","name":"PLEUROTUS OSTREATRUS. HIRATAKE. Frasco de 90 C\u00e1psulas - Agust\u00edn Angarita","isPartOf":{"@id":"https:\/\/capta.com.co\/agustinangarita\/#website"},"primaryImageOfPage":{"@id":"https:\/\/capta.com.co\/agustinangarita\/producto\/pleurotus-ostreatrus\/#primaryimage"},"image":{"@id":"https:\/\/capta.com.co\/agustinangarita\/producto\/pleurotus-ostreatrus\/#primaryimage"},"thumbnailUrl":"https:\/\/capta.com.co\/agustinangarita\/wp-content\/uploads\/sites\/22\/2022\/06\/PLEUROTUS-OSTREATRUS-ACHICO.png","datePublished":"2022-06-17T21:03:09+00:00","dateModified":"2024-11-18T21:50:03+00:00","breadcrumb":{"@id":"https:\/\/capta.com.co\/agustinangarita\/producto\/pleurotus-ostreatrus\/#breadcrumb"},"inLanguage":"es","potentialAction":[{"@type":"ReadAction","target":["https:\/\/capta.com.co\/agustinangarita\/producto\/pleurotus-ostreatrus\/"]}]},{"@type":"ImageObject","inLanguage":"es","@id":"https:\/\/capta.com.co\/agustinangarita\/producto\/pleurotus-ostreatrus\/#primaryimage","url":"https:\/\/capta.com.co\/agustinangarita\/wp-content\/uploads\/sites\/22\/2022\/06\/PLEUROTUS-OSTREATRUS-ACHICO.png","contentUrl":"https:\/\/capta.com.co\/agustinangarita\/wp-content\/uploads\/sites\/22\/2022\/06\/PLEUROTUS-OSTREATRUS-ACHICO.png","width":553,"height":685,"caption":"PLEUROTUS"},{"@type":"BreadcrumbList","@id":"https:\/\/capta.com.co\/agustinangarita\/producto\/pleurotus-ostreatrus\/#breadcrumb","itemListElement":[{"@type":"ListItem","position":1,"name":"Portada","item":"https:\/\/capta.com.co\/agustinangarita\/"},{"@type":"ListItem","position":2,"name":"Tienda","item":"https:\/\/capta.com.co\/agustinangarita\/"},{"@type":"ListItem","position":3,"name":"PLEUROTUS OSTREATRUS. HIRATAKE. Frasco de 90 C\u00e1psulas"}]},{"@type":"WebSite","@id":"https:\/\/capta.com.co\/agustinangarita\/#website","url":"https:\/\/capta.com.co\/agustinangarita\/","name":"Agust\u00edn Angarita","description":"Capta - Compras que inspiran","potentialAction":[{"@type":"SearchAction","target":{"@type":"EntryPoint","urlTemplate":"https:\/\/capta.com.co\/agustinangarita\/?s={search_term_string}"},"query-input":{"@type":"PropertyValueSpecification","valueRequired":true,"valueName":"search_term_string"}}],"inLanguage":"es"}]}},"_links":{"self":[{"href":"https:\/\/capta.com.co\/agustinangarita\/wp-json\/wp\/v2\/product\/112","targetHints":{"allow":["GET"]}}],"collection":[{"href":"https:\/\/capta.com.co\/agustinangarita\/wp-json\/wp\/v2\/product"}],"about":[{"href":"https:\/\/capta.com.co\/agustinangarita\/wp-json\/wp\/v2\/types\/product"}],"replies":[{"embeddable":true,"href":"https:\/\/capta.com.co\/agustinangarita\/wp-json\/wp\/v2\/comments?post=112"}],"wp:featuredmedia":[{"embeddable":true,"href":"https:\/\/capta.com.co\/agustinangarita\/wp-json\/wp\/v2\/media\/113"}],"wp:attachment":[{"href":"https:\/\/capta.com.co\/agustinangarita\/wp-json\/wp\/v2\/media?parent=112"}],"wp:term":[{"taxonomy":"product_brand","embeddable":true,"href":"https:\/\/capta.com.co\/agustinangarita\/wp-json\/wp\/v2\/product_brand?post=112"},{"taxonomy":"product_cat","embeddable":true,"href":"https:\/\/capta.com.co\/agustinangarita\/wp-json\/wp\/v2\/product_cat?post=112"},{"taxonomy":"product_tag","embeddable":true,"href":"https:\/\/capta.com.co\/agustinangarita\/wp-json\/wp\/v2\/product_tag?post=112"}],"curies":[{"name":"wp","href":"https:\/\/api.w.org\/{rel}","templated":true}]}}